{"id":1586,"date":"2016-09-25T16:20:14","date_gmt":"2016-09-25T14:20:14","guid":{"rendered":"https:\/\/physiospain.com\/es\/supersole-concept\/"},"modified":"2021-10-26T21:27:49","modified_gmt":"2021-10-26T19:27:49","slug":"supersole-concept","status":"publish","type":"page","link":"https:\/\/physiospain.com\/es\/supersole-concept\/","title":{"rendered":"Supersol &#8211; Plantillas Ortop\u00e9dicas"},"content":{"rendered":"<div id='full_slider_1'  class='avia-fullwidth-slider main_color avia-shadow   avia-builder-el-0  el_before_av_textblock  avia-builder-el-first   container_wrap sidebar_right'  ><div  class='avia-slideshow av-kuo59t2u-9127a5fb188aea8b9ec47e0865d8bd09 avia-slideshow-featured av_slideshow_full avia-slide-slider av-slideshow-ui av-control-default av-slideshow-manual av-loop-once av-loop-manual-endless av-default-height-applied   avia-slideshow-1' data-slideshow-options=\"{&quot;animation&quot;:&quot;slide&quot;,&quot;autoplay&quot;:false,&quot;loop_autoplay&quot;:&quot;once&quot;,&quot;interval&quot;:5,&quot;loop_manual&quot;:&quot;manual-endless&quot;,&quot;autoplay_stopper&quot;:false,&quot;noNavigation&quot;:false,&quot;bg_slider&quot;:false,&quot;keep_padding&quot;:false,&quot;hoverpause&quot;:false,&quot;show_slide_delay&quot;:0}\"  itemprop=\"image\" itemscope=\"itemscope\" itemtype=\"https:\/\/schema.org\/ImageObject\" ><ul class='avia-slideshow-inner ' style='padding-bottom: 28.666666666667%;'><li  class='avia-slideshow-slide av-kuo59t2u-9127a5fb188aea8b9ec47e0865d8bd09__0  av-single-slide slide-1 slide-odd'><div data-rel='slideshow-1' class='avia-slide-wrap '   ><div class='av-slideshow-caption av-kuo59t2u-9127a5fb188aea8b9ec47e0865d8bd09__0 caption_fullwidth caption_bottom'><div class=\"container caption_container\"><div class=\"slideshow_caption\"><div class=\"slideshow_inner_caption\"><div class=\"slideshow_align_caption\"><h2 class='avia-caption-title '  itemprop=\"name\" >Supersol - Plantillas Ortop\u00e9dicas<\/h2><\/div><\/div><\/div><\/div><\/div><img decoding=\"async\" fetchpriority=\"high\" class=\"wp-image-2843 avia-img-lazy-loading-not-2843\"  src=\"https:\/\/physiospain.com\/wp-content\/uploads\/2021\/05\/supersole-physiospain-1500x430.jpeg\" width=\"1500\" height=\"430\" title='supersole physiospain' alt=''  itemprop=\"thumbnailUrl\"   \/><\/div><\/li><\/ul><\/div><\/div><div id='after_full_slider_1'  class='main_color av_default_container_wrap container_wrap sidebar_right'  ><div class='container av-section-cont-open' ><div class='template-page content  av-content-small alpha units'><div class='post-entry post-entry-type-page post-entry-1586'><div class='entry-content-wrapper clearfix'>\n<section  class='av_textblock_section av-kuo5fb6k-d6463bb9bcba6d90d7edfc7ee412126c '   itemscope=\"itemscope\" itemtype=\"https:\/\/schema.org\/CreativeWork\" ><div class='avia_textblock'  itemprop=\"text\" ><h1><strong>El dolor de su espalda se puede tener su origen en los pies!<\/strong><\/h1>\n<div id=\"wrap\">\n<div id=\"med2\">\n<div id=\"contenido\">\n<div class=\"post\">\n<p>El concepto de Supersole es un sistema de gesti\u00f3n de los problemas relacionados con los pies, que combina la terapia f\u00edsica en forma de terapia de ejercicio, la movilizaci\u00f3n y la manipulaci\u00f3n con la posibilidad de crear plantillas personalizadas para los pacientes cuando sea necesario.<\/p>\n<h2>Plantillas que hacen que tus pies se sientan c\u00f3modos<\/h2>\n<p>Es bien sabido por los fisioterapeutas que un problema en la espalda, las caderas o las rodillas puede estar originado a los cimientos mismos del cuerpo, \u2013 los pies \u2013 y que estos puedan encontrarse en una posici\u00f3n incorrecta.<br \/>\nAqu\u00ed la formaci\u00f3n \u00a0y la experiencia de los fisioterapeutas es una herramienta \u00fanica en t\u00e9rminos de su t\u00e9cnica de exploraci\u00f3n basada en la anatom\u00eda y la biomec\u00e1nica.<\/p>\n<p>Para fisioterapeutas es impensable apoyar el pie del paciente con una plantilla sin verificar si la causa real pueda deberse a:<\/p>\n<p>\u2022 Que el movimiento en una de las articulaciones del pie se reduce o se cambia y necesita tratamiento.<br \/>\n\u2022 Que el pie compense por una diferencia de longitud anatomica de las piernas.<br \/>\n\u2022 La alineaci\u00f3n entre el pie, la rodilla y la cadera sean incorrectas.<\/p>\n<p>Toda esta informaci\u00f3n es fundamental e indispensable para examinar y tratar.<br \/>\nNuestra filosof\u00eda es que \u2013 las plantillas no son un instrumento pasivo, sino parte de un tratamiento.<\/p>\n<p><img loading=\"lazy\" decoding=\"async\" class=\"alignnone wp-image-3582 size-full\" src=\"https:\/\/physiospain.com\/wp-content\/uploads\/2021\/10\/supersole-spanska.png\" alt=\"\" width=\"776\" height=\"252\" srcset=\"https:\/\/physiospain.com\/wp-content\/uploads\/2021\/10\/supersole-spanska.png 776w, https:\/\/physiospain.com\/wp-content\/uploads\/2021\/10\/supersole-spanska-300x97.png 300w, https:\/\/physiospain.com\/wp-content\/uploads\/2021\/10\/supersole-spanska-768x249.png 768w, https:\/\/physiospain.com\/wp-content\/uploads\/2021\/10\/supersole-spanska-705x229.png 705w\" sizes=\"auto, (max-width: 776px) 100vw, 776px\" \/><\/p>\n<hr \/>\n<h2>Muy importante examinar y encontrar el tratamiento adecuado<\/h2>\n<p>Es importante que las plantillas se puedan \u00a0ajustar y modificar seg\u00fan la terapia f\u00edsica, la forma de movilizaci\u00f3n y\u00a0 la rehabilitaci\u00f3n seg\u00fan la necesidad y los resultados.<br \/>\nEs importante que las plantillas se puedan ajustar si la condici\u00f3n del paciente cambia como resultado de la progresi\u00f3n del tratamiento.<br \/>\nLos fisioterapeutas deben formarse especialmente, antes de que puedan utilizar el sistema de Supersoles\u00a0 como tratamiento, a trav\u00e9s de un curso especializado que se basa en la formaci\u00f3n universitaria b\u00e1sica de los fisioterapeutas.<br \/>\nEsto garantiza un alto nivel profesional de los agentes de Supersole.<\/p>\n<\/div>\n<\/div>\n<\/div>\n<\/div>\n<h3>Articles in Physiospain News:<\/h3>\n<p><strong><a href=\"https:\/\/physiospain.com\/supersole-and-diabetes\/\">Supersol and diabetes<\/a><\/strong><\/p>\n<p><strong><a href=\"https:\/\/physiospain.com\/supersole-and-sport\/\">Supersol and Sport<\/a><\/strong><\/p>\n<p><strong><a href=\"https:\/\/physiospain.com\/supersole-and-arthritis\/\">Supersol and Arthritis<\/a><\/strong><\/p>\n<p><strong><a href=\"https:\/\/physiospain.com\/supersole-and-children\/\">Supersol and Children<\/a><\/strong><\/p>\n<\/div><\/section>\n","protected":false},"excerpt":{"rendered":"","protected":false},"author":1,"featured_media":3036,"parent":0,"menu_order":0,"comment_status":"closed","ping_status":"closed","template":"","meta":{"_uag_custom_page_level_css":"","footnotes":""},"class_list":["post-1586","page","type-page","status-publish","has-post-thumbnail","hentry"],"featured_image_src":"https:\/\/physiospain.com\/wp-content\/uploads\/2021\/06\/Supersole-physiospain.jpg","yoast_head":"<!-- This site is optimized with the Yoast SEO plugin v27.3 - https:\/\/yoast.com\/product\/yoast-seo-wordpress\/ -->\n<title>Physiospain - Supersol Concept<\/title>\n<meta name=\"description\" content=\"El concepto SuperSole es una forma de tratamiento relacionado con los pies, que combina el tratamiento f\u00edsico como la terapia de ejercicios, la movilizaci\u00f3n y la manipulaci\u00f3n.\" \/>\n<meta name=\"robots\" content=\"index, follow, max-snippet:-1, max-image-preview:large, max-video-preview:-1\" \/>\n<link rel=\"canonical\" href=\"https:\/\/physiospain.com\/es\/supersole-concept\/\" \/>\n<meta property=\"og:locale\" content=\"es_ES\" \/>\n<meta property=\"og:type\" content=\"article\" \/>\n<meta property=\"og:title\" content=\"Physiospain - Supersol Concept\" \/>\n<meta property=\"og:description\" content=\"El concepto SuperSole es una forma de tratamiento relacionado con los pies, que combina el tratamiento f\u00edsico como la terapia de ejercicios, la movilizaci\u00f3n y la manipulaci\u00f3n.\" \/>\n<meta property=\"og:url\" content=\"https:\/\/physiospain.com\/es\/supersole-concept\/\" \/>\n<meta property=\"og:site_name\" content=\"PhysioSpain - Physiotherapy \/ Osteopathic treatment in Fuengirola, Mijas &amp; Malaga\" \/>\n<meta property=\"article:modified_time\" content=\"2021-10-26T19:27:49+00:00\" \/>\n<meta property=\"og:image\" content=\"https:\/\/physiospain.com\/wp-content\/uploads\/2021\/06\/Supersole-physiospain.jpg\" \/>\n\t<meta property=\"og:image:width\" content=\"242\" \/>\n\t<meta property=\"og:image:height\" content=\"239\" \/>\n\t<meta property=\"og:image:type\" content=\"image\/jpeg\" \/>\n<meta name=\"twitter:card\" content=\"summary_large_image\" \/>\n<meta name=\"twitter:label1\" content=\"Tiempo de lectura\" \/>\n\t<meta name=\"twitter:data1\" content=\"3 minutos\" \/>\n<script type=\"application\/ld+json\" class=\"yoast-schema-graph\">{\"@context\":\"https:\\\/\\\/schema.org\",\"@graph\":[{\"@type\":\"WebPage\",\"@id\":\"https:\\\/\\\/physiospain.com\\\/es\\\/supersole-concept\\\/\",\"url\":\"https:\\\/\\\/physiospain.com\\\/es\\\/supersole-concept\\\/\",\"name\":\"Physiospain - Supersol Concept\",\"isPartOf\":{\"@id\":\"https:\\\/\\\/physiospain.com\\\/#website\"},\"primaryImageOfPage\":{\"@id\":\"https:\\\/\\\/physiospain.com\\\/es\\\/supersole-concept\\\/#primaryimage\"},\"image\":{\"@id\":\"https:\\\/\\\/physiospain.com\\\/es\\\/supersole-concept\\\/#primaryimage\"},\"thumbnailUrl\":\"https:\\\/\\\/physiospain.com\\\/wp-content\\\/uploads\\\/2021\\\/06\\\/Supersole-physiospain.jpg\",\"datePublished\":\"2016-09-25T14:20:14+00:00\",\"dateModified\":\"2021-10-26T19:27:49+00:00\",\"description\":\"El concepto SuperSole es una forma de tratamiento relacionado con los pies, que combina el tratamiento f\u00edsico como la terapia de ejercicios, la movilizaci\u00f3n y la manipulaci\u00f3n.\",\"breadcrumb\":{\"@id\":\"https:\\\/\\\/physiospain.com\\\/es\\\/supersole-concept\\\/#breadcrumb\"},\"inLanguage\":\"es\",\"potentialAction\":[{\"@type\":\"ReadAction\",\"target\":[\"https:\\\/\\\/physiospain.com\\\/es\\\/supersole-concept\\\/\"]}]},{\"@type\":\"ImageObject\",\"inLanguage\":\"es\",\"@id\":\"https:\\\/\\\/physiospain.com\\\/es\\\/supersole-concept\\\/#primaryimage\",\"url\":\"https:\\\/\\\/physiospain.com\\\/wp-content\\\/uploads\\\/2021\\\/06\\\/Supersole-physiospain.jpg\",\"contentUrl\":\"https:\\\/\\\/physiospain.com\\\/wp-content\\\/uploads\\\/2021\\\/06\\\/Supersole-physiospain.jpg\",\"width\":242,\"height\":239,\"caption\":\"Supersole physiospain Fuengirola Malaga\"},{\"@type\":\"BreadcrumbList\",\"@id\":\"https:\\\/\\\/physiospain.com\\\/es\\\/supersole-concept\\\/#breadcrumb\",\"itemListElement\":[{\"@type\":\"ListItem\",\"position\":1,\"name\":\"Home\",\"item\":\"https:\\\/\\\/physiospain.com\\\/es\\\/home\\\/\"},{\"@type\":\"ListItem\",\"position\":2,\"name\":\"Supersol &#8211; Plantillas Ortop\u00e9dicas\"}]},{\"@type\":\"WebSite\",\"@id\":\"https:\\\/\\\/physiospain.com\\\/#website\",\"url\":\"https:\\\/\\\/physiospain.com\\\/\",\"name\":\"PhysioSpain - Physiotherapy \\\/ Osteopathic treatment in Fuengirola, Mijas &amp; Malaga\",\"description\":\"Clinica Physio Spain\",\"publisher\":{\"@id\":\"https:\\\/\\\/physiospain.com\\\/#organization\"},\"potentialAction\":[{\"@type\":\"SearchAction\",\"target\":{\"@type\":\"EntryPoint\",\"urlTemplate\":\"https:\\\/\\\/physiospain.com\\\/?s={search_term_string}\"},\"query-input\":{\"@type\":\"PropertyValueSpecification\",\"valueRequired\":true,\"valueName\":\"search_term_string\"}}],\"inLanguage\":\"es\"},{\"@type\":\"Organization\",\"@id\":\"https:\\\/\\\/physiospain.com\\\/#organization\",\"name\":\"Physiospain\",\"url\":\"https:\\\/\\\/physiospain.com\\\/\",\"logo\":{\"@type\":\"ImageObject\",\"inLanguage\":\"es\",\"@id\":\"https:\\\/\\\/physiospain.com\\\/#\\\/schema\\\/logo\\\/image\\\/\",\"url\":\"https:\\\/\\\/physiospain.com\\\/wp-content\\\/uploads\\\/2016\\\/06\\\/logo-physiospain-fuengirola2.png\",\"contentUrl\":\"https:\\\/\\\/physiospain.com\\\/wp-content\\\/uploads\\\/2016\\\/06\\\/logo-physiospain-fuengirola2.png\",\"width\":415,\"height\":108,\"caption\":\"Physiospain\"},\"image\":{\"@id\":\"https:\\\/\\\/physiospain.com\\\/#\\\/schema\\\/logo\\\/image\\\/\"}}]}<\/script>\n<!-- \/ Yoast SEO plugin. -->","yoast_head_json":{"title":"Physiospain - Supersol Concept","description":"El concepto SuperSole es una forma de tratamiento relacionado con los pies, que combina el tratamiento f\u00edsico como la terapia de ejercicios, la movilizaci\u00f3n y la manipulaci\u00f3n.","robots":{"index":"index","follow":"follow","max-snippet":"max-snippet:-1","max-image-preview":"max-image-preview:large","max-video-preview":"max-video-preview:-1"},"canonical":"https:\/\/physiospain.com\/es\/supersole-concept\/","og_locale":"es_ES","og_type":"article","og_title":"Physiospain - Supersol Concept","og_description":"El concepto SuperSole es una forma de tratamiento relacionado con los pies, que combina el tratamiento f\u00edsico como la terapia de ejercicios, la movilizaci\u00f3n y la manipulaci\u00f3n.","og_url":"https:\/\/physiospain.com\/es\/supersole-concept\/","og_site_name":"PhysioSpain - Physiotherapy \/ Osteopathic treatment in Fuengirola, Mijas &amp; Malaga","article_modified_time":"2021-10-26T19:27:49+00:00","og_image":[{"width":242,"height":239,"url":"https:\/\/physiospain.com\/wp-content\/uploads\/2021\/06\/Supersole-physiospain.jpg","type":"image\/jpeg"}],"twitter_card":"summary_large_image","twitter_misc":{"Tiempo de lectura":"3 minutos"},"schema":{"@context":"https:\/\/schema.org","@graph":[{"@type":"WebPage","@id":"https:\/\/physiospain.com\/es\/supersole-concept\/","url":"https:\/\/physiospain.com\/es\/supersole-concept\/","name":"Physiospain - Supersol Concept","isPartOf":{"@id":"https:\/\/physiospain.com\/#website"},"primaryImageOfPage":{"@id":"https:\/\/physiospain.com\/es\/supersole-concept\/#primaryimage"},"image":{"@id":"https:\/\/physiospain.com\/es\/supersole-concept\/#primaryimage"},"thumbnailUrl":"https:\/\/physiospain.com\/wp-content\/uploads\/2021\/06\/Supersole-physiospain.jpg","datePublished":"2016-09-25T14:20:14+00:00","dateModified":"2021-10-26T19:27:49+00:00","description":"El concepto SuperSole es una forma de tratamiento relacionado con los pies, que combina el tratamiento f\u00edsico como la terapia de ejercicios, la movilizaci\u00f3n y la manipulaci\u00f3n.","breadcrumb":{"@id":"https:\/\/physiospain.com\/es\/supersole-concept\/#breadcrumb"},"inLanguage":"es","potentialAction":[{"@type":"ReadAction","target":["https:\/\/physiospain.com\/es\/supersole-concept\/"]}]},{"@type":"ImageObject","inLanguage":"es","@id":"https:\/\/physiospain.com\/es\/supersole-concept\/#primaryimage","url":"https:\/\/physiospain.com\/wp-content\/uploads\/2021\/06\/Supersole-physiospain.jpg","contentUrl":"https:\/\/physiospain.com\/wp-content\/uploads\/2021\/06\/Supersole-physiospain.jpg","width":242,"height":239,"caption":"Supersole physiospain Fuengirola Malaga"},{"@type":"BreadcrumbList","@id":"https:\/\/physiospain.com\/es\/supersole-concept\/#breadcrumb","itemListElement":[{"@type":"ListItem","position":1,"name":"Home","item":"https:\/\/physiospain.com\/es\/home\/"},{"@type":"ListItem","position":2,"name":"Supersol &#8211; Plantillas Ortop\u00e9dicas"}]},{"@type":"WebSite","@id":"https:\/\/physiospain.com\/#website","url":"https:\/\/physiospain.com\/","name":"PhysioSpain - Physiotherapy \/ Osteopathic treatment in Fuengirola, Mijas &amp; Malaga","description":"Clinica Physio Spain","publisher":{"@id":"https:\/\/physiospain.com\/#organization"},"potentialAction":[{"@type":"SearchAction","target":{"@type":"EntryPoint","urlTemplate":"https:\/\/physiospain.com\/?s={search_term_string}"},"query-input":{"@type":"PropertyValueSpecification","valueRequired":true,"valueName":"search_term_string"}}],"inLanguage":"es"},{"@type":"Organization","@id":"https:\/\/physiospain.com\/#organization","name":"Physiospain","url":"https:\/\/physiospain.com\/","logo":{"@type":"ImageObject","inLanguage":"es","@id":"https:\/\/physiospain.com\/#\/schema\/logo\/image\/","url":"https:\/\/physiospain.com\/wp-content\/uploads\/2016\/06\/logo-physiospain-fuengirola2.png","contentUrl":"https:\/\/physiospain.com\/wp-content\/uploads\/2016\/06\/logo-physiospain-fuengirola2.png","width":415,"height":108,"caption":"Physiospain"},"image":{"@id":"https:\/\/physiospain.com\/#\/schema\/logo\/image\/"}}]}},"uagb_featured_image_src":{"full":["https:\/\/physiospain.com\/wp-content\/uploads\/2021\/06\/Supersole-physiospain.jpg",242,239,false],"thumbnail":["https:\/\/physiospain.com\/wp-content\/uploads\/2021\/06\/Supersole-physiospain-80x80.jpg",80,80,true],"medium":["https:\/\/physiospain.com\/wp-content\/uploads\/2021\/06\/Supersole-physiospain.jpg",242,239,false],"medium_large":["https:\/\/physiospain.com\/wp-content\/uploads\/2021\/06\/Supersole-physiospain.jpg",242,239,false],"large":["https:\/\/physiospain.com\/wp-content\/uploads\/2021\/06\/Supersole-physiospain.jpg",242,239,false],"1536x1536":["https:\/\/physiospain.com\/wp-content\/uploads\/2021\/06\/Supersole-physiospain.jpg",242,239,false],"2048x2048":["https:\/\/physiospain.com\/wp-content\/uploads\/2021\/06\/Supersole-physiospain.jpg",242,239,false],"widget":["https:\/\/physiospain.com\/wp-content\/uploads\/2021\/06\/Supersole-physiospain-36x36.jpg",36,36,true],"square":["https:\/\/physiospain.com\/wp-content\/uploads\/2021\/06\/Supersole-physiospain-180x180.jpg",180,180,true],"featured":["https:\/\/physiospain.com\/wp-content\/uploads\/2021\/06\/Supersole-physiospain.jpg",242,239,false],"featured_large":["https:\/\/physiospain.com\/wp-content\/uploads\/2021\/06\/Supersole-physiospain.jpg",242,239,false],"extra_large":["https:\/\/physiospain.com\/wp-content\/uploads\/2021\/06\/Supersole-physiospain.jpg",242,239,false],"portfolio":["https:\/\/physiospain.com\/wp-content\/uploads\/2021\/06\/Supersole-physiospain.jpg",242,239,false],"portfolio_small":["https:\/\/physiospain.com\/wp-content\/uploads\/2021\/06\/Supersole-physiospain-242x185.jpg",242,185,true],"gallery":["https:\/\/physiospain.com\/wp-content\/uploads\/2021\/06\/Supersole-physiospain.jpg",242,239,false],"magazine":["https:\/\/physiospain.com\/wp-content\/uploads\/2021\/06\/Supersole-physiospain.jpg",242,239,false],"masonry":["https:\/\/physiospain.com\/wp-content\/uploads\/2021\/06\/Supersole-physiospain.jpg",242,239,false],"entry_with_sidebar":["https:\/\/physiospain.com\/wp-content\/uploads\/2021\/06\/Supersole-physiospain.jpg",242,239,false],"entry_without_sidebar":["https:\/\/physiospain.com\/wp-content\/uploads\/2021\/06\/Supersole-physiospain.jpg",242,239,false],"zeguten-blog-image":["https:\/\/physiospain.com\/wp-content\/uploads\/2021\/06\/Supersole-physiospain.jpg",242,239,false],"zeguten-blog-image-small":["https:\/\/physiospain.com\/wp-content\/uploads\/2021\/06\/Supersole-physiospain.jpg",197,195,false],"zeguten-blog-image-640x465":["https:\/\/physiospain.com\/wp-content\/uploads\/2021\/06\/Supersole-physiospain.jpg",242,239,false],"zeguten-blog-image-400x300":["https:\/\/physiospain.com\/wp-content\/uploads\/2021\/06\/Supersole-physiospain.jpg",242,239,false],"zeguten-blog-image-620x715":["https:\/\/physiospain.com\/wp-content\/uploads\/2021\/06\/Supersole-physiospain.jpg",242,239,false],"zeguten-blog-image-510x700":["https:\/\/physiospain.com\/wp-content\/uploads\/2021\/06\/Supersole-physiospain.jpg",242,239,false],"zeguten-blog-image-630x635":["https:\/\/physiospain.com\/wp-content\/uploads\/2021\/06\/Supersole-physiospain.jpg",242,239,false]},"uagb_author_info":{"display_name":"Admin","author_link":"https:\/\/physiospain.com\/es\/author\/tony96\/"},"uagb_comment_info":0,"uagb_excerpt":null,"zeguten_blocks_get_image_src":{"full":["https:\/\/physiospain.com\/wp-content\/uploads\/2021\/06\/Supersole-physiospain.jpg",242,239,false],"thumbnail":["https:\/\/physiospain.com\/wp-content\/uploads\/2021\/06\/Supersole-physiospain-80x80.jpg",80,80,true],"medium":["https:\/\/physiospain.com\/wp-content\/uploads\/2021\/06\/Supersole-physiospain.jpg",242,239,false],"medium_large":["https:\/\/physiospain.com\/wp-content\/uploads\/2021\/06\/Supersole-physiospain.jpg",242,239,false],"large":["https:\/\/physiospain.com\/wp-content\/uploads\/2021\/06\/Supersole-physiospain.jpg",242,239,false],"1536x1536":["https:\/\/physiospain.com\/wp-content\/uploads\/2021\/06\/Supersole-physiospain.jpg",242,239,false],"2048x2048":["https:\/\/physiospain.com\/wp-content\/uploads\/2021\/06\/Supersole-physiospain.jpg",242,239,false],"widget":["https:\/\/physiospain.com\/wp-content\/uploads\/2021\/06\/Supersole-physiospain-36x36.jpg",36,36,true],"square":["https:\/\/physiospain.com\/wp-content\/uploads\/2021\/06\/Supersole-physiospain-180x180.jpg",180,180,true],"featured":["https:\/\/physiospain.com\/wp-content\/uploads\/2021\/06\/Supersole-physiospain.jpg",242,239,false],"featured_large":["https:\/\/physiospain.com\/wp-content\/uploads\/2021\/06\/Supersole-physiospain.jpg",242,239,false],"extra_large":["https:\/\/physiospain.com\/wp-content\/uploads\/2021\/06\/Supersole-physiospain.jpg",242,239,false],"portfolio":["https:\/\/physiospain.com\/wp-content\/uploads\/2021\/06\/Supersole-physiospain.jpg",242,239,false],"portfolio_small":["https:\/\/physiospain.com\/wp-content\/uploads\/2021\/06\/Supersole-physiospain-242x185.jpg",242,185,true],"gallery":["https:\/\/physiospain.com\/wp-content\/uploads\/2021\/06\/Supersole-physiospain.jpg",242,239,false],"magazine":["https:\/\/physiospain.com\/wp-content\/uploads\/2021\/06\/Supersole-physiospain.jpg",242,239,false],"masonry":["https:\/\/physiospain.com\/wp-content\/uploads\/2021\/06\/Supersole-physiospain.jpg",242,239,false],"entry_with_sidebar":["https:\/\/physiospain.com\/wp-content\/uploads\/2021\/06\/Supersole-physiospain.jpg",242,239,false],"entry_without_sidebar":["https:\/\/physiospain.com\/wp-content\/uploads\/2021\/06\/Supersole-physiospain.jpg",242,239,false],"zeguten-blog-image":["https:\/\/physiospain.com\/wp-content\/uploads\/2021\/06\/Supersole-physiospain.jpg",242,239,false],"zeguten-blog-image-small":["https:\/\/physiospain.com\/wp-content\/uploads\/2021\/06\/Supersole-physiospain.jpg",197,195,false],"zeguten-blog-image-640x465":["https:\/\/physiospain.com\/wp-content\/uploads\/2021\/06\/Supersole-physiospain.jpg",242,239,false],"zeguten-blog-image-400x300":["https:\/\/physiospain.com\/wp-content\/uploads\/2021\/06\/Supersole-physiospain.jpg",242,239,false],"zeguten-blog-image-620x715":["https:\/\/physiospain.com\/wp-content\/uploads\/2021\/06\/Supersole-physiospain.jpg",242,239,false],"zeguten-blog-image-510x700":["https:\/\/physiospain.com\/wp-content\/uploads\/2021\/06\/Supersole-physiospain.jpg",242,239,false],"zeguten-blog-image-630x635":["https:\/\/physiospain.com\/wp-content\/uploads\/2021\/06\/Supersole-physiospain.jpg",242,239,false]},"zeguten_author_info":{"display_name":"Admin","author_link":"https:\/\/physiospain.com\/es\/author\/tony96\/"},"zeguten_comment_info":{"comments_number":"0","comments_link":"https:\/\/physiospain.com\/es\/supersole-concept\/#respond"},"zeguten_excerpt":null,"_links":{"self":[{"href":"https:\/\/physiospain.com\/es\/wp-json\/wp\/v2\/pages\/1586","targetHints":{"allow":["GET"]}}],"collection":[{"href":"https:\/\/physiospain.com\/es\/wp-json\/wp\/v2\/pages"}],"about":[{"href":"https:\/\/physiospain.com\/es\/wp-json\/wp\/v2\/types\/page"}],"author":[{"embeddable":true,"href":"https:\/\/physiospain.com\/es\/wp-json\/wp\/v2\/users\/1"}],"replies":[{"embeddable":true,"href":"https:\/\/physiospain.com\/es\/wp-json\/wp\/v2\/comments?post=1586"}],"version-history":[{"count":4,"href":"https:\/\/physiospain.com\/es\/wp-json\/wp\/v2\/pages\/1586\/revisions"}],"predecessor-version":[{"id":3607,"href":"https:\/\/physiospain.com\/es\/wp-json\/wp\/v2\/pages\/1586\/revisions\/3607"}],"wp:featuredmedia":[{"embeddable":true,"href":"https:\/\/physiospain.com\/es\/wp-json\/wp\/v2\/media\/3036"}],"wp:attachment":[{"href":"https:\/\/physiospain.com\/es\/wp-json\/wp\/v2\/media?parent=1586"}],"curies":[{"name":"wp","href":"https:\/\/api.w.org\/{rel}","templated":true}]}}