{"id":2614,"date":"2021-02-24T03:38:39","date_gmt":"2021-02-24T02:38:39","guid":{"rendered":"https:\/\/physiospain.com\/?page_id=2614"},"modified":"2023-02-14T08:54:58","modified_gmt":"2023-02-14T07:54:58","slug":"politica-de-privacidad","status":"publish","type":"page","link":"https:\/\/physiospain.com\/es\/politica-de-privacidad\/","title":{"rendered":"Pol\u00edtica de privacidad"},"content":{"rendered":"<section  class='av_textblock_section av-le3y7w1v-68e4fdac23b23ac5523333fbb6f637f1 '   itemscope=\"itemscope\" itemtype=\"https:\/\/schema.org\/CreativeWork\" ><div class='avia_textblock'  itemprop=\"text\" ><h1><strong>\u00a0<\/strong>Politica Privacidad y Protecci\u00f3n de datos<\/h1>\n<h2><strong>1. Recogida, tratamiento y uso de los datos personales en la web:<\/strong><\/h2>\n<p>En base a lo dispuesto en el Reglamento General de Protecci\u00f3n de Datos 2016\/679 (RGPD) y en la Ley Org\u00e1nica 3\/2018, de Protecci\u00f3n de Datos Personales y garant\u00eda de derechos digitales (LOPDGDD), le informamos que para hacer uso algunos de los servicios que les ofrece nuestra web, puede ser necesario que nos suministre determinados datos de car\u00e1cter personal que ser\u00e1n incorporados a ficheros automatizados.<\/p>\n<p>Cumpliendo con las nuevas disposiciones del Reglamento (UE) 2016\/679 del PE y del Consejo de 27 de Abril de 2016 y de la Ley Org\u00e1nica 3\/2018, de 5 de diciembre, de Protecci\u00f3n de Datos Personales y garant\u00eda de derechos digitales, relativas a la protecci\u00f3n de las personas f\u00edsicas en lo que respecta al tratamiento de datos personales y a la libre circulaci\u00f3n de estos datos y por el que se deroga la Directiva 95\/46\/CE, le informamos que el responsable del tratamiento de los datos es:<\/p>\n<p>Denominaci\u00f3n social: FISIOTERAPIA DE ESCANDINAVIA S.L.P.<\/p>\n<p>CIF: B29384609<\/p>\n<p>Domicilio principal: AVDA. RAMON Y CAJAL, 52, 29640 DE FUENGIROLA, M\u00c1LAGA<\/p>\n<p>Correo electr\u00f3nico: INFO@PYSIOSPAIN.COM<\/p>\n<p>Tel\u00e9fono de contacto: 952476504<\/p>\n<p>P\u00e1gina web: https:\/\/physiospain.com\/<\/p>\n<p>Para realizar cualquier tipo de observaci\u00f3n respecto a posibles incumplimientos de los derechos de propiedad intelectual o industrial, as\u00ed como sobre cualquiera de los contenidos del sitio web, puede hacerlo poni\u00e9ndose en contacto con la empresa a trav\u00e9s de cualquiera de los medios indicados anteriormente.<\/p>\n<p>Los contenidos del Sitio Web tienen como finalidad informar a los usuarios, de los servicios ofrecidos por la empresa como consecuencia de las solicitudes, gestiones o tr\u00e1mites que el Usuario realice mediante la web. Los datos objeto de tratamiento ser\u00e1n aquellos que nos facilite a trav\u00e9s de los formularios que en cada momento contenga la p\u00e1gina o a trav\u00e9s de los correos electr\u00f3nicos que el Usuario dirija a las direcciones de correo electr\u00f3nico identificadas en la misma, as\u00ed como aquellos otros que se generen durante el mantenimiento de la relaci\u00f3n correspondiente.<\/p>\n<p>Todos los campos que aparecen se\u00f1alados como obligatorios en cualquiera de los formularios deber\u00e1n ser cumplimentados necesariamente, de tal modo que la omisi\u00f3n de alguno de ellos podr\u00e1 comportar la imposibilidad de que podamos atender su solicitud o prestarle los servicios correspondientes.<\/p>\n<p>Adicionalmente, durante dicha recogida de datos, es posible que se solicite su consentimiento para otra serie de finalidades que no guardan una relaci\u00f3n directa con el servicio o la relaci\u00f3n correspondiente. En el caso de que no est\u00e9 de acuerdo con dichos tratamientos adicionales, marque la casilla destinada al efecto seg\u00fan corresponda.<\/p>\n<p>Solicitantes de informaci\u00f3n: Los datos personales utilizados en estos casos proceden del propio interesado, el cual los proporciona a FISIOTERAPIA DE ESCANDINAVIA S.L.P. al completar el formulario de contacto contenido en el Sitio Web, al efectuar una llamada telef\u00f3nica, o al enviar un correo.<\/p>\n<p>Estos datos se utilizan con la finalidad de resolver las consultas y proporcionar informaci\u00f3n a aquellos que lo demanden o lo autoricen expresamente, principalmente por medio del correo electr\u00f3nico.<\/p>\n<p>La persona que acceda a este Sitio Web (en adelante, el Usuario), asegura que tiene la edad m\u00ednima legal establecida por el Reglamento General de Protecci\u00f3n de Datos 679\/2016 (16 a\u00f1os) o por la normativa nacional que le sea de aplicaci\u00f3n para otorgar el consentimiento en relaci\u00f3n con los Servicios de la Sociedad de la Informaci\u00f3n.<\/p>\n<p>Mediante el acceso a este Sitio Web, el Usuario acepta expresamente todas las cl\u00e1usulas de su informaci\u00f3n legal, de esta pol\u00edtica de privacidad, y de su pol\u00edtica de cookies, as\u00ed como de todas aquellas condiciones particulares recogidas para la utilizaci\u00f3n de determinados servicios. En caso de no aceptar alguna de las citadas cl\u00e1usulas, el Usuario deber\u00e1 abstenerse de acceder a este Sitio Web.<\/p>\n<p>Al acceder el Usuario a las cuentas de FISIOTERAPIA DE ESCANDINAVIA S.L.P. en las redes sociales acepta el tratamiento de sus datos personales por parte de las mismas seg\u00fan sus pol\u00edticas de privacidad: Pol\u00edtica de privacidad de REDESOCIALES<\/p>\n<h2><strong>2. Finalidad del tratamiento de los datos personales:<\/strong><\/h2>\n<p>2.1. \u00bfCon qu\u00e9 finalidad trataremos tus datos personales?<\/p>\n<p>En FISIOTERAPIA DE ESCANDINAVIA S.L.P. trataremos tus datos personales, recabados a trav\u00e9s del Sitio Web con las siguientes finalidades:<\/p>\n<p>\u2013 Env\u00edo de informaci\u00f3n solicitada a trav\u00e9s de los formularios de contacto dispuestos en el Sitio Web para la finalidad solicitar cualquier tipo de consulta relacionada con los productos o servicios que presta la empresa.<\/p>\n<p>\u2013 Analizar el perfil del usuario con el motivo de optimizar, medir y personalizar el uso del Sitio Web.<\/p>\n<p>\u2013 Recogida de datos y curr\u00edculos vitae de personas interesadas en participar en los procesos de selecci\u00f3n de personal para la contrataci\u00f3n de empleados en la empresa.<\/p>\n<p>\u2013 Remitir boletines -newsletters- , as\u00ed como comunicaciones comerciales de promociones y\/o publicidad del Sitio Web.<\/p>\n<p>Asimismo, te recordamos que puedes oponerte al env\u00edo de comunicaciones comerciales por cualquier v\u00eda y en cualquier momento, dirigi\u00e9ndote a FISIOTERAPIA DE ESCANDINAVIA S.L.P. Los campos de dichos registros son de cumplimentaci\u00f3n obligatoria, siendo imposible realizar las finalidades expresadas si no se aportan esos datos.<\/p>\n<p>2.2. \u00bfPor cu\u00e1nto tiempo se conservan los datos personales recabados?<\/p>\n<p>Los datos personales proporcionados se conservar\u00e1n mientras se gestiona su comunicaci\u00f3n y\/o no solicites su supresi\u00f3n y durante el tiempo m\u00ednimo necesario para cumplir con las obligaciones legales\u00a0 o pudieran derivarse responsabilidades legales por los servicios prestados.<\/p>\n<h2><strong>3. Legitimaci\u00f3n:<\/strong><\/h2>\n<p>El tratamiento de tus datos se realiza con las siguientes bases jur\u00eddicas que legitiman el mismo:<\/p>\n<p>\u2013 El consentimiento libre, espec\u00edfico, informado e inequ\u00edvoco, en tanto que te informamos poniendo a tu disposici\u00f3n la presente pol\u00edtica de privacidad, que tras la lectura de la misma, en caso de estar conforme, puedes aceptar mediante una declaraci\u00f3n o una clara acci\u00f3n afirmativa, como el marcado de una casilla dispuesta al efecto.<\/p>\n<p>En caso de que no nos facilites tus datos o los hagas de forma err\u00f3nea o incompleta, no podremos atender tu solicitud, resultando del todo imposible proporcionarte la informaci\u00f3n solicitada o llevar a cabo la contrataci\u00f3n de los servicios.<\/p>\n<h2><strong>4. Garant\u00eda:<\/strong><\/h2>\n<p>El Usuario garantiza que los datos aportados son verdaderos, exactos, completos y actualizados, siendo responsable de cualquier da\u00f1o o perjuicio, directo o indirecto, que pudiera ocasionarse como consecuencia del incumplimiento de tal obligaci\u00f3n. En el caso de que los datos aportados pertenecieran a un tercero, el Usuario garantiza que ha informado a dicho tercero y obtenido su autorizaci\u00f3n para facilitar sus datos personales a FISIOTERAPIA DE ESCANDINAVIA S.L.P.<\/p>\n<h2><strong>5. Conservaci\u00f3n de los datos:<\/strong><\/h2>\n<p>Sus datos se conservar\u00e1n mientras se mantenga la relaci\u00f3n contractual o durante los a\u00f1os necesarios para cumplir con las obligaciones legales, mientras no solicite su cese o durante el tiempo necesario para la realizaci\u00f3n de los fines necesarios para los recabados.<\/p>\n<h2><strong>6. Destinatarios:<\/strong><\/h2>\n<p>Sus datos ser\u00e1n conservados bajo estrictas medidas de seguridad que garanticen la confidencialidad y la seguridad de los mismos. Del mismo modo, s\u00f3lo ser\u00e1n cedidos a las entidades y para las finalidades siguientes:<\/p>\n<p>-Entidades y proveedores que prestan servicios a FISIOTERAPIA DE ESCANDINAVIA S.L.P. para la correcta realizaci\u00f3n de estos servicios. Dichas entidades y proveedores se encuentran debidamente acreditados y firman con nosotros el correspondiente contrato de tratamiento de datos en cumplimiento de la normativa de protecci\u00f3n de datos vigente.<\/p>\n<p>-Organismos y entidades oficiales en cumplimiento de las normativas y leyes vigentes.<\/p>\n<p>Cualquier transferencia internacional de datos al usar aplicaciones americanas, estar\u00e1 adherida al convenio Privacy Shield, que garantiza que las empresas de software americano cumplen las pol\u00edticas de protecci\u00f3n de datos europeas en materia de privacidad.<\/p>\n<p>Los datos no se comunicar\u00e1n a ning\u00fan tercero ajeno a FISIOTERAPIA DE ESCANDINAVIA S.L.P., fuera de los casos anteriormente descritos, salvo obligaci\u00f3n legal o autorizaci\u00f3n previa.<\/p>\n<p>Destinatarios fuera de la Uni\u00f3n Europea: FISIOTERAPIA DE ESCANDINAVIA S.L.P. no cede datos personales a terceros ni contrata con proveedores prestadores de servicios fuera de la Uni\u00f3n Europea.<\/p>\n<h2><strong>7. Derechos:<\/strong><\/h2>\n<p>Como interesado que nos has proporcionado tus datos personales, tienes pleno derecho a obtener confirmaci\u00f3n sobre si en FISIOTERAPIA DE ESCANDINAVIA S.L.P. estamos tratando tus datos personales, y en concreto est\u00e1s facultado para ejercitar los siguientes derechos que la normativa en materia de protecci\u00f3n de datos te reconoce, conforme a lo previsto en la misma:<\/p>\n<p>\u2013 Derecho de ACCESO a tus datos personales.<\/p>\n<p>\u2013 Derechos de solicitar la RECTIFICACI\u00d3N de los datos inexactos.<\/p>\n<p>\u2013 Derecho de solicitar su SUPRESI\u00d3N cuando, entre otros motivos, los datos ya no sean necesarios para los fines que fueron recogidos.<\/p>\n<p>\u2013 En determinadas circunstancias, podr\u00e1s solicitar la LIMITACI\u00d3N DEL TRATAMIENTO de tus datos, en cuyo caso \u00fanicamente los conservaremos para el ejercicio o la defensa de reclamaciones.<\/p>\n<p>\u2013 En determinadas circunstancias y por motivos relacionados con su situaci\u00f3n particular, los interesados podr\u00e1n ejercitar su derecho de OPOSICI\u00d3N al tratamiento de sus datos. Dejaremos de tratar los datos, salvo por motivos leg\u00edtimos imperiosos, o el ejercicio o la defensa de posibles reclamaciones.<\/p>\n<p>\u2013 En determinadas circunstancias y por motivos relacionados con tu situaci\u00f3n particular, podr\u00e1s solicitar su derecho a la PORTABILIDAD de los datos.<\/p>\n<p>Podr\u00e1s ejercer tales derechos o solicitar informaci\u00f3n adicional presentando copia de un documento identificativo y exponiendo brevemente su caso y el derecho que quiere ejercer, mediante carta dirigida a FISIOTERAPIA DE ESCANDINAVIA S.L.P. mediante carta dirigida a la direcci\u00f3n principal situada en AVDA. RAMON Y CAJAL, 52, 29640 DE FUENGIROLA, M\u00c1LAGA, o a trav\u00e9s de la direcci\u00f3n de correo electr\u00f3nico INFO@PYSIOSPAIN.COM.<\/p>\n<p>Adem\u00e1s, en caso de que se haya vulnerado cualquiera de tus derechos, el interesado tiene derecho a presentar una reclamaci\u00f3n ante la Agencia Espa\u00f1ola de Protecci\u00f3n de Datos (AEPD), en C\/ Jorge Juan, 6, 28001-Madrid o a trav\u00e9s de la sede electr\u00f3nica de la AEPD: https:\/\/sedeagpd.gob.es\/sede-electronica-web\/.<\/p>\n<h2><strong>8. Duraci\u00f3n y modificaci\u00f3n de la Pol\u00edtica de Privacidad:<\/strong><\/h2>\n<p><a href=\"https:\/\/www.protectionreport.com\">FISIOTERAPIA DE ESCANDINAVIA S.L.P.<\/a> se reserva el derecho a modificar, total o parcialmente, la presente Pol\u00edtica de Privacidad, publicando los cambios en el Sitio Web. Asimismo, podr\u00e1 efectuar sin previo aviso las modificaciones que considere oportunas, pudiendo cambiar, suprimir o a\u00f1adir tanto los contenidos y servicios que presta, como la forma en la que \u00e9stos aparezcan presentados o localizados. En consecuencia, se entender\u00e1n como vigentes, las condiciones generales\/Pol\u00edticas que est\u00e9n publicadas en el momento en el que el Usuario acceda deber\u00e1 leerlas peri\u00f3dicamente.<\/p>\n<p>Con independencia de lo dispuesto, FISIOTERAPIA DE ESCANDINAVIA S.L.P. podr\u00e1 dar por terminado, suspender o interrumpir, en cualquier momento sin necesidad de preaviso, el acceso a los contenidos del Sitio Web, sin posibilidad por parte del Usuario de exigir indemnizaci\u00f3n alguna.<\/p>\n<p><strong>\u00a0<\/strong><\/p>\n<p>Documento redactado y elaborado por <a href=\"https:\/\/www.protectionreport.com\">Protection<\/a><u> Report S.L.<\/u>, la cual se reserva las acciones legales que correspondan contra todo aquel que copie y utilice de forma ileg\u00edtima el contenido.<\/p>\n<\/div><\/section>\n","protected":false},"excerpt":{"rendered":"","protected":false},"author":8,"featured_media":0,"parent":0,"menu_order":0,"comment_status":"closed","ping_status":"closed","template":"","meta":{"_uag_custom_page_level_css":"","footnotes":""},"class_list":["post-2614","page","type-page","status-publish","hentry"],"featured_image_src":null,"yoast_head":"<!-- This site is optimized with the Yoast SEO plugin v27.3 - https:\/\/yoast.com\/product\/yoast-seo-wordpress\/ -->\n<title>Pol\u00edtica de privacidad - PhysioSpain - Physiotherapy \/ Osteopathic treatment in Fuengirola, Mijas &amp; Malaga<\/title>\n<meta name=\"robots\" content=\"index, follow, max-snippet:-1, max-image-preview:large, max-video-preview:-1\" \/>\n<link rel=\"canonical\" href=\"https:\/\/physiospain.com\/es\/politica-de-privacidad\/\" \/>\n<meta property=\"og:locale\" content=\"es_ES\" \/>\n<meta property=\"og:type\" content=\"article\" \/>\n<meta property=\"og:title\" content=\"Pol\u00edtica de privacidad - PhysioSpain - Physiotherapy \/ Osteopathic treatment in Fuengirola, Mijas &amp; Malaga\" \/>\n<meta property=\"og:url\" content=\"https:\/\/physiospain.com\/es\/politica-de-privacidad\/\" \/>\n<meta property=\"og:site_name\" content=\"PhysioSpain - Physiotherapy \/ Osteopathic treatment in Fuengirola, Mijas &amp; Malaga\" \/>\n<meta property=\"article:modified_time\" content=\"2023-02-14T07:54:58+00:00\" \/>\n<meta name=\"twitter:card\" content=\"summary_large_image\" \/>\n<meta name=\"twitter:label1\" content=\"Tiempo de lectura\" \/>\n\t<meta name=\"twitter:data1\" content=\"8 minutos\" \/>\n<script type=\"application\/ld+json\" class=\"yoast-schema-graph\">{\"@context\":\"https:\\\/\\\/schema.org\",\"@graph\":[{\"@type\":\"WebPage\",\"@id\":\"https:\\\/\\\/physiospain.com\\\/es\\\/politica-de-privacidad\\\/\",\"url\":\"https:\\\/\\\/physiospain.com\\\/es\\\/politica-de-privacidad\\\/\",\"name\":\"Pol\u00edtica de privacidad - PhysioSpain - Physiotherapy \\\/ Osteopathic treatment in Fuengirola, Mijas &amp; Malaga\",\"isPartOf\":{\"@id\":\"https:\\\/\\\/physiospain.com\\\/#website\"},\"datePublished\":\"2021-02-24T02:38:39+00:00\",\"dateModified\":\"2023-02-14T07:54:58+00:00\",\"breadcrumb\":{\"@id\":\"https:\\\/\\\/physiospain.com\\\/es\\\/politica-de-privacidad\\\/#breadcrumb\"},\"inLanguage\":\"es\",\"potentialAction\":[{\"@type\":\"ReadAction\",\"target\":[\"https:\\\/\\\/physiospain.com\\\/es\\\/politica-de-privacidad\\\/\"]}]},{\"@type\":\"BreadcrumbList\",\"@id\":\"https:\\\/\\\/physiospain.com\\\/es\\\/politica-de-privacidad\\\/#breadcrumb\",\"itemListElement\":[{\"@type\":\"ListItem\",\"position\":1,\"name\":\"Home\",\"item\":\"https:\\\/\\\/physiospain.com\\\/es\\\/home\\\/\"},{\"@type\":\"ListItem\",\"position\":2,\"name\":\"Pol\u00edtica de privacidad\"}]},{\"@type\":\"WebSite\",\"@id\":\"https:\\\/\\\/physiospain.com\\\/#website\",\"url\":\"https:\\\/\\\/physiospain.com\\\/\",\"name\":\"PhysioSpain - Physiotherapy \\\/ Osteopathic treatment in Fuengirola, Mijas &amp; Malaga\",\"description\":\"Clinica Physio Spain\",\"publisher\":{\"@id\":\"https:\\\/\\\/physiospain.com\\\/#organization\"},\"potentialAction\":[{\"@type\":\"SearchAction\",\"target\":{\"@type\":\"EntryPoint\",\"urlTemplate\":\"https:\\\/\\\/physiospain.com\\\/?s={search_term_string}\"},\"query-input\":{\"@type\":\"PropertyValueSpecification\",\"valueRequired\":true,\"valueName\":\"search_term_string\"}}],\"inLanguage\":\"es\"},{\"@type\":\"Organization\",\"@id\":\"https:\\\/\\\/physiospain.com\\\/#organization\",\"name\":\"Physiospain\",\"url\":\"https:\\\/\\\/physiospain.com\\\/\",\"logo\":{\"@type\":\"ImageObject\",\"inLanguage\":\"es\",\"@id\":\"https:\\\/\\\/physiospain.com\\\/#\\\/schema\\\/logo\\\/image\\\/\",\"url\":\"https:\\\/\\\/physiospain.com\\\/wp-content\\\/uploads\\\/2016\\\/06\\\/logo-physiospain-fuengirola2.png\",\"contentUrl\":\"https:\\\/\\\/physiospain.com\\\/wp-content\\\/uploads\\\/2016\\\/06\\\/logo-physiospain-fuengirola2.png\",\"width\":415,\"height\":108,\"caption\":\"Physiospain\"},\"image\":{\"@id\":\"https:\\\/\\\/physiospain.com\\\/#\\\/schema\\\/logo\\\/image\\\/\"}}]}<\/script>\n<!-- \/ Yoast SEO plugin. -->","yoast_head_json":{"title":"Pol\u00edtica de privacidad - PhysioSpain - Physiotherapy \/ Osteopathic treatment in Fuengirola, Mijas &amp; Malaga","robots":{"index":"index","follow":"follow","max-snippet":"max-snippet:-1","max-image-preview":"max-image-preview:large","max-video-preview":"max-video-preview:-1"},"canonical":"https:\/\/physiospain.com\/es\/politica-de-privacidad\/","og_locale":"es_ES","og_type":"article","og_title":"Pol\u00edtica de privacidad - PhysioSpain - Physiotherapy \/ Osteopathic treatment in Fuengirola, Mijas &amp; Malaga","og_url":"https:\/\/physiospain.com\/es\/politica-de-privacidad\/","og_site_name":"PhysioSpain - Physiotherapy \/ Osteopathic treatment in Fuengirola, Mijas &amp; Malaga","article_modified_time":"2023-02-14T07:54:58+00:00","twitter_card":"summary_large_image","twitter_misc":{"Tiempo de lectura":"8 minutos"},"schema":{"@context":"https:\/\/schema.org","@graph":[{"@type":"WebPage","@id":"https:\/\/physiospain.com\/es\/politica-de-privacidad\/","url":"https:\/\/physiospain.com\/es\/politica-de-privacidad\/","name":"Pol\u00edtica de privacidad - PhysioSpain - Physiotherapy \/ Osteopathic treatment in Fuengirola, Mijas &amp; Malaga","isPartOf":{"@id":"https:\/\/physiospain.com\/#website"},"datePublished":"2021-02-24T02:38:39+00:00","dateModified":"2023-02-14T07:54:58+00:00","breadcrumb":{"@id":"https:\/\/physiospain.com\/es\/politica-de-privacidad\/#breadcrumb"},"inLanguage":"es","potentialAction":[{"@type":"ReadAction","target":["https:\/\/physiospain.com\/es\/politica-de-privacidad\/"]}]},{"@type":"BreadcrumbList","@id":"https:\/\/physiospain.com\/es\/politica-de-privacidad\/#breadcrumb","itemListElement":[{"@type":"ListItem","position":1,"name":"Home","item":"https:\/\/physiospain.com\/es\/home\/"},{"@type":"ListItem","position":2,"name":"Pol\u00edtica de privacidad"}]},{"@type":"WebSite","@id":"https:\/\/physiospain.com\/#website","url":"https:\/\/physiospain.com\/","name":"PhysioSpain - Physiotherapy \/ Osteopathic treatment in Fuengirola, Mijas &amp; Malaga","description":"Clinica Physio Spain","publisher":{"@id":"https:\/\/physiospain.com\/#organization"},"potentialAction":[{"@type":"SearchAction","target":{"@type":"EntryPoint","urlTemplate":"https:\/\/physiospain.com\/?s={search_term_string}"},"query-input":{"@type":"PropertyValueSpecification","valueRequired":true,"valueName":"search_term_string"}}],"inLanguage":"es"},{"@type":"Organization","@id":"https:\/\/physiospain.com\/#organization","name":"Physiospain","url":"https:\/\/physiospain.com\/","logo":{"@type":"ImageObject","inLanguage":"es","@id":"https:\/\/physiospain.com\/#\/schema\/logo\/image\/","url":"https:\/\/physiospain.com\/wp-content\/uploads\/2016\/06\/logo-physiospain-fuengirola2.png","contentUrl":"https:\/\/physiospain.com\/wp-content\/uploads\/2016\/06\/logo-physiospain-fuengirola2.png","width":415,"height":108,"caption":"Physiospain"},"image":{"@id":"https:\/\/physiospain.com\/#\/schema\/logo\/image\/"}}]}},"uagb_featured_image_src":{"full":false,"thumbnail":false,"medium":false,"medium_large":false,"large":false,"1536x1536":false,"2048x2048":false,"widget":false,"square":false,"featured":false,"featured_large":false,"extra_large":false,"portfolio":false,"portfolio_small":false,"gallery":false,"magazine":false,"masonry":false,"entry_with_sidebar":false,"entry_without_sidebar":false,"zeguten-blog-image":false,"zeguten-blog-image-small":false,"zeguten-blog-image-640x465":false,"zeguten-blog-image-400x300":false,"zeguten-blog-image-620x715":false,"zeguten-blog-image-510x700":false,"zeguten-blog-image-630x635":false},"uagb_author_info":{"display_name":"Johan Grundin","author_link":"https:\/\/physiospain.com\/es\/author\/grundin\/"},"uagb_comment_info":0,"uagb_excerpt":null,"zeguten_blocks_get_image_src":{"full":false,"thumbnail":false,"medium":false,"medium_large":false,"large":false,"1536x1536":false,"2048x2048":false,"widget":false,"square":false,"featured":false,"featured_large":false,"extra_large":false,"portfolio":false,"portfolio_small":false,"gallery":false,"magazine":false,"masonry":false,"entry_with_sidebar":false,"entry_without_sidebar":false,"zeguten-blog-image":false,"zeguten-blog-image-small":false,"zeguten-blog-image-640x465":false,"zeguten-blog-image-400x300":false,"zeguten-blog-image-620x715":false,"zeguten-blog-image-510x700":false,"zeguten-blog-image-630x635":false},"zeguten_author_info":{"display_name":"Johan Grundin","author_link":"https:\/\/physiospain.com\/es\/author\/grundin\/"},"zeguten_comment_info":{"comments_number":"0","comments_link":"https:\/\/physiospain.com\/es\/politica-de-privacidad\/#respond"},"zeguten_excerpt":null,"_links":{"self":[{"href":"https:\/\/physiospain.com\/es\/wp-json\/wp\/v2\/pages\/2614","targetHints":{"allow":["GET"]}}],"collection":[{"href":"https:\/\/physiospain.com\/es\/wp-json\/wp\/v2\/pages"}],"about":[{"href":"https:\/\/physiospain.com\/es\/wp-json\/wp\/v2\/types\/page"}],"author":[{"embeddable":true,"href":"https:\/\/physiospain.com\/es\/wp-json\/wp\/v2\/users\/8"}],"replies":[{"embeddable":true,"href":"https:\/\/physiospain.com\/es\/wp-json\/wp\/v2\/comments?post=2614"}],"version-history":[{"count":3,"href":"https:\/\/physiospain.com\/es\/wp-json\/wp\/v2\/pages\/2614\/revisions"}],"predecessor-version":[{"id":3834,"href":"https:\/\/physiospain.com\/es\/wp-json\/wp\/v2\/pages\/2614\/revisions\/3834"}],"wp:attachment":[{"href":"https:\/\/physiospain.com\/es\/wp-json\/wp\/v2\/media?parent=2614"}],"curies":[{"name":"wp","href":"https:\/\/api.w.org\/{rel}","templated":true}]}}