{"id":780,"date":"2016-07-18T22:12:27","date_gmt":"2016-07-18T22:12:27","guid":{"rendered":"http:\/\/www.mimo.im\/rolf1\/es\/?page_id=780"},"modified":"2023-11-11T16:16:21","modified_gmt":"2023-11-11T15:16:21","slug":"our-team","status":"publish","type":"page","link":"https:\/\/physiospain.com\/es\/our-team\/","title":{"rendered":"Nuestro equipo"},"content":{"rendered":"<div id='full_slider_1'  class='avia-fullwidth-slider main_color avia-shadow   avia-builder-el-0  el_before_av_one_half  avia-builder-el-first   container_wrap sidebar_right'  ><div  class='avia-slideshow av-ktni09ow-9f50bd6d7df9e5d9f7ca9d2f151e099f avia-slideshow-featured av_slideshow_full avia-slide-slider av-slideshow-ui av-control-default av-slideshow-manual av-loop-once av-loop-manual-endless av-default-height-applied   avia-slideshow-1' data-slideshow-options=\"{&quot;animation&quot;:&quot;slide&quot;,&quot;autoplay&quot;:false,&quot;loop_autoplay&quot;:&quot;once&quot;,&quot;interval&quot;:5,&quot;loop_manual&quot;:&quot;manual-endless&quot;,&quot;autoplay_stopper&quot;:false,&quot;noNavigation&quot;:false,&quot;bg_slider&quot;:false,&quot;keep_padding&quot;:false,&quot;hoverpause&quot;:false,&quot;show_slide_delay&quot;:0}\"  itemprop=\"image\" itemscope=\"itemscope\" itemtype=\"https:\/\/schema.org\/ImageObject\" ><ul class='avia-slideshow-inner ' style='padding-bottom: 28.666666666667%;'><li  class='avia-slideshow-slide av-ktni09ow-9f50bd6d7df9e5d9f7ca9d2f151e099f__0  av-single-slide slide-1 slide-odd'><div data-rel='slideshow-1' class='avia-slide-wrap '   ><div class='av-slideshow-caption av-ktni09ow-9f50bd6d7df9e5d9f7ca9d2f151e099f__0 caption_fullwidth caption_bottom'><div class=\"container caption_container\"><div class=\"slideshow_caption\"><div class=\"slideshow_inner_caption\"><div class=\"slideshow_align_caption\"><h2 class='avia-caption-title '  itemprop=\"name\" >Nosotras somos equipo Physiospain<\/h2><\/div><\/div><\/div><\/div><\/div><img decoding=\"async\" fetchpriority=\"high\" class=\"wp-image-2864 avia-img-lazy-loading-not-2864\"  src=\"https:\/\/physiospain.com\/wp-content\/uploads\/2021\/05\/vart-team-physiospain-svenska-1500x430.jpeg\" width=\"1500\" height=\"430\" title='v\u00e5rt team physiospain svenska' alt=''  itemprop=\"thumbnailUrl\"   \/><\/div><\/li><\/ul><\/div><\/div><div id='after_full_slider_1'  class='main_color av_default_container_wrap container_wrap sidebar_right'  ><div class='container av-section-cont-open' ><div class='template-page content  av-content-small alpha units'><div class='post-entry post-entry-type-page post-entry-780'><div class='entry-content-wrapper clearfix'>\n\n<style type=\"text\/css\" data-created_by=\"avia_inline_auto\" id=\"style-css-av-10czac-80290bbd74edd1c44fd07937ed168a5b\">\n.flex_column.av-10czac-80290bbd74edd1c44fd07937ed168a5b{\nborder-radius:0px 0px 0px 0px;\npadding:0px 0px 0px 0px;\n}\n<\/style>\n<div  class='flex_column av-10czac-80290bbd74edd1c44fd07937ed168a5b av_one_half  avia-builder-el-1  el_after_av_slideshow_full  el_before_av_one_half  avia-builder-el-first  first flex_column_div av-zero-column-padding  '     ><p>\n<style type=\"text\/css\" data-created_by=\"avia_inline_auto\" id=\"style-css-av-ktnhuhq4-822865274701e928d3b1dcf7f3f1aacc\">\n.avia-image-container.av-ktnhuhq4-822865274701e928d3b1dcf7f3f1aacc img.avia_image{\nbox-shadow:none;\n}\n.avia-image-container.av-ktnhuhq4-822865274701e928d3b1dcf7f3f1aacc .av-image-caption-overlay-center{\ncolor:#ffffff;\n}\n<\/style>\n<div  class='avia-image-container av-ktnhuhq4-822865274701e928d3b1dcf7f3f1aacc av-styling- avia-align-center  avia-builder-el-2  el_before_av_textblock  avia-builder-el-first '   itemprop=\"image\" itemscope=\"itemscope\" itemtype=\"https:\/\/schema.org\/ImageObject\" ><div class=\"avia-image-container-inner\"><div class=\"avia-image-overlay-wrap\"><img decoding=\"async\" fetchpriority=\"high\" class='wp-image-2598 avia-img-lazy-loading-not-2598 avia_image ' src=\"https:\/\/physiospain.com\/wp-content\/uploads\/2021\/01\/Rolf-Martinsen-fuengirola.png\" alt='Rolf Martinsen Physiospain' title='Rolf-Martinsen-fuengirola'  height=\"283\" width=\"283\"  itemprop=\"thumbnailUrl\" srcset=\"https:\/\/physiospain.com\/wp-content\/uploads\/2021\/01\/Rolf-Martinsen-fuengirola.png 283w, https:\/\/physiospain.com\/wp-content\/uploads\/2021\/01\/Rolf-Martinsen-fuengirola-80x80.png 80w, https:\/\/physiospain.com\/wp-content\/uploads\/2021\/01\/Rolf-Martinsen-fuengirola-36x36.png 36w, https:\/\/physiospain.com\/wp-content\/uploads\/2021\/01\/Rolf-Martinsen-fuengirola-180x180.png 180w\" sizes=\"(max-width: 283px) 100vw, 283px\" \/><\/div><\/div><\/div><br \/>\n<section  class='av_textblock_section av-pfpvo-dd3fb093204c7a9c2e3b5489c63fa0de '   itemscope=\"itemscope\" itemtype=\"https:\/\/schema.org\/CreativeWork\" ><div class='avia_textblock'  itemprop=\"text\" ><h2>Rolf Martinsen<\/h2>\n<p>Nacido en Drammen, Noruega. Termino sus estudios de fisioterapia en Alemania en 1972. Homologo su titulo en Suecia y Noruega el mismo a\u00f1o, y en Espa\u00f1a en 1989. Tiene muchos a\u00f1os de experiencia con lesiones deportivas. Tiene el titulacion en: Terapia manual etapa 2, Osteopat\u00eda y Terapia Medica del Ejercicio (MET) que es el programa de rehabilitacion activa mas importante para recueperaciones despues de lesiones o postcirujia que existe. Ha tenido\u00a0 cl\u00ednica privada en Noruega, Suecia y en Espa\u00f1a desde 1984. Rolf ha cursado una amplia gama de curso durante los a\u00f1os.<\/p>\n<p>Rolf habla Ingl\u00e9s, Alem\u00e1n, Espa\u00f1ol y todos los idiomas escandinavos.<\/p>\n<\/div><\/section><\/p><\/div>\n\n<style type=\"text\/css\" data-created_by=\"avia_inline_auto\" id=\"style-css-av-2241g-1acb92481afcb575e6e7020b106c6cb5\">\n.flex_column.av-2241g-1acb92481afcb575e6e7020b106c6cb5{\nborder-radius:0px 0px 0px 0px;\npadding:0px 0px 0px 0px;\n}\n<\/style>\n<div  class='flex_column av-2241g-1acb92481afcb575e6e7020b106c6cb5 av_one_half  avia-builder-el-4  el_after_av_one_half  el_before_av_one_half  flex_column_div av-zero-column-padding  '     ><p>\n<style type=\"text\/css\" data-created_by=\"avia_inline_auto\" id=\"style-css-av-ktnhv8ba-9d375bee5336aeaf13726c54db7e8628\">\n.avia-image-container.av-ktnhv8ba-9d375bee5336aeaf13726c54db7e8628 img.avia_image{\nbox-shadow:none;\n}\n.avia-image-container.av-ktnhv8ba-9d375bee5336aeaf13726c54db7e8628 .av-image-caption-overlay-center{\ncolor:#ffffff;\n}\n<\/style>\n<div  class='avia-image-container av-ktnhv8ba-9d375bee5336aeaf13726c54db7e8628 av-styling- avia-align-center  avia-builder-el-5  el_before_av_textblock  avia-builder-el-first '   itemprop=\"image\" itemscope=\"itemscope\" itemtype=\"https:\/\/schema.org\/ImageObject\" ><div class=\"avia-image-container-inner\"><div class=\"avia-image-overlay-wrap\"><img decoding=\"async\" fetchpriority=\"high\" class='wp-image-2602 avia-img-lazy-loading-not-2602 avia_image ' src=\"https:\/\/physiospain.com\/wp-content\/uploads\/2021\/01\/pedro-lonnblad-fuengirola.png\" alt='Pedro Physiospain' title='pedro-lonnblad-fuengirola'  height=\"283\" width=\"283\"  itemprop=\"thumbnailUrl\" srcset=\"https:\/\/physiospain.com\/wp-content\/uploads\/2021\/01\/pedro-lonnblad-fuengirola.png 283w, https:\/\/physiospain.com\/wp-content\/uploads\/2021\/01\/pedro-lonnblad-fuengirola-80x80.png 80w, https:\/\/physiospain.com\/wp-content\/uploads\/2021\/01\/pedro-lonnblad-fuengirola-36x36.png 36w, https:\/\/physiospain.com\/wp-content\/uploads\/2021\/01\/pedro-lonnblad-fuengirola-180x180.png 180w\" sizes=\"(max-width: 283px) 100vw, 283px\" \/><\/div><\/div><\/div><br \/>\n<section  class='av_textblock_section av-9wqf8-b38d36538520ad561cf9f6eb6b8cb6b0 '   itemscope=\"itemscope\" itemtype=\"https:\/\/schema.org\/CreativeWork\" ><div class='avia_textblock'  itemprop=\"text\" ><h2>Pedro L\u00f6nnblad<\/h2>\n<p>Naci\u00f3 en Estocolmo y ha vivido intermitentemente en Suecia y en Espa\u00f1a en los \u00faltimos a\u00f1os.<\/p>\n<p>La licenciatura en terapia f\u00edsica, del Instituto Karolinska en 2000. Pedro ha estado trabajando como fisioterapeuta en Espa\u00f1a desde el invierno de 2000 incluyendo la Salus (hospital privado) Benalm\u00e1dena y Fuengirola. la propia pr\u00e1ctica desde 2005 con los pacientes propios y la colaboraci\u00f3n con el Centro Forestal Sueco en el a\u00f1o 2010.<\/p>\n<p>Ha trabajado principalmente con pacientes neurol\u00f3gicos y reumatol\u00f3gicos, sino tambi\u00e9n con lesiones ortop\u00e9dicas y deportivas.<\/p>\n<\/div><\/section><\/p><\/div>\n\n<style type=\"text\/css\" data-created_by=\"avia_inline_auto\" id=\"style-css-av-av_one_half-f1f88be822a74ccd78731c222cb053c2\">\n.flex_column.av-av_one_half-f1f88be822a74ccd78731c222cb053c2{\nborder-radius:0px 0px 0px 0px;\npadding:0px 0px 0px 0px;\n}\n<\/style>\n<div  class='flex_column av-av_one_half-f1f88be822a74ccd78731c222cb053c2 av_one_half  avia-builder-el-7  el_after_av_one_half  avia-builder-el-last  first flex_column_div av-zero-column-padding  column-top-margin'     ><p>\n<style type=\"text\/css\" data-created_by=\"avia_inline_auto\" id=\"style-css-av-lou6i9pb-c99d5f3c6521d22472639192415bca14\">\n.avia-image-container.av-lou6i9pb-c99d5f3c6521d22472639192415bca14 img.avia_image{\nbox-shadow:none;\n}\n.avia-image-container.av-lou6i9pb-c99d5f3c6521d22472639192415bca14 .av-image-caption-overlay-center{\ncolor:#ffffff;\n}\n<\/style>\n<div  class='avia-image-container av-lou6i9pb-c99d5f3c6521d22472639192415bca14 av-styling- avia-align-center  avia-builder-el-8  el_before_av_textblock  avia-builder-el-first '   itemprop=\"image\" itemscope=\"itemscope\" itemtype=\"https:\/\/schema.org\/ImageObject\" ><div class=\"avia-image-container-inner\"><div class=\"avia-image-overlay-wrap\"><img decoding=\"async\" fetchpriority=\"high\" class='wp-image-3884 avia-img-lazy-loading-not-3884 avia_image ' src=\"https:\/\/physiospain.com\/wp-content\/uploads\/2023\/11\/Micke-hemsida-1-300x289.png\" alt='' title='Micke hemsida'  height=\"289\" width=\"300\"  itemprop=\"thumbnailUrl\" srcset=\"https:\/\/physiospain.com\/wp-content\/uploads\/2023\/11\/Micke-hemsida-1-300x289.png 300w, https:\/\/physiospain.com\/wp-content\/uploads\/2023\/11\/Micke-hemsida-1-1030x993.png 1030w, https:\/\/physiospain.com\/wp-content\/uploads\/2023\/11\/Micke-hemsida-1-768x740.png 768w, https:\/\/physiospain.com\/wp-content\/uploads\/2023\/11\/Micke-hemsida-1-1536x1481.png 1536w, https:\/\/physiospain.com\/wp-content\/uploads\/2023\/11\/Micke-hemsida-1-36x36.png 36w, https:\/\/physiospain.com\/wp-content\/uploads\/2023\/11\/Micke-hemsida-1-1500x1446.png 1500w, https:\/\/physiospain.com\/wp-content\/uploads\/2023\/11\/Micke-hemsida-1-705x680.png 705w, https:\/\/physiospain.com\/wp-content\/uploads\/2023\/11\/Micke-hemsida-1.png 1698w\" sizes=\"(max-width: 300px) 100vw, 300px\" \/><\/div><\/div><\/div><br \/>\n<section  class='av_textblock_section av-lou6vuqx-bffe25a9eba8e52f1afd651e2f20a272 '   itemscope=\"itemscope\" itemtype=\"https:\/\/schema.org\/CreativeWork\" ><div class='avia_textblock'  itemprop=\"text\" ><h2>Mikael Johansson<\/h2>\n<p>Mikael Johansson es fisioterapeuta (de habla inglesa y sueca) especializado en movimiento funcional. Su amplia experiencia le ha permitido ofrecer a sus clientes programas completos de rehabilitaci\u00f3n f\u00edsica y tratamiento del dolor durante m\u00e1s de 10 a\u00f1os.<\/p>\n<p>Adem\u00e1s de tratar a clientes, tambi\u00e9n contribuye a la formaci\u00f3n de desarrollo profesional y a la implementaci\u00f3n de programas para hospitales y m\u00e9dicos privados.<\/p>\n<p>Mikael es originario de Suecia, con experiencia laboral en Escandinavia, Australia, Tailandia y Espa\u00f1a. Tiene autorizaci\u00f3n sueca, noruega y espa\u00f1ola, y forma parte del nuevo sistema europeo IMI.<\/p>\n<\/div><\/section><\/p><\/div>\n","protected":false},"excerpt":{"rendered":"","protected":false},"author":1,"featured_media":0,"parent":0,"menu_order":0,"comment_status":"closed","ping_status":"closed","template":"","meta":{"_uag_custom_page_level_css":"","footnotes":""},"class_list":["post-780","page","type-page","status-publish","hentry"],"featured_image_src":null,"yoast_head":"<!-- This site is optimized with the Yoast SEO plugin v27.4 - https:\/\/yoast.com\/product\/yoast-seo-wordpress\/ -->\n<title>Nuestro equipo - PhysioSpain - Physiotherapy \/ Osteopathic treatment in Fuengirola, Mijas &amp; Malaga<\/title>\n<meta name=\"robots\" content=\"index, follow, max-snippet:-1, max-image-preview:large, max-video-preview:-1\" \/>\n<link rel=\"canonical\" href=\"https:\/\/physiospain.com\/es\/our-team\/\" \/>\n<meta property=\"og:locale\" content=\"es_ES\" \/>\n<meta property=\"og:type\" content=\"article\" \/>\n<meta property=\"og:title\" content=\"Nuestro equipo - PhysioSpain - Physiotherapy \/ Osteopathic treatment in Fuengirola, Mijas &amp; Malaga\" \/>\n<meta property=\"og:url\" content=\"https:\/\/physiospain.com\/es\/our-team\/\" \/>\n<meta property=\"og:site_name\" content=\"PhysioSpain - Physiotherapy \/ Osteopathic treatment in Fuengirola, Mijas &amp; Malaga\" \/>\n<meta property=\"article:modified_time\" content=\"2023-11-11T15:16:21+00:00\" \/>\n<meta name=\"twitter:card\" content=\"summary_large_image\" \/>\n<meta name=\"twitter:label1\" content=\"Tiempo de lectura\" \/>\n\t<meta name=\"twitter:data1\" content=\"2 minutos\" \/>\n<script type=\"application\/ld+json\" class=\"yoast-schema-graph\">{\"@context\":\"https:\\\/\\\/schema.org\",\"@graph\":[{\"@type\":\"WebPage\",\"@id\":\"https:\\\/\\\/physiospain.com\\\/es\\\/our-team\\\/\",\"url\":\"https:\\\/\\\/physiospain.com\\\/es\\\/our-team\\\/\",\"name\":\"Nuestro equipo - PhysioSpain - Physiotherapy \\\/ Osteopathic treatment in Fuengirola, Mijas &amp; Malaga\",\"isPartOf\":{\"@id\":\"https:\\\/\\\/physiospain.com\\\/#website\"},\"datePublished\":\"2016-07-18T22:12:27+00:00\",\"dateModified\":\"2023-11-11T15:16:21+00:00\",\"breadcrumb\":{\"@id\":\"https:\\\/\\\/physiospain.com\\\/es\\\/our-team\\\/#breadcrumb\"},\"inLanguage\":\"es\",\"potentialAction\":[{\"@type\":\"ReadAction\",\"target\":[\"https:\\\/\\\/physiospain.com\\\/es\\\/our-team\\\/\"]}]},{\"@type\":\"BreadcrumbList\",\"@id\":\"https:\\\/\\\/physiospain.com\\\/es\\\/our-team\\\/#breadcrumb\",\"itemListElement\":[{\"@type\":\"ListItem\",\"position\":1,\"name\":\"Home\",\"item\":\"https:\\\/\\\/physiospain.com\\\/es\\\/home\\\/\"},{\"@type\":\"ListItem\",\"position\":2,\"name\":\"Nuestro equipo\"}]},{\"@type\":\"WebSite\",\"@id\":\"https:\\\/\\\/physiospain.com\\\/#website\",\"url\":\"https:\\\/\\\/physiospain.com\\\/\",\"name\":\"PhysioSpain - Physiotherapy \\\/ Osteopathic treatment in Fuengirola, Mijas &amp; Malaga\",\"description\":\"Clinica Physio Spain\",\"publisher\":{\"@id\":\"https:\\\/\\\/physiospain.com\\\/#organization\"},\"potentialAction\":[{\"@type\":\"SearchAction\",\"target\":{\"@type\":\"EntryPoint\",\"urlTemplate\":\"https:\\\/\\\/physiospain.com\\\/?s={search_term_string}\"},\"query-input\":{\"@type\":\"PropertyValueSpecification\",\"valueRequired\":true,\"valueName\":\"search_term_string\"}}],\"inLanguage\":\"es\"},{\"@type\":\"Organization\",\"@id\":\"https:\\\/\\\/physiospain.com\\\/#organization\",\"name\":\"Physiospain\",\"url\":\"https:\\\/\\\/physiospain.com\\\/\",\"logo\":{\"@type\":\"ImageObject\",\"inLanguage\":\"es\",\"@id\":\"https:\\\/\\\/physiospain.com\\\/#\\\/schema\\\/logo\\\/image\\\/\",\"url\":\"https:\\\/\\\/physiospain.com\\\/wp-content\\\/uploads\\\/2016\\\/06\\\/logo-physiospain-fuengirola2.png\",\"contentUrl\":\"https:\\\/\\\/physiospain.com\\\/wp-content\\\/uploads\\\/2016\\\/06\\\/logo-physiospain-fuengirola2.png\",\"width\":415,\"height\":108,\"caption\":\"Physiospain\"},\"image\":{\"@id\":\"https:\\\/\\\/physiospain.com\\\/#\\\/schema\\\/logo\\\/image\\\/\"}}]}<\/script>\n<!-- \/ Yoast SEO plugin. -->","yoast_head_json":{"title":"Nuestro equipo - PhysioSpain - Physiotherapy \/ Osteopathic treatment in Fuengirola, Mijas &amp; Malaga","robots":{"index":"index","follow":"follow","max-snippet":"max-snippet:-1","max-image-preview":"max-image-preview:large","max-video-preview":"max-video-preview:-1"},"canonical":"https:\/\/physiospain.com\/es\/our-team\/","og_locale":"es_ES","og_type":"article","og_title":"Nuestro equipo - PhysioSpain - Physiotherapy \/ Osteopathic treatment in Fuengirola, Mijas &amp; Malaga","og_url":"https:\/\/physiospain.com\/es\/our-team\/","og_site_name":"PhysioSpain - Physiotherapy \/ Osteopathic treatment in Fuengirola, Mijas &amp; Malaga","article_modified_time":"2023-11-11T15:16:21+00:00","twitter_card":"summary_large_image","twitter_misc":{"Tiempo de lectura":"2 minutos"},"schema":{"@context":"https:\/\/schema.org","@graph":[{"@type":"WebPage","@id":"https:\/\/physiospain.com\/es\/our-team\/","url":"https:\/\/physiospain.com\/es\/our-team\/","name":"Nuestro equipo - PhysioSpain - Physiotherapy \/ Osteopathic treatment in Fuengirola, Mijas &amp; Malaga","isPartOf":{"@id":"https:\/\/physiospain.com\/#website"},"datePublished":"2016-07-18T22:12:27+00:00","dateModified":"2023-11-11T15:16:21+00:00","breadcrumb":{"@id":"https:\/\/physiospain.com\/es\/our-team\/#breadcrumb"},"inLanguage":"es","potentialAction":[{"@type":"ReadAction","target":["https:\/\/physiospain.com\/es\/our-team\/"]}]},{"@type":"BreadcrumbList","@id":"https:\/\/physiospain.com\/es\/our-team\/#breadcrumb","itemListElement":[{"@type":"ListItem","position":1,"name":"Home","item":"https:\/\/physiospain.com\/es\/home\/"},{"@type":"ListItem","position":2,"name":"Nuestro equipo"}]},{"@type":"WebSite","@id":"https:\/\/physiospain.com\/#website","url":"https:\/\/physiospain.com\/","name":"PhysioSpain - Physiotherapy \/ Osteopathic treatment in Fuengirola, Mijas &amp; Malaga","description":"Clinica Physio Spain","publisher":{"@id":"https:\/\/physiospain.com\/#organization"},"potentialAction":[{"@type":"SearchAction","target":{"@type":"EntryPoint","urlTemplate":"https:\/\/physiospain.com\/?s={search_term_string}"},"query-input":{"@type":"PropertyValueSpecification","valueRequired":true,"valueName":"search_term_string"}}],"inLanguage":"es"},{"@type":"Organization","@id":"https:\/\/physiospain.com\/#organization","name":"Physiospain","url":"https:\/\/physiospain.com\/","logo":{"@type":"ImageObject","inLanguage":"es","@id":"https:\/\/physiospain.com\/#\/schema\/logo\/image\/","url":"https:\/\/physiospain.com\/wp-content\/uploads\/2016\/06\/logo-physiospain-fuengirola2.png","contentUrl":"https:\/\/physiospain.com\/wp-content\/uploads\/2016\/06\/logo-physiospain-fuengirola2.png","width":415,"height":108,"caption":"Physiospain"},"image":{"@id":"https:\/\/physiospain.com\/#\/schema\/logo\/image\/"}}]}},"uagb_featured_image_src":{"full":false,"thumbnail":false,"medium":false,"medium_large":false,"large":false,"1536x1536":false,"2048x2048":false,"widget":false,"square":false,"featured":false,"featured_large":false,"extra_large":false,"portfolio":false,"portfolio_small":false,"gallery":false,"magazine":false,"masonry":false,"entry_with_sidebar":false,"entry_without_sidebar":false,"zeguten-blog-image":false,"zeguten-blog-image-small":false,"zeguten-blog-image-640x465":false,"zeguten-blog-image-400x300":false,"zeguten-blog-image-620x715":false,"zeguten-blog-image-510x700":false,"zeguten-blog-image-630x635":false},"uagb_author_info":{"display_name":"Admin","author_link":"https:\/\/physiospain.com\/es\/author\/tony96\/"},"uagb_comment_info":0,"uagb_excerpt":null,"zeguten_blocks_get_image_src":{"full":false,"thumbnail":false,"medium":false,"medium_large":false,"large":false,"1536x1536":false,"2048x2048":false,"widget":false,"square":false,"featured":false,"featured_large":false,"extra_large":false,"portfolio":false,"portfolio_small":false,"gallery":false,"magazine":false,"masonry":false,"entry_with_sidebar":false,"entry_without_sidebar":false,"zeguten-blog-image":false,"zeguten-blog-image-small":false,"zeguten-blog-image-640x465":false,"zeguten-blog-image-400x300":false,"zeguten-blog-image-620x715":false,"zeguten-blog-image-510x700":false,"zeguten-blog-image-630x635":false},"zeguten_author_info":{"display_name":"Admin","author_link":"https:\/\/physiospain.com\/es\/author\/tony96\/"},"zeguten_comment_info":{"comments_number":"0","comments_link":"https:\/\/physiospain.com\/es\/our-team\/#respond"},"zeguten_excerpt":null,"_links":{"self":[{"href":"https:\/\/physiospain.com\/es\/wp-json\/wp\/v2\/pages\/780","targetHints":{"allow":["GET"]}}],"collection":[{"href":"https:\/\/physiospain.com\/es\/wp-json\/wp\/v2\/pages"}],"about":[{"href":"https:\/\/physiospain.com\/es\/wp-json\/wp\/v2\/types\/page"}],"author":[{"embeddable":true,"href":"https:\/\/physiospain.com\/es\/wp-json\/wp\/v2\/users\/1"}],"replies":[{"embeddable":true,"href":"https:\/\/physiospain.com\/es\/wp-json\/wp\/v2\/comments?post=780"}],"version-history":[{"count":4,"href":"https:\/\/physiospain.com\/es\/wp-json\/wp\/v2\/pages\/780\/revisions"}],"predecessor-version":[{"id":3909,"href":"https:\/\/physiospain.com\/es\/wp-json\/wp\/v2\/pages\/780\/revisions\/3909"}],"wp:attachment":[{"href":"https:\/\/physiospain.com\/es\/wp-json\/wp\/v2\/media?parent=780"}],"curies":[{"name":"wp","href":"https:\/\/api.w.org\/{rel}","templated":true}]}}