{"id":793,"date":"2016-07-18T22:38:59","date_gmt":"2016-07-18T22:38:59","guid":{"rendered":"http:\/\/www.mimo.im\/rolf1\/es\/?page_id=793"},"modified":"2021-10-12T16:21:41","modified_gmt":"2021-10-12T14:21:41","slug":"la-acupuntura-medica","status":"publish","type":"page","link":"https:\/\/physiospain.com\/es\/la-acupuntura-medica\/","title":{"rendered":"La acupuntura m\u00e9dica"},"content":{"rendered":"<div id='full_slider_1'  class='avia-fullwidth-slider main_color avia-shadow   avia-builder-el-0  el_before_av_textblock  avia-builder-el-first   container_wrap sidebar_right'  ><div  class='avia-slideshow av-kuo60ouo-13b42e00f16b97d37288820b5f36d70b avia-slideshow-featured av_slideshow_full avia-slide-slider av-slideshow-ui av-control-default av-slideshow-manual av-loop-once av-loop-manual-endless av-default-height-applied   avia-slideshow-1' data-slideshow-options=\"{&quot;animation&quot;:&quot;slide&quot;,&quot;autoplay&quot;:false,&quot;loop_autoplay&quot;:&quot;once&quot;,&quot;interval&quot;:5,&quot;loop_manual&quot;:&quot;manual-endless&quot;,&quot;autoplay_stopper&quot;:false,&quot;noNavigation&quot;:false,&quot;bg_slider&quot;:false,&quot;keep_padding&quot;:false,&quot;hoverpause&quot;:false,&quot;show_slide_delay&quot;:0}\"  itemprop=\"image\" itemscope=\"itemscope\" itemtype=\"https:\/\/schema.org\/ImageObject\" ><ul class='avia-slideshow-inner ' style='padding-bottom: 28.666666666667%;'><li  class='avia-slideshow-slide av-kuo60ouo-13b42e00f16b97d37288820b5f36d70b__0  av-single-slide slide-1 slide-odd'><div data-rel='slideshow-1' class='avia-slide-wrap '   ><div class='av-slideshow-caption av-kuo60ouo-13b42e00f16b97d37288820b5f36d70b__0 caption_fullwidth caption_bottom'><div class=\"container caption_container\"><div class=\"slideshow_caption\"><div class=\"slideshow_inner_caption\"><div class=\"slideshow_align_caption\"><h2 class='avia-caption-title '  itemprop=\"name\" >La acupuntura m\u00e9dica<\/h2><\/div><\/div><\/div><\/div><\/div><img decoding=\"async\" fetchpriority=\"high\" class=\"wp-image-3154 avia-img-lazy-loading-not-3154\"  src=\"https:\/\/physiospain.com\/wp-content\/uploads\/2021\/08\/akupunktur-1500x430.jpg\" width=\"1500\" height=\"430\" title='akupunktur' alt='medical acupuncture physiospain fuengirola'  itemprop=\"thumbnailUrl\"   \/><\/div><\/li><\/ul><\/div><\/div><div id='after_full_slider_1'  class='main_color av_default_container_wrap container_wrap sidebar_right'  ><div class='container av-section-cont-open' ><div class='template-page content  av-content-small alpha units'><div class='post-entry post-entry-type-page post-entry-793'><div class='entry-content-wrapper clearfix'>\n<section  class='av_textblock_section av-kuo64wa1-b5b3495f06bb2f5a805554379ca6a43a '   itemscope=\"itemscope\" itemtype=\"https:\/\/schema.org\/CreativeWork\" ><div class='avia_textblock'  itemprop=\"text\" ><h1><strong>\u00bfQu\u00e9 es la acupuntura m\u00e9dica?<\/strong><\/h1>\n<p>En resumen, es un tratamiento en el que, la aguja a trav\u00e9s de la penetraci\u00f3n de la piel proporciona un poderoso est\u00edmulo.<br \/>\nEsta estimulaci\u00f3n afecta al sistema nervioso central que provoca cambios neurofisiol\u00f3gicos y qu\u00edmicos en el cuerpo.<\/p>\n<h2><strong>\u00bfQu\u00e9 es esto y cuando puede ser utilizado?<\/strong><\/h2>\n<p>Cuando sentimos dolor, a menudo son los llamados puntos gatillo &#8211; TP o puntos dolorosos que causan este dolor. Estos puntos pueden estar latentes o inactivos. En situaciones de estr\u00e9s f\u00edsico o emocional estos puntos\u00a0 pueden ser activados y se vuelven activos produciendo un dolor m\u00e1s o menos grave. El dolor puede ser local, pero a menudo se refleja en otras partes del cuerpo. La acupuntura m\u00e9dica desactiva estos puntos de dolor y las propias sustancias anti-inflamatorias del cuerpo se activan para combatir el dolor.<\/p>\n<p><img loading=\"lazy\" decoding=\"async\" class=\"alignnone wp-image-3594 size-full\" src=\"https:\/\/physiospain.com\/wp-content\/uploads\/2021\/10\/Medical-Acupuncture-spanska.png\" alt=\"\" width=\"776\" height=\"252\" srcset=\"https:\/\/physiospain.com\/wp-content\/uploads\/2021\/10\/Medical-Acupuncture-spanska.png 776w, https:\/\/physiospain.com\/wp-content\/uploads\/2021\/10\/Medical-Acupuncture-spanska-300x97.png 300w, https:\/\/physiospain.com\/wp-content\/uploads\/2021\/10\/Medical-Acupuncture-spanska-768x249.png 768w, https:\/\/physiospain.com\/wp-content\/uploads\/2021\/10\/Medical-Acupuncture-spanska-705x229.png 705w\" sizes=\"auto, (max-width: 776px) 100vw, 776px\" \/><\/p>\n<hr \/>\n<h2><strong>Algunos ejemplos en los que la acupuntura m\u00e9dica es muy eficaz:<\/strong><\/h2>\n<ul>\n<li>La osteoartritis<\/li>\n<li>Dolor en las articulaciones del codo, hombro, cuello, cadera \/ rodilla.<\/li>\n<li>La ci\u00e1tica<\/li>\n<li>Dolores de cabeza, esguince cervical<\/li>\n<li>\u00abPiernas inquietas\u00bb. calambres en las piernas<\/li>\n<li>Y mucho m\u00e1s&#8230;&#8230;..<\/li>\n<\/ul>\n<h3><strong>\u00bfDuele?<\/strong><\/h3>\n<p>En el tratamiento con agujas usted solo sentir\u00e1 un peque\u00f1o pinchazo. La aguja se retira normalmente despu\u00e9s de 4-10 segundos. Esto periodo de tiempo es por lo general suficiente para desactivar el punto gatillo(TP). Por lo general, entre 4 a 10 puntos son tratados en cada sesi\u00f3n.<\/p>\n<h3><strong>\u00bfCu\u00e1ntos tratamientos se necesitan?<\/strong><\/h3>\n<p>Entre 2 a 10 tratamientos pueden ser necesarios en dependiendo del tipo de problema.<\/p>\n<\/div><\/section>\n","protected":false},"excerpt":{"rendered":"","protected":false},"author":1,"featured_media":3154,"parent":0,"menu_order":0,"comment_status":"closed","ping_status":"closed","template":"","meta":{"_uag_custom_page_level_css":"","footnotes":""},"class_list":["post-793","page","type-page","status-publish","has-post-thumbnail","hentry"],"featured_image_src":"https:\/\/physiospain.com\/wp-content\/uploads\/2021\/08\/akupunktur.jpg","yoast_head":"<!-- This site is optimized with the Yoast SEO plugin v27.3 - https:\/\/yoast.com\/product\/yoast-seo-wordpress\/ -->\n<title>La acupuntura medica. tratamiento del dolor con agujas<\/title>\n<meta name=\"description\" content=\"La acupuntura medica es una herramienta muy efectiva en el tratamiento del dolor agudo y cronico a travez de agujas y puntos gatillo\" \/>\n<meta name=\"robots\" content=\"index, follow, max-snippet:-1, max-image-preview:large, max-video-preview:-1\" \/>\n<link rel=\"canonical\" href=\"https:\/\/physiospain.com\/es\/la-acupuntura-medica\/\" \/>\n<meta property=\"og:locale\" content=\"es_ES\" \/>\n<meta property=\"og:type\" content=\"article\" \/>\n<meta property=\"og:title\" content=\"La acupuntura medica. tratamiento del dolor con agujas\" \/>\n<meta property=\"og:description\" content=\"La acupuntura medica es una herramienta muy efectiva en el tratamiento del dolor agudo y cronico a travez de agujas y puntos gatillo\" \/>\n<meta property=\"og:url\" content=\"https:\/\/physiospain.com\/es\/la-acupuntura-medica\/\" \/>\n<meta property=\"og:site_name\" content=\"PhysioSpain - Physiotherapy \/ Osteopathic treatment in Fuengirola, Mijas &amp; Malaga\" \/>\n<meta property=\"article:modified_time\" content=\"2021-10-12T14:21:41+00:00\" \/>\n<meta property=\"og:image\" content=\"https:\/\/physiospain.com\/wp-content\/uploads\/2021\/08\/akupunktur.jpg\" \/>\n\t<meta property=\"og:image:width\" content=\"1920\" \/>\n\t<meta property=\"og:image:height\" content=\"785\" \/>\n\t<meta property=\"og:image:type\" content=\"image\/jpeg\" \/>\n<meta name=\"twitter:card\" content=\"summary_large_image\" \/>\n<meta name=\"twitter:label1\" content=\"Tiempo de lectura\" \/>\n\t<meta name=\"twitter:data1\" content=\"2 minutos\" \/>\n<script type=\"application\/ld+json\" class=\"yoast-schema-graph\">{\"@context\":\"https:\\\/\\\/schema.org\",\"@graph\":[{\"@type\":\"WebPage\",\"@id\":\"https:\\\/\\\/physiospain.com\\\/es\\\/la-acupuntura-medica\\\/\",\"url\":\"https:\\\/\\\/physiospain.com\\\/es\\\/la-acupuntura-medica\\\/\",\"name\":\"La acupuntura medica. tratamiento del dolor con agujas\",\"isPartOf\":{\"@id\":\"https:\\\/\\\/physiospain.com\\\/#website\"},\"primaryImageOfPage\":{\"@id\":\"https:\\\/\\\/physiospain.com\\\/es\\\/la-acupuntura-medica\\\/#primaryimage\"},\"image\":{\"@id\":\"https:\\\/\\\/physiospain.com\\\/es\\\/la-acupuntura-medica\\\/#primaryimage\"},\"thumbnailUrl\":\"https:\\\/\\\/physiospain.com\\\/wp-content\\\/uploads\\\/2021\\\/08\\\/akupunktur.jpg\",\"datePublished\":\"2016-07-18T22:38:59+00:00\",\"dateModified\":\"2021-10-12T14:21:41+00:00\",\"description\":\"La acupuntura medica es una herramienta muy efectiva en el tratamiento del dolor agudo y cronico a travez de agujas y puntos gatillo\",\"breadcrumb\":{\"@id\":\"https:\\\/\\\/physiospain.com\\\/es\\\/la-acupuntura-medica\\\/#breadcrumb\"},\"inLanguage\":\"es\",\"potentialAction\":[{\"@type\":\"ReadAction\",\"target\":[\"https:\\\/\\\/physiospain.com\\\/es\\\/la-acupuntura-medica\\\/\"]}]},{\"@type\":\"ImageObject\",\"inLanguage\":\"es\",\"@id\":\"https:\\\/\\\/physiospain.com\\\/es\\\/la-acupuntura-medica\\\/#primaryimage\",\"url\":\"https:\\\/\\\/physiospain.com\\\/wp-content\\\/uploads\\\/2021\\\/08\\\/akupunktur.jpg\",\"contentUrl\":\"https:\\\/\\\/physiospain.com\\\/wp-content\\\/uploads\\\/2021\\\/08\\\/akupunktur.jpg\",\"width\":1920,\"height\":785,\"caption\":\"medical acupuncture physiospain fuengirola\"},{\"@type\":\"BreadcrumbList\",\"@id\":\"https:\\\/\\\/physiospain.com\\\/es\\\/la-acupuntura-medica\\\/#breadcrumb\",\"itemListElement\":[{\"@type\":\"ListItem\",\"position\":1,\"name\":\"Home\",\"item\":\"https:\\\/\\\/physiospain.com\\\/es\\\/home\\\/\"},{\"@type\":\"ListItem\",\"position\":2,\"name\":\"La acupuntura m\u00e9dica\"}]},{\"@type\":\"WebSite\",\"@id\":\"https:\\\/\\\/physiospain.com\\\/#website\",\"url\":\"https:\\\/\\\/physiospain.com\\\/\",\"name\":\"PhysioSpain - Physiotherapy \\\/ Osteopathic treatment in Fuengirola, Mijas &amp; Malaga\",\"description\":\"Clinica Physio Spain\",\"publisher\":{\"@id\":\"https:\\\/\\\/physiospain.com\\\/#organization\"},\"potentialAction\":[{\"@type\":\"SearchAction\",\"target\":{\"@type\":\"EntryPoint\",\"urlTemplate\":\"https:\\\/\\\/physiospain.com\\\/?s={search_term_string}\"},\"query-input\":{\"@type\":\"PropertyValueSpecification\",\"valueRequired\":true,\"valueName\":\"search_term_string\"}}],\"inLanguage\":\"es\"},{\"@type\":\"Organization\",\"@id\":\"https:\\\/\\\/physiospain.com\\\/#organization\",\"name\":\"Physiospain\",\"url\":\"https:\\\/\\\/physiospain.com\\\/\",\"logo\":{\"@type\":\"ImageObject\",\"inLanguage\":\"es\",\"@id\":\"https:\\\/\\\/physiospain.com\\\/#\\\/schema\\\/logo\\\/image\\\/\",\"url\":\"https:\\\/\\\/physiospain.com\\\/wp-content\\\/uploads\\\/2016\\\/06\\\/logo-physiospain-fuengirola2.png\",\"contentUrl\":\"https:\\\/\\\/physiospain.com\\\/wp-content\\\/uploads\\\/2016\\\/06\\\/logo-physiospain-fuengirola2.png\",\"width\":415,\"height\":108,\"caption\":\"Physiospain\"},\"image\":{\"@id\":\"https:\\\/\\\/physiospain.com\\\/#\\\/schema\\\/logo\\\/image\\\/\"}}]}<\/script>\n<!-- \/ Yoast SEO plugin. -->","yoast_head_json":{"title":"La acupuntura medica. tratamiento del dolor con agujas","description":"La acupuntura medica es una herramienta muy efectiva en el tratamiento del dolor agudo y cronico a travez de agujas y puntos gatillo","robots":{"index":"index","follow":"follow","max-snippet":"max-snippet:-1","max-image-preview":"max-image-preview:large","max-video-preview":"max-video-preview:-1"},"canonical":"https:\/\/physiospain.com\/es\/la-acupuntura-medica\/","og_locale":"es_ES","og_type":"article","og_title":"La acupuntura medica. tratamiento del dolor con agujas","og_description":"La acupuntura medica es una herramienta muy efectiva en el tratamiento del dolor agudo y cronico a travez de agujas y puntos gatillo","og_url":"https:\/\/physiospain.com\/es\/la-acupuntura-medica\/","og_site_name":"PhysioSpain - Physiotherapy \/ Osteopathic treatment in Fuengirola, Mijas &amp; Malaga","article_modified_time":"2021-10-12T14:21:41+00:00","og_image":[{"width":1920,"height":785,"url":"https:\/\/physiospain.com\/wp-content\/uploads\/2021\/08\/akupunktur.jpg","type":"image\/jpeg"}],"twitter_card":"summary_large_image","twitter_misc":{"Tiempo de lectura":"2 minutos"},"schema":{"@context":"https:\/\/schema.org","@graph":[{"@type":"WebPage","@id":"https:\/\/physiospain.com\/es\/la-acupuntura-medica\/","url":"https:\/\/physiospain.com\/es\/la-acupuntura-medica\/","name":"La acupuntura medica. tratamiento del dolor con agujas","isPartOf":{"@id":"https:\/\/physiospain.com\/#website"},"primaryImageOfPage":{"@id":"https:\/\/physiospain.com\/es\/la-acupuntura-medica\/#primaryimage"},"image":{"@id":"https:\/\/physiospain.com\/es\/la-acupuntura-medica\/#primaryimage"},"thumbnailUrl":"https:\/\/physiospain.com\/wp-content\/uploads\/2021\/08\/akupunktur.jpg","datePublished":"2016-07-18T22:38:59+00:00","dateModified":"2021-10-12T14:21:41+00:00","description":"La acupuntura medica es una herramienta muy efectiva en el tratamiento del dolor agudo y cronico a travez de agujas y puntos gatillo","breadcrumb":{"@id":"https:\/\/physiospain.com\/es\/la-acupuntura-medica\/#breadcrumb"},"inLanguage":"es","potentialAction":[{"@type":"ReadAction","target":["https:\/\/physiospain.com\/es\/la-acupuntura-medica\/"]}]},{"@type":"ImageObject","inLanguage":"es","@id":"https:\/\/physiospain.com\/es\/la-acupuntura-medica\/#primaryimage","url":"https:\/\/physiospain.com\/wp-content\/uploads\/2021\/08\/akupunktur.jpg","contentUrl":"https:\/\/physiospain.com\/wp-content\/uploads\/2021\/08\/akupunktur.jpg","width":1920,"height":785,"caption":"medical acupuncture physiospain fuengirola"},{"@type":"BreadcrumbList","@id":"https:\/\/physiospain.com\/es\/la-acupuntura-medica\/#breadcrumb","itemListElement":[{"@type":"ListItem","position":1,"name":"Home","item":"https:\/\/physiospain.com\/es\/home\/"},{"@type":"ListItem","position":2,"name":"La acupuntura m\u00e9dica"}]},{"@type":"WebSite","@id":"https:\/\/physiospain.com\/#website","url":"https:\/\/physiospain.com\/","name":"PhysioSpain - Physiotherapy \/ Osteopathic treatment in Fuengirola, Mijas &amp; Malaga","description":"Clinica Physio Spain","publisher":{"@id":"https:\/\/physiospain.com\/#organization"},"potentialAction":[{"@type":"SearchAction","target":{"@type":"EntryPoint","urlTemplate":"https:\/\/physiospain.com\/?s={search_term_string}"},"query-input":{"@type":"PropertyValueSpecification","valueRequired":true,"valueName":"search_term_string"}}],"inLanguage":"es"},{"@type":"Organization","@id":"https:\/\/physiospain.com\/#organization","name":"Physiospain","url":"https:\/\/physiospain.com\/","logo":{"@type":"ImageObject","inLanguage":"es","@id":"https:\/\/physiospain.com\/#\/schema\/logo\/image\/","url":"https:\/\/physiospain.com\/wp-content\/uploads\/2016\/06\/logo-physiospain-fuengirola2.png","contentUrl":"https:\/\/physiospain.com\/wp-content\/uploads\/2016\/06\/logo-physiospain-fuengirola2.png","width":415,"height":108,"caption":"Physiospain"},"image":{"@id":"https:\/\/physiospain.com\/#\/schema\/logo\/image\/"}}]}},"uagb_featured_image_src":{"full":["https:\/\/physiospain.com\/wp-content\/uploads\/2021\/08\/akupunktur.jpg",1920,785,false],"thumbnail":["https:\/\/physiospain.com\/wp-content\/uploads\/2021\/08\/akupunktur-80x80.jpg",80,80,true],"medium":["https:\/\/physiospain.com\/wp-content\/uploads\/2021\/08\/akupunktur-300x123.jpg",300,123,true],"medium_large":["https:\/\/physiospain.com\/wp-content\/uploads\/2021\/08\/akupunktur-768x314.jpg",768,314,true],"large":["https:\/\/physiospain.com\/wp-content\/uploads\/2021\/08\/akupunktur-1030x421.jpg",1030,421,true],"1536x1536":["https:\/\/physiospain.com\/wp-content\/uploads\/2021\/08\/akupunktur-1536x628.jpg",1536,628,true],"2048x2048":["https:\/\/physiospain.com\/wp-content\/uploads\/2021\/08\/akupunktur.jpg",1920,785,false],"widget":["https:\/\/physiospain.com\/wp-content\/uploads\/2021\/08\/akupunktur-36x36.jpg",36,36,true],"square":["https:\/\/physiospain.com\/wp-content\/uploads\/2021\/08\/akupunktur-180x180.jpg",180,180,true],"featured":["https:\/\/physiospain.com\/wp-content\/uploads\/2021\/08\/akupunktur-1500x430.jpg",1500,430,true],"featured_large":["https:\/\/physiospain.com\/wp-content\/uploads\/2021\/08\/akupunktur-1500x630.jpg",1500,630,true],"extra_large":["https:\/\/physiospain.com\/wp-content\/uploads\/2021\/08\/akupunktur-1500x613.jpg",1500,613,true],"portfolio":["https:\/\/physiospain.com\/wp-content\/uploads\/2021\/08\/akupunktur-495x400.jpg",495,400,true],"portfolio_small":["https:\/\/physiospain.com\/wp-content\/uploads\/2021\/08\/akupunktur-260x185.jpg",260,185,true],"gallery":["https:\/\/physiospain.com\/wp-content\/uploads\/2021\/08\/akupunktur-845x684.jpg",845,684,true],"magazine":["https:\/\/physiospain.com\/wp-content\/uploads\/2021\/08\/akupunktur-710x375.jpg",710,375,true],"masonry":["https:\/\/physiospain.com\/wp-content\/uploads\/2021\/08\/akupunktur-705x288.jpg",705,288,true],"entry_with_sidebar":["https:\/\/physiospain.com\/wp-content\/uploads\/2021\/08\/akupunktur-845x321.jpg",845,321,true],"entry_without_sidebar":["https:\/\/physiospain.com\/wp-content\/uploads\/2021\/08\/akupunktur-1210x423.jpg",1210,423,true],"zeguten-blog-image":["https:\/\/physiospain.com\/wp-content\/uploads\/2021\/08\/akupunktur.jpg",700,286,false],"zeguten-blog-image-small":["https:\/\/physiospain.com\/wp-content\/uploads\/2021\/08\/akupunktur.jpg",260,106,false],"zeguten-blog-image-640x465":["https:\/\/physiospain.com\/wp-content\/uploads\/2021\/08\/akupunktur.jpg",640,262,false],"zeguten-blog-image-400x300":["https:\/\/physiospain.com\/wp-content\/uploads\/2021\/08\/akupunktur.jpg",400,164,false],"zeguten-blog-image-620x715":["https:\/\/physiospain.com\/wp-content\/uploads\/2021\/08\/akupunktur.jpg",620,253,false],"zeguten-blog-image-510x700":["https:\/\/physiospain.com\/wp-content\/uploads\/2021\/08\/akupunktur.jpg",510,209,false],"zeguten-blog-image-630x635":["https:\/\/physiospain.com\/wp-content\/uploads\/2021\/08\/akupunktur.jpg",630,258,false]},"uagb_author_info":{"display_name":"Admin","author_link":"https:\/\/physiospain.com\/es\/author\/tony96\/"},"uagb_comment_info":0,"uagb_excerpt":null,"zeguten_blocks_get_image_src":{"full":["https:\/\/physiospain.com\/wp-content\/uploads\/2021\/08\/akupunktur.jpg",1920,785,false],"thumbnail":["https:\/\/physiospain.com\/wp-content\/uploads\/2021\/08\/akupunktur-80x80.jpg",80,80,true],"medium":["https:\/\/physiospain.com\/wp-content\/uploads\/2021\/08\/akupunktur-300x123.jpg",300,123,true],"medium_large":["https:\/\/physiospain.com\/wp-content\/uploads\/2021\/08\/akupunktur-768x314.jpg",768,314,true],"large":["https:\/\/physiospain.com\/wp-content\/uploads\/2021\/08\/akupunktur-1030x421.jpg",1030,421,true],"1536x1536":["https:\/\/physiospain.com\/wp-content\/uploads\/2021\/08\/akupunktur-1536x628.jpg",1536,628,true],"2048x2048":["https:\/\/physiospain.com\/wp-content\/uploads\/2021\/08\/akupunktur.jpg",1920,785,false],"widget":["https:\/\/physiospain.com\/wp-content\/uploads\/2021\/08\/akupunktur-36x36.jpg",36,36,true],"square":["https:\/\/physiospain.com\/wp-content\/uploads\/2021\/08\/akupunktur-180x180.jpg",180,180,true],"featured":["https:\/\/physiospain.com\/wp-content\/uploads\/2021\/08\/akupunktur-1500x430.jpg",1500,430,true],"featured_large":["https:\/\/physiospain.com\/wp-content\/uploads\/2021\/08\/akupunktur-1500x630.jpg",1500,630,true],"extra_large":["https:\/\/physiospain.com\/wp-content\/uploads\/2021\/08\/akupunktur-1500x613.jpg",1500,613,true],"portfolio":["https:\/\/physiospain.com\/wp-content\/uploads\/2021\/08\/akupunktur-495x400.jpg",495,400,true],"portfolio_small":["https:\/\/physiospain.com\/wp-content\/uploads\/2021\/08\/akupunktur-260x185.jpg",260,185,true],"gallery":["https:\/\/physiospain.com\/wp-content\/uploads\/2021\/08\/akupunktur-845x684.jpg",845,684,true],"magazine":["https:\/\/physiospain.com\/wp-content\/uploads\/2021\/08\/akupunktur-710x375.jpg",710,375,true],"masonry":["https:\/\/physiospain.com\/wp-content\/uploads\/2021\/08\/akupunktur-705x288.jpg",705,288,true],"entry_with_sidebar":["https:\/\/physiospain.com\/wp-content\/uploads\/2021\/08\/akupunktur-845x321.jpg",845,321,true],"entry_without_sidebar":["https:\/\/physiospain.com\/wp-content\/uploads\/2021\/08\/akupunktur-1210x423.jpg",1210,423,true],"zeguten-blog-image":["https:\/\/physiospain.com\/wp-content\/uploads\/2021\/08\/akupunktur.jpg",700,286,false],"zeguten-blog-image-small":["https:\/\/physiospain.com\/wp-content\/uploads\/2021\/08\/akupunktur.jpg",260,106,false],"zeguten-blog-image-640x465":["https:\/\/physiospain.com\/wp-content\/uploads\/2021\/08\/akupunktur.jpg",640,262,false],"zeguten-blog-image-400x300":["https:\/\/physiospain.com\/wp-content\/uploads\/2021\/08\/akupunktur.jpg",400,164,false],"zeguten-blog-image-620x715":["https:\/\/physiospain.com\/wp-content\/uploads\/2021\/08\/akupunktur.jpg",620,253,false],"zeguten-blog-image-510x700":["https:\/\/physiospain.com\/wp-content\/uploads\/2021\/08\/akupunktur.jpg",510,209,false],"zeguten-blog-image-630x635":["https:\/\/physiospain.com\/wp-content\/uploads\/2021\/08\/akupunktur.jpg",630,258,false]},"zeguten_author_info":{"display_name":"Admin","author_link":"https:\/\/physiospain.com\/es\/author\/tony96\/"},"zeguten_comment_info":{"comments_number":"0","comments_link":"https:\/\/physiospain.com\/es\/la-acupuntura-medica\/#respond"},"zeguten_excerpt":null,"_links":{"self":[{"href":"https:\/\/physiospain.com\/es\/wp-json\/wp\/v2\/pages\/793","targetHints":{"allow":["GET"]}}],"collection":[{"href":"https:\/\/physiospain.com\/es\/wp-json\/wp\/v2\/pages"}],"about":[{"href":"https:\/\/physiospain.com\/es\/wp-json\/wp\/v2\/types\/page"}],"author":[{"embeddable":true,"href":"https:\/\/physiospain.com\/es\/wp-json\/wp\/v2\/users\/1"}],"replies":[{"embeddable":true,"href":"https:\/\/physiospain.com\/es\/wp-json\/wp\/v2\/comments?post=793"}],"version-history":[{"count":2,"href":"https:\/\/physiospain.com\/es\/wp-json\/wp\/v2\/pages\/793\/revisions"}],"predecessor-version":[{"id":3602,"href":"https:\/\/physiospain.com\/es\/wp-json\/wp\/v2\/pages\/793\/revisions\/3602"}],"wp:featuredmedia":[{"embeddable":true,"href":"https:\/\/physiospain.com\/es\/wp-json\/wp\/v2\/media\/3154"}],"wp:attachment":[{"href":"https:\/\/physiospain.com\/es\/wp-json\/wp\/v2\/media?parent=793"}],"curies":[{"name":"wp","href":"https:\/\/api.w.org\/{rel}","templated":true}]}}