{"id":802,"date":"2016-07-18T23:29:42","date_gmt":"2016-07-18T23:29:42","guid":{"rendered":"http:\/\/www.mimo.im\/rolf1\/es\/?page_id=802"},"modified":"2021-10-12T16:23:09","modified_gmt":"2021-10-12T14:23:09","slug":"mulligan-therapy","status":"publish","type":"page","link":"https:\/\/physiospain.com\/es\/mulligan-therapy\/","title":{"rendered":"La Terapia Mulligan"},"content":{"rendered":"<div id='full_slider_1'  class='avia-fullwidth-slider main_color avia-shadow   avia-builder-el-0  el_before_av_textblock  avia-builder-el-first   container_wrap sidebar_right'  ><div  class='avia-slideshow av-kuo4g4nl-1547e5754d45004f48d1f384b7897be3 avia-slideshow-featured av_slideshow_full avia-slide-slider av-slideshow-ui av-control-default av-slideshow-manual av-loop-once av-loop-manual-endless av-default-height-applied   avia-slideshow-1' data-slideshow-options=\"{&quot;animation&quot;:&quot;slide&quot;,&quot;autoplay&quot;:false,&quot;loop_autoplay&quot;:&quot;once&quot;,&quot;interval&quot;:5,&quot;loop_manual&quot;:&quot;manual-endless&quot;,&quot;autoplay_stopper&quot;:false,&quot;noNavigation&quot;:false,&quot;bg_slider&quot;:false,&quot;keep_padding&quot;:false,&quot;hoverpause&quot;:false,&quot;show_slide_delay&quot;:0}\"  itemprop=\"image\" itemscope=\"itemscope\" itemtype=\"https:\/\/schema.org\/ImageObject\" ><ul class='avia-slideshow-inner ' style='padding-bottom: 28.666666666667%;'><li  class='avia-slideshow-slide av-kuo4g4nl-1547e5754d45004f48d1f384b7897be3__0  av-single-slide slide-1 slide-odd'><div data-rel='slideshow-1' class='avia-slide-wrap '   ><div class='av-slideshow-caption av-kuo4g4nl-1547e5754d45004f48d1f384b7897be3__0 caption_fullwidth caption_bottom'><div class=\"container caption_container\"><div class=\"slideshow_caption\"><div class=\"slideshow_inner_caption\"><div class=\"slideshow_align_caption\"><h2 class='avia-caption-title '  itemprop=\"name\" >La Terapia Mulligan<\/h2><\/div><\/div><\/div><\/div><\/div><img decoding=\"async\" fetchpriority=\"high\" class=\"wp-image-2822 avia-img-lazy-loading-not-2822\"  src=\"https:\/\/physiospain.com\/wp-content\/uploads\/2021\/05\/mulligan-terapi-physiospain-1500x430.jpeg\" width=\"1500\" height=\"430\" title='mulligan terapi physiospain' alt=''  itemprop=\"thumbnailUrl\"   \/><\/div><\/li><\/ul><\/div><\/div><div id='after_full_slider_1'  class='main_color av_default_container_wrap container_wrap sidebar_right'  ><div class='container av-section-cont-open' ><div class='template-page content  av-content-small alpha units'><div class='post-entry post-entry-type-page post-entry-802'><div class='entry-content-wrapper clearfix'>\n<section  class='av_textblock_section av-kuo4jfyz-dbfe39094ad2a228f5208b170b7c2f12 '   itemscope=\"itemscope\" itemtype=\"https:\/\/schema.org\/CreativeWork\" ><div class='avia_textblock'  itemprop=\"text\" ><h1>Un tratamiento con varias combinaciones<\/h1>\n<p>El tratamiento con la terapia Mulligan es una combinacion de Movilizaci\u00f3n conjunta asistida y auto-tratamiento con una alta tasa de \u00e9xito.<\/p>\n<p>A veces una manipulaci\u00f3n articular puede estar contraindicada o el paciente no desea ser manipulado, bien por miedo o por dolor.<br \/>\nMediante el apoyo a la articulaci\u00f3n y la facilitacion del seguimiento en el plano de movimiento fisiol\u00f3gico, la biomec\u00e1nica del movimiento mejora y facilita que el dolor desaparezca.<\/p>\n<p><img loading=\"lazy\" decoding=\"async\" class=\"alignnone wp-image-3563 size-full\" src=\"https:\/\/physiospain.com\/wp-content\/uploads\/2021\/10\/mulligan-therapy-spanska.png\" alt=\"\" width=\"776\" height=\"252\" srcset=\"https:\/\/physiospain.com\/wp-content\/uploads\/2021\/10\/mulligan-therapy-spanska.png 776w, https:\/\/physiospain.com\/wp-content\/uploads\/2021\/10\/mulligan-therapy-spanska-300x97.png 300w, https:\/\/physiospain.com\/wp-content\/uploads\/2021\/10\/mulligan-therapy-spanska-768x249.png 768w, https:\/\/physiospain.com\/wp-content\/uploads\/2021\/10\/mulligan-therapy-spanska-705x229.png 705w\" sizes=\"auto, (max-width: 776px) 100vw, 776px\" \/><\/p>\n<hr \/>\n<h2>Tratamiento indoloro que puedes realizar en casa, por tu cuenta<\/h2>\n<p>Este m\u00e9todo es apropiado para todas articulaciones del cuerpo, tanto en la columna vertebral como en las extremidades. incluso se le puede instruir en hacer algunas tecnicas de auto-ayuda para que se pueda aliviar el dolor usted mismo.<br \/>\nEstos son ejercicios faciles para aplicar en casa para mejorar y mantener el movimiento en sus articulaciones.<\/p>\n<p>Es un tratamiento completamente libre de dolor con un efecto espont\u00e1neo extraordinario. Incluso en casos con una movilidad reducida y donde el dolor que ha sido un problema durante a\u00f1os.<\/p>\n<\/div><\/section>\n","protected":false},"excerpt":{"rendered":"","protected":false},"author":1,"featured_media":3026,"parent":0,"menu_order":0,"comment_status":"closed","ping_status":"closed","template":"","meta":{"_uag_custom_page_level_css":"","footnotes":""},"class_list":["post-802","page","type-page","status-publish","has-post-thumbnail","hentry"],"featured_image_src":"https:\/\/physiospain.com\/wp-content\/uploads\/2021\/06\/Osteopatisk-behandling-Physiospain-Fuengirola-Malaga.jpg","yoast_head":"<!-- This site is optimized with the Yoast SEO plugin v27.3 - https:\/\/yoast.com\/product\/yoast-seo-wordpress\/ -->\n<title>Terapia Mulligan, tratamiento y autotratamiento osteopatico<\/title>\n<meta name=\"description\" content=\"La Terapia Mulligan es un tipo de tratamiento, y autotratamiento osteopatico que sirve para liberar movilidad en las articulaciones.\" \/>\n<meta name=\"robots\" content=\"index, follow, max-snippet:-1, max-image-preview:large, max-video-preview:-1\" \/>\n<link rel=\"canonical\" href=\"https:\/\/physiospain.com\/es\/mulligan-therapy\/\" \/>\n<meta property=\"og:locale\" content=\"es_ES\" \/>\n<meta property=\"og:type\" content=\"article\" \/>\n<meta property=\"og:title\" content=\"Terapia Mulligan, tratamiento y autotratamiento osteopatico\" \/>\n<meta property=\"og:description\" content=\"La Terapia Mulligan es un tipo de tratamiento, y autotratamiento osteopatico que sirve para liberar movilidad en las articulaciones.\" \/>\n<meta property=\"og:url\" content=\"https:\/\/physiospain.com\/es\/mulligan-therapy\/\" \/>\n<meta property=\"og:site_name\" content=\"PhysioSpain - Physiotherapy \/ Osteopathic treatment in Fuengirola, Mijas &amp; Malaga\" \/>\n<meta property=\"article:modified_time\" content=\"2021-10-12T14:23:09+00:00\" \/>\n<meta property=\"og:image\" content=\"https:\/\/physiospain.com\/wp-content\/uploads\/2021\/06\/Osteopatisk-behandling-Physiospain-Fuengirola-Malaga.jpg\" \/>\n\t<meta property=\"og:image:width\" content=\"240\" \/>\n\t<meta property=\"og:image:height\" content=\"239\" \/>\n\t<meta property=\"og:image:type\" content=\"image\/jpeg\" \/>\n<meta name=\"twitter:card\" content=\"summary_large_image\" \/>\n<meta name=\"twitter:label1\" content=\"Tiempo de lectura\" \/>\n\t<meta name=\"twitter:data1\" content=\"2 minutos\" \/>\n<script type=\"application\/ld+json\" class=\"yoast-schema-graph\">{\"@context\":\"https:\\\/\\\/schema.org\",\"@graph\":[{\"@type\":\"WebPage\",\"@id\":\"https:\\\/\\\/physiospain.com\\\/es\\\/mulligan-therapy\\\/\",\"url\":\"https:\\\/\\\/physiospain.com\\\/es\\\/mulligan-therapy\\\/\",\"name\":\"Terapia Mulligan, tratamiento y autotratamiento osteopatico\",\"isPartOf\":{\"@id\":\"https:\\\/\\\/physiospain.com\\\/#website\"},\"primaryImageOfPage\":{\"@id\":\"https:\\\/\\\/physiospain.com\\\/es\\\/mulligan-therapy\\\/#primaryimage\"},\"image\":{\"@id\":\"https:\\\/\\\/physiospain.com\\\/es\\\/mulligan-therapy\\\/#primaryimage\"},\"thumbnailUrl\":\"https:\\\/\\\/physiospain.com\\\/wp-content\\\/uploads\\\/2021\\\/06\\\/Osteopatisk-behandling-Physiospain-Fuengirola-Malaga.jpg\",\"datePublished\":\"2016-07-18T23:29:42+00:00\",\"dateModified\":\"2021-10-12T14:23:09+00:00\",\"description\":\"La Terapia Mulligan es un tipo de tratamiento, y autotratamiento osteopatico que sirve para liberar movilidad en las articulaciones.\",\"breadcrumb\":{\"@id\":\"https:\\\/\\\/physiospain.com\\\/es\\\/mulligan-therapy\\\/#breadcrumb\"},\"inLanguage\":\"es\",\"potentialAction\":[{\"@type\":\"ReadAction\",\"target\":[\"https:\\\/\\\/physiospain.com\\\/es\\\/mulligan-therapy\\\/\"]}]},{\"@type\":\"ImageObject\",\"inLanguage\":\"es\",\"@id\":\"https:\\\/\\\/physiospain.com\\\/es\\\/mulligan-therapy\\\/#primaryimage\",\"url\":\"https:\\\/\\\/physiospain.com\\\/wp-content\\\/uploads\\\/2021\\\/06\\\/Osteopatisk-behandling-Physiospain-Fuengirola-Malaga.jpg\",\"contentUrl\":\"https:\\\/\\\/physiospain.com\\\/wp-content\\\/uploads\\\/2021\\\/06\\\/Osteopatisk-behandling-Physiospain-Fuengirola-Malaga.jpg\",\"width\":240,\"height\":239,\"caption\":\"Osteopatisk behandling Physiospain Fuengirola Malaga\"},{\"@type\":\"BreadcrumbList\",\"@id\":\"https:\\\/\\\/physiospain.com\\\/es\\\/mulligan-therapy\\\/#breadcrumb\",\"itemListElement\":[{\"@type\":\"ListItem\",\"position\":1,\"name\":\"Home\",\"item\":\"https:\\\/\\\/physiospain.com\\\/es\\\/home\\\/\"},{\"@type\":\"ListItem\",\"position\":2,\"name\":\"La Terapia Mulligan\"}]},{\"@type\":\"WebSite\",\"@id\":\"https:\\\/\\\/physiospain.com\\\/#website\",\"url\":\"https:\\\/\\\/physiospain.com\\\/\",\"name\":\"PhysioSpain - Physiotherapy \\\/ Osteopathic treatment in Fuengirola, Mijas &amp; Malaga\",\"description\":\"Clinica Physio Spain\",\"publisher\":{\"@id\":\"https:\\\/\\\/physiospain.com\\\/#organization\"},\"potentialAction\":[{\"@type\":\"SearchAction\",\"target\":{\"@type\":\"EntryPoint\",\"urlTemplate\":\"https:\\\/\\\/physiospain.com\\\/?s={search_term_string}\"},\"query-input\":{\"@type\":\"PropertyValueSpecification\",\"valueRequired\":true,\"valueName\":\"search_term_string\"}}],\"inLanguage\":\"es\"},{\"@type\":\"Organization\",\"@id\":\"https:\\\/\\\/physiospain.com\\\/#organization\",\"name\":\"Physiospain\",\"url\":\"https:\\\/\\\/physiospain.com\\\/\",\"logo\":{\"@type\":\"ImageObject\",\"inLanguage\":\"es\",\"@id\":\"https:\\\/\\\/physiospain.com\\\/#\\\/schema\\\/logo\\\/image\\\/\",\"url\":\"https:\\\/\\\/physiospain.com\\\/wp-content\\\/uploads\\\/2016\\\/06\\\/logo-physiospain-fuengirola2.png\",\"contentUrl\":\"https:\\\/\\\/physiospain.com\\\/wp-content\\\/uploads\\\/2016\\\/06\\\/logo-physiospain-fuengirola2.png\",\"width\":415,\"height\":108,\"caption\":\"Physiospain\"},\"image\":{\"@id\":\"https:\\\/\\\/physiospain.com\\\/#\\\/schema\\\/logo\\\/image\\\/\"}}]}<\/script>\n<!-- \/ Yoast SEO plugin. -->","yoast_head_json":{"title":"Terapia Mulligan, tratamiento y autotratamiento osteopatico","description":"La Terapia Mulligan es un tipo de tratamiento, y autotratamiento osteopatico que sirve para liberar movilidad en las articulaciones.","robots":{"index":"index","follow":"follow","max-snippet":"max-snippet:-1","max-image-preview":"max-image-preview:large","max-video-preview":"max-video-preview:-1"},"canonical":"https:\/\/physiospain.com\/es\/mulligan-therapy\/","og_locale":"es_ES","og_type":"article","og_title":"Terapia Mulligan, tratamiento y autotratamiento osteopatico","og_description":"La Terapia Mulligan es un tipo de tratamiento, y autotratamiento osteopatico que sirve para liberar movilidad en las articulaciones.","og_url":"https:\/\/physiospain.com\/es\/mulligan-therapy\/","og_site_name":"PhysioSpain - Physiotherapy \/ Osteopathic treatment in Fuengirola, Mijas &amp; Malaga","article_modified_time":"2021-10-12T14:23:09+00:00","og_image":[{"width":240,"height":239,"url":"https:\/\/physiospain.com\/wp-content\/uploads\/2021\/06\/Osteopatisk-behandling-Physiospain-Fuengirola-Malaga.jpg","type":"image\/jpeg"}],"twitter_card":"summary_large_image","twitter_misc":{"Tiempo de lectura":"2 minutos"},"schema":{"@context":"https:\/\/schema.org","@graph":[{"@type":"WebPage","@id":"https:\/\/physiospain.com\/es\/mulligan-therapy\/","url":"https:\/\/physiospain.com\/es\/mulligan-therapy\/","name":"Terapia Mulligan, tratamiento y autotratamiento osteopatico","isPartOf":{"@id":"https:\/\/physiospain.com\/#website"},"primaryImageOfPage":{"@id":"https:\/\/physiospain.com\/es\/mulligan-therapy\/#primaryimage"},"image":{"@id":"https:\/\/physiospain.com\/es\/mulligan-therapy\/#primaryimage"},"thumbnailUrl":"https:\/\/physiospain.com\/wp-content\/uploads\/2021\/06\/Osteopatisk-behandling-Physiospain-Fuengirola-Malaga.jpg","datePublished":"2016-07-18T23:29:42+00:00","dateModified":"2021-10-12T14:23:09+00:00","description":"La Terapia Mulligan es un tipo de tratamiento, y autotratamiento osteopatico que sirve para liberar movilidad en las articulaciones.","breadcrumb":{"@id":"https:\/\/physiospain.com\/es\/mulligan-therapy\/#breadcrumb"},"inLanguage":"es","potentialAction":[{"@type":"ReadAction","target":["https:\/\/physiospain.com\/es\/mulligan-therapy\/"]}]},{"@type":"ImageObject","inLanguage":"es","@id":"https:\/\/physiospain.com\/es\/mulligan-therapy\/#primaryimage","url":"https:\/\/physiospain.com\/wp-content\/uploads\/2021\/06\/Osteopatisk-behandling-Physiospain-Fuengirola-Malaga.jpg","contentUrl":"https:\/\/physiospain.com\/wp-content\/uploads\/2021\/06\/Osteopatisk-behandling-Physiospain-Fuengirola-Malaga.jpg","width":240,"height":239,"caption":"Osteopatisk behandling Physiospain Fuengirola Malaga"},{"@type":"BreadcrumbList","@id":"https:\/\/physiospain.com\/es\/mulligan-therapy\/#breadcrumb","itemListElement":[{"@type":"ListItem","position":1,"name":"Home","item":"https:\/\/physiospain.com\/es\/home\/"},{"@type":"ListItem","position":2,"name":"La Terapia Mulligan"}]},{"@type":"WebSite","@id":"https:\/\/physiospain.com\/#website","url":"https:\/\/physiospain.com\/","name":"PhysioSpain - Physiotherapy \/ Osteopathic treatment in Fuengirola, Mijas &amp; Malaga","description":"Clinica Physio Spain","publisher":{"@id":"https:\/\/physiospain.com\/#organization"},"potentialAction":[{"@type":"SearchAction","target":{"@type":"EntryPoint","urlTemplate":"https:\/\/physiospain.com\/?s={search_term_string}"},"query-input":{"@type":"PropertyValueSpecification","valueRequired":true,"valueName":"search_term_string"}}],"inLanguage":"es"},{"@type":"Organization","@id":"https:\/\/physiospain.com\/#organization","name":"Physiospain","url":"https:\/\/physiospain.com\/","logo":{"@type":"ImageObject","inLanguage":"es","@id":"https:\/\/physiospain.com\/#\/schema\/logo\/image\/","url":"https:\/\/physiospain.com\/wp-content\/uploads\/2016\/06\/logo-physiospain-fuengirola2.png","contentUrl":"https:\/\/physiospain.com\/wp-content\/uploads\/2016\/06\/logo-physiospain-fuengirola2.png","width":415,"height":108,"caption":"Physiospain"},"image":{"@id":"https:\/\/physiospain.com\/#\/schema\/logo\/image\/"}}]}},"uagb_featured_image_src":{"full":["https:\/\/physiospain.com\/wp-content\/uploads\/2021\/06\/Osteopatisk-behandling-Physiospain-Fuengirola-Malaga.jpg",240,239,false],"thumbnail":["https:\/\/physiospain.com\/wp-content\/uploads\/2021\/06\/Osteopatisk-behandling-Physiospain-Fuengirola-Malaga-80x80.jpg",80,80,true],"medium":["https:\/\/physiospain.com\/wp-content\/uploads\/2021\/06\/Osteopatisk-behandling-Physiospain-Fuengirola-Malaga.jpg",240,239,false],"medium_large":["https:\/\/physiospain.com\/wp-content\/uploads\/2021\/06\/Osteopatisk-behandling-Physiospain-Fuengirola-Malaga.jpg",240,239,false],"large":["https:\/\/physiospain.com\/wp-content\/uploads\/2021\/06\/Osteopatisk-behandling-Physiospain-Fuengirola-Malaga.jpg",240,239,false],"1536x1536":["https:\/\/physiospain.com\/wp-content\/uploads\/2021\/06\/Osteopatisk-behandling-Physiospain-Fuengirola-Malaga.jpg",240,239,false],"2048x2048":["https:\/\/physiospain.com\/wp-content\/uploads\/2021\/06\/Osteopatisk-behandling-Physiospain-Fuengirola-Malaga.jpg",240,239,false],"widget":["https:\/\/physiospain.com\/wp-content\/uploads\/2021\/06\/Osteopatisk-behandling-Physiospain-Fuengirola-Malaga-36x36.jpg",36,36,true],"square":["https:\/\/physiospain.com\/wp-content\/uploads\/2021\/06\/Osteopatisk-behandling-Physiospain-Fuengirola-Malaga-180x180.jpg",180,180,true],"featured":["https:\/\/physiospain.com\/wp-content\/uploads\/2021\/06\/Osteopatisk-behandling-Physiospain-Fuengirola-Malaga.jpg",240,239,false],"featured_large":["https:\/\/physiospain.com\/wp-content\/uploads\/2021\/06\/Osteopatisk-behandling-Physiospain-Fuengirola-Malaga.jpg",240,239,false],"extra_large":["https:\/\/physiospain.com\/wp-content\/uploads\/2021\/06\/Osteopatisk-behandling-Physiospain-Fuengirola-Malaga.jpg",240,239,false],"portfolio":["https:\/\/physiospain.com\/wp-content\/uploads\/2021\/06\/Osteopatisk-behandling-Physiospain-Fuengirola-Malaga.jpg",240,239,false],"portfolio_small":["https:\/\/physiospain.com\/wp-content\/uploads\/2021\/06\/Osteopatisk-behandling-Physiospain-Fuengirola-Malaga-240x185.jpg",240,185,true],"gallery":["https:\/\/physiospain.com\/wp-content\/uploads\/2021\/06\/Osteopatisk-behandling-Physiospain-Fuengirola-Malaga.jpg",240,239,false],"magazine":["https:\/\/physiospain.com\/wp-content\/uploads\/2021\/06\/Osteopatisk-behandling-Physiospain-Fuengirola-Malaga.jpg",240,239,false],"masonry":["https:\/\/physiospain.com\/wp-content\/uploads\/2021\/06\/Osteopatisk-behandling-Physiospain-Fuengirola-Malaga.jpg",240,239,false],"entry_with_sidebar":["https:\/\/physiospain.com\/wp-content\/uploads\/2021\/06\/Osteopatisk-behandling-Physiospain-Fuengirola-Malaga.jpg",240,239,false],"entry_without_sidebar":["https:\/\/physiospain.com\/wp-content\/uploads\/2021\/06\/Osteopatisk-behandling-Physiospain-Fuengirola-Malaga.jpg",240,239,false],"zeguten-blog-image":["https:\/\/physiospain.com\/wp-content\/uploads\/2021\/06\/Osteopatisk-behandling-Physiospain-Fuengirola-Malaga.jpg",240,239,false],"zeguten-blog-image-small":["https:\/\/physiospain.com\/wp-content\/uploads\/2021\/06\/Osteopatisk-behandling-Physiospain-Fuengirola-Malaga.jpg",196,195,false],"zeguten-blog-image-640x465":["https:\/\/physiospain.com\/wp-content\/uploads\/2021\/06\/Osteopatisk-behandling-Physiospain-Fuengirola-Malaga.jpg",240,239,false],"zeguten-blog-image-400x300":["https:\/\/physiospain.com\/wp-content\/uploads\/2021\/06\/Osteopatisk-behandling-Physiospain-Fuengirola-Malaga.jpg",240,239,false],"zeguten-blog-image-620x715":["https:\/\/physiospain.com\/wp-content\/uploads\/2021\/06\/Osteopatisk-behandling-Physiospain-Fuengirola-Malaga.jpg",240,239,false],"zeguten-blog-image-510x700":["https:\/\/physiospain.com\/wp-content\/uploads\/2021\/06\/Osteopatisk-behandling-Physiospain-Fuengirola-Malaga.jpg",240,239,false],"zeguten-blog-image-630x635":["https:\/\/physiospain.com\/wp-content\/uploads\/2021\/06\/Osteopatisk-behandling-Physiospain-Fuengirola-Malaga.jpg",240,239,false]},"uagb_author_info":{"display_name":"Admin","author_link":"https:\/\/physiospain.com\/es\/author\/tony96\/"},"uagb_comment_info":0,"uagb_excerpt":null,"zeguten_blocks_get_image_src":{"full":["https:\/\/physiospain.com\/wp-content\/uploads\/2021\/06\/Osteopatisk-behandling-Physiospain-Fuengirola-Malaga.jpg",240,239,false],"thumbnail":["https:\/\/physiospain.com\/wp-content\/uploads\/2021\/06\/Osteopatisk-behandling-Physiospain-Fuengirola-Malaga-80x80.jpg",80,80,true],"medium":["https:\/\/physiospain.com\/wp-content\/uploads\/2021\/06\/Osteopatisk-behandling-Physiospain-Fuengirola-Malaga.jpg",240,239,false],"medium_large":["https:\/\/physiospain.com\/wp-content\/uploads\/2021\/06\/Osteopatisk-behandling-Physiospain-Fuengirola-Malaga.jpg",240,239,false],"large":["https:\/\/physiospain.com\/wp-content\/uploads\/2021\/06\/Osteopatisk-behandling-Physiospain-Fuengirola-Malaga.jpg",240,239,false],"1536x1536":["https:\/\/physiospain.com\/wp-content\/uploads\/2021\/06\/Osteopatisk-behandling-Physiospain-Fuengirola-Malaga.jpg",240,239,false],"2048x2048":["https:\/\/physiospain.com\/wp-content\/uploads\/2021\/06\/Osteopatisk-behandling-Physiospain-Fuengirola-Malaga.jpg",240,239,false],"widget":["https:\/\/physiospain.com\/wp-content\/uploads\/2021\/06\/Osteopatisk-behandling-Physiospain-Fuengirola-Malaga-36x36.jpg",36,36,true],"square":["https:\/\/physiospain.com\/wp-content\/uploads\/2021\/06\/Osteopatisk-behandling-Physiospain-Fuengirola-Malaga-180x180.jpg",180,180,true],"featured":["https:\/\/physiospain.com\/wp-content\/uploads\/2021\/06\/Osteopatisk-behandling-Physiospain-Fuengirola-Malaga.jpg",240,239,false],"featured_large":["https:\/\/physiospain.com\/wp-content\/uploads\/2021\/06\/Osteopatisk-behandling-Physiospain-Fuengirola-Malaga.jpg",240,239,false],"extra_large":["https:\/\/physiospain.com\/wp-content\/uploads\/2021\/06\/Osteopatisk-behandling-Physiospain-Fuengirola-Malaga.jpg",240,239,false],"portfolio":["https:\/\/physiospain.com\/wp-content\/uploads\/2021\/06\/Osteopatisk-behandling-Physiospain-Fuengirola-Malaga.jpg",240,239,false],"portfolio_small":["https:\/\/physiospain.com\/wp-content\/uploads\/2021\/06\/Osteopatisk-behandling-Physiospain-Fuengirola-Malaga-240x185.jpg",240,185,true],"gallery":["https:\/\/physiospain.com\/wp-content\/uploads\/2021\/06\/Osteopatisk-behandling-Physiospain-Fuengirola-Malaga.jpg",240,239,false],"magazine":["https:\/\/physiospain.com\/wp-content\/uploads\/2021\/06\/Osteopatisk-behandling-Physiospain-Fuengirola-Malaga.jpg",240,239,false],"masonry":["https:\/\/physiospain.com\/wp-content\/uploads\/2021\/06\/Osteopatisk-behandling-Physiospain-Fuengirola-Malaga.jpg",240,239,false],"entry_with_sidebar":["https:\/\/physiospain.com\/wp-content\/uploads\/2021\/06\/Osteopatisk-behandling-Physiospain-Fuengirola-Malaga.jpg",240,239,false],"entry_without_sidebar":["https:\/\/physiospain.com\/wp-content\/uploads\/2021\/06\/Osteopatisk-behandling-Physiospain-Fuengirola-Malaga.jpg",240,239,false],"zeguten-blog-image":["https:\/\/physiospain.com\/wp-content\/uploads\/2021\/06\/Osteopatisk-behandling-Physiospain-Fuengirola-Malaga.jpg",240,239,false],"zeguten-blog-image-small":["https:\/\/physiospain.com\/wp-content\/uploads\/2021\/06\/Osteopatisk-behandling-Physiospain-Fuengirola-Malaga.jpg",196,195,false],"zeguten-blog-image-640x465":["https:\/\/physiospain.com\/wp-content\/uploads\/2021\/06\/Osteopatisk-behandling-Physiospain-Fuengirola-Malaga.jpg",240,239,false],"zeguten-blog-image-400x300":["https:\/\/physiospain.com\/wp-content\/uploads\/2021\/06\/Osteopatisk-behandling-Physiospain-Fuengirola-Malaga.jpg",240,239,false],"zeguten-blog-image-620x715":["https:\/\/physiospain.com\/wp-content\/uploads\/2021\/06\/Osteopatisk-behandling-Physiospain-Fuengirola-Malaga.jpg",240,239,false],"zeguten-blog-image-510x700":["https:\/\/physiospain.com\/wp-content\/uploads\/2021\/06\/Osteopatisk-behandling-Physiospain-Fuengirola-Malaga.jpg",240,239,false],"zeguten-blog-image-630x635":["https:\/\/physiospain.com\/wp-content\/uploads\/2021\/06\/Osteopatisk-behandling-Physiospain-Fuengirola-Malaga.jpg",240,239,false]},"zeguten_author_info":{"display_name":"Admin","author_link":"https:\/\/physiospain.com\/es\/author\/tony96\/"},"zeguten_comment_info":{"comments_number":"0","comments_link":"https:\/\/physiospain.com\/es\/mulligan-therapy\/#respond"},"zeguten_excerpt":null,"_links":{"self":[{"href":"https:\/\/physiospain.com\/es\/wp-json\/wp\/v2\/pages\/802","targetHints":{"allow":["GET"]}}],"collection":[{"href":"https:\/\/physiospain.com\/es\/wp-json\/wp\/v2\/pages"}],"about":[{"href":"https:\/\/physiospain.com\/es\/wp-json\/wp\/v2\/types\/page"}],"author":[{"embeddable":true,"href":"https:\/\/physiospain.com\/es\/wp-json\/wp\/v2\/users\/1"}],"replies":[{"embeddable":true,"href":"https:\/\/physiospain.com\/es\/wp-json\/wp\/v2\/comments?post=802"}],"version-history":[{"count":2,"href":"https:\/\/physiospain.com\/es\/wp-json\/wp\/v2\/pages\/802\/revisions"}],"predecessor-version":[{"id":3604,"href":"https:\/\/physiospain.com\/es\/wp-json\/wp\/v2\/pages\/802\/revisions\/3604"}],"wp:featuredmedia":[{"embeddable":true,"href":"https:\/\/physiospain.com\/es\/wp-json\/wp\/v2\/media\/3026"}],"wp:attachment":[{"href":"https:\/\/physiospain.com\/es\/wp-json\/wp\/v2\/media?parent=802"}],"curies":[{"name":"wp","href":"https:\/\/api.w.org\/{rel}","templated":true}]}}