{"id":809,"date":"2016-07-18T23:36:37","date_gmt":"2016-07-18T23:36:37","guid":{"rendered":"http:\/\/www.mimo.im\/rolf1\/es\/?page_id=809"},"modified":"2021-10-12T16:20:04","modified_gmt":"2021-10-12T14:20:04","slug":"tratamiento-osteopatico-articulaciones","status":"publish","type":"page","link":"https:\/\/physiospain.com\/es\/tratamiento-osteopatico-articulaciones\/","title":{"rendered":"El tratamiento osteop\u00e1tico"},"content":{"rendered":"<div id='full_slider_1'  class='avia-fullwidth-slider main_color avia-shadow   avia-builder-el-0  el_before_av_one_full  avia-builder-el-first   container_wrap sidebar_right'  ><div  class='avia-slideshow av-kuo47kca-ffeb5062a8d775b38b5b8589ca516b3c avia-slideshow-featured av_slideshow_full avia-slide-slider av-slideshow-ui av-control-default av-slideshow-manual av-loop-once av-loop-manual-endless av-default-height-applied   avia-slideshow-1' data-slideshow-options=\"{&quot;animation&quot;:&quot;slide&quot;,&quot;autoplay&quot;:false,&quot;loop_autoplay&quot;:&quot;once&quot;,&quot;interval&quot;:5,&quot;loop_manual&quot;:&quot;manual-endless&quot;,&quot;autoplay_stopper&quot;:false,&quot;noNavigation&quot;:false,&quot;bg_slider&quot;:false,&quot;keep_padding&quot;:false,&quot;hoverpause&quot;:false,&quot;show_slide_delay&quot;:0}\"  itemprop=\"image\" itemscope=\"itemscope\" itemtype=\"https:\/\/schema.org\/ImageObject\" ><ul class='avia-slideshow-inner ' style='padding-bottom: 28.666666666667%;'><li  class='avia-slideshow-slide av-kuo47kca-ffeb5062a8d775b38b5b8589ca516b3c__0  av-single-slide slide-1 slide-odd'><div data-rel='slideshow-1' class='avia-slide-wrap '   ><div class='av-slideshow-caption av-kuo47kca-ffeb5062a8d775b38b5b8589ca516b3c__0 caption_fullwidth caption_bottom'><div class=\"container caption_container\"><div class=\"slideshow_caption\"><div class=\"slideshow_inner_caption\"><div class=\"slideshow_align_caption\"><h2 class='avia-caption-title '  itemprop=\"name\" >El tratamiento osteop\u00e1tico<\/h2><\/div><\/div><\/div><\/div><\/div><img decoding=\"async\" fetchpriority=\"high\" class=\"wp-image-3368 avia-img-lazy-loading-not-3368\"  src=\"https:\/\/physiospain.com\/wp-content\/uploads\/2021\/09\/osteopatisk-behandling-physiospain-1500x430.jpeg\" width=\"1500\" height=\"430\" title='osteopatisk behandling physiospain' alt='muscle treatment physiospain'  itemprop=\"thumbnailUrl\"   \/><\/div><\/li><\/ul><\/div><\/div><div id='after_full_slider_1'  class='main_color av_default_container_wrap container_wrap sidebar_right'  ><div class='container av-section-cont-open' ><div class='template-page content  av-content-small alpha units'><div class='post-entry post-entry-type-page post-entry-809'><div class='entry-content-wrapper clearfix'>\n\n<style type=\"text\/css\" data-created_by=\"avia_inline_auto\" id=\"style-css-av-av_one_full-9497bbf8bff73ea4c6992cc17fa9ec36\">\n.flex_column.av-av_one_full-9497bbf8bff73ea4c6992cc17fa9ec36{\nborder-radius:0px 0px 0px 0px;\npadding:0px 0px 0px 0px;\n}\n<\/style>\n<div  class='flex_column av-av_one_full-9497bbf8bff73ea4c6992cc17fa9ec36 av_one_full  avia-builder-el-1  el_after_av_slideshow_full  avia-builder-el-no-sibling  first flex_column_div av-zero-column-padding  '     ><section  class='av_textblock_section av-kuo4bo11-eacb67b5a088a7a185dba5ef781afdfe '   itemscope=\"itemscope\" itemtype=\"https:\/\/schema.org\/CreativeWork\" ><div class='avia_textblock'  itemprop=\"text\" ><h1>Prevenga sus problemas de salud con el tratamiento osteop\u00e1tico<\/h1>\n<p>La osteopat\u00eda es una forma de detectar, tratar y prevenir problemas de salud moviendo, estirando y masajeando los m\u00fasculos y las articulaciones de una persona.<\/p>\n<p>La osteopat\u00eda se basa en el principio de que el bienestar de un individuo depende del estado de sus huesos, m\u00fasculos, ligamentos y tejido conectivo. Para encontrarse bien todos estos tejidos tienen que funcionar sin problemas juntos.<\/p>\n<p><img loading=\"lazy\" decoding=\"async\" class=\"alignnone wp-image-3556 size-full\" src=\"https:\/\/physiospain.com\/wp-content\/uploads\/2021\/10\/Osteopathic-treatment-spanska.png\" alt=\"\" width=\"776\" height=\"252\" srcset=\"https:\/\/physiospain.com\/wp-content\/uploads\/2021\/10\/Osteopathic-treatment-spanska.png 776w, https:\/\/physiospain.com\/wp-content\/uploads\/2021\/10\/Osteopathic-treatment-spanska-300x97.png 300w, https:\/\/physiospain.com\/wp-content\/uploads\/2021\/10\/Osteopathic-treatment-spanska-768x249.png 768w, https:\/\/physiospain.com\/wp-content\/uploads\/2021\/10\/Osteopathic-treatment-spanska-705x229.png 705w\" sizes=\"auto, (max-width: 776px) 100vw, 776px\" \/><\/p>\n<hr \/>\n<h2>Oste\u00f3patas utilizan la manipulaci\u00f3n f\u00edsica, los estiramientos y los masajes, con el objetivo de:<\/h2>\n<ul>\n<li>Aumentar la movilidad de las articulaciones<\/li>\n<li>Aliviar la tensi\u00f3n muscular<\/li>\n<li>Mejorar el suministro de sangre dos tejidos<\/li>\n<li>Ayudar al que el cuerpo se cure<\/li>\n<li>Para ellos usan una variedad de t\u00e9cnicas no invasivas.<\/li>\n<\/ul>\n<p><strong><img loading=\"lazy\" decoding=\"async\" class=\"size-medium wp-image-1390 aligncenter\" src=\"https:\/\/physiospain.com\/wp-content\/uploads\/2016\/07\/Manual-therapy-300x225.jpg\" alt=\"Osteopathy-osteopat\u00eda\" width=\"300\" height=\"225\" srcset=\"https:\/\/physiospain.com\/wp-content\/uploads\/2016\/07\/Manual-therapy-300x225.jpg 300w, https:\/\/physiospain.com\/wp-content\/uploads\/2016\/07\/Manual-therapy-768x577.jpg 768w, https:\/\/physiospain.com\/wp-content\/uploads\/2016\/07\/Manual-therapy-705x530.jpg 705w, https:\/\/physiospain.com\/wp-content\/uploads\/2016\/07\/Manual-therapy-20x15.jpg 20w, https:\/\/physiospain.com\/wp-content\/uploads\/2016\/07\/Manual-therapy.jpg 800w\" sizes=\"auto, (max-width: 300px) 100vw, 300px\" \/><\/strong><\/p>\n<\/div><\/section><\/div>\n","protected":false},"excerpt":{"rendered":"","protected":false},"author":1,"featured_media":2409,"parent":0,"menu_order":0,"comment_status":"closed","ping_status":"closed","template":"","meta":{"_uag_custom_page_level_css":"","footnotes":""},"class_list":["post-809","page","type-page","status-publish","has-post-thumbnail","hentry"],"featured_image_src":"https:\/\/physiospain.com\/wp-content\/uploads\/2016\/07\/Manual-therapy.jpg","yoast_head":"<!-- This site is optimized with the Yoast SEO plugin v27.4 - https:\/\/yoast.com\/product\/yoast-seo-wordpress\/ -->\n<title>Tratamiento osteop\u00e1tico, osteopat\u00eda, columna, manipulciones<\/title>\n<meta name=\"description\" content=\"La osteopatia, o tratamiento osteop\u00e1tico puede ayudar a liberar movimiento y reducir el dolor en columna y articulaciones\" \/>\n<meta name=\"robots\" content=\"index, follow, max-snippet:-1, max-image-preview:large, max-video-preview:-1\" \/>\n<link rel=\"canonical\" href=\"https:\/\/physiospain.com\/es\/tratamiento-osteopatico-articulaciones\/\" \/>\n<meta property=\"og:locale\" content=\"es_ES\" \/>\n<meta property=\"og:type\" content=\"article\" \/>\n<meta property=\"og:title\" content=\"Tratamiento osteop\u00e1tico, osteopat\u00eda, columna, manipulciones\" \/>\n<meta property=\"og:description\" content=\"La osteopatia, o tratamiento osteop\u00e1tico puede ayudar a liberar movimiento y reducir el dolor en columna y articulaciones\" \/>\n<meta property=\"og:url\" content=\"https:\/\/physiospain.com\/es\/tratamiento-osteopatico-articulaciones\/\" \/>\n<meta property=\"og:site_name\" content=\"PhysioSpain - Physiotherapy \/ Osteopathic treatment in Fuengirola, Mijas &amp; Malaga\" \/>\n<meta property=\"article:modified_time\" content=\"2021-10-12T14:20:04+00:00\" \/>\n<meta property=\"og:image\" content=\"https:\/\/physiospain.com\/wp-content\/uploads\/2016\/07\/Manual-therapy.jpg\" \/>\n\t<meta property=\"og:image:width\" content=\"800\" \/>\n\t<meta property=\"og:image:height\" content=\"601\" \/>\n\t<meta property=\"og:image:type\" content=\"image\/jpeg\" \/>\n<meta name=\"twitter:card\" content=\"summary_large_image\" \/>\n<meta name=\"twitter:label1\" content=\"Tiempo de lectura\" \/>\n\t<meta name=\"twitter:data1\" content=\"2 minutos\" \/>\n<script type=\"application\/ld+json\" class=\"yoast-schema-graph\">{\"@context\":\"https:\\\/\\\/schema.org\",\"@graph\":[{\"@type\":\"WebPage\",\"@id\":\"https:\\\/\\\/physiospain.com\\\/es\\\/tratamiento-osteopatico-articulaciones\\\/\",\"url\":\"https:\\\/\\\/physiospain.com\\\/es\\\/tratamiento-osteopatico-articulaciones\\\/\",\"name\":\"Tratamiento osteop\u00e1tico, osteopat\u00eda, columna, manipulciones\",\"isPartOf\":{\"@id\":\"https:\\\/\\\/physiospain.com\\\/#website\"},\"primaryImageOfPage\":{\"@id\":\"https:\\\/\\\/physiospain.com\\\/es\\\/tratamiento-osteopatico-articulaciones\\\/#primaryimage\"},\"image\":{\"@id\":\"https:\\\/\\\/physiospain.com\\\/es\\\/tratamiento-osteopatico-articulaciones\\\/#primaryimage\"},\"thumbnailUrl\":\"https:\\\/\\\/physiospain.com\\\/wp-content\\\/uploads\\\/2016\\\/07\\\/Manual-therapy.jpg\",\"datePublished\":\"2016-07-18T23:36:37+00:00\",\"dateModified\":\"2021-10-12T14:20:04+00:00\",\"description\":\"La osteopatia, o tratamiento osteop\u00e1tico puede ayudar a liberar movimiento y reducir el dolor en columna y articulaciones\",\"breadcrumb\":{\"@id\":\"https:\\\/\\\/physiospain.com\\\/es\\\/tratamiento-osteopatico-articulaciones\\\/#breadcrumb\"},\"inLanguage\":\"es\",\"potentialAction\":[{\"@type\":\"ReadAction\",\"target\":[\"https:\\\/\\\/physiospain.com\\\/es\\\/tratamiento-osteopatico-articulaciones\\\/\"]}]},{\"@type\":\"ImageObject\",\"inLanguage\":\"es\",\"@id\":\"https:\\\/\\\/physiospain.com\\\/es\\\/tratamiento-osteopatico-articulaciones\\\/#primaryimage\",\"url\":\"https:\\\/\\\/physiospain.com\\\/wp-content\\\/uploads\\\/2016\\\/07\\\/Manual-therapy.jpg\",\"contentUrl\":\"https:\\\/\\\/physiospain.com\\\/wp-content\\\/uploads\\\/2016\\\/07\\\/Manual-therapy.jpg\",\"width\":800,\"height\":601},{\"@type\":\"BreadcrumbList\",\"@id\":\"https:\\\/\\\/physiospain.com\\\/es\\\/tratamiento-osteopatico-articulaciones\\\/#breadcrumb\",\"itemListElement\":[{\"@type\":\"ListItem\",\"position\":1,\"name\":\"Home\",\"item\":\"https:\\\/\\\/physiospain.com\\\/es\\\/home\\\/\"},{\"@type\":\"ListItem\",\"position\":2,\"name\":\"El tratamiento osteop\u00e1tico\"}]},{\"@type\":\"WebSite\",\"@id\":\"https:\\\/\\\/physiospain.com\\\/#website\",\"url\":\"https:\\\/\\\/physiospain.com\\\/\",\"name\":\"PhysioSpain - Physiotherapy \\\/ Osteopathic treatment in Fuengirola, Mijas &amp; Malaga\",\"description\":\"Clinica Physio Spain\",\"publisher\":{\"@id\":\"https:\\\/\\\/physiospain.com\\\/#organization\"},\"potentialAction\":[{\"@type\":\"SearchAction\",\"target\":{\"@type\":\"EntryPoint\",\"urlTemplate\":\"https:\\\/\\\/physiospain.com\\\/?s={search_term_string}\"},\"query-input\":{\"@type\":\"PropertyValueSpecification\",\"valueRequired\":true,\"valueName\":\"search_term_string\"}}],\"inLanguage\":\"es\"},{\"@type\":\"Organization\",\"@id\":\"https:\\\/\\\/physiospain.com\\\/#organization\",\"name\":\"Physiospain\",\"url\":\"https:\\\/\\\/physiospain.com\\\/\",\"logo\":{\"@type\":\"ImageObject\",\"inLanguage\":\"es\",\"@id\":\"https:\\\/\\\/physiospain.com\\\/#\\\/schema\\\/logo\\\/image\\\/\",\"url\":\"https:\\\/\\\/physiospain.com\\\/wp-content\\\/uploads\\\/2016\\\/06\\\/logo-physiospain-fuengirola2.png\",\"contentUrl\":\"https:\\\/\\\/physiospain.com\\\/wp-content\\\/uploads\\\/2016\\\/06\\\/logo-physiospain-fuengirola2.png\",\"width\":415,\"height\":108,\"caption\":\"Physiospain\"},\"image\":{\"@id\":\"https:\\\/\\\/physiospain.com\\\/#\\\/schema\\\/logo\\\/image\\\/\"}}]}<\/script>\n<!-- \/ Yoast SEO plugin. -->","yoast_head_json":{"title":"Tratamiento osteop\u00e1tico, osteopat\u00eda, columna, manipulciones","description":"La osteopatia, o tratamiento osteop\u00e1tico puede ayudar a liberar movimiento y reducir el dolor en columna y articulaciones","robots":{"index":"index","follow":"follow","max-snippet":"max-snippet:-1","max-image-preview":"max-image-preview:large","max-video-preview":"max-video-preview:-1"},"canonical":"https:\/\/physiospain.com\/es\/tratamiento-osteopatico-articulaciones\/","og_locale":"es_ES","og_type":"article","og_title":"Tratamiento osteop\u00e1tico, osteopat\u00eda, columna, manipulciones","og_description":"La osteopatia, o tratamiento osteop\u00e1tico puede ayudar a liberar movimiento y reducir el dolor en columna y articulaciones","og_url":"https:\/\/physiospain.com\/es\/tratamiento-osteopatico-articulaciones\/","og_site_name":"PhysioSpain - Physiotherapy \/ Osteopathic treatment in Fuengirola, Mijas &amp; Malaga","article_modified_time":"2021-10-12T14:20:04+00:00","og_image":[{"width":800,"height":601,"url":"https:\/\/physiospain.com\/wp-content\/uploads\/2016\/07\/Manual-therapy.jpg","type":"image\/jpeg"}],"twitter_card":"summary_large_image","twitter_misc":{"Tiempo de lectura":"2 minutos"},"schema":{"@context":"https:\/\/schema.org","@graph":[{"@type":"WebPage","@id":"https:\/\/physiospain.com\/es\/tratamiento-osteopatico-articulaciones\/","url":"https:\/\/physiospain.com\/es\/tratamiento-osteopatico-articulaciones\/","name":"Tratamiento osteop\u00e1tico, osteopat\u00eda, columna, manipulciones","isPartOf":{"@id":"https:\/\/physiospain.com\/#website"},"primaryImageOfPage":{"@id":"https:\/\/physiospain.com\/es\/tratamiento-osteopatico-articulaciones\/#primaryimage"},"image":{"@id":"https:\/\/physiospain.com\/es\/tratamiento-osteopatico-articulaciones\/#primaryimage"},"thumbnailUrl":"https:\/\/physiospain.com\/wp-content\/uploads\/2016\/07\/Manual-therapy.jpg","datePublished":"2016-07-18T23:36:37+00:00","dateModified":"2021-10-12T14:20:04+00:00","description":"La osteopatia, o tratamiento osteop\u00e1tico puede ayudar a liberar movimiento y reducir el dolor en columna y articulaciones","breadcrumb":{"@id":"https:\/\/physiospain.com\/es\/tratamiento-osteopatico-articulaciones\/#breadcrumb"},"inLanguage":"es","potentialAction":[{"@type":"ReadAction","target":["https:\/\/physiospain.com\/es\/tratamiento-osteopatico-articulaciones\/"]}]},{"@type":"ImageObject","inLanguage":"es","@id":"https:\/\/physiospain.com\/es\/tratamiento-osteopatico-articulaciones\/#primaryimage","url":"https:\/\/physiospain.com\/wp-content\/uploads\/2016\/07\/Manual-therapy.jpg","contentUrl":"https:\/\/physiospain.com\/wp-content\/uploads\/2016\/07\/Manual-therapy.jpg","width":800,"height":601},{"@type":"BreadcrumbList","@id":"https:\/\/physiospain.com\/es\/tratamiento-osteopatico-articulaciones\/#breadcrumb","itemListElement":[{"@type":"ListItem","position":1,"name":"Home","item":"https:\/\/physiospain.com\/es\/home\/"},{"@type":"ListItem","position":2,"name":"El tratamiento osteop\u00e1tico"}]},{"@type":"WebSite","@id":"https:\/\/physiospain.com\/#website","url":"https:\/\/physiospain.com\/","name":"PhysioSpain - Physiotherapy \/ Osteopathic treatment in Fuengirola, Mijas &amp; Malaga","description":"Clinica Physio Spain","publisher":{"@id":"https:\/\/physiospain.com\/#organization"},"potentialAction":[{"@type":"SearchAction","target":{"@type":"EntryPoint","urlTemplate":"https:\/\/physiospain.com\/?s={search_term_string}"},"query-input":{"@type":"PropertyValueSpecification","valueRequired":true,"valueName":"search_term_string"}}],"inLanguage":"es"},{"@type":"Organization","@id":"https:\/\/physiospain.com\/#organization","name":"Physiospain","url":"https:\/\/physiospain.com\/","logo":{"@type":"ImageObject","inLanguage":"es","@id":"https:\/\/physiospain.com\/#\/schema\/logo\/image\/","url":"https:\/\/physiospain.com\/wp-content\/uploads\/2016\/06\/logo-physiospain-fuengirola2.png","contentUrl":"https:\/\/physiospain.com\/wp-content\/uploads\/2016\/06\/logo-physiospain-fuengirola2.png","width":415,"height":108,"caption":"Physiospain"},"image":{"@id":"https:\/\/physiospain.com\/#\/schema\/logo\/image\/"}}]}},"uagb_featured_image_src":{"full":["https:\/\/physiospain.com\/wp-content\/uploads\/2016\/07\/Manual-therapy.jpg",800,601,false],"thumbnail":["https:\/\/physiospain.com\/wp-content\/uploads\/2016\/07\/Manual-therapy-80x80.jpg",80,80,true],"medium":["https:\/\/physiospain.com\/wp-content\/uploads\/2016\/07\/Manual-therapy-300x225.jpg",300,225,true],"medium_large":["https:\/\/physiospain.com\/wp-content\/uploads\/2016\/07\/Manual-therapy-768x577.jpg",768,577,true],"large":["https:\/\/physiospain.com\/wp-content\/uploads\/2016\/07\/Manual-therapy.jpg",800,601,false],"1536x1536":["https:\/\/physiospain.com\/wp-content\/uploads\/2016\/07\/Manual-therapy.jpg",800,601,false],"2048x2048":["https:\/\/physiospain.com\/wp-content\/uploads\/2016\/07\/Manual-therapy.jpg",800,601,false],"widget":["https:\/\/physiospain.com\/wp-content\/uploads\/2016\/07\/Manual-therapy-36x36.jpg",36,36,true],"square":["https:\/\/physiospain.com\/wp-content\/uploads\/2016\/07\/Manual-therapy-180x180.jpg",180,180,true],"featured":["https:\/\/physiospain.com\/wp-content\/uploads\/2016\/07\/Manual-therapy-800x430.jpg",800,430,true],"featured_large":["https:\/\/physiospain.com\/wp-content\/uploads\/2016\/07\/Manual-therapy.jpg",800,601,false],"extra_large":["https:\/\/physiospain.com\/wp-content\/uploads\/2016\/07\/Manual-therapy.jpg",800,601,false],"portfolio":["https:\/\/physiospain.com\/wp-content\/uploads\/2016\/07\/Manual-therapy-495x400.jpg",495,400,true],"portfolio_small":["https:\/\/physiospain.com\/wp-content\/uploads\/2016\/07\/Manual-therapy-260x185.jpg",260,185,true],"gallery":["https:\/\/physiospain.com\/wp-content\/uploads\/2016\/07\/Manual-therapy.jpg",800,601,false],"magazine":["https:\/\/physiospain.com\/wp-content\/uploads\/2016\/07\/Manual-therapy-710x375.jpg",710,375,true],"masonry":["https:\/\/physiospain.com\/wp-content\/uploads\/2016\/07\/Manual-therapy-705x530.jpg",705,530,true],"entry_with_sidebar":["https:\/\/physiospain.com\/wp-content\/uploads\/2016\/07\/Manual-therapy-800x321.jpg",800,321,true],"entry_without_sidebar":["https:\/\/physiospain.com\/wp-content\/uploads\/2016\/07\/Manual-therapy-800x423.jpg",800,423,true],"zeguten-blog-image":["https:\/\/physiospain.com\/wp-content\/uploads\/2016\/07\/Manual-therapy.jpg",700,525,false],"zeguten-blog-image-small":["https:\/\/physiospain.com\/wp-content\/uploads\/2016\/07\/Manual-therapy.jpg",260,195,false],"zeguten-blog-image-640x465":["https:\/\/physiospain.com\/wp-content\/uploads\/2016\/07\/Manual-therapy.jpg",619,465,false],"zeguten-blog-image-400x300":["https:\/\/physiospain.com\/wp-content\/uploads\/2016\/07\/Manual-therapy.jpg",400,300,false],"zeguten-blog-image-620x715":["https:\/\/physiospain.com\/wp-content\/uploads\/2016\/07\/Manual-therapy.jpg",620,466,false],"zeguten-blog-image-510x700":["https:\/\/physiospain.com\/wp-content\/uploads\/2016\/07\/Manual-therapy.jpg",510,383,false],"zeguten-blog-image-630x635":["https:\/\/physiospain.com\/wp-content\/uploads\/2016\/07\/Manual-therapy.jpg",630,473,false]},"uagb_author_info":{"display_name":"Admin","author_link":"https:\/\/physiospain.com\/es\/author\/tony96\/"},"uagb_comment_info":0,"uagb_excerpt":null,"zeguten_blocks_get_image_src":{"full":["https:\/\/physiospain.com\/wp-content\/uploads\/2016\/07\/Manual-therapy.jpg",800,601,false],"thumbnail":["https:\/\/physiospain.com\/wp-content\/uploads\/2016\/07\/Manual-therapy-80x80.jpg",80,80,true],"medium":["https:\/\/physiospain.com\/wp-content\/uploads\/2016\/07\/Manual-therapy-300x225.jpg",300,225,true],"medium_large":["https:\/\/physiospain.com\/wp-content\/uploads\/2016\/07\/Manual-therapy-768x577.jpg",768,577,true],"large":["https:\/\/physiospain.com\/wp-content\/uploads\/2016\/07\/Manual-therapy.jpg",800,601,false],"1536x1536":["https:\/\/physiospain.com\/wp-content\/uploads\/2016\/07\/Manual-therapy.jpg",800,601,false],"2048x2048":["https:\/\/physiospain.com\/wp-content\/uploads\/2016\/07\/Manual-therapy.jpg",800,601,false],"widget":["https:\/\/physiospain.com\/wp-content\/uploads\/2016\/07\/Manual-therapy-36x36.jpg",36,36,true],"square":["https:\/\/physiospain.com\/wp-content\/uploads\/2016\/07\/Manual-therapy-180x180.jpg",180,180,true],"featured":["https:\/\/physiospain.com\/wp-content\/uploads\/2016\/07\/Manual-therapy-800x430.jpg",800,430,true],"featured_large":["https:\/\/physiospain.com\/wp-content\/uploads\/2016\/07\/Manual-therapy.jpg",800,601,false],"extra_large":["https:\/\/physiospain.com\/wp-content\/uploads\/2016\/07\/Manual-therapy.jpg",800,601,false],"portfolio":["https:\/\/physiospain.com\/wp-content\/uploads\/2016\/07\/Manual-therapy-495x400.jpg",495,400,true],"portfolio_small":["https:\/\/physiospain.com\/wp-content\/uploads\/2016\/07\/Manual-therapy-260x185.jpg",260,185,true],"gallery":["https:\/\/physiospain.com\/wp-content\/uploads\/2016\/07\/Manual-therapy.jpg",800,601,false],"magazine":["https:\/\/physiospain.com\/wp-content\/uploads\/2016\/07\/Manual-therapy-710x375.jpg",710,375,true],"masonry":["https:\/\/physiospain.com\/wp-content\/uploads\/2016\/07\/Manual-therapy-705x530.jpg",705,530,true],"entry_with_sidebar":["https:\/\/physiospain.com\/wp-content\/uploads\/2016\/07\/Manual-therapy-800x321.jpg",800,321,true],"entry_without_sidebar":["https:\/\/physiospain.com\/wp-content\/uploads\/2016\/07\/Manual-therapy-800x423.jpg",800,423,true],"zeguten-blog-image":["https:\/\/physiospain.com\/wp-content\/uploads\/2016\/07\/Manual-therapy.jpg",700,525,false],"zeguten-blog-image-small":["https:\/\/physiospain.com\/wp-content\/uploads\/2016\/07\/Manual-therapy.jpg",260,195,false],"zeguten-blog-image-640x465":["https:\/\/physiospain.com\/wp-content\/uploads\/2016\/07\/Manual-therapy.jpg",619,465,false],"zeguten-blog-image-400x300":["https:\/\/physiospain.com\/wp-content\/uploads\/2016\/07\/Manual-therapy.jpg",400,300,false],"zeguten-blog-image-620x715":["https:\/\/physiospain.com\/wp-content\/uploads\/2016\/07\/Manual-therapy.jpg",620,466,false],"zeguten-blog-image-510x700":["https:\/\/physiospain.com\/wp-content\/uploads\/2016\/07\/Manual-therapy.jpg",510,383,false],"zeguten-blog-image-630x635":["https:\/\/physiospain.com\/wp-content\/uploads\/2016\/07\/Manual-therapy.jpg",630,473,false]},"zeguten_author_info":{"display_name":"Admin","author_link":"https:\/\/physiospain.com\/es\/author\/tony96\/"},"zeguten_comment_info":{"comments_number":"0","comments_link":"https:\/\/physiospain.com\/es\/tratamiento-osteopatico-articulaciones\/#respond"},"zeguten_excerpt":null,"_links":{"self":[{"href":"https:\/\/physiospain.com\/es\/wp-json\/wp\/v2\/pages\/809","targetHints":{"allow":["GET"]}}],"collection":[{"href":"https:\/\/physiospain.com\/es\/wp-json\/wp\/v2\/pages"}],"about":[{"href":"https:\/\/physiospain.com\/es\/wp-json\/wp\/v2\/types\/page"}],"author":[{"embeddable":true,"href":"https:\/\/physiospain.com\/es\/wp-json\/wp\/v2\/users\/1"}],"replies":[{"embeddable":true,"href":"https:\/\/physiospain.com\/es\/wp-json\/wp\/v2\/comments?post=809"}],"version-history":[{"count":2,"href":"https:\/\/physiospain.com\/es\/wp-json\/wp\/v2\/pages\/809\/revisions"}],"predecessor-version":[{"id":3600,"href":"https:\/\/physiospain.com\/es\/wp-json\/wp\/v2\/pages\/809\/revisions\/3600"}],"wp:featuredmedia":[{"embeddable":true,"href":"https:\/\/physiospain.com\/es\/wp-json\/wp\/v2\/media\/2409"}],"wp:attachment":[{"href":"https:\/\/physiospain.com\/es\/wp-json\/wp\/v2\/media?parent=809"}],"curies":[{"name":"wp","href":"https:\/\/api.w.org\/{rel}","templated":true}]}}