{"id":868,"date":"2016-07-19T00:48:07","date_gmt":"2016-07-19T00:48:07","guid":{"rendered":"http:\/\/www.mimo.im\/rolf1\/es\/?page_id=868"},"modified":"2021-10-12T16:20:55","modified_gmt":"2021-10-12T14:20:55","slug":"entrenamiento-de-rehabilitacion","status":"publish","type":"page","link":"https:\/\/physiospain.com\/es\/entrenamiento-de-rehabilitacion\/","title":{"rendered":"Entrenamiento de rehabilitaci\u00f3n"},"content":{"rendered":"<div id='full_slider_1'  class='avia-fullwidth-slider main_color avia-shadow   avia-builder-el-0  el_before_av_textblock  avia-builder-el-first   container_wrap sidebar_right'  ><div  class='avia-slideshow av-kuo3rm45-b99ee406fe44323265117ae3eddcbe66 avia-slideshow-featured av_slideshow_full avia-slide-slider av-slideshow-ui av-control-default av-slideshow-manual av-loop-once av-loop-manual-endless av-default-height-applied   avia-slideshow-1' data-slideshow-options=\"{&quot;animation&quot;:&quot;slide&quot;,&quot;autoplay&quot;:false,&quot;loop_autoplay&quot;:&quot;once&quot;,&quot;interval&quot;:5,&quot;loop_manual&quot;:&quot;manual-endless&quot;,&quot;autoplay_stopper&quot;:false,&quot;noNavigation&quot;:false,&quot;bg_slider&quot;:false,&quot;keep_padding&quot;:false,&quot;hoverpause&quot;:false,&quot;show_slide_delay&quot;:0}\"  itemprop=\"image\" itemscope=\"itemscope\" itemtype=\"https:\/\/schema.org\/ImageObject\" ><ul class='avia-slideshow-inner ' style='padding-bottom: 28.666666666667%;'><li  class='avia-slideshow-slide av-kuo3rm45-b99ee406fe44323265117ae3eddcbe66__0  av-single-slide slide-1 slide-odd'><div data-rel='slideshow-1' class='avia-slide-wrap '   ><div class='av-slideshow-caption av-kuo3rm45-b99ee406fe44323265117ae3eddcbe66__0 caption_fullwidth caption_bottom'><div class=\"container caption_container\"><div class=\"slideshow_caption\"><div class=\"slideshow_inner_caption\"><div class=\"slideshow_align_caption\"><h2 class='avia-caption-title '  itemprop=\"name\" >Entrenamiento de rehabilitaci\u00f3n<\/h2><\/div><\/div><\/div><\/div><\/div><img decoding=\"async\" fetchpriority=\"high\" class=\"wp-image-3150 avia-img-lazy-loading-not-3150\"  src=\"https:\/\/physiospain.com\/wp-content\/uploads\/2021\/08\/rehabiliteringstraning-physiospain-2-1500x430.jpg\" width=\"1500\" height=\"430\" title='rehabiliteringstr\u00e4ning physiospain' alt=''  itemprop=\"thumbnailUrl\"   \/><\/div><\/li><\/ul><\/div><\/div><div id='after_full_slider_1'  class='main_color av_default_container_wrap container_wrap sidebar_right'  ><div class='container av-section-cont-open' ><div class='template-page content  av-content-small alpha units'><div class='post-entry post-entry-type-page post-entry-868'><div class='entry-content-wrapper clearfix'>\n<section  class='av_textblock_section av-kuo3vw5t-7441a9c2cd3fff5969f51ede004fccff '   itemscope=\"itemscope\" itemtype=\"https:\/\/schema.org\/CreativeWork\" ><div class='avia_textblock'  itemprop=\"text\" ><h1>Acelera tu recuperaci\u00f3n<\/h1>\n<p>Entrenamiento de rehabilitacion despu\u00e9s de cirug\u00eda, lesiones o desequilibrios musculares. Acelere su recuperaci\u00f3n y pongase en forma de manera m\u00e1s r\u00e1pida con la ayuda de nuestro personal experimentado. Obtenga un programa adaptado a sus necesidades individuales.<\/p>\n<p><img loading=\"lazy\" decoding=\"async\" class=\"alignnone wp-image-3543 size-full\" src=\"https:\/\/physiospain.com\/wp-content\/uploads\/2021\/10\/Rehabtraning-spanska.png\" alt=\"\" width=\"776\" height=\"252\" srcset=\"https:\/\/physiospain.com\/wp-content\/uploads\/2021\/10\/Rehabtraning-spanska.png 776w, https:\/\/physiospain.com\/wp-content\/uploads\/2021\/10\/Rehabtraning-spanska-300x97.png 300w, https:\/\/physiospain.com\/wp-content\/uploads\/2021\/10\/Rehabtraning-spanska-768x249.png 768w, https:\/\/physiospain.com\/wp-content\/uploads\/2021\/10\/Rehabtraning-spanska-705x229.png 705w\" sizes=\"auto, (max-width: 776px) 100vw, 776px\" \/><\/p>\n<hr \/>\n<h2>Nosotras tenemos las herramientas<\/h2>\n<p>Tenemos la posibilidad de evaluar su sistema m\u00fasculo-esquel\u00e9tico con im\u00e1genes ecogr\u00e1ficas, que nos ayuda a asesorarle de la mejor manera. Las im\u00e1genes por ultrasonido es una herramienta indispensable en el examen f\u00edsico<\/p>\n<p><img loading=\"lazy\" decoding=\"async\" class=\"size-medium wp-image-478 aligncenter\" src=\"https:\/\/physiospain.com\/wp-content\/uploads\/ftp-upload\/Home-Page\/services-Physiospain-rehabilitation-training-300x225.jpg\" alt=\"Rehab-training-rehabilitacion-entrenamiento\" width=\"300\" height=\"225\" srcset=\"https:\/\/physiospain.com\/wp-content\/uploads\/ftp-upload\/Home-Page\/services-Physiospain-rehabilitation-training-300x225.jpg 300w, https:\/\/physiospain.com\/wp-content\/uploads\/ftp-upload\/Home-Page\/services-Physiospain-rehabilitation-training-768x576.jpg 768w, https:\/\/physiospain.com\/wp-content\/uploads\/ftp-upload\/Home-Page\/services-Physiospain-rehabilitation-training-705x529.jpg 705w, https:\/\/physiospain.com\/wp-content\/uploads\/ftp-upload\/Home-Page\/services-Physiospain-rehabilitation-training-20x15.jpg 20w, https:\/\/physiospain.com\/wp-content\/uploads\/ftp-upload\/Home-Page\/services-Physiospain-rehabilitation-training.jpg 800w\" sizes=\"auto, (max-width: 300px) 100vw, 300px\" \/><\/p>\n<\/div><\/section>\n","protected":false},"excerpt":{"rendered":"","protected":false},"author":1,"featured_media":2286,"parent":0,"menu_order":0,"comment_status":"closed","ping_status":"closed","template":"","meta":{"_uag_custom_page_level_css":"","footnotes":""},"class_list":["post-868","page","type-page","status-publish","has-post-thumbnail","hentry"],"featured_image_src":"https:\/\/physiospain.com\/wp-content\/uploads\/ftp-upload\/Home-Page\/services-Physiospain-rehabilitation-training-768x576.jpg","yoast_head":"<!-- This site is optimized with the Yoast SEO plugin v27.3 - https:\/\/yoast.com\/product\/yoast-seo-wordpress\/ -->\n<title>entrenamiento de rehabilitacion y actividad fisica para la recuperacion<\/title>\n<meta name=\"description\" content=\"Entrenamineto de rehabilitacion para una pronta recuperacion despues de lesion o ciruja. utilizando la actividad fisica como medicina\" \/>\n<meta name=\"robots\" content=\"index, follow, max-snippet:-1, max-image-preview:large, max-video-preview:-1\" \/>\n<link rel=\"canonical\" href=\"https:\/\/physiospain.com\/es\/entrenamiento-de-rehabilitacion\/\" \/>\n<meta property=\"og:locale\" content=\"es_ES\" \/>\n<meta property=\"og:type\" content=\"article\" \/>\n<meta property=\"og:title\" content=\"entrenamiento de rehabilitacion y actividad fisica para la recuperacion\" \/>\n<meta property=\"og:description\" content=\"Entrenamineto de rehabilitacion para una pronta recuperacion despues de lesion o ciruja. utilizando la actividad fisica como medicina\" \/>\n<meta property=\"og:url\" content=\"https:\/\/physiospain.com\/es\/entrenamiento-de-rehabilitacion\/\" \/>\n<meta property=\"og:site_name\" content=\"PhysioSpain - Physiotherapy \/ Osteopathic treatment in Fuengirola, Mijas &amp; Malaga\" \/>\n<meta property=\"article:modified_time\" content=\"2021-10-12T14:20:55+00:00\" \/>\n<meta property=\"og:image\" content=\"https:\/\/physiospain.com\/wp-content\/uploads\/ftp-upload\/Home-Page\/services-Physiospain-rehabilitation-training-768x576.jpg\" \/>\n\t<meta property=\"og:image:width\" content=\"768\" \/>\n\t<meta property=\"og:image:height\" content=\"576\" \/>\n\t<meta property=\"og:image:type\" content=\"image\/jpeg\" \/>\n<meta name=\"twitter:card\" content=\"summary_large_image\" \/>\n<meta name=\"twitter:label1\" content=\"Tiempo de lectura\" \/>\n\t<meta name=\"twitter:data1\" content=\"2 minutos\" \/>\n<script type=\"application\/ld+json\" class=\"yoast-schema-graph\">{\"@context\":\"https:\\\/\\\/schema.org\",\"@graph\":[{\"@type\":\"WebPage\",\"@id\":\"https:\\\/\\\/physiospain.com\\\/es\\\/entrenamiento-de-rehabilitacion\\\/\",\"url\":\"https:\\\/\\\/physiospain.com\\\/es\\\/entrenamiento-de-rehabilitacion\\\/\",\"name\":\"entrenamiento de rehabilitacion y actividad fisica para la recuperacion\",\"isPartOf\":{\"@id\":\"https:\\\/\\\/physiospain.com\\\/#website\"},\"primaryImageOfPage\":{\"@id\":\"https:\\\/\\\/physiospain.com\\\/es\\\/entrenamiento-de-rehabilitacion\\\/#primaryimage\"},\"image\":{\"@id\":\"https:\\\/\\\/physiospain.com\\\/es\\\/entrenamiento-de-rehabilitacion\\\/#primaryimage\"},\"thumbnailUrl\":\"https:\\\/\\\/physiospain.com\\\/wp-content\\\/uploads\\\/ftp-upload\\\/Home-Page\\\/services-Physiospain-rehabilitation-training-768x576.jpg\",\"datePublished\":\"2016-07-19T00:48:07+00:00\",\"dateModified\":\"2021-10-12T14:20:55+00:00\",\"description\":\"Entrenamineto de rehabilitacion para una pronta recuperacion despues de lesion o ciruja. utilizando la actividad fisica como medicina\",\"breadcrumb\":{\"@id\":\"https:\\\/\\\/physiospain.com\\\/es\\\/entrenamiento-de-rehabilitacion\\\/#breadcrumb\"},\"inLanguage\":\"es\",\"potentialAction\":[{\"@type\":\"ReadAction\",\"target\":[\"https:\\\/\\\/physiospain.com\\\/es\\\/entrenamiento-de-rehabilitacion\\\/\"]}]},{\"@type\":\"ImageObject\",\"inLanguage\":\"es\",\"@id\":\"https:\\\/\\\/physiospain.com\\\/es\\\/entrenamiento-de-rehabilitacion\\\/#primaryimage\",\"url\":\"https:\\\/\\\/physiospain.com\\\/wp-content\\\/uploads\\\/ftp-upload\\\/Home-Page\\\/services-Physiospain-rehabilitation-training-768x576.jpg\",\"contentUrl\":\"https:\\\/\\\/physiospain.com\\\/wp-content\\\/uploads\\\/ftp-upload\\\/Home-Page\\\/services-Physiospain-rehabilitation-training-768x576.jpg\",\"width\":768,\"height\":576},{\"@type\":\"BreadcrumbList\",\"@id\":\"https:\\\/\\\/physiospain.com\\\/es\\\/entrenamiento-de-rehabilitacion\\\/#breadcrumb\",\"itemListElement\":[{\"@type\":\"ListItem\",\"position\":1,\"name\":\"Home\",\"item\":\"https:\\\/\\\/physiospain.com\\\/es\\\/home\\\/\"},{\"@type\":\"ListItem\",\"position\":2,\"name\":\"Entrenamiento de rehabilitaci\u00f3n\"}]},{\"@type\":\"WebSite\",\"@id\":\"https:\\\/\\\/physiospain.com\\\/#website\",\"url\":\"https:\\\/\\\/physiospain.com\\\/\",\"name\":\"PhysioSpain - Physiotherapy \\\/ Osteopathic treatment in Fuengirola, Mijas &amp; Malaga\",\"description\":\"Clinica Physio Spain\",\"publisher\":{\"@id\":\"https:\\\/\\\/physiospain.com\\\/#organization\"},\"potentialAction\":[{\"@type\":\"SearchAction\",\"target\":{\"@type\":\"EntryPoint\",\"urlTemplate\":\"https:\\\/\\\/physiospain.com\\\/?s={search_term_string}\"},\"query-input\":{\"@type\":\"PropertyValueSpecification\",\"valueRequired\":true,\"valueName\":\"search_term_string\"}}],\"inLanguage\":\"es\"},{\"@type\":\"Organization\",\"@id\":\"https:\\\/\\\/physiospain.com\\\/#organization\",\"name\":\"Physiospain\",\"url\":\"https:\\\/\\\/physiospain.com\\\/\",\"logo\":{\"@type\":\"ImageObject\",\"inLanguage\":\"es\",\"@id\":\"https:\\\/\\\/physiospain.com\\\/#\\\/schema\\\/logo\\\/image\\\/\",\"url\":\"https:\\\/\\\/physiospain.com\\\/wp-content\\\/uploads\\\/2016\\\/06\\\/logo-physiospain-fuengirola2.png\",\"contentUrl\":\"https:\\\/\\\/physiospain.com\\\/wp-content\\\/uploads\\\/2016\\\/06\\\/logo-physiospain-fuengirola2.png\",\"width\":415,\"height\":108,\"caption\":\"Physiospain\"},\"image\":{\"@id\":\"https:\\\/\\\/physiospain.com\\\/#\\\/schema\\\/logo\\\/image\\\/\"}}]}<\/script>\n<!-- \/ Yoast SEO plugin. -->","yoast_head_json":{"title":"entrenamiento de rehabilitacion y actividad fisica para la recuperacion","description":"Entrenamineto de rehabilitacion para una pronta recuperacion despues de lesion o ciruja. utilizando la actividad fisica como medicina","robots":{"index":"index","follow":"follow","max-snippet":"max-snippet:-1","max-image-preview":"max-image-preview:large","max-video-preview":"max-video-preview:-1"},"canonical":"https:\/\/physiospain.com\/es\/entrenamiento-de-rehabilitacion\/","og_locale":"es_ES","og_type":"article","og_title":"entrenamiento de rehabilitacion y actividad fisica para la recuperacion","og_description":"Entrenamineto de rehabilitacion para una pronta recuperacion despues de lesion o ciruja. utilizando la actividad fisica como medicina","og_url":"https:\/\/physiospain.com\/es\/entrenamiento-de-rehabilitacion\/","og_site_name":"PhysioSpain - Physiotherapy \/ Osteopathic treatment in Fuengirola, Mijas &amp; Malaga","article_modified_time":"2021-10-12T14:20:55+00:00","og_image":[{"width":768,"height":576,"url":"https:\/\/physiospain.com\/wp-content\/uploads\/ftp-upload\/Home-Page\/services-Physiospain-rehabilitation-training-768x576.jpg","type":"image\/jpeg"}],"twitter_card":"summary_large_image","twitter_misc":{"Tiempo de lectura":"2 minutos"},"schema":{"@context":"https:\/\/schema.org","@graph":[{"@type":"WebPage","@id":"https:\/\/physiospain.com\/es\/entrenamiento-de-rehabilitacion\/","url":"https:\/\/physiospain.com\/es\/entrenamiento-de-rehabilitacion\/","name":"entrenamiento de rehabilitacion y actividad fisica para la recuperacion","isPartOf":{"@id":"https:\/\/physiospain.com\/#website"},"primaryImageOfPage":{"@id":"https:\/\/physiospain.com\/es\/entrenamiento-de-rehabilitacion\/#primaryimage"},"image":{"@id":"https:\/\/physiospain.com\/es\/entrenamiento-de-rehabilitacion\/#primaryimage"},"thumbnailUrl":"https:\/\/physiospain.com\/wp-content\/uploads\/ftp-upload\/Home-Page\/services-Physiospain-rehabilitation-training-768x576.jpg","datePublished":"2016-07-19T00:48:07+00:00","dateModified":"2021-10-12T14:20:55+00:00","description":"Entrenamineto de rehabilitacion para una pronta recuperacion despues de lesion o ciruja. utilizando la actividad fisica como medicina","breadcrumb":{"@id":"https:\/\/physiospain.com\/es\/entrenamiento-de-rehabilitacion\/#breadcrumb"},"inLanguage":"es","potentialAction":[{"@type":"ReadAction","target":["https:\/\/physiospain.com\/es\/entrenamiento-de-rehabilitacion\/"]}]},{"@type":"ImageObject","inLanguage":"es","@id":"https:\/\/physiospain.com\/es\/entrenamiento-de-rehabilitacion\/#primaryimage","url":"https:\/\/physiospain.com\/wp-content\/uploads\/ftp-upload\/Home-Page\/services-Physiospain-rehabilitation-training-768x576.jpg","contentUrl":"https:\/\/physiospain.com\/wp-content\/uploads\/ftp-upload\/Home-Page\/services-Physiospain-rehabilitation-training-768x576.jpg","width":768,"height":576},{"@type":"BreadcrumbList","@id":"https:\/\/physiospain.com\/es\/entrenamiento-de-rehabilitacion\/#breadcrumb","itemListElement":[{"@type":"ListItem","position":1,"name":"Home","item":"https:\/\/physiospain.com\/es\/home\/"},{"@type":"ListItem","position":2,"name":"Entrenamiento de rehabilitaci\u00f3n"}]},{"@type":"WebSite","@id":"https:\/\/physiospain.com\/#website","url":"https:\/\/physiospain.com\/","name":"PhysioSpain - Physiotherapy \/ Osteopathic treatment in Fuengirola, Mijas &amp; Malaga","description":"Clinica Physio Spain","publisher":{"@id":"https:\/\/physiospain.com\/#organization"},"potentialAction":[{"@type":"SearchAction","target":{"@type":"EntryPoint","urlTemplate":"https:\/\/physiospain.com\/?s={search_term_string}"},"query-input":{"@type":"PropertyValueSpecification","valueRequired":true,"valueName":"search_term_string"}}],"inLanguage":"es"},{"@type":"Organization","@id":"https:\/\/physiospain.com\/#organization","name":"Physiospain","url":"https:\/\/physiospain.com\/","logo":{"@type":"ImageObject","inLanguage":"es","@id":"https:\/\/physiospain.com\/#\/schema\/logo\/image\/","url":"https:\/\/physiospain.com\/wp-content\/uploads\/2016\/06\/logo-physiospain-fuengirola2.png","contentUrl":"https:\/\/physiospain.com\/wp-content\/uploads\/2016\/06\/logo-physiospain-fuengirola2.png","width":415,"height":108,"caption":"Physiospain"},"image":{"@id":"https:\/\/physiospain.com\/#\/schema\/logo\/image\/"}}]}},"uagb_featured_image_src":{"full":["https:\/\/physiospain.com\/wp-content\/uploads\/ftp-upload\/Home-Page\/services-Physiospain-rehabilitation-training-768x576.jpg",768,576,false],"thumbnail":["https:\/\/physiospain.com\/wp-content\/uploads\/ftp-upload\/Home-Page\/services-Physiospain-rehabilitation-training-768x576-80x80.jpg",80,80,true],"medium":["https:\/\/physiospain.com\/wp-content\/uploads\/ftp-upload\/Home-Page\/services-Physiospain-rehabilitation-training-768x576-300x225.jpg",300,225,true],"medium_large":["https:\/\/physiospain.com\/wp-content\/uploads\/ftp-upload\/Home-Page\/services-Physiospain-rehabilitation-training-768x576.jpg",768,576,false],"large":["https:\/\/physiospain.com\/wp-content\/uploads\/ftp-upload\/Home-Page\/services-Physiospain-rehabilitation-training-768x576.jpg",768,576,false],"1536x1536":["https:\/\/physiospain.com\/wp-content\/uploads\/ftp-upload\/Home-Page\/services-Physiospain-rehabilitation-training-768x576.jpg",768,576,false],"2048x2048":["https:\/\/physiospain.com\/wp-content\/uploads\/ftp-upload\/Home-Page\/services-Physiospain-rehabilitation-training-768x576.jpg",768,576,false],"widget":["https:\/\/physiospain.com\/wp-content\/uploads\/ftp-upload\/Home-Page\/services-Physiospain-rehabilitation-training-768x576-36x36.jpg",36,36,true],"square":["https:\/\/physiospain.com\/wp-content\/uploads\/ftp-upload\/Home-Page\/services-Physiospain-rehabilitation-training-768x576-180x180.jpg",180,180,true],"featured":["https:\/\/physiospain.com\/wp-content\/uploads\/ftp-upload\/Home-Page\/services-Physiospain-rehabilitation-training-768x576-768x430.jpg",768,430,true],"featured_large":["https:\/\/physiospain.com\/wp-content\/uploads\/ftp-upload\/Home-Page\/services-Physiospain-rehabilitation-training-768x576.jpg",768,576,false],"extra_large":["https:\/\/physiospain.com\/wp-content\/uploads\/ftp-upload\/Home-Page\/services-Physiospain-rehabilitation-training-768x576.jpg",768,576,false],"portfolio":["https:\/\/physiospain.com\/wp-content\/uploads\/ftp-upload\/Home-Page\/services-Physiospain-rehabilitation-training-768x576-495x400.jpg",495,400,true],"portfolio_small":["https:\/\/physiospain.com\/wp-content\/uploads\/ftp-upload\/Home-Page\/services-Physiospain-rehabilitation-training-768x576-260x185.jpg",260,185,true],"gallery":["https:\/\/physiospain.com\/wp-content\/uploads\/ftp-upload\/Home-Page\/services-Physiospain-rehabilitation-training-768x576.jpg",768,576,false],"magazine":["https:\/\/physiospain.com\/wp-content\/uploads\/ftp-upload\/Home-Page\/services-Physiospain-rehabilitation-training-768x576-710x375.jpg",710,375,true],"masonry":["https:\/\/physiospain.com\/wp-content\/uploads\/ftp-upload\/Home-Page\/services-Physiospain-rehabilitation-training-768x576-705x529.jpg",705,529,true],"entry_with_sidebar":["https:\/\/physiospain.com\/wp-content\/uploads\/ftp-upload\/Home-Page\/services-Physiospain-rehabilitation-training-768x576-768x321.jpg",768,321,true],"entry_without_sidebar":["https:\/\/physiospain.com\/wp-content\/uploads\/ftp-upload\/Home-Page\/services-Physiospain-rehabilitation-training-768x576-768x423.jpg",768,423,true],"zeguten-blog-image":["https:\/\/physiospain.com\/wp-content\/uploads\/ftp-upload\/Home-Page\/services-Physiospain-rehabilitation-training-768x576.jpg",700,525,false],"zeguten-blog-image-small":["https:\/\/physiospain.com\/wp-content\/uploads\/ftp-upload\/Home-Page\/services-Physiospain-rehabilitation-training-768x576.jpg",260,195,false],"zeguten-blog-image-640x465":["https:\/\/physiospain.com\/wp-content\/uploads\/ftp-upload\/Home-Page\/services-Physiospain-rehabilitation-training-768x576.jpg",620,465,false],"zeguten-blog-image-400x300":["https:\/\/physiospain.com\/wp-content\/uploads\/ftp-upload\/Home-Page\/services-Physiospain-rehabilitation-training-768x576.jpg",400,300,false],"zeguten-blog-image-620x715":["https:\/\/physiospain.com\/wp-content\/uploads\/ftp-upload\/Home-Page\/services-Physiospain-rehabilitation-training-768x576.jpg",620,465,false],"zeguten-blog-image-510x700":["https:\/\/physiospain.com\/wp-content\/uploads\/ftp-upload\/Home-Page\/services-Physiospain-rehabilitation-training-768x576.jpg",510,383,false],"zeguten-blog-image-630x635":["https:\/\/physiospain.com\/wp-content\/uploads\/ftp-upload\/Home-Page\/services-Physiospain-rehabilitation-training-768x576.jpg",630,473,false]},"uagb_author_info":{"display_name":"Admin","author_link":"https:\/\/physiospain.com\/es\/author\/tony96\/"},"uagb_comment_info":0,"uagb_excerpt":null,"zeguten_blocks_get_image_src":{"full":["https:\/\/physiospain.com\/wp-content\/uploads\/ftp-upload\/Home-Page\/services-Physiospain-rehabilitation-training-768x576.jpg",768,576,false],"thumbnail":["https:\/\/physiospain.com\/wp-content\/uploads\/ftp-upload\/Home-Page\/services-Physiospain-rehabilitation-training-768x576-80x80.jpg",80,80,true],"medium":["https:\/\/physiospain.com\/wp-content\/uploads\/ftp-upload\/Home-Page\/services-Physiospain-rehabilitation-training-768x576-300x225.jpg",300,225,true],"medium_large":["https:\/\/physiospain.com\/wp-content\/uploads\/ftp-upload\/Home-Page\/services-Physiospain-rehabilitation-training-768x576.jpg",768,576,false],"large":["https:\/\/physiospain.com\/wp-content\/uploads\/ftp-upload\/Home-Page\/services-Physiospain-rehabilitation-training-768x576.jpg",768,576,false],"1536x1536":["https:\/\/physiospain.com\/wp-content\/uploads\/ftp-upload\/Home-Page\/services-Physiospain-rehabilitation-training-768x576.jpg",768,576,false],"2048x2048":["https:\/\/physiospain.com\/wp-content\/uploads\/ftp-upload\/Home-Page\/services-Physiospain-rehabilitation-training-768x576.jpg",768,576,false],"widget":["https:\/\/physiospain.com\/wp-content\/uploads\/ftp-upload\/Home-Page\/services-Physiospain-rehabilitation-training-768x576-36x36.jpg",36,36,true],"square":["https:\/\/physiospain.com\/wp-content\/uploads\/ftp-upload\/Home-Page\/services-Physiospain-rehabilitation-training-768x576-180x180.jpg",180,180,true],"featured":["https:\/\/physiospain.com\/wp-content\/uploads\/ftp-upload\/Home-Page\/services-Physiospain-rehabilitation-training-768x576-768x430.jpg",768,430,true],"featured_large":["https:\/\/physiospain.com\/wp-content\/uploads\/ftp-upload\/Home-Page\/services-Physiospain-rehabilitation-training-768x576.jpg",768,576,false],"extra_large":["https:\/\/physiospain.com\/wp-content\/uploads\/ftp-upload\/Home-Page\/services-Physiospain-rehabilitation-training-768x576.jpg",768,576,false],"portfolio":["https:\/\/physiospain.com\/wp-content\/uploads\/ftp-upload\/Home-Page\/services-Physiospain-rehabilitation-training-768x576-495x400.jpg",495,400,true],"portfolio_small":["https:\/\/physiospain.com\/wp-content\/uploads\/ftp-upload\/Home-Page\/services-Physiospain-rehabilitation-training-768x576-260x185.jpg",260,185,true],"gallery":["https:\/\/physiospain.com\/wp-content\/uploads\/ftp-upload\/Home-Page\/services-Physiospain-rehabilitation-training-768x576.jpg",768,576,false],"magazine":["https:\/\/physiospain.com\/wp-content\/uploads\/ftp-upload\/Home-Page\/services-Physiospain-rehabilitation-training-768x576-710x375.jpg",710,375,true],"masonry":["https:\/\/physiospain.com\/wp-content\/uploads\/ftp-upload\/Home-Page\/services-Physiospain-rehabilitation-training-768x576-705x529.jpg",705,529,true],"entry_with_sidebar":["https:\/\/physiospain.com\/wp-content\/uploads\/ftp-upload\/Home-Page\/services-Physiospain-rehabilitation-training-768x576-768x321.jpg",768,321,true],"entry_without_sidebar":["https:\/\/physiospain.com\/wp-content\/uploads\/ftp-upload\/Home-Page\/services-Physiospain-rehabilitation-training-768x576-768x423.jpg",768,423,true],"zeguten-blog-image":["https:\/\/physiospain.com\/wp-content\/uploads\/ftp-upload\/Home-Page\/services-Physiospain-rehabilitation-training-768x576.jpg",700,525,false],"zeguten-blog-image-small":["https:\/\/physiospain.com\/wp-content\/uploads\/ftp-upload\/Home-Page\/services-Physiospain-rehabilitation-training-768x576.jpg",260,195,false],"zeguten-blog-image-640x465":["https:\/\/physiospain.com\/wp-content\/uploads\/ftp-upload\/Home-Page\/services-Physiospain-rehabilitation-training-768x576.jpg",620,465,false],"zeguten-blog-image-400x300":["https:\/\/physiospain.com\/wp-content\/uploads\/ftp-upload\/Home-Page\/services-Physiospain-rehabilitation-training-768x576.jpg",400,300,false],"zeguten-blog-image-620x715":["https:\/\/physiospain.com\/wp-content\/uploads\/ftp-upload\/Home-Page\/services-Physiospain-rehabilitation-training-768x576.jpg",620,465,false],"zeguten-blog-image-510x700":["https:\/\/physiospain.com\/wp-content\/uploads\/ftp-upload\/Home-Page\/services-Physiospain-rehabilitation-training-768x576.jpg",510,383,false],"zeguten-blog-image-630x635":["https:\/\/physiospain.com\/wp-content\/uploads\/ftp-upload\/Home-Page\/services-Physiospain-rehabilitation-training-768x576.jpg",630,473,false]},"zeguten_author_info":{"display_name":"Admin","author_link":"https:\/\/physiospain.com\/es\/author\/tony96\/"},"zeguten_comment_info":{"comments_number":"0","comments_link":"https:\/\/physiospain.com\/es\/entrenamiento-de-rehabilitacion\/#respond"},"zeguten_excerpt":null,"_links":{"self":[{"href":"https:\/\/physiospain.com\/es\/wp-json\/wp\/v2\/pages\/868","targetHints":{"allow":["GET"]}}],"collection":[{"href":"https:\/\/physiospain.com\/es\/wp-json\/wp\/v2\/pages"}],"about":[{"href":"https:\/\/physiospain.com\/es\/wp-json\/wp\/v2\/types\/page"}],"author":[{"embeddable":true,"href":"https:\/\/physiospain.com\/es\/wp-json\/wp\/v2\/users\/1"}],"replies":[{"embeddable":true,"href":"https:\/\/physiospain.com\/es\/wp-json\/wp\/v2\/comments?post=868"}],"version-history":[{"count":2,"href":"https:\/\/physiospain.com\/es\/wp-json\/wp\/v2\/pages\/868\/revisions"}],"predecessor-version":[{"id":3601,"href":"https:\/\/physiospain.com\/es\/wp-json\/wp\/v2\/pages\/868\/revisions\/3601"}],"wp:featuredmedia":[{"embeddable":true,"href":"https:\/\/physiospain.com\/es\/wp-json\/wp\/v2\/media\/2286"}],"wp:attachment":[{"href":"https:\/\/physiospain.com\/es\/wp-json\/wp\/v2\/media?parent=868"}],"curies":[{"name":"wp","href":"https:\/\/api.w.org\/{rel}","templated":true}]}}