{"id":880,"date":"2016-07-19T01:01:27","date_gmt":"2016-07-19T01:01:27","guid":{"rendered":"http:\/\/www.mimo.im\/rolf1\/es\/?page_id=880"},"modified":"2021-10-12T16:24:14","modified_gmt":"2021-10-12T14:24:14","slug":"las-imagenes-por-ultrasonido","status":"publish","type":"page","link":"https:\/\/physiospain.com\/es\/las-imagenes-por-ultrasonido\/","title":{"rendered":"Las im\u00e1genes por ultrasonido"},"content":{"rendered":"<div id='full_slider_1'  class='avia-fullwidth-slider main_color avia-shadow   avia-builder-el-0  el_before_av_one_full  avia-builder-el-first   container_wrap sidebar_right'  ><div  class='avia-slideshow av-kuo29ucy-ea3f1a6788d0ef3ef28f4fb15828282c avia-slideshow-featured av_slideshow_full avia-slide-slider av-slideshow-ui av-control-default av-slideshow-manual av-loop-once av-loop-manual-endless av-default-height-applied   avia-slideshow-1' data-slideshow-options=\"{&quot;animation&quot;:&quot;slide&quot;,&quot;autoplay&quot;:false,&quot;loop_autoplay&quot;:&quot;once&quot;,&quot;interval&quot;:5,&quot;loop_manual&quot;:&quot;manual-endless&quot;,&quot;autoplay_stopper&quot;:false,&quot;noNavigation&quot;:false,&quot;bg_slider&quot;:false,&quot;keep_padding&quot;:false,&quot;hoverpause&quot;:false,&quot;show_slide_delay&quot;:0}\"  itemprop=\"image\" itemscope=\"itemscope\" itemtype=\"https:\/\/schema.org\/ImageObject\" ><ul class='avia-slideshow-inner ' style='padding-bottom: 29.477292202228%;'><li  class='avia-slideshow-slide av-kuo29ucy-ea3f1a6788d0ef3ef28f4fb15828282c__0  av-single-slide slide-1 slide-odd'><div data-rel='slideshow-1' class='avia-slide-wrap '   ><div class='av-slideshow-caption av-kuo29ucy-ea3f1a6788d0ef3ef28f4fb15828282c__0 caption_fullwidth caption_bottom'><div class=\"container caption_container\"><div class=\"slideshow_caption\"><div class=\"slideshow_inner_caption\"><div class=\"slideshow_align_caption\"><h2 class='avia-caption-title '  itemprop=\"name\" >Las im\u00e1genes por ultrasonido<\/h2><\/div><\/div><\/div><\/div><\/div><img decoding=\"async\" fetchpriority=\"high\" class=\"wp-image-3253 avia-img-lazy-loading-not-3253\"  src=\"https:\/\/physiospain.com\/wp-content\/uploads\/2021\/08\/ultraljudsscanning-physiospain-sverige.png\" width=\"1167\" height=\"344\" title='ultraljudsscanning-physiospain-sverige' alt=''  itemprop=\"thumbnailUrl\" srcset=\"https:\/\/physiospain.com\/wp-content\/uploads\/2021\/08\/ultraljudsscanning-physiospain-sverige.png 1167w, https:\/\/physiospain.com\/wp-content\/uploads\/2021\/08\/ultraljudsscanning-physiospain-sverige-300x88.png 300w, https:\/\/physiospain.com\/wp-content\/uploads\/2021\/08\/ultraljudsscanning-physiospain-sverige-1030x304.png 1030w, https:\/\/physiospain.com\/wp-content\/uploads\/2021\/08\/ultraljudsscanning-physiospain-sverige-768x226.png 768w, https:\/\/physiospain.com\/wp-content\/uploads\/2021\/08\/ultraljudsscanning-physiospain-sverige-705x208.png 705w\" sizes=\"(max-width: 1167px) 100vw, 1167px\" \/><\/div><\/li><\/ul><\/div><\/div><div id='after_full_slider_1'  class='main_color av_default_container_wrap container_wrap sidebar_right'  ><div class='container av-section-cont-open' ><div class='template-page content  av-content-small alpha units'><div class='post-entry post-entry-type-page post-entry-880'><div class='entry-content-wrapper clearfix'>\n\n<style type=\"text\/css\" data-created_by=\"avia_inline_auto\" id=\"style-css-av-9d940-a97da1e793a48e51661f8e929a59fbe5\">\n.flex_column.av-9d940-a97da1e793a48e51661f8e929a59fbe5{\nborder-radius:0px 0px 0px 0px;\npadding:0px 0px 0px 0px;\n}\n<\/style>\n<div  class='flex_column av-9d940-a97da1e793a48e51661f8e929a59fbe5 av_one_full  avia-builder-el-1  el_after_av_slideshow_full  avia-builder-el-no-sibling  first flex_column_div av-zero-column-padding  '     ><section  class='av_textblock_section av-kuo2fog9-5f4d8f5daf6d21f74bc98aea9149d6f4 '   itemscope=\"itemscope\" itemtype=\"https:\/\/schema.org\/CreativeWork\" ><div class='avia_textblock'  itemprop=\"text\" ><h2>La Ecografia Musculoesqueletal<\/h2>\n<p>El examen por ultrasonido tambi\u00e9n se conoce como ecograf\u00eda, o la examinaci\u00f3n de las partes del cuerpo con las ondas sonoras de alta frecuencia para producir im\u00e1genes del interior del cuerpo. Con la maquina de ultrasonidos se toman im\u00e1genes en tiempo real y puede mostrar de inmediato la estructura y el movimiento de los m\u00fasculos y tendones, as\u00ed como la circulacion de la sangre por los vasos sangu\u00edneos. El ultrasonido es un examen m\u00e9dico sin necesidad de intervenci\u00f3n que ayuda a los fisioterapeutas para evaluar y tratar los trastornos del m\u00fasculo sobre la base de un diagn\u00f3stico m\u00e1s preciso.<\/p>\n<p><img loading=\"lazy\" decoding=\"async\" class=\"alignnone wp-image-3518 size-full\" src=\"https:\/\/physiospain.com\/wp-content\/uploads\/2021\/10\/ultraljudscanning-spanska.png\" alt=\"\" width=\"776\" height=\"252\" srcset=\"https:\/\/physiospain.com\/wp-content\/uploads\/2021\/10\/ultraljudscanning-spanska.png 776w, https:\/\/physiospain.com\/wp-content\/uploads\/2021\/10\/ultraljudscanning-spanska-300x97.png 300w, https:\/\/physiospain.com\/wp-content\/uploads\/2021\/10\/ultraljudscanning-spanska-768x249.png 768w, https:\/\/physiospain.com\/wp-content\/uploads\/2021\/10\/ultraljudscanning-spanska-705x229.png 705w\" sizes=\"auto, (max-width: 776px) 100vw, 776px\" \/><\/p>\n<hr \/>\n<h2><strong>\u00bfCu\u00e1les son los beneficios y ventajas de la ecograf\u00eda?<\/strong><\/h2>\n<p>\u2022 El ultrasonido no es invasivo (sin agujas ni inyecciones) y es generalmente es completamente ind\u00f3loro.<br \/>\n\u2022 El ultrasonido esta ampliamente disponible para su uso y es menos costoso que otros m\u00e9todos de im\u00e1genes.<br \/>\n\u2022 El ultrasonido no utiliza radiaci\u00f3n ionizante.<br \/>\n\u2022 El ultrasonido proporciona una imagen clara de los tejidos blandos. Los rayos X tradicionales s\u00f3lo pueden dar una imagen clara del tejido \u00f3seo.<br \/>\n\u2022 El ultrasonido hace que sea posible escanear al paciente mientras hace movimientos din\u00e1micos. En comparaci\u00f3n con la RM en la que el paciente debe permanecer completamente inm\u00f3vil durante varios minutos.<br \/>\n\u2022 El ultrasonido proporciona una imagen en tiempo real.<br \/>\n\u2022 En contraste con los fuertes campos magn\u00e9ticos en resonancia magn\u00e9tica (RM) que afecta varios implantes, el ultrasonido no afecta a marcapasos, implantes ferromagn\u00e9ticos o fragmentos dentro del cuerpo.<br \/>\n\u2022 El ultrasonido tambi\u00e9n es una excelente alternativa a la RM si un paciente experimenta claustrofobia.<\/p>\n<p><img loading=\"lazy\" decoding=\"async\" class=\"wp-image-3450 aligncenter\" src=\"https:\/\/physiospain.com\/wp-content\/uploads\/2021\/09\/rolf-physiospain-ultrasound-imaging.jpg\" alt=\"rolf physiospain ultrasound imaging\" width=\"477\" height=\"358\" srcset=\"https:\/\/physiospain.com\/wp-content\/uploads\/2021\/09\/rolf-physiospain-ultrasound-imaging.jpg 750w, https:\/\/physiospain.com\/wp-content\/uploads\/2021\/09\/rolf-physiospain-ultrasound-imaging-300x225.jpg 300w, https:\/\/physiospain.com\/wp-content\/uploads\/2021\/09\/rolf-physiospain-ultrasound-imaging-705x529.jpg 705w\" sizes=\"auto, (max-width: 477px) 100vw, 477px\" \/><\/p>\n<hr \/>\n<h3><strong>Riesgos?<\/strong><\/h3>\n<p>No hay efectos nocivos conocidos en el sistema musculoesqueletico por ultrasonidos en los seres humanos.<\/p>\n<\/div><\/section><\/div>\n","protected":false},"excerpt":{"rendered":"","protected":false},"author":1,"featured_media":3247,"parent":0,"menu_order":0,"comment_status":"closed","ping_status":"closed","template":"","meta":{"_uag_custom_page_level_css":"","footnotes":""},"class_list":["post-880","page","type-page","status-publish","has-post-thumbnail","hentry"],"featured_image_src":"https:\/\/physiospain.com\/wp-content\/uploads\/2021\/08\/ultraljudsscanning-physiospain.jpg","yoast_head":"<!-- This site is optimized with the Yoast SEO plugin v27.3 - https:\/\/yoast.com\/product\/yoast-seo-wordpress\/ -->\n<title>Ecografia musculoesqueletal, imagenes por ultrasonido en la fisioterapia<\/title>\n<meta name=\"description\" content=\"La eografia puede ser de gran ayuda para los fisioterapeutas a la hora de evaluar el sistema musculoesqueletal y los tejidos\" \/>\n<meta name=\"robots\" content=\"index, follow, max-snippet:-1, max-image-preview:large, max-video-preview:-1\" \/>\n<link rel=\"canonical\" href=\"https:\/\/physiospain.com\/es\/las-imagenes-por-ultrasonido\/\" \/>\n<meta property=\"og:locale\" content=\"es_ES\" \/>\n<meta property=\"og:type\" content=\"article\" \/>\n<meta property=\"og:title\" content=\"Ecografia musculoesqueletal, imagenes por ultrasonido en la fisioterapia\" \/>\n<meta property=\"og:description\" content=\"La eografia puede ser de gran ayuda para los fisioterapeutas a la hora de evaluar el sistema musculoesqueletal y los tejidos\" \/>\n<meta property=\"og:url\" content=\"https:\/\/physiospain.com\/es\/las-imagenes-por-ultrasonido\/\" \/>\n<meta property=\"og:site_name\" content=\"PhysioSpain - Physiotherapy \/ Osteopathic treatment in Fuengirola, Mijas &amp; Malaga\" \/>\n<meta property=\"article:modified_time\" content=\"2021-10-12T14:24:14+00:00\" \/>\n<meta property=\"og:image\" content=\"https:\/\/physiospain.com\/wp-content\/uploads\/2021\/08\/ultraljudsscanning-physiospain.jpg\" \/>\n\t<meta property=\"og:image:width\" content=\"1023\" \/>\n\t<meta property=\"og:image:height\" content=\"355\" \/>\n\t<meta property=\"og:image:type\" content=\"image\/jpeg\" \/>\n<meta name=\"twitter:card\" content=\"summary_large_image\" \/>\n<meta name=\"twitter:label1\" content=\"Tiempo de lectura\" \/>\n\t<meta name=\"twitter:data1\" content=\"3 minutos\" \/>\n<script type=\"application\/ld+json\" class=\"yoast-schema-graph\">{\"@context\":\"https:\\\/\\\/schema.org\",\"@graph\":[{\"@type\":\"WebPage\",\"@id\":\"https:\\\/\\\/physiospain.com\\\/es\\\/las-imagenes-por-ultrasonido\\\/\",\"url\":\"https:\\\/\\\/physiospain.com\\\/es\\\/las-imagenes-por-ultrasonido\\\/\",\"name\":\"Ecografia musculoesqueletal, imagenes por ultrasonido en la fisioterapia\",\"isPartOf\":{\"@id\":\"https:\\\/\\\/physiospain.com\\\/#website\"},\"primaryImageOfPage\":{\"@id\":\"https:\\\/\\\/physiospain.com\\\/es\\\/las-imagenes-por-ultrasonido\\\/#primaryimage\"},\"image\":{\"@id\":\"https:\\\/\\\/physiospain.com\\\/es\\\/las-imagenes-por-ultrasonido\\\/#primaryimage\"},\"thumbnailUrl\":\"https:\\\/\\\/physiospain.com\\\/wp-content\\\/uploads\\\/2021\\\/08\\\/ultraljudsscanning-physiospain.jpg\",\"datePublished\":\"2016-07-19T01:01:27+00:00\",\"dateModified\":\"2021-10-12T14:24:14+00:00\",\"description\":\"La eografia puede ser de gran ayuda para los fisioterapeutas a la hora de evaluar el sistema musculoesqueletal y los tejidos\",\"breadcrumb\":{\"@id\":\"https:\\\/\\\/physiospain.com\\\/es\\\/las-imagenes-por-ultrasonido\\\/#breadcrumb\"},\"inLanguage\":\"es\",\"potentialAction\":[{\"@type\":\"ReadAction\",\"target\":[\"https:\\\/\\\/physiospain.com\\\/es\\\/las-imagenes-por-ultrasonido\\\/\"]}]},{\"@type\":\"ImageObject\",\"inLanguage\":\"es\",\"@id\":\"https:\\\/\\\/physiospain.com\\\/es\\\/las-imagenes-por-ultrasonido\\\/#primaryimage\",\"url\":\"https:\\\/\\\/physiospain.com\\\/wp-content\\\/uploads\\\/2021\\\/08\\\/ultraljudsscanning-physiospain.jpg\",\"contentUrl\":\"https:\\\/\\\/physiospain.com\\\/wp-content\\\/uploads\\\/2021\\\/08\\\/ultraljudsscanning-physiospain.jpg\",\"width\":1023,\"height\":355,\"caption\":\"ultraljudsscanning-physiospain\"},{\"@type\":\"BreadcrumbList\",\"@id\":\"https:\\\/\\\/physiospain.com\\\/es\\\/las-imagenes-por-ultrasonido\\\/#breadcrumb\",\"itemListElement\":[{\"@type\":\"ListItem\",\"position\":1,\"name\":\"Home\",\"item\":\"https:\\\/\\\/physiospain.com\\\/es\\\/home\\\/\"},{\"@type\":\"ListItem\",\"position\":2,\"name\":\"Las im\u00e1genes por ultrasonido\"}]},{\"@type\":\"WebSite\",\"@id\":\"https:\\\/\\\/physiospain.com\\\/#website\",\"url\":\"https:\\\/\\\/physiospain.com\\\/\",\"name\":\"PhysioSpain - Physiotherapy \\\/ Osteopathic treatment in Fuengirola, Mijas &amp; Malaga\",\"description\":\"Clinica Physio Spain\",\"publisher\":{\"@id\":\"https:\\\/\\\/physiospain.com\\\/#organization\"},\"potentialAction\":[{\"@type\":\"SearchAction\",\"target\":{\"@type\":\"EntryPoint\",\"urlTemplate\":\"https:\\\/\\\/physiospain.com\\\/?s={search_term_string}\"},\"query-input\":{\"@type\":\"PropertyValueSpecification\",\"valueRequired\":true,\"valueName\":\"search_term_string\"}}],\"inLanguage\":\"es\"},{\"@type\":\"Organization\",\"@id\":\"https:\\\/\\\/physiospain.com\\\/#organization\",\"name\":\"Physiospain\",\"url\":\"https:\\\/\\\/physiospain.com\\\/\",\"logo\":{\"@type\":\"ImageObject\",\"inLanguage\":\"es\",\"@id\":\"https:\\\/\\\/physiospain.com\\\/#\\\/schema\\\/logo\\\/image\\\/\",\"url\":\"https:\\\/\\\/physiospain.com\\\/wp-content\\\/uploads\\\/2016\\\/06\\\/logo-physiospain-fuengirola2.png\",\"contentUrl\":\"https:\\\/\\\/physiospain.com\\\/wp-content\\\/uploads\\\/2016\\\/06\\\/logo-physiospain-fuengirola2.png\",\"width\":415,\"height\":108,\"caption\":\"Physiospain\"},\"image\":{\"@id\":\"https:\\\/\\\/physiospain.com\\\/#\\\/schema\\\/logo\\\/image\\\/\"}}]}<\/script>\n<!-- \/ Yoast SEO plugin. -->","yoast_head_json":{"title":"Ecografia musculoesqueletal, imagenes por ultrasonido en la fisioterapia","description":"La eografia puede ser de gran ayuda para los fisioterapeutas a la hora de evaluar el sistema musculoesqueletal y los tejidos","robots":{"index":"index","follow":"follow","max-snippet":"max-snippet:-1","max-image-preview":"max-image-preview:large","max-video-preview":"max-video-preview:-1"},"canonical":"https:\/\/physiospain.com\/es\/las-imagenes-por-ultrasonido\/","og_locale":"es_ES","og_type":"article","og_title":"Ecografia musculoesqueletal, imagenes por ultrasonido en la fisioterapia","og_description":"La eografia puede ser de gran ayuda para los fisioterapeutas a la hora de evaluar el sistema musculoesqueletal y los tejidos","og_url":"https:\/\/physiospain.com\/es\/las-imagenes-por-ultrasonido\/","og_site_name":"PhysioSpain - Physiotherapy \/ Osteopathic treatment in Fuengirola, Mijas &amp; Malaga","article_modified_time":"2021-10-12T14:24:14+00:00","og_image":[{"width":1023,"height":355,"url":"https:\/\/physiospain.com\/wp-content\/uploads\/2021\/08\/ultraljudsscanning-physiospain.jpg","type":"image\/jpeg"}],"twitter_card":"summary_large_image","twitter_misc":{"Tiempo de lectura":"3 minutos"},"schema":{"@context":"https:\/\/schema.org","@graph":[{"@type":"WebPage","@id":"https:\/\/physiospain.com\/es\/las-imagenes-por-ultrasonido\/","url":"https:\/\/physiospain.com\/es\/las-imagenes-por-ultrasonido\/","name":"Ecografia musculoesqueletal, imagenes por ultrasonido en la fisioterapia","isPartOf":{"@id":"https:\/\/physiospain.com\/#website"},"primaryImageOfPage":{"@id":"https:\/\/physiospain.com\/es\/las-imagenes-por-ultrasonido\/#primaryimage"},"image":{"@id":"https:\/\/physiospain.com\/es\/las-imagenes-por-ultrasonido\/#primaryimage"},"thumbnailUrl":"https:\/\/physiospain.com\/wp-content\/uploads\/2021\/08\/ultraljudsscanning-physiospain.jpg","datePublished":"2016-07-19T01:01:27+00:00","dateModified":"2021-10-12T14:24:14+00:00","description":"La eografia puede ser de gran ayuda para los fisioterapeutas a la hora de evaluar el sistema musculoesqueletal y los tejidos","breadcrumb":{"@id":"https:\/\/physiospain.com\/es\/las-imagenes-por-ultrasonido\/#breadcrumb"},"inLanguage":"es","potentialAction":[{"@type":"ReadAction","target":["https:\/\/physiospain.com\/es\/las-imagenes-por-ultrasonido\/"]}]},{"@type":"ImageObject","inLanguage":"es","@id":"https:\/\/physiospain.com\/es\/las-imagenes-por-ultrasonido\/#primaryimage","url":"https:\/\/physiospain.com\/wp-content\/uploads\/2021\/08\/ultraljudsscanning-physiospain.jpg","contentUrl":"https:\/\/physiospain.com\/wp-content\/uploads\/2021\/08\/ultraljudsscanning-physiospain.jpg","width":1023,"height":355,"caption":"ultraljudsscanning-physiospain"},{"@type":"BreadcrumbList","@id":"https:\/\/physiospain.com\/es\/las-imagenes-por-ultrasonido\/#breadcrumb","itemListElement":[{"@type":"ListItem","position":1,"name":"Home","item":"https:\/\/physiospain.com\/es\/home\/"},{"@type":"ListItem","position":2,"name":"Las im\u00e1genes por ultrasonido"}]},{"@type":"WebSite","@id":"https:\/\/physiospain.com\/#website","url":"https:\/\/physiospain.com\/","name":"PhysioSpain - Physiotherapy \/ Osteopathic treatment in Fuengirola, Mijas &amp; Malaga","description":"Clinica Physio Spain","publisher":{"@id":"https:\/\/physiospain.com\/#organization"},"potentialAction":[{"@type":"SearchAction","target":{"@type":"EntryPoint","urlTemplate":"https:\/\/physiospain.com\/?s={search_term_string}"},"query-input":{"@type":"PropertyValueSpecification","valueRequired":true,"valueName":"search_term_string"}}],"inLanguage":"es"},{"@type":"Organization","@id":"https:\/\/physiospain.com\/#organization","name":"Physiospain","url":"https:\/\/physiospain.com\/","logo":{"@type":"ImageObject","inLanguage":"es","@id":"https:\/\/physiospain.com\/#\/schema\/logo\/image\/","url":"https:\/\/physiospain.com\/wp-content\/uploads\/2016\/06\/logo-physiospain-fuengirola2.png","contentUrl":"https:\/\/physiospain.com\/wp-content\/uploads\/2016\/06\/logo-physiospain-fuengirola2.png","width":415,"height":108,"caption":"Physiospain"},"image":{"@id":"https:\/\/physiospain.com\/#\/schema\/logo\/image\/"}}]}},"uagb_featured_image_src":{"full":["https:\/\/physiospain.com\/wp-content\/uploads\/2021\/08\/ultraljudsscanning-physiospain.jpg",1023,355,false],"thumbnail":["https:\/\/physiospain.com\/wp-content\/uploads\/2021\/08\/ultraljudsscanning-physiospain-80x80.jpg",80,80,true],"medium":["https:\/\/physiospain.com\/wp-content\/uploads\/2021\/08\/ultraljudsscanning-physiospain-300x104.jpg",300,104,true],"medium_large":["https:\/\/physiospain.com\/wp-content\/uploads\/2021\/08\/ultraljudsscanning-physiospain-768x267.jpg",768,267,true],"large":["https:\/\/physiospain.com\/wp-content\/uploads\/2021\/08\/ultraljudsscanning-physiospain.jpg",1023,355,false],"1536x1536":["https:\/\/physiospain.com\/wp-content\/uploads\/2021\/08\/ultraljudsscanning-physiospain.jpg",1023,355,false],"2048x2048":["https:\/\/physiospain.com\/wp-content\/uploads\/2021\/08\/ultraljudsscanning-physiospain.jpg",1023,355,false],"widget":["https:\/\/physiospain.com\/wp-content\/uploads\/2021\/08\/ultraljudsscanning-physiospain-36x36.jpg",36,36,true],"square":["https:\/\/physiospain.com\/wp-content\/uploads\/2021\/08\/ultraljudsscanning-physiospain-180x180.jpg",180,180,true],"featured":["https:\/\/physiospain.com\/wp-content\/uploads\/2021\/08\/ultraljudsscanning-physiospain.jpg",1023,355,false],"featured_large":["https:\/\/physiospain.com\/wp-content\/uploads\/2021\/08\/ultraljudsscanning-physiospain.jpg",1023,355,false],"extra_large":["https:\/\/physiospain.com\/wp-content\/uploads\/2021\/08\/ultraljudsscanning-physiospain.jpg",1023,355,false],"portfolio":["https:\/\/physiospain.com\/wp-content\/uploads\/2021\/08\/ultraljudsscanning-physiospain-495x355.jpg",495,355,true],"portfolio_small":["https:\/\/physiospain.com\/wp-content\/uploads\/2021\/08\/ultraljudsscanning-physiospain-260x185.jpg",260,185,true],"gallery":["https:\/\/physiospain.com\/wp-content\/uploads\/2021\/08\/ultraljudsscanning-physiospain-845x355.jpg",845,355,true],"magazine":["https:\/\/physiospain.com\/wp-content\/uploads\/2021\/08\/ultraljudsscanning-physiospain-710x355.jpg",710,355,true],"masonry":["https:\/\/physiospain.com\/wp-content\/uploads\/2021\/08\/ultraljudsscanning-physiospain-705x245.jpg",705,245,true],"entry_with_sidebar":["https:\/\/physiospain.com\/wp-content\/uploads\/2021\/08\/ultraljudsscanning-physiospain-845x321.jpg",845,321,true],"entry_without_sidebar":["https:\/\/physiospain.com\/wp-content\/uploads\/2021\/08\/ultraljudsscanning-physiospain.jpg",1023,355,false],"zeguten-blog-image":["https:\/\/physiospain.com\/wp-content\/uploads\/2021\/08\/ultraljudsscanning-physiospain.jpg",700,243,false],"zeguten-blog-image-small":["https:\/\/physiospain.com\/wp-content\/uploads\/2021\/08\/ultraljudsscanning-physiospain.jpg",260,90,false],"zeguten-blog-image-640x465":["https:\/\/physiospain.com\/wp-content\/uploads\/2021\/08\/ultraljudsscanning-physiospain.jpg",640,222,false],"zeguten-blog-image-400x300":["https:\/\/physiospain.com\/wp-content\/uploads\/2021\/08\/ultraljudsscanning-physiospain.jpg",400,139,false],"zeguten-blog-image-620x715":["https:\/\/physiospain.com\/wp-content\/uploads\/2021\/08\/ultraljudsscanning-physiospain.jpg",620,215,false],"zeguten-blog-image-510x700":["https:\/\/physiospain.com\/wp-content\/uploads\/2021\/08\/ultraljudsscanning-physiospain.jpg",510,177,false],"zeguten-blog-image-630x635":["https:\/\/physiospain.com\/wp-content\/uploads\/2021\/08\/ultraljudsscanning-physiospain.jpg",630,219,false]},"uagb_author_info":{"display_name":"Admin","author_link":"https:\/\/physiospain.com\/es\/author\/tony96\/"},"uagb_comment_info":0,"uagb_excerpt":null,"zeguten_blocks_get_image_src":{"full":["https:\/\/physiospain.com\/wp-content\/uploads\/2021\/08\/ultraljudsscanning-physiospain.jpg",1023,355,false],"thumbnail":["https:\/\/physiospain.com\/wp-content\/uploads\/2021\/08\/ultraljudsscanning-physiospain-80x80.jpg",80,80,true],"medium":["https:\/\/physiospain.com\/wp-content\/uploads\/2021\/08\/ultraljudsscanning-physiospain-300x104.jpg",300,104,true],"medium_large":["https:\/\/physiospain.com\/wp-content\/uploads\/2021\/08\/ultraljudsscanning-physiospain-768x267.jpg",768,267,true],"large":["https:\/\/physiospain.com\/wp-content\/uploads\/2021\/08\/ultraljudsscanning-physiospain.jpg",1023,355,false],"1536x1536":["https:\/\/physiospain.com\/wp-content\/uploads\/2021\/08\/ultraljudsscanning-physiospain.jpg",1023,355,false],"2048x2048":["https:\/\/physiospain.com\/wp-content\/uploads\/2021\/08\/ultraljudsscanning-physiospain.jpg",1023,355,false],"widget":["https:\/\/physiospain.com\/wp-content\/uploads\/2021\/08\/ultraljudsscanning-physiospain-36x36.jpg",36,36,true],"square":["https:\/\/physiospain.com\/wp-content\/uploads\/2021\/08\/ultraljudsscanning-physiospain-180x180.jpg",180,180,true],"featured":["https:\/\/physiospain.com\/wp-content\/uploads\/2021\/08\/ultraljudsscanning-physiospain.jpg",1023,355,false],"featured_large":["https:\/\/physiospain.com\/wp-content\/uploads\/2021\/08\/ultraljudsscanning-physiospain.jpg",1023,355,false],"extra_large":["https:\/\/physiospain.com\/wp-content\/uploads\/2021\/08\/ultraljudsscanning-physiospain.jpg",1023,355,false],"portfolio":["https:\/\/physiospain.com\/wp-content\/uploads\/2021\/08\/ultraljudsscanning-physiospain-495x355.jpg",495,355,true],"portfolio_small":["https:\/\/physiospain.com\/wp-content\/uploads\/2021\/08\/ultraljudsscanning-physiospain-260x185.jpg",260,185,true],"gallery":["https:\/\/physiospain.com\/wp-content\/uploads\/2021\/08\/ultraljudsscanning-physiospain-845x355.jpg",845,355,true],"magazine":["https:\/\/physiospain.com\/wp-content\/uploads\/2021\/08\/ultraljudsscanning-physiospain-710x355.jpg",710,355,true],"masonry":["https:\/\/physiospain.com\/wp-content\/uploads\/2021\/08\/ultraljudsscanning-physiospain-705x245.jpg",705,245,true],"entry_with_sidebar":["https:\/\/physiospain.com\/wp-content\/uploads\/2021\/08\/ultraljudsscanning-physiospain-845x321.jpg",845,321,true],"entry_without_sidebar":["https:\/\/physiospain.com\/wp-content\/uploads\/2021\/08\/ultraljudsscanning-physiospain.jpg",1023,355,false],"zeguten-blog-image":["https:\/\/physiospain.com\/wp-content\/uploads\/2021\/08\/ultraljudsscanning-physiospain.jpg",700,243,false],"zeguten-blog-image-small":["https:\/\/physiospain.com\/wp-content\/uploads\/2021\/08\/ultraljudsscanning-physiospain.jpg",260,90,false],"zeguten-blog-image-640x465":["https:\/\/physiospain.com\/wp-content\/uploads\/2021\/08\/ultraljudsscanning-physiospain.jpg",640,222,false],"zeguten-blog-image-400x300":["https:\/\/physiospain.com\/wp-content\/uploads\/2021\/08\/ultraljudsscanning-physiospain.jpg",400,139,false],"zeguten-blog-image-620x715":["https:\/\/physiospain.com\/wp-content\/uploads\/2021\/08\/ultraljudsscanning-physiospain.jpg",620,215,false],"zeguten-blog-image-510x700":["https:\/\/physiospain.com\/wp-content\/uploads\/2021\/08\/ultraljudsscanning-physiospain.jpg",510,177,false],"zeguten-blog-image-630x635":["https:\/\/physiospain.com\/wp-content\/uploads\/2021\/08\/ultraljudsscanning-physiospain.jpg",630,219,false]},"zeguten_author_info":{"display_name":"Admin","author_link":"https:\/\/physiospain.com\/es\/author\/tony96\/"},"zeguten_comment_info":{"comments_number":"0","comments_link":"https:\/\/physiospain.com\/es\/las-imagenes-por-ultrasonido\/#respond"},"zeguten_excerpt":null,"_links":{"self":[{"href":"https:\/\/physiospain.com\/es\/wp-json\/wp\/v2\/pages\/880","targetHints":{"allow":["GET"]}}],"collection":[{"href":"https:\/\/physiospain.com\/es\/wp-json\/wp\/v2\/pages"}],"about":[{"href":"https:\/\/physiospain.com\/es\/wp-json\/wp\/v2\/types\/page"}],"author":[{"embeddable":true,"href":"https:\/\/physiospain.com\/es\/wp-json\/wp\/v2\/users\/1"}],"replies":[{"embeddable":true,"href":"https:\/\/physiospain.com\/es\/wp-json\/wp\/v2\/comments?post=880"}],"version-history":[{"count":3,"href":"https:\/\/physiospain.com\/es\/wp-json\/wp\/v2\/pages\/880\/revisions"}],"predecessor-version":[{"id":3605,"href":"https:\/\/physiospain.com\/es\/wp-json\/wp\/v2\/pages\/880\/revisions\/3605"}],"wp:featuredmedia":[{"embeddable":true,"href":"https:\/\/physiospain.com\/es\/wp-json\/wp\/v2\/media\/3247"}],"wp:attachment":[{"href":"https:\/\/physiospain.com\/es\/wp-json\/wp\/v2\/media?parent=880"}],"curies":[{"name":"wp","href":"https:\/\/api.w.org\/{rel}","templated":true}]}}