{"id":1248,"date":"2016-07-29T12:42:21","date_gmt":"2016-07-29T10:42:21","guid":{"rendered":"https:\/\/physiospain.com\/nb\/?page_id=1248"},"modified":"2016-08-01T11:36:55","modified_gmt":"2016-08-01T09:36:55","slug":"nedre-kryss-syndrom","status":"publish","type":"page","link":"https:\/\/physiospain.com\/nb\/nedre-kryss-syndrom\/","title":{"rendered":"Nedre kryss Syndrom"},"content":{"rendered":"<p><b>NEDRE KRYSS SYNDROME<\/b><\/p>\n<p>Det er en vanlig tilstand som skaper en ubalanse i muskel-skjelettsystemet rundt hofte,bekken og korsryg, som i seg ikke er for\u00e5rsaket av skade eller sykdom..Selv om tilstanden er ufarlig vil denne ubalansen over tid skape un\u00f8dig belastning p\u00e5 muskler og ledd. F\u00f8lgen er funksjonshemmninger, redusert belastningtoleranse og slitasje.Det kan ofte v\u00e6re en \u00e5rsak til tilbakevendende plager.<\/p>\n<p><strong>\u00c5RSAK:<\/strong><\/p>\n<p>NKS oppst\u00e5r n\u00e5r det er en forkortning av den lumbale muskulaturen krysset med en tiltatt forkortning av hofteb\u00f8yerne og en svak gluteus muskulatur ( Baken) samt krysset med \u00a0en svak magemuskulatur.<\/p>\n<p>Det er flere \u00e5rsaker til hvorfor dette oppst\u00e5r. Det kan v\u00e6re \u00f8kt stress (stivhet) av forskjellige muskelgrupper.Den vanligste \u00e5rsaken er gal holdning, d\u00e5rlig kroppsbevissthet og viten om hvordan man b\u00f8r utf\u00f8re de daglige gj\u00f8rem\u00e5l, feil trening, ensidig belastning og for stor spenning i nedre del av ryggen . Samt generelt d\u00e5rlig fysik.<\/p>\n<p><strong>SYMPTOMER:<\/strong><\/p>\n<p>Lumbale smerter, hofte eller bekken ledd problemer.\u00a0Rygg smerter, gluteus muskulaturen, hofte b\u00f8yrne og lyske smerter.\u00a0Nedsatt beveglighet av hofte, bekken \u00a0eller korsrygg.<\/p>\n<p>Holdningen forandres med st\u00f8rre svai i korsryggen, utover rotasjon av hoftene og overstrekkte kn\u00e6r. \u00d8kt ryggstivhet og spenniger i baken. Ofte blir maven ogs\u00e5 framtredende.<\/p>\n<p><strong>UNDERS\u00d8KELSE:<\/strong><\/p>\n<p>Vi vil genomf\u00f8re en grundig sykehistorie og unders\u00f8kelse for \u00e5 finne \u00e5rsaken og sammenhangen med ubalanse og holdningsendringer som en nedre tverr syndrom har for\u00e5rsaket over tid.<\/p>\n<p><strong>BEHANDLING:<\/strong><\/p>\n<p>Ofte beh\u00f8ver feilfunkajoner i hofte, bekken, korsryggen (de l\u00e5ste ledd) korrigeres med en eller flere justeringer (manipulasjon), for \u00e5 genopprette normal bevegelse. Behandlingen er vanligvis ikke smertfull, og du ser raskt forbedringer av funksjon og smerte. Dette skal kombineres med \u00e5 styrke de svake muskler og strekke stramme, gi deg kroppsvisshet og ergonomi. Er du golfspiller b\u00f8r du f\u00e5 hjelp med rett utgangs stillning og svingteknik. Dette kan vi ogs\u00e5 hjelpe deg med som autorisert TPI fitness instrukt\u00f8r.<\/p>\n<p><strong>HVA KAN JEG G\u00d8RE SELV?<\/strong><\/p>\n<p>Pr\u00f8v \u00e5 opprettholde bevegelsen s\u00e5 godt som mulig. F\u00f8lg \u00f8velsene, b\u00e5de det \u00e5 styrke svake muskler og \u00f8ke fleksibiliteten i de korte muskler.<\/p>\n<p><strong>FOREBYGGE:<\/strong><\/p>\n<p>God holdning, ogs\u00e5 n\u00e5r du sitter, \u00f8kt bevisshet og kunskap om hvordan du utf\u00f8rer bevegelsene uten \u00e5 &laquo;jukse&raquo;. Trening, bevegelse, streching.<\/p>\n<p>Opretthold optimal funksjon av resten av ryggrad, hofte, kne og fotledd.<\/p>\n<p>Som du vet, en sti ingen g\u00e5r p\u00e5, vokser raskt igjen. Synonymt med at hvis du ikke tar ut full bevegelse vil du til slutt miste den.<\/p>\n<p>Din innsats &#8211; v\u00e5r hjelp &#8211; mindre plager &#8211; bettre form!<\/p>\n<p>&nbsp;<\/p>\n<p>&nbsp;<\/p>\n","protected":false},"excerpt":{"rendered":"<p>NEDRE KRYSS SYNDROME Det er en vanlig tilstand som skaper en ubalanse i muskel-skjelettsystemet rundt hofte,bekken og korsryg, som i seg ikke er for\u00e5rsaket av skade eller sykdom..Selv om tilstanden er ufarlig vil denne ubalansen over tid skape un\u00f8dig belastning p\u00e5 muskler og ledd. F\u00f8lgen er funksjonshemmninger, redusert belastningtoleranse og slitasje.Det kan ofte v\u00e6re en [&hellip;]<\/p>\n","protected":false},"author":1,"featured_media":0,"parent":0,"menu_order":0,"comment_status":"closed","ping_status":"closed","template":"","meta":{"_uag_custom_page_level_css":"","footnotes":""},"class_list":["post-1248","page","type-page","status-publish","hentry"],"featured_image_src":null,"yoast_head":"<!-- This site is optimized with the Yoast SEO plugin v27.3 - https:\/\/yoast.com\/product\/yoast-seo-wordpress\/ -->\n<title>Nedre kryss Syndrom - PhysioSpain - Physiotherapy \/ Osteopathic treatment in Fuengirola, Mijas &amp; Malaga<\/title>\n<meta name=\"robots\" content=\"index, follow, max-snippet:-1, max-image-preview:large, max-video-preview:-1\" \/>\n<link rel=\"canonical\" href=\"https:\/\/physiospain.com\/nb\/nedre-kryss-syndrom\/\" \/>\n<meta property=\"og:locale\" content=\"nb_NO\" \/>\n<meta property=\"og:type\" content=\"article\" \/>\n<meta property=\"og:title\" content=\"Nedre kryss Syndrom - PhysioSpain - Physiotherapy \/ Osteopathic treatment in Fuengirola, Mijas &amp; Malaga\" \/>\n<meta property=\"og:description\" content=\"NEDRE KRYSS SYNDROME Det er en vanlig tilstand som skaper en ubalanse i muskel-skjelettsystemet rundt hofte,bekken og korsryg, som i seg ikke er for\u00e5rsaket av skade eller sykdom..Selv om tilstanden er ufarlig vil denne ubalansen over tid skape un\u00f8dig belastning p\u00e5 muskler og ledd. F\u00f8lgen er funksjonshemmninger, redusert belastningtoleranse og slitasje.Det kan ofte v\u00e6re en [&hellip;]\" \/>\n<meta property=\"og:url\" content=\"https:\/\/physiospain.com\/nb\/nedre-kryss-syndrom\/\" \/>\n<meta property=\"og:site_name\" content=\"PhysioSpain - Physiotherapy \/ Osteopathic treatment in Fuengirola, Mijas &amp; Malaga\" \/>\n<meta property=\"article:modified_time\" content=\"2016-08-01T09:36:55+00:00\" \/>\n<meta name=\"twitter:card\" content=\"summary_large_image\" \/>\n<meta name=\"twitter:label1\" content=\"Ansl. lesetid\" \/>\n\t<meta name=\"twitter:data1\" content=\"2 minutter\" \/>\n<script type=\"application\/ld+json\" class=\"yoast-schema-graph\">{\"@context\":\"https:\\\/\\\/schema.org\",\"@graph\":[{\"@type\":\"WebPage\",\"@id\":\"https:\\\/\\\/physiospain.com\\\/nb\\\/nedre-kryss-syndrom\\\/\",\"url\":\"https:\\\/\\\/physiospain.com\\\/nb\\\/nedre-kryss-syndrom\\\/\",\"name\":\"Nedre kryss Syndrom - PhysioSpain - Physiotherapy \\\/ Osteopathic treatment in Fuengirola, Mijas &amp; Malaga\",\"isPartOf\":{\"@id\":\"https:\\\/\\\/physiospain.com\\\/#website\"},\"datePublished\":\"2016-07-29T10:42:21+00:00\",\"dateModified\":\"2016-08-01T09:36:55+00:00\",\"breadcrumb\":{\"@id\":\"https:\\\/\\\/physiospain.com\\\/nb\\\/nedre-kryss-syndrom\\\/#breadcrumb\"},\"inLanguage\":\"nb-NO\",\"potentialAction\":[{\"@type\":\"ReadAction\",\"target\":[\"https:\\\/\\\/physiospain.com\\\/nb\\\/nedre-kryss-syndrom\\\/\"]}]},{\"@type\":\"BreadcrumbList\",\"@id\":\"https:\\\/\\\/physiospain.com\\\/nb\\\/nedre-kryss-syndrom\\\/#breadcrumb\",\"itemListElement\":[{\"@type\":\"ListItem\",\"position\":1,\"name\":\"Home\",\"item\":\"https:\\\/\\\/physiospain.com\\\/nb\\\/z-home\\\/\"},{\"@type\":\"ListItem\",\"position\":2,\"name\":\"Nedre kryss Syndrom\"}]},{\"@type\":\"WebSite\",\"@id\":\"https:\\\/\\\/physiospain.com\\\/#website\",\"url\":\"https:\\\/\\\/physiospain.com\\\/\",\"name\":\"PhysioSpain - Physiotherapy \\\/ Osteopathic treatment in Fuengirola, Mijas &amp; Malaga\",\"description\":\"Clinica Physio Spain\",\"publisher\":{\"@id\":\"https:\\\/\\\/physiospain.com\\\/#organization\"},\"potentialAction\":[{\"@type\":\"SearchAction\",\"target\":{\"@type\":\"EntryPoint\",\"urlTemplate\":\"https:\\\/\\\/physiospain.com\\\/?s={search_term_string}\"},\"query-input\":{\"@type\":\"PropertyValueSpecification\",\"valueRequired\":true,\"valueName\":\"search_term_string\"}}],\"inLanguage\":\"nb-NO\"},{\"@type\":\"Organization\",\"@id\":\"https:\\\/\\\/physiospain.com\\\/#organization\",\"name\":\"Physiospain\",\"url\":\"https:\\\/\\\/physiospain.com\\\/\",\"logo\":{\"@type\":\"ImageObject\",\"inLanguage\":\"nb-NO\",\"@id\":\"https:\\\/\\\/physiospain.com\\\/#\\\/schema\\\/logo\\\/image\\\/\",\"url\":\"https:\\\/\\\/physiospain.com\\\/wp-content\\\/uploads\\\/2016\\\/06\\\/logo-physiospain-fuengirola2.png\",\"contentUrl\":\"https:\\\/\\\/physiospain.com\\\/wp-content\\\/uploads\\\/2016\\\/06\\\/logo-physiospain-fuengirola2.png\",\"width\":415,\"height\":108,\"caption\":\"Physiospain\"},\"image\":{\"@id\":\"https:\\\/\\\/physiospain.com\\\/#\\\/schema\\\/logo\\\/image\\\/\"}}]}<\/script>\n<!-- \/ Yoast SEO plugin. -->","yoast_head_json":{"title":"Nedre kryss Syndrom - PhysioSpain - Physiotherapy \/ Osteopathic treatment in Fuengirola, Mijas &amp; Malaga","robots":{"index":"index","follow":"follow","max-snippet":"max-snippet:-1","max-image-preview":"max-image-preview:large","max-video-preview":"max-video-preview:-1"},"canonical":"https:\/\/physiospain.com\/nb\/nedre-kryss-syndrom\/","og_locale":"nb_NO","og_type":"article","og_title":"Nedre kryss Syndrom - PhysioSpain - Physiotherapy \/ Osteopathic treatment in Fuengirola, Mijas &amp; Malaga","og_description":"NEDRE KRYSS SYNDROME Det er en vanlig tilstand som skaper en ubalanse i muskel-skjelettsystemet rundt hofte,bekken og korsryg, som i seg ikke er for\u00e5rsaket av skade eller sykdom..Selv om tilstanden er ufarlig vil denne ubalansen over tid skape un\u00f8dig belastning p\u00e5 muskler og ledd. F\u00f8lgen er funksjonshemmninger, redusert belastningtoleranse og slitasje.Det kan ofte v\u00e6re en [&hellip;]","og_url":"https:\/\/physiospain.com\/nb\/nedre-kryss-syndrom\/","og_site_name":"PhysioSpain - Physiotherapy \/ Osteopathic treatment in Fuengirola, Mijas &amp; Malaga","article_modified_time":"2016-08-01T09:36:55+00:00","twitter_card":"summary_large_image","twitter_misc":{"Ansl. lesetid":"2 minutter"},"schema":{"@context":"https:\/\/schema.org","@graph":[{"@type":"WebPage","@id":"https:\/\/physiospain.com\/nb\/nedre-kryss-syndrom\/","url":"https:\/\/physiospain.com\/nb\/nedre-kryss-syndrom\/","name":"Nedre kryss Syndrom - PhysioSpain - Physiotherapy \/ Osteopathic treatment in Fuengirola, Mijas &amp; Malaga","isPartOf":{"@id":"https:\/\/physiospain.com\/#website"},"datePublished":"2016-07-29T10:42:21+00:00","dateModified":"2016-08-01T09:36:55+00:00","breadcrumb":{"@id":"https:\/\/physiospain.com\/nb\/nedre-kryss-syndrom\/#breadcrumb"},"inLanguage":"nb-NO","potentialAction":[{"@type":"ReadAction","target":["https:\/\/physiospain.com\/nb\/nedre-kryss-syndrom\/"]}]},{"@type":"BreadcrumbList","@id":"https:\/\/physiospain.com\/nb\/nedre-kryss-syndrom\/#breadcrumb","itemListElement":[{"@type":"ListItem","position":1,"name":"Home","item":"https:\/\/physiospain.com\/nb\/z-home\/"},{"@type":"ListItem","position":2,"name":"Nedre kryss Syndrom"}]},{"@type":"WebSite","@id":"https:\/\/physiospain.com\/#website","url":"https:\/\/physiospain.com\/","name":"PhysioSpain - Physiotherapy \/ Osteopathic treatment in Fuengirola, Mijas &amp; Malaga","description":"Clinica Physio Spain","publisher":{"@id":"https:\/\/physiospain.com\/#organization"},"potentialAction":[{"@type":"SearchAction","target":{"@type":"EntryPoint","urlTemplate":"https:\/\/physiospain.com\/?s={search_term_string}"},"query-input":{"@type":"PropertyValueSpecification","valueRequired":true,"valueName":"search_term_string"}}],"inLanguage":"nb-NO"},{"@type":"Organization","@id":"https:\/\/physiospain.com\/#organization","name":"Physiospain","url":"https:\/\/physiospain.com\/","logo":{"@type":"ImageObject","inLanguage":"nb-NO","@id":"https:\/\/physiospain.com\/#\/schema\/logo\/image\/","url":"https:\/\/physiospain.com\/wp-content\/uploads\/2016\/06\/logo-physiospain-fuengirola2.png","contentUrl":"https:\/\/physiospain.com\/wp-content\/uploads\/2016\/06\/logo-physiospain-fuengirola2.png","width":415,"height":108,"caption":"Physiospain"},"image":{"@id":"https:\/\/physiospain.com\/#\/schema\/logo\/image\/"}}]}},"uagb_featured_image_src":{"full":false,"thumbnail":false,"medium":false,"medium_large":false,"large":false,"1536x1536":false,"2048x2048":false,"widget":false,"square":false,"featured":false,"featured_large":false,"extra_large":false,"portfolio":false,"portfolio_small":false,"gallery":false,"magazine":false,"masonry":false,"entry_with_sidebar":false,"entry_without_sidebar":false,"zeguten-blog-image":false,"zeguten-blog-image-small":false,"zeguten-blog-image-640x465":false,"zeguten-blog-image-400x300":false,"zeguten-blog-image-620x715":false,"zeguten-blog-image-510x700":false,"zeguten-blog-image-630x635":false},"uagb_author_info":{"display_name":"Admin","author_link":"https:\/\/physiospain.com\/nb\/author\/tony96\/"},"uagb_comment_info":0,"uagb_excerpt":"NEDRE KRYSS SYNDROME Det er en vanlig tilstand som skaper en ubalanse i muskel-skjelettsystemet rundt hofte,bekken og korsryg, som i seg ikke er for\u00e5rsaket av skade eller sykdom..Selv om tilstanden er ufarlig vil denne ubalansen over tid skape un\u00f8dig belastning p\u00e5 muskler og ledd. F\u00f8lgen er funksjonshemmninger, redusert belastningtoleranse og slitasje.Det kan ofte v\u00e6re en&hellip;","zeguten_blocks_get_image_src":{"full":false,"thumbnail":false,"medium":false,"medium_large":false,"large":false,"1536x1536":false,"2048x2048":false,"widget":false,"square":false,"featured":false,"featured_large":false,"extra_large":false,"portfolio":false,"portfolio_small":false,"gallery":false,"magazine":false,"masonry":false,"entry_with_sidebar":false,"entry_without_sidebar":false,"zeguten-blog-image":false,"zeguten-blog-image-small":false,"zeguten-blog-image-640x465":false,"zeguten-blog-image-400x300":false,"zeguten-blog-image-620x715":false,"zeguten-blog-image-510x700":false,"zeguten-blog-image-630x635":false},"zeguten_author_info":{"display_name":"Admin","author_link":"https:\/\/physiospain.com\/nb\/author\/tony96\/"},"zeguten_comment_info":{"comments_number":"0","comments_link":"https:\/\/physiospain.com\/nb\/nedre-kryss-syndrom\/#respond"},"zeguten_excerpt":"NEDRE KRYSS SYNDROME Det er en vanlig tilstand som skaper en ubalanse i muskel-skjelettsystemet rundt hofte,bekken og korsryg, som i seg ikke er for\u00e5rsaket av skade eller sykdom..Selv om tilstanden er ufarlig vil denne ubalansen over tid skape un\u00f8dig belastning p\u00e5 muskler og ledd. F\u00f8lgen er funksjonshemmninger, redusert belastningtoleranse og slitasje.Det kan ofte v\u00e6re en&hellip;","_links":{"self":[{"href":"https:\/\/physiospain.com\/nb\/wp-json\/wp\/v2\/pages\/1248","targetHints":{"allow":["GET"]}}],"collection":[{"href":"https:\/\/physiospain.com\/nb\/wp-json\/wp\/v2\/pages"}],"about":[{"href":"https:\/\/physiospain.com\/nb\/wp-json\/wp\/v2\/types\/page"}],"author":[{"embeddable":true,"href":"https:\/\/physiospain.com\/nb\/wp-json\/wp\/v2\/users\/1"}],"replies":[{"embeddable":true,"href":"https:\/\/physiospain.com\/nb\/wp-json\/wp\/v2\/comments?post=1248"}],"version-history":[{"count":0,"href":"https:\/\/physiospain.com\/nb\/wp-json\/wp\/v2\/pages\/1248\/revisions"}],"wp:attachment":[{"href":"https:\/\/physiospain.com\/nb\/wp-json\/wp\/v2\/media?parent=1248"}],"curies":[{"name":"wp","href":"https:\/\/api.w.org\/{rel}","templated":true}]}}