{"id":1589,"date":"2016-09-25T16:20:14","date_gmt":"2016-09-25T14:20:14","guid":{"rendered":"https:\/\/physiospain.com\/nb\/supersole-concept\/"},"modified":"2021-10-12T16:31:23","modified_gmt":"2021-10-12T14:31:23","slug":"supersole-concept","status":"publish","type":"page","link":"https:\/\/physiospain.com\/nb\/supersole-concept\/","title":{"rendered":"Supersole konseptet"},"content":{"rendered":"<div id='full_slider_1'  class='avia-fullwidth-slider main_color avia-shadow   avia-builder-el-0  el_before_av_textblock  avia-builder-el-first   container_wrap sidebar_right'  ><div  class='avia-slideshow av-kuo50bcr-5b167ba207590f0fa9fd892f8478d2a0 avia-slideshow-featured av_slideshow_full avia-slide-slider av-slideshow-ui av-control-default av-slideshow-manual av-loop-once av-loop-manual-endless av-default-height-applied   avia-slideshow-1' data-slideshow-options=\"{&quot;animation&quot;:&quot;slide&quot;,&quot;autoplay&quot;:false,&quot;loop_autoplay&quot;:&quot;once&quot;,&quot;interval&quot;:5,&quot;loop_manual&quot;:&quot;manual-endless&quot;,&quot;autoplay_stopper&quot;:false,&quot;noNavigation&quot;:false,&quot;bg_slider&quot;:false,&quot;keep_padding&quot;:false,&quot;hoverpause&quot;:false,&quot;show_slide_delay&quot;:0}\"  itemprop=\"image\" itemscope=\"itemscope\" itemtype=\"https:\/\/schema.org\/ImageObject\" ><ul class='avia-slideshow-inner ' style='padding-bottom: 28.666666666667%;'><li  class='avia-slideshow-slide av-kuo50bcr-5b167ba207590f0fa9fd892f8478d2a0__0  av-single-slide slide-1 slide-odd'><div data-rel='slideshow-1' class='avia-slide-wrap '   ><div class='av-slideshow-caption av-kuo50bcr-5b167ba207590f0fa9fd892f8478d2a0__0 caption_fullwidth caption_bottom'><div class=\"container caption_container\"><div class=\"slideshow_caption\"><div class=\"slideshow_inner_caption\"><div class=\"slideshow_align_caption\"><h2 class='avia-caption-title '  itemprop=\"name\" >SuperSole - Walk This Way<\/h2><\/div><\/div><\/div><\/div><\/div><img decoding=\"async\" fetchpriority=\"high\" class=\"wp-image-2842 avia-img-lazy-loading-not-2842\"  src=\"https:\/\/physiospain.com\/wp-content\/uploads\/2021\/05\/supersole-physiospain-1500x430.jpeg\" width=\"1500\" height=\"430\" title='supersole physiospain' alt=''  itemprop=\"thumbnailUrl\"   \/><\/div><\/li><\/ul><\/div><\/div><div id='after_full_slider_1'  class='main_color av_default_container_wrap container_wrap sidebar_right'  ><div class='container av-section-cont-open' ><div class='template-page content  av-content-small alpha units'><div class='post-entry post-entry-type-page post-entry-1589'><div class='entry-content-wrapper clearfix'>\n<section  class='av_textblock_section av-kuo5539j-9005980c26dc08f431ac6bcd4f368ee2 '   itemscope=\"itemscope\" itemtype=\"https:\/\/schema.org\/CreativeWork\" ><div class='avia_textblock'  itemprop=\"text\" ><h1><strong><span class=\"Apple-style-span\">Ryggplager kan ha opprinnelse fra f\u00f8ttene!<\/span><\/strong><\/h1>\n<p>SuperSole konseptet er et behandlingssystem for problemer\u00a0relatert til f\u00f8ttene,som kombinerer fysikalsk behandling\u00a0i form av \u00f8velsesterapi, mobilisering og manipulering med muligheten\u00a0for \u00e5 lage individuelt tilpassede innleggss\u00e5ler til de pasienter\u00a0hvor dette er relevant.<\/p>\n<h3>S\u00e5ler som f\u00e5r f\u00f8ttene til \u00e5 f\u00f8le seg komfortable<\/h3>\n<p>Det er velkjent for fysioterapeuter at en skjevhet i ryggen,hoftene eller\u00a0kn\u00e6rne kan skyldes at selve fundamentet \u2013 foten \u2013 er i en feilstilling.<\/p>\n<p>Her er den 3 \u00e5rige utdannelsen til fysioterapeuter unik i forhold til deres\u00a0unders\u00f8kelses teknikk med grunnlag i anatomi og biomekanikk.<\/p>\n<p><span class=\"Apple-style-span\">For fysioterapeuterer er det utenkelig \u00e5 st\u00f8tte opp pasientens\u00a0fot med en innleggss\u00e5le uten \u00e5 unders\u00f8ke om den egentlige \u00e5rsaken kan skyldes:<\/span><\/p>\n<p><span class=\"Apple-style-span\">\u2022 At bevegeligheten i et av fotens ledd er redusert eller \u00a0 endret og trenger behandling.<\/span><\/p>\n<p><span class=\"Apple-style-span\">\u2022 At foten inng\u00e5r i en \u00a0kompensasjon for en anatomisk benlengdeforskjell.<\/span><\/p>\n<p><span class=\"Apple-style-span\">\u2022 Rett linje mellom fot, kne og hofte er inkorrekt.<\/span><\/p>\n<p><img loading=\"lazy\" decoding=\"async\" class=\"alignnone wp-image-3576 size-full\" src=\"https:\/\/physiospain.com\/wp-content\/uploads\/2021\/10\/supersole-norska.png\" alt=\"\" width=\"776\" height=\"252\" srcset=\"https:\/\/physiospain.com\/wp-content\/uploads\/2021\/10\/supersole-norska.png 776w, https:\/\/physiospain.com\/wp-content\/uploads\/2021\/10\/supersole-norska-300x97.png 300w, https:\/\/physiospain.com\/wp-content\/uploads\/2021\/10\/supersole-norska-768x249.png 768w, https:\/\/physiospain.com\/wp-content\/uploads\/2021\/10\/supersole-norska-705x229.png 705w\" sizes=\"auto, (max-width: 776px) 100vw, 776px\" \/><\/p>\n<hr \/>\n<h2><span class=\"Apple-style-span\">Alt dette er essensielt \u00e5 unders\u00f8ke og behandle<\/span><\/h2>\n<p><span class=\"Apple-style-span\">V\u00e5r filosofi er at \u2013 innleggss\u00e5ler ikke er et passivt \u00a0hjelpemiddel\u00a0men en del av en behandling.<\/span><\/p>\n<p><span class=\"Apple-style-span\">Det er viktig at innleggss\u00e5lene kan omformes og justeres etter hvert som den fysikalske behandlingen i form av mobilisering og opptrening av \u00e5rsaken gir resultater.<\/span><\/p>\n<p><span class=\"Apple-style-span\">Det er viktig at innleggss\u00e5lene ogs\u00e5 kan justeres hvis pasientens tilstand endres som f\u00f8lge av sykdomsutvikling.<\/span><\/p>\n<p><span class=\"Apple-style-span\">Fysioterapeutene m\u00e5, f\u00f8r de kan bruke SuperSoles\u00a0behandlingssystem gjennomg\u00e5 en spesialisert utdanning som bygger videre p\u00e5 grunnutdanningen til fysioterapeuter.<\/span><\/p>\n<p><span class=\"Apple-style-span\">Dette sikrer et h\u00f8yt faglig niv\u00e5 p\u00e5 SuperSole behandlerne.<\/span><\/p>\n<div id=\"wrap\"><\/div>\n<h2>Articles in Physiospain News:<\/h2>\n<p><strong><a href=\"https:\/\/physiospain.com\/supersole-and-diabetes\/\">Supersol and diabetes<\/a><\/strong><\/p>\n<p><strong><a href=\"https:\/\/physiospain.com\/supersole-and-sport\/\">Supersol and Sport<\/a><\/strong><\/p>\n<p><strong><a href=\"https:\/\/physiospain.com\/supersole-and-arthritis\/\">Supersol and Arthritis<\/a><\/strong><\/p>\n<p><strong><a href=\"https:\/\/physiospain.com\/supersole-and-children\/\">Supersol and Children<\/a><\/strong><\/p>\n<\/div><\/section>\n","protected":false},"excerpt":{"rendered":"","protected":false},"author":1,"featured_media":2842,"parent":0,"menu_order":0,"comment_status":"closed","ping_status":"closed","template":"","meta":{"_uag_custom_page_level_css":"","footnotes":""},"class_list":["post-1589","page","type-page","status-publish","has-post-thumbnail","hentry"],"featured_image_src":"https:\/\/physiospain.com\/wp-content\/uploads\/2021\/05\/supersole-physiospain.jpeg","yoast_head":"<!-- This site is optimized with the Yoast SEO plugin v27.4 - https:\/\/yoast.com\/product\/yoast-seo-wordpress\/ -->\n<title>Physiospain - Supersol concept<\/title>\n<meta name=\"description\" content=\"SuperSole konseptet er en behandlingsform knyttet til f\u00f8ttene, som kombinerer fysisk behandling som treningsterapi, mobilisering og manipulasjon.\" \/>\n<meta name=\"robots\" content=\"index, follow, max-snippet:-1, max-image-preview:large, max-video-preview:-1\" \/>\n<link rel=\"canonical\" href=\"https:\/\/physiospain.com\/nb\/supersole-concept\/\" \/>\n<meta property=\"og:locale\" content=\"nb_NO\" \/>\n<meta property=\"og:type\" content=\"article\" \/>\n<meta property=\"og:title\" content=\"Physiospain - Supersol concept\" \/>\n<meta property=\"og:description\" content=\"SuperSole konseptet er en behandlingsform knyttet til f\u00f8ttene, som kombinerer fysisk behandling som treningsterapi, mobilisering og manipulasjon.\" \/>\n<meta property=\"og:url\" content=\"https:\/\/physiospain.com\/nb\/supersole-concept\/\" \/>\n<meta property=\"og:site_name\" content=\"PhysioSpain - Physiotherapy \/ Osteopathic treatment in Fuengirola, Mijas &amp; Malaga\" \/>\n<meta property=\"article:modified_time\" content=\"2021-10-12T14:31:23+00:00\" \/>\n<meta property=\"og:image\" content=\"https:\/\/physiospain.com\/wp-content\/uploads\/2021\/05\/supersole-physiospain.jpeg\" \/>\n\t<meta property=\"og:image:width\" content=\"2560\" \/>\n\t<meta property=\"og:image:height\" content=\"1707\" \/>\n\t<meta property=\"og:image:type\" content=\"image\/jpeg\" \/>\n<meta name=\"twitter:card\" content=\"summary_large_image\" \/>\n<meta name=\"twitter:label1\" content=\"Ansl. lesetid\" \/>\n\t<meta name=\"twitter:data1\" content=\"3 minutter\" \/>\n<script type=\"application\/ld+json\" class=\"yoast-schema-graph\">{\"@context\":\"https:\\\/\\\/schema.org\",\"@graph\":[{\"@type\":\"WebPage\",\"@id\":\"https:\\\/\\\/physiospain.com\\\/nb\\\/supersole-concept\\\/\",\"url\":\"https:\\\/\\\/physiospain.com\\\/nb\\\/supersole-concept\\\/\",\"name\":\"Physiospain - Supersol concept\",\"isPartOf\":{\"@id\":\"https:\\\/\\\/physiospain.com\\\/#website\"},\"primaryImageOfPage\":{\"@id\":\"https:\\\/\\\/physiospain.com\\\/nb\\\/supersole-concept\\\/#primaryimage\"},\"image\":{\"@id\":\"https:\\\/\\\/physiospain.com\\\/nb\\\/supersole-concept\\\/#primaryimage\"},\"thumbnailUrl\":\"https:\\\/\\\/physiospain.com\\\/wp-content\\\/uploads\\\/2021\\\/05\\\/supersole-physiospain.jpeg\",\"datePublished\":\"2016-09-25T14:20:14+00:00\",\"dateModified\":\"2021-10-12T14:31:23+00:00\",\"description\":\"SuperSole konseptet er en behandlingsform knyttet til f\u00f8ttene, som kombinerer fysisk behandling som treningsterapi, mobilisering og manipulasjon.\",\"breadcrumb\":{\"@id\":\"https:\\\/\\\/physiospain.com\\\/nb\\\/supersole-concept\\\/#breadcrumb\"},\"inLanguage\":\"nb-NO\",\"potentialAction\":[{\"@type\":\"ReadAction\",\"target\":[\"https:\\\/\\\/physiospain.com\\\/nb\\\/supersole-concept\\\/\"]}]},{\"@type\":\"ImageObject\",\"inLanguage\":\"nb-NO\",\"@id\":\"https:\\\/\\\/physiospain.com\\\/nb\\\/supersole-concept\\\/#primaryimage\",\"url\":\"https:\\\/\\\/physiospain.com\\\/wp-content\\\/uploads\\\/2021\\\/05\\\/supersole-physiospain.jpeg\",\"contentUrl\":\"https:\\\/\\\/physiospain.com\\\/wp-content\\\/uploads\\\/2021\\\/05\\\/supersole-physiospain.jpeg\",\"width\":2560,\"height\":1707},{\"@type\":\"BreadcrumbList\",\"@id\":\"https:\\\/\\\/physiospain.com\\\/nb\\\/supersole-concept\\\/#breadcrumb\",\"itemListElement\":[{\"@type\":\"ListItem\",\"position\":1,\"name\":\"Home\",\"item\":\"https:\\\/\\\/physiospain.com\\\/nb\\\/z-home\\\/\"},{\"@type\":\"ListItem\",\"position\":2,\"name\":\"Supersole konseptet\"}]},{\"@type\":\"WebSite\",\"@id\":\"https:\\\/\\\/physiospain.com\\\/#website\",\"url\":\"https:\\\/\\\/physiospain.com\\\/\",\"name\":\"PhysioSpain - Physiotherapy \\\/ Osteopathic treatment in Fuengirola, Mijas &amp; Malaga\",\"description\":\"Clinica Physio Spain\",\"publisher\":{\"@id\":\"https:\\\/\\\/physiospain.com\\\/#organization\"},\"potentialAction\":[{\"@type\":\"SearchAction\",\"target\":{\"@type\":\"EntryPoint\",\"urlTemplate\":\"https:\\\/\\\/physiospain.com\\\/?s={search_term_string}\"},\"query-input\":{\"@type\":\"PropertyValueSpecification\",\"valueRequired\":true,\"valueName\":\"search_term_string\"}}],\"inLanguage\":\"nb-NO\"},{\"@type\":\"Organization\",\"@id\":\"https:\\\/\\\/physiospain.com\\\/#organization\",\"name\":\"Physiospain\",\"url\":\"https:\\\/\\\/physiospain.com\\\/\",\"logo\":{\"@type\":\"ImageObject\",\"inLanguage\":\"nb-NO\",\"@id\":\"https:\\\/\\\/physiospain.com\\\/#\\\/schema\\\/logo\\\/image\\\/\",\"url\":\"https:\\\/\\\/physiospain.com\\\/wp-content\\\/uploads\\\/2016\\\/06\\\/logo-physiospain-fuengirola2.png\",\"contentUrl\":\"https:\\\/\\\/physiospain.com\\\/wp-content\\\/uploads\\\/2016\\\/06\\\/logo-physiospain-fuengirola2.png\",\"width\":415,\"height\":108,\"caption\":\"Physiospain\"},\"image\":{\"@id\":\"https:\\\/\\\/physiospain.com\\\/#\\\/schema\\\/logo\\\/image\\\/\"}}]}<\/script>\n<!-- \/ Yoast SEO plugin. -->","yoast_head_json":{"title":"Physiospain - Supersol concept","description":"SuperSole konseptet er en behandlingsform knyttet til f\u00f8ttene, som kombinerer fysisk behandling som treningsterapi, mobilisering og manipulasjon.","robots":{"index":"index","follow":"follow","max-snippet":"max-snippet:-1","max-image-preview":"max-image-preview:large","max-video-preview":"max-video-preview:-1"},"canonical":"https:\/\/physiospain.com\/nb\/supersole-concept\/","og_locale":"nb_NO","og_type":"article","og_title":"Physiospain - Supersol concept","og_description":"SuperSole konseptet er en behandlingsform knyttet til f\u00f8ttene, som kombinerer fysisk behandling som treningsterapi, mobilisering og manipulasjon.","og_url":"https:\/\/physiospain.com\/nb\/supersole-concept\/","og_site_name":"PhysioSpain - Physiotherapy \/ Osteopathic treatment in Fuengirola, Mijas &amp; Malaga","article_modified_time":"2021-10-12T14:31:23+00:00","og_image":[{"width":2560,"height":1707,"url":"https:\/\/physiospain.com\/wp-content\/uploads\/2021\/05\/supersole-physiospain.jpeg","type":"image\/jpeg"}],"twitter_card":"summary_large_image","twitter_misc":{"Ansl. lesetid":"3 minutter"},"schema":{"@context":"https:\/\/schema.org","@graph":[{"@type":"WebPage","@id":"https:\/\/physiospain.com\/nb\/supersole-concept\/","url":"https:\/\/physiospain.com\/nb\/supersole-concept\/","name":"Physiospain - Supersol concept","isPartOf":{"@id":"https:\/\/physiospain.com\/#website"},"primaryImageOfPage":{"@id":"https:\/\/physiospain.com\/nb\/supersole-concept\/#primaryimage"},"image":{"@id":"https:\/\/physiospain.com\/nb\/supersole-concept\/#primaryimage"},"thumbnailUrl":"https:\/\/physiospain.com\/wp-content\/uploads\/2021\/05\/supersole-physiospain.jpeg","datePublished":"2016-09-25T14:20:14+00:00","dateModified":"2021-10-12T14:31:23+00:00","description":"SuperSole konseptet er en behandlingsform knyttet til f\u00f8ttene, som kombinerer fysisk behandling som treningsterapi, mobilisering og manipulasjon.","breadcrumb":{"@id":"https:\/\/physiospain.com\/nb\/supersole-concept\/#breadcrumb"},"inLanguage":"nb-NO","potentialAction":[{"@type":"ReadAction","target":["https:\/\/physiospain.com\/nb\/supersole-concept\/"]}]},{"@type":"ImageObject","inLanguage":"nb-NO","@id":"https:\/\/physiospain.com\/nb\/supersole-concept\/#primaryimage","url":"https:\/\/physiospain.com\/wp-content\/uploads\/2021\/05\/supersole-physiospain.jpeg","contentUrl":"https:\/\/physiospain.com\/wp-content\/uploads\/2021\/05\/supersole-physiospain.jpeg","width":2560,"height":1707},{"@type":"BreadcrumbList","@id":"https:\/\/physiospain.com\/nb\/supersole-concept\/#breadcrumb","itemListElement":[{"@type":"ListItem","position":1,"name":"Home","item":"https:\/\/physiospain.com\/nb\/z-home\/"},{"@type":"ListItem","position":2,"name":"Supersole konseptet"}]},{"@type":"WebSite","@id":"https:\/\/physiospain.com\/#website","url":"https:\/\/physiospain.com\/","name":"PhysioSpain - Physiotherapy \/ Osteopathic treatment in Fuengirola, Mijas &amp; Malaga","description":"Clinica Physio Spain","publisher":{"@id":"https:\/\/physiospain.com\/#organization"},"potentialAction":[{"@type":"SearchAction","target":{"@type":"EntryPoint","urlTemplate":"https:\/\/physiospain.com\/?s={search_term_string}"},"query-input":{"@type":"PropertyValueSpecification","valueRequired":true,"valueName":"search_term_string"}}],"inLanguage":"nb-NO"},{"@type":"Organization","@id":"https:\/\/physiospain.com\/#organization","name":"Physiospain","url":"https:\/\/physiospain.com\/","logo":{"@type":"ImageObject","inLanguage":"nb-NO","@id":"https:\/\/physiospain.com\/#\/schema\/logo\/image\/","url":"https:\/\/physiospain.com\/wp-content\/uploads\/2016\/06\/logo-physiospain-fuengirola2.png","contentUrl":"https:\/\/physiospain.com\/wp-content\/uploads\/2016\/06\/logo-physiospain-fuengirola2.png","width":415,"height":108,"caption":"Physiospain"},"image":{"@id":"https:\/\/physiospain.com\/#\/schema\/logo\/image\/"}}]}},"uagb_featured_image_src":{"full":["https:\/\/physiospain.com\/wp-content\/uploads\/2021\/05\/supersole-physiospain.jpeg",2560,1707,false],"thumbnail":["https:\/\/physiospain.com\/wp-content\/uploads\/2021\/05\/supersole-physiospain-80x80.jpeg",80,80,true],"medium":["https:\/\/physiospain.com\/wp-content\/uploads\/2021\/05\/supersole-physiospain-300x200.jpeg",300,200,true],"medium_large":["https:\/\/physiospain.com\/wp-content\/uploads\/2021\/05\/supersole-physiospain-768x512.jpeg",768,512,true],"large":["https:\/\/physiospain.com\/wp-content\/uploads\/2021\/05\/supersole-physiospain-1030x687.jpeg",1030,687,true],"1536x1536":["https:\/\/physiospain.com\/wp-content\/uploads\/2021\/05\/supersole-physiospain-1536x1024.jpeg",1536,1024,true],"2048x2048":["https:\/\/physiospain.com\/wp-content\/uploads\/2021\/05\/supersole-physiospain-2048x1365.jpeg",2048,1365,true],"widget":["https:\/\/physiospain.com\/wp-content\/uploads\/2021\/05\/supersole-physiospain-36x36.jpeg",36,36,true],"square":["https:\/\/physiospain.com\/wp-content\/uploads\/2021\/05\/supersole-physiospain-180x180.jpeg",180,180,true],"featured":["https:\/\/physiospain.com\/wp-content\/uploads\/2021\/05\/supersole-physiospain-1500x430.jpeg",1500,430,true],"featured_large":["https:\/\/physiospain.com\/wp-content\/uploads\/2021\/05\/supersole-physiospain-1500x630.jpeg",1500,630,true],"extra_large":["https:\/\/physiospain.com\/wp-content\/uploads\/2021\/05\/supersole-physiospain-1500x1000.jpeg",1500,1000,true],"portfolio":["https:\/\/physiospain.com\/wp-content\/uploads\/2021\/05\/supersole-physiospain-495x400.jpeg",495,400,true],"portfolio_small":["https:\/\/physiospain.com\/wp-content\/uploads\/2021\/05\/supersole-physiospain-260x185.jpeg",260,185,true],"gallery":["https:\/\/physiospain.com\/wp-content\/uploads\/2021\/05\/supersole-physiospain-845x684.jpeg",845,684,true],"magazine":["https:\/\/physiospain.com\/wp-content\/uploads\/2021\/05\/supersole-physiospain-710x375.jpeg",710,375,true],"masonry":["https:\/\/physiospain.com\/wp-content\/uploads\/2021\/05\/supersole-physiospain-705x470.jpeg",705,470,true],"entry_with_sidebar":["https:\/\/physiospain.com\/wp-content\/uploads\/2021\/05\/supersole-physiospain-845x321.jpeg",845,321,true],"entry_without_sidebar":["https:\/\/physiospain.com\/wp-content\/uploads\/2021\/05\/supersole-physiospain-1210x423.jpeg",1210,423,true],"zeguten-blog-image":["https:\/\/physiospain.com\/wp-content\/uploads\/2021\/05\/supersole-physiospain.jpeg",700,467,false],"zeguten-blog-image-small":["https:\/\/physiospain.com\/wp-content\/uploads\/2021\/05\/supersole-physiospain.jpeg",260,173,false],"zeguten-blog-image-640x465":["https:\/\/physiospain.com\/wp-content\/uploads\/2021\/05\/supersole-physiospain.jpeg",640,427,false],"zeguten-blog-image-400x300":["https:\/\/physiospain.com\/wp-content\/uploads\/2021\/05\/supersole-physiospain.jpeg",400,267,false],"zeguten-blog-image-620x715":["https:\/\/physiospain.com\/wp-content\/uploads\/2021\/05\/supersole-physiospain.jpeg",620,413,false],"zeguten-blog-image-510x700":["https:\/\/physiospain.com\/wp-content\/uploads\/2021\/05\/supersole-physiospain.jpeg",510,340,false],"zeguten-blog-image-630x635":["https:\/\/physiospain.com\/wp-content\/uploads\/2021\/05\/supersole-physiospain.jpeg",630,420,false]},"uagb_author_info":{"display_name":"Admin","author_link":"https:\/\/physiospain.com\/nb\/author\/tony96\/"},"uagb_comment_info":0,"uagb_excerpt":null,"zeguten_blocks_get_image_src":{"full":["https:\/\/physiospain.com\/wp-content\/uploads\/2021\/05\/supersole-physiospain.jpeg",2560,1707,false],"thumbnail":["https:\/\/physiospain.com\/wp-content\/uploads\/2021\/05\/supersole-physiospain-80x80.jpeg",80,80,true],"medium":["https:\/\/physiospain.com\/wp-content\/uploads\/2021\/05\/supersole-physiospain-300x200.jpeg",300,200,true],"medium_large":["https:\/\/physiospain.com\/wp-content\/uploads\/2021\/05\/supersole-physiospain-768x512.jpeg",768,512,true],"large":["https:\/\/physiospain.com\/wp-content\/uploads\/2021\/05\/supersole-physiospain-1030x687.jpeg",1030,687,true],"1536x1536":["https:\/\/physiospain.com\/wp-content\/uploads\/2021\/05\/supersole-physiospain-1536x1024.jpeg",1536,1024,true],"2048x2048":["https:\/\/physiospain.com\/wp-content\/uploads\/2021\/05\/supersole-physiospain-2048x1365.jpeg",2048,1365,true],"widget":["https:\/\/physiospain.com\/wp-content\/uploads\/2021\/05\/supersole-physiospain-36x36.jpeg",36,36,true],"square":["https:\/\/physiospain.com\/wp-content\/uploads\/2021\/05\/supersole-physiospain-180x180.jpeg",180,180,true],"featured":["https:\/\/physiospain.com\/wp-content\/uploads\/2021\/05\/supersole-physiospain-1500x430.jpeg",1500,430,true],"featured_large":["https:\/\/physiospain.com\/wp-content\/uploads\/2021\/05\/supersole-physiospain-1500x630.jpeg",1500,630,true],"extra_large":["https:\/\/physiospain.com\/wp-content\/uploads\/2021\/05\/supersole-physiospain-1500x1000.jpeg",1500,1000,true],"portfolio":["https:\/\/physiospain.com\/wp-content\/uploads\/2021\/05\/supersole-physiospain-495x400.jpeg",495,400,true],"portfolio_small":["https:\/\/physiospain.com\/wp-content\/uploads\/2021\/05\/supersole-physiospain-260x185.jpeg",260,185,true],"gallery":["https:\/\/physiospain.com\/wp-content\/uploads\/2021\/05\/supersole-physiospain-845x684.jpeg",845,684,true],"magazine":["https:\/\/physiospain.com\/wp-content\/uploads\/2021\/05\/supersole-physiospain-710x375.jpeg",710,375,true],"masonry":["https:\/\/physiospain.com\/wp-content\/uploads\/2021\/05\/supersole-physiospain-705x470.jpeg",705,470,true],"entry_with_sidebar":["https:\/\/physiospain.com\/wp-content\/uploads\/2021\/05\/supersole-physiospain-845x321.jpeg",845,321,true],"entry_without_sidebar":["https:\/\/physiospain.com\/wp-content\/uploads\/2021\/05\/supersole-physiospain-1210x423.jpeg",1210,423,true],"zeguten-blog-image":["https:\/\/physiospain.com\/wp-content\/uploads\/2021\/05\/supersole-physiospain.jpeg",700,467,false],"zeguten-blog-image-small":["https:\/\/physiospain.com\/wp-content\/uploads\/2021\/05\/supersole-physiospain.jpeg",260,173,false],"zeguten-blog-image-640x465":["https:\/\/physiospain.com\/wp-content\/uploads\/2021\/05\/supersole-physiospain.jpeg",640,427,false],"zeguten-blog-image-400x300":["https:\/\/physiospain.com\/wp-content\/uploads\/2021\/05\/supersole-physiospain.jpeg",400,267,false],"zeguten-blog-image-620x715":["https:\/\/physiospain.com\/wp-content\/uploads\/2021\/05\/supersole-physiospain.jpeg",620,413,false],"zeguten-blog-image-510x700":["https:\/\/physiospain.com\/wp-content\/uploads\/2021\/05\/supersole-physiospain.jpeg",510,340,false],"zeguten-blog-image-630x635":["https:\/\/physiospain.com\/wp-content\/uploads\/2021\/05\/supersole-physiospain.jpeg",630,420,false]},"zeguten_author_info":{"display_name":"Admin","author_link":"https:\/\/physiospain.com\/nb\/author\/tony96\/"},"zeguten_comment_info":{"comments_number":"0","comments_link":"https:\/\/physiospain.com\/nb\/supersole-concept\/#respond"},"zeguten_excerpt":null,"_links":{"self":[{"href":"https:\/\/physiospain.com\/nb\/wp-json\/wp\/v2\/pages\/1589","targetHints":{"allow":["GET"]}}],"collection":[{"href":"https:\/\/physiospain.com\/nb\/wp-json\/wp\/v2\/pages"}],"about":[{"href":"https:\/\/physiospain.com\/nb\/wp-json\/wp\/v2\/types\/page"}],"author":[{"embeddable":true,"href":"https:\/\/physiospain.com\/nb\/wp-json\/wp\/v2\/users\/1"}],"replies":[{"embeddable":true,"href":"https:\/\/physiospain.com\/nb\/wp-json\/wp\/v2\/comments?post=1589"}],"version-history":[{"count":2,"href":"https:\/\/physiospain.com\/nb\/wp-json\/wp\/v2\/pages\/1589\/revisions"}],"predecessor-version":[{"id":3616,"href":"https:\/\/physiospain.com\/nb\/wp-json\/wp\/v2\/pages\/1589\/revisions\/3616"}],"wp:featuredmedia":[{"embeddable":true,"href":"https:\/\/physiospain.com\/nb\/wp-json\/wp\/v2\/media\/2842"}],"wp:attachment":[{"href":"https:\/\/physiospain.com\/nb\/wp-json\/wp\/v2\/media?parent=1589"}],"curies":[{"name":"wp","href":"https:\/\/api.w.org\/{rel}","templated":true}]}}