{"id":800,"date":"2016-07-18T22:52:48","date_gmt":"2016-07-18T22:52:48","guid":{"rendered":"http:\/\/www.mimo.im\/rolf1\/nb\/?page_id=800"},"modified":"2021-10-12T16:27:57","modified_gmt":"2021-10-12T14:27:57","slug":"medisinsk-akupunktur-2","status":"publish","type":"page","link":"https:\/\/physiospain.com\/nb\/medisinsk-akupunktur-2\/","title":{"rendered":"Medisinsk Akupunktur"},"content":{"rendered":"<div id='full_slider_1'  class='avia-fullwidth-slider main_color avia-shadow   avia-builder-el-0  el_before_av_textblock  avia-builder-el-first   container_wrap sidebar_right'  ><div  class='avia-slideshow av-ktm1l0eu-bdfd3560e37f64c9b2c532681754f0c8 avia-slideshow-featured av_slideshow_full avia-slide-slider av-slideshow-ui av-control-default av-slideshow-manual av-loop-once av-loop-manual-endless av-default-height-applied   avia-slideshow-1' data-slideshow-options=\"{&quot;animation&quot;:&quot;slide&quot;,&quot;autoplay&quot;:false,&quot;loop_autoplay&quot;:&quot;once&quot;,&quot;interval&quot;:5,&quot;loop_manual&quot;:&quot;manual-endless&quot;,&quot;autoplay_stopper&quot;:false,&quot;noNavigation&quot;:false,&quot;bg_slider&quot;:false,&quot;keep_padding&quot;:false,&quot;hoverpause&quot;:false,&quot;show_slide_delay&quot;:0}\"  itemprop=\"image\" itemscope=\"itemscope\" itemtype=\"https:\/\/schema.org\/ImageObject\" ><ul class='avia-slideshow-inner ' style='padding-bottom: 28.666666666667%;'><li  class='avia-slideshow-slide av-ktm1l0eu-bdfd3560e37f64c9b2c532681754f0c8__0  av-single-slide slide-1 slide-odd'><div data-rel='slideshow-1' class='avia-slide-wrap '   ><div class='av-slideshow-caption av-ktm1l0eu-bdfd3560e37f64c9b2c532681754f0c8__0 caption_fullwidth caption_bottom'><div class=\"container caption_container\"><div class=\"slideshow_caption\"><div class=\"slideshow_inner_caption\"><div class=\"slideshow_align_caption\"><h2 class='avia-caption-title '  itemprop=\"name\" >Medisinsk Akupunktur<\/h2><\/div><\/div><\/div><\/div><\/div><img decoding=\"async\" fetchpriority=\"high\" class=\"wp-image-3153 avia-img-lazy-loading-not-3153\"  src=\"https:\/\/physiospain.com\/wp-content\/uploads\/2021\/08\/akupunktur-1500x430.jpg\" width=\"1500\" height=\"430\" title='medicinsk akupunktur physiospain fuengirola' alt='medicinsk akupunktur physiospain fuengirola'  itemprop=\"thumbnailUrl\"   \/><\/div><\/li><\/ul><\/div><\/div><div id='after_full_slider_1'  class='main_color av_default_container_wrap container_wrap sidebar_right'  ><div class='container av-section-cont-open' ><div class='template-page content  av-content-small alpha units'><div class='post-entry post-entry-type-page post-entry-800'><div class='entry-content-wrapper clearfix'>\n<section  class='av_textblock_section av-ktm1wjyl-ef94bac6cb0f2274ebdd0820bc294e99 '   itemscope=\"itemscope\" itemtype=\"https:\/\/schema.org\/CreativeWork\" ><div class='avia_textblock'  itemprop=\"text\" ><h1>Hva er medisinsk akupunktur?<\/h1>\n<p>Kort sagt, det er en n\u00e5l behandling som gjennom penetrasjon av huden gir en kraftig stimulans.<br \/>\nDenne stimuleringen p\u00e5virker det sentrale nervesystemet som utl\u00f8ser nevrofysiologiske og kjemiske forandringer i kroppen.<\/p>\n<h2>Hva er dette, og n\u00e5r kan den brukes?<\/h2>\n<p>N\u00e5r vi f\u00f8ler smerte, er det ofte de s\u00e5kalte triggerpunkter &#8211; TP- eller smertepunkter som for\u00e5rsaker denne smerten. Disse kan v\u00e6re latente eller innaktive. Under fysisk eller f\u00f8lelsesmessig stress kan \u00a0disse triggerpunkter \u00a0aktiveres og bli aktive TP som gir mer eller mindre alvorlige smerter. Smerten kan v\u00e6re lokal, men ofte gir det en smerte refleks i andre deler av kroppen. Medisinsk Akupunktur deaktiverer disse smerte punkter og kroppens egne anti-inflammatoriske stoffer aktiveres for \u00e5 bekjempe \u00e5rsaken til smertene.<\/p>\n<p><img loading=\"lazy\" decoding=\"async\" class=\"alignnone wp-image-3378 size-full\" src=\"https:\/\/physiospain.com\/wp-content\/uploads\/2021\/09\/Medical-Acupuncture-norska.png\" alt=\"Medicinsk Akupunktur-physiospain-fuengirola\" width=\"776\" height=\"252\" srcset=\"https:\/\/physiospain.com\/wp-content\/uploads\/2021\/09\/Medical-Acupuncture-norska.png 776w, https:\/\/physiospain.com\/wp-content\/uploads\/2021\/09\/Medical-Acupuncture-norska-300x97.png 300w, https:\/\/physiospain.com\/wp-content\/uploads\/2021\/09\/Medical-Acupuncture-norska-768x249.png 768w, https:\/\/physiospain.com\/wp-content\/uploads\/2021\/09\/Medical-Acupuncture-norska-705x229.png 705w\" sizes=\"auto, (max-width: 776px) 100vw, 776px\" \/><\/p>\n<hr \/>\n<h2><strong>Noen eksempler der medisinsk akupunktur er veldig effektivt<\/strong><\/h2>\n<ul>\n<li>Artrose<\/li>\n<li>Smerter i albue, skulder, nakke, hofte \/ kne ledd.<\/li>\n<li>Isjias<\/li>\n<li>Hodepine, Whiplash<\/li>\n<li>&laquo;Restless Leg&raquo;. Kramper i benet<\/li>\n<li>og mye mer&#8230;.<\/li>\n<\/ul>\n<h2><strong>Gj\u00f8r det vondt?<\/strong><\/h2>\n<p>Behandlingen med engangsn\u00e5ler vil bare gi et litet sting. N\u00e5len blir normalt tatt ut etter 4-10 sekunder. Dette er vanligvis nok til \u00e5 deaktivere triggerpunktet (TP). Vanligvis \u00a0behandles\u00a04 til 10 punkter ved hver \u00a0behandling.<\/p>\n<h3><strong>Hvor mange behandlinger er n\u00f8dvendig?<\/strong><\/h3>\n<p>Mellom 2 til 10 behandlinger kan v\u00e6re n\u00f8dvendig, avhengig av \u00a0problemets art.<\/p>\n<\/div><\/section>\n","protected":false},"excerpt":{"rendered":"","protected":false},"author":1,"featured_media":3153,"parent":0,"menu_order":0,"comment_status":"closed","ping_status":"closed","template":"","meta":{"_uag_custom_page_level_css":"","footnotes":""},"class_list":["post-800","page","type-page","status-publish","has-post-thumbnail","hentry"],"featured_image_src":"https:\/\/physiospain.com\/wp-content\/uploads\/2021\/08\/akupunktur.jpg","yoast_head":"<!-- This site is optimized with the Yoast SEO plugin v27.3 - https:\/\/yoast.com\/product\/yoast-seo-wordpress\/ -->\n<title>Medisinsk Akupunktur - PhysioSpain - Physiotherapy \/ Osteopathic treatment in Fuengirola, Mijas &amp; Malaga<\/title>\n<meta name=\"description\" content=\"Kort sagt, det er en n\u00e5l behandling som gjennom penetrasjon av huden gir en kraftig stimulans.Denne stimuleringen p\u00e5virker det sentrale nervesystemet.\" \/>\n<meta name=\"robots\" content=\"index, follow, max-snippet:-1, max-image-preview:large, max-video-preview:-1\" \/>\n<link rel=\"canonical\" href=\"https:\/\/physiospain.com\/nb\/medisinsk-akupunktur-2\/\" \/>\n<meta property=\"og:locale\" content=\"nb_NO\" \/>\n<meta property=\"og:type\" content=\"article\" \/>\n<meta property=\"og:title\" content=\"Medisinsk Akupunktur - PhysioSpain - Physiotherapy \/ Osteopathic treatment in Fuengirola, Mijas &amp; Malaga\" \/>\n<meta property=\"og:description\" content=\"Kort sagt, det er en n\u00e5l behandling som gjennom penetrasjon av huden gir en kraftig stimulans.Denne stimuleringen p\u00e5virker det sentrale nervesystemet.\" \/>\n<meta property=\"og:url\" content=\"https:\/\/physiospain.com\/nb\/medisinsk-akupunktur-2\/\" \/>\n<meta property=\"og:site_name\" content=\"PhysioSpain - Physiotherapy \/ Osteopathic treatment in Fuengirola, Mijas &amp; Malaga\" \/>\n<meta property=\"article:modified_time\" content=\"2021-10-12T14:27:57+00:00\" \/>\n<meta property=\"og:image\" content=\"https:\/\/physiospain.com\/wp-content\/uploads\/2021\/08\/akupunktur.jpg\" \/>\n\t<meta property=\"og:image:width\" content=\"1920\" \/>\n\t<meta property=\"og:image:height\" content=\"785\" \/>\n\t<meta property=\"og:image:type\" content=\"image\/jpeg\" \/>\n<meta name=\"twitter:card\" content=\"summary_large_image\" \/>\n<meta name=\"twitter:label1\" content=\"Ansl. lesetid\" \/>\n\t<meta name=\"twitter:data1\" content=\"2 minutter\" \/>\n<script type=\"application\/ld+json\" class=\"yoast-schema-graph\">{\"@context\":\"https:\\\/\\\/schema.org\",\"@graph\":[{\"@type\":\"WebPage\",\"@id\":\"https:\\\/\\\/physiospain.com\\\/nb\\\/medisinsk-akupunktur-2\\\/\",\"url\":\"https:\\\/\\\/physiospain.com\\\/nb\\\/medisinsk-akupunktur-2\\\/\",\"name\":\"Medisinsk Akupunktur - PhysioSpain - Physiotherapy \\\/ Osteopathic treatment in Fuengirola, Mijas &amp; Malaga\",\"isPartOf\":{\"@id\":\"https:\\\/\\\/physiospain.com\\\/#website\"},\"primaryImageOfPage\":{\"@id\":\"https:\\\/\\\/physiospain.com\\\/nb\\\/medisinsk-akupunktur-2\\\/#primaryimage\"},\"image\":{\"@id\":\"https:\\\/\\\/physiospain.com\\\/nb\\\/medisinsk-akupunktur-2\\\/#primaryimage\"},\"thumbnailUrl\":\"https:\\\/\\\/physiospain.com\\\/wp-content\\\/uploads\\\/2021\\\/08\\\/akupunktur.jpg\",\"datePublished\":\"2016-07-18T22:52:48+00:00\",\"dateModified\":\"2021-10-12T14:27:57+00:00\",\"description\":\"Kort sagt, det er en n\u00e5l behandling som gjennom penetrasjon av huden gir en kraftig stimulans.Denne stimuleringen p\u00e5virker det sentrale nervesystemet.\",\"breadcrumb\":{\"@id\":\"https:\\\/\\\/physiospain.com\\\/nb\\\/medisinsk-akupunktur-2\\\/#breadcrumb\"},\"inLanguage\":\"nb-NO\",\"potentialAction\":[{\"@type\":\"ReadAction\",\"target\":[\"https:\\\/\\\/physiospain.com\\\/nb\\\/medisinsk-akupunktur-2\\\/\"]}]},{\"@type\":\"ImageObject\",\"inLanguage\":\"nb-NO\",\"@id\":\"https:\\\/\\\/physiospain.com\\\/nb\\\/medisinsk-akupunktur-2\\\/#primaryimage\",\"url\":\"https:\\\/\\\/physiospain.com\\\/wp-content\\\/uploads\\\/2021\\\/08\\\/akupunktur.jpg\",\"contentUrl\":\"https:\\\/\\\/physiospain.com\\\/wp-content\\\/uploads\\\/2021\\\/08\\\/akupunktur.jpg\",\"width\":1920,\"height\":785,\"caption\":\"medicinsk akupunktur physiospain fuengirola\"},{\"@type\":\"BreadcrumbList\",\"@id\":\"https:\\\/\\\/physiospain.com\\\/nb\\\/medisinsk-akupunktur-2\\\/#breadcrumb\",\"itemListElement\":[{\"@type\":\"ListItem\",\"position\":1,\"name\":\"Home\",\"item\":\"https:\\\/\\\/physiospain.com\\\/nb\\\/z-home\\\/\"},{\"@type\":\"ListItem\",\"position\":2,\"name\":\"Medisinsk Akupunktur\"}]},{\"@type\":\"WebSite\",\"@id\":\"https:\\\/\\\/physiospain.com\\\/#website\",\"url\":\"https:\\\/\\\/physiospain.com\\\/\",\"name\":\"PhysioSpain - Physiotherapy \\\/ Osteopathic treatment in Fuengirola, Mijas &amp; Malaga\",\"description\":\"Clinica Physio Spain\",\"publisher\":{\"@id\":\"https:\\\/\\\/physiospain.com\\\/#organization\"},\"potentialAction\":[{\"@type\":\"SearchAction\",\"target\":{\"@type\":\"EntryPoint\",\"urlTemplate\":\"https:\\\/\\\/physiospain.com\\\/?s={search_term_string}\"},\"query-input\":{\"@type\":\"PropertyValueSpecification\",\"valueRequired\":true,\"valueName\":\"search_term_string\"}}],\"inLanguage\":\"nb-NO\"},{\"@type\":\"Organization\",\"@id\":\"https:\\\/\\\/physiospain.com\\\/#organization\",\"name\":\"Physiospain\",\"url\":\"https:\\\/\\\/physiospain.com\\\/\",\"logo\":{\"@type\":\"ImageObject\",\"inLanguage\":\"nb-NO\",\"@id\":\"https:\\\/\\\/physiospain.com\\\/#\\\/schema\\\/logo\\\/image\\\/\",\"url\":\"https:\\\/\\\/physiospain.com\\\/wp-content\\\/uploads\\\/2016\\\/06\\\/logo-physiospain-fuengirola2.png\",\"contentUrl\":\"https:\\\/\\\/physiospain.com\\\/wp-content\\\/uploads\\\/2016\\\/06\\\/logo-physiospain-fuengirola2.png\",\"width\":415,\"height\":108,\"caption\":\"Physiospain\"},\"image\":{\"@id\":\"https:\\\/\\\/physiospain.com\\\/#\\\/schema\\\/logo\\\/image\\\/\"}}]}<\/script>\n<!-- \/ Yoast SEO plugin. -->","yoast_head_json":{"title":"Medisinsk Akupunktur - PhysioSpain - Physiotherapy \/ Osteopathic treatment in Fuengirola, Mijas &amp; Malaga","description":"Kort sagt, det er en n\u00e5l behandling som gjennom penetrasjon av huden gir en kraftig stimulans.Denne stimuleringen p\u00e5virker det sentrale nervesystemet.","robots":{"index":"index","follow":"follow","max-snippet":"max-snippet:-1","max-image-preview":"max-image-preview:large","max-video-preview":"max-video-preview:-1"},"canonical":"https:\/\/physiospain.com\/nb\/medisinsk-akupunktur-2\/","og_locale":"nb_NO","og_type":"article","og_title":"Medisinsk Akupunktur - PhysioSpain - Physiotherapy \/ Osteopathic treatment in Fuengirola, Mijas &amp; Malaga","og_description":"Kort sagt, det er en n\u00e5l behandling som gjennom penetrasjon av huden gir en kraftig stimulans.Denne stimuleringen p\u00e5virker det sentrale nervesystemet.","og_url":"https:\/\/physiospain.com\/nb\/medisinsk-akupunktur-2\/","og_site_name":"PhysioSpain - Physiotherapy \/ Osteopathic treatment in Fuengirola, Mijas &amp; Malaga","article_modified_time":"2021-10-12T14:27:57+00:00","og_image":[{"width":1920,"height":785,"url":"https:\/\/physiospain.com\/wp-content\/uploads\/2021\/08\/akupunktur.jpg","type":"image\/jpeg"}],"twitter_card":"summary_large_image","twitter_misc":{"Ansl. lesetid":"2 minutter"},"schema":{"@context":"https:\/\/schema.org","@graph":[{"@type":"WebPage","@id":"https:\/\/physiospain.com\/nb\/medisinsk-akupunktur-2\/","url":"https:\/\/physiospain.com\/nb\/medisinsk-akupunktur-2\/","name":"Medisinsk Akupunktur - PhysioSpain - Physiotherapy \/ Osteopathic treatment in Fuengirola, Mijas &amp; Malaga","isPartOf":{"@id":"https:\/\/physiospain.com\/#website"},"primaryImageOfPage":{"@id":"https:\/\/physiospain.com\/nb\/medisinsk-akupunktur-2\/#primaryimage"},"image":{"@id":"https:\/\/physiospain.com\/nb\/medisinsk-akupunktur-2\/#primaryimage"},"thumbnailUrl":"https:\/\/physiospain.com\/wp-content\/uploads\/2021\/08\/akupunktur.jpg","datePublished":"2016-07-18T22:52:48+00:00","dateModified":"2021-10-12T14:27:57+00:00","description":"Kort sagt, det er en n\u00e5l behandling som gjennom penetrasjon av huden gir en kraftig stimulans.Denne stimuleringen p\u00e5virker det sentrale nervesystemet.","breadcrumb":{"@id":"https:\/\/physiospain.com\/nb\/medisinsk-akupunktur-2\/#breadcrumb"},"inLanguage":"nb-NO","potentialAction":[{"@type":"ReadAction","target":["https:\/\/physiospain.com\/nb\/medisinsk-akupunktur-2\/"]}]},{"@type":"ImageObject","inLanguage":"nb-NO","@id":"https:\/\/physiospain.com\/nb\/medisinsk-akupunktur-2\/#primaryimage","url":"https:\/\/physiospain.com\/wp-content\/uploads\/2021\/08\/akupunktur.jpg","contentUrl":"https:\/\/physiospain.com\/wp-content\/uploads\/2021\/08\/akupunktur.jpg","width":1920,"height":785,"caption":"medicinsk akupunktur physiospain fuengirola"},{"@type":"BreadcrumbList","@id":"https:\/\/physiospain.com\/nb\/medisinsk-akupunktur-2\/#breadcrumb","itemListElement":[{"@type":"ListItem","position":1,"name":"Home","item":"https:\/\/physiospain.com\/nb\/z-home\/"},{"@type":"ListItem","position":2,"name":"Medisinsk Akupunktur"}]},{"@type":"WebSite","@id":"https:\/\/physiospain.com\/#website","url":"https:\/\/physiospain.com\/","name":"PhysioSpain - Physiotherapy \/ Osteopathic treatment in Fuengirola, Mijas &amp; Malaga","description":"Clinica Physio Spain","publisher":{"@id":"https:\/\/physiospain.com\/#organization"},"potentialAction":[{"@type":"SearchAction","target":{"@type":"EntryPoint","urlTemplate":"https:\/\/physiospain.com\/?s={search_term_string}"},"query-input":{"@type":"PropertyValueSpecification","valueRequired":true,"valueName":"search_term_string"}}],"inLanguage":"nb-NO"},{"@type":"Organization","@id":"https:\/\/physiospain.com\/#organization","name":"Physiospain","url":"https:\/\/physiospain.com\/","logo":{"@type":"ImageObject","inLanguage":"nb-NO","@id":"https:\/\/physiospain.com\/#\/schema\/logo\/image\/","url":"https:\/\/physiospain.com\/wp-content\/uploads\/2016\/06\/logo-physiospain-fuengirola2.png","contentUrl":"https:\/\/physiospain.com\/wp-content\/uploads\/2016\/06\/logo-physiospain-fuengirola2.png","width":415,"height":108,"caption":"Physiospain"},"image":{"@id":"https:\/\/physiospain.com\/#\/schema\/logo\/image\/"}}]}},"uagb_featured_image_src":{"full":["https:\/\/physiospain.com\/wp-content\/uploads\/2021\/08\/akupunktur.jpg",1920,785,false],"thumbnail":["https:\/\/physiospain.com\/wp-content\/uploads\/2021\/08\/akupunktur-80x80.jpg",80,80,true],"medium":["https:\/\/physiospain.com\/wp-content\/uploads\/2021\/08\/akupunktur-300x123.jpg",300,123,true],"medium_large":["https:\/\/physiospain.com\/wp-content\/uploads\/2021\/08\/akupunktur-768x314.jpg",768,314,true],"large":["https:\/\/physiospain.com\/wp-content\/uploads\/2021\/08\/akupunktur-1030x421.jpg",1030,421,true],"1536x1536":["https:\/\/physiospain.com\/wp-content\/uploads\/2021\/08\/akupunktur-1536x628.jpg",1536,628,true],"2048x2048":["https:\/\/physiospain.com\/wp-content\/uploads\/2021\/08\/akupunktur.jpg",1920,785,false],"widget":["https:\/\/physiospain.com\/wp-content\/uploads\/2021\/08\/akupunktur-36x36.jpg",36,36,true],"square":["https:\/\/physiospain.com\/wp-content\/uploads\/2021\/08\/akupunktur-180x180.jpg",180,180,true],"featured":["https:\/\/physiospain.com\/wp-content\/uploads\/2021\/08\/akupunktur-1500x430.jpg",1500,430,true],"featured_large":["https:\/\/physiospain.com\/wp-content\/uploads\/2021\/08\/akupunktur-1500x630.jpg",1500,630,true],"extra_large":["https:\/\/physiospain.com\/wp-content\/uploads\/2021\/08\/akupunktur-1500x613.jpg",1500,613,true],"portfolio":["https:\/\/physiospain.com\/wp-content\/uploads\/2021\/08\/akupunktur-495x400.jpg",495,400,true],"portfolio_small":["https:\/\/physiospain.com\/wp-content\/uploads\/2021\/08\/akupunktur-260x185.jpg",260,185,true],"gallery":["https:\/\/physiospain.com\/wp-content\/uploads\/2021\/08\/akupunktur-845x684.jpg",845,684,true],"magazine":["https:\/\/physiospain.com\/wp-content\/uploads\/2021\/08\/akupunktur-710x375.jpg",710,375,true],"masonry":["https:\/\/physiospain.com\/wp-content\/uploads\/2021\/08\/akupunktur-705x288.jpg",705,288,true],"entry_with_sidebar":["https:\/\/physiospain.com\/wp-content\/uploads\/2021\/08\/akupunktur-845x321.jpg",845,321,true],"entry_without_sidebar":["https:\/\/physiospain.com\/wp-content\/uploads\/2021\/08\/akupunktur-1210x423.jpg",1210,423,true],"zeguten-blog-image":["https:\/\/physiospain.com\/wp-content\/uploads\/2021\/08\/akupunktur.jpg",700,286,false],"zeguten-blog-image-small":["https:\/\/physiospain.com\/wp-content\/uploads\/2021\/08\/akupunktur.jpg",260,106,false],"zeguten-blog-image-640x465":["https:\/\/physiospain.com\/wp-content\/uploads\/2021\/08\/akupunktur.jpg",640,262,false],"zeguten-blog-image-400x300":["https:\/\/physiospain.com\/wp-content\/uploads\/2021\/08\/akupunktur.jpg",400,164,false],"zeguten-blog-image-620x715":["https:\/\/physiospain.com\/wp-content\/uploads\/2021\/08\/akupunktur.jpg",620,253,false],"zeguten-blog-image-510x700":["https:\/\/physiospain.com\/wp-content\/uploads\/2021\/08\/akupunktur.jpg",510,209,false],"zeguten-blog-image-630x635":["https:\/\/physiospain.com\/wp-content\/uploads\/2021\/08\/akupunktur.jpg",630,258,false]},"uagb_author_info":{"display_name":"Admin","author_link":"https:\/\/physiospain.com\/nb\/author\/tony96\/"},"uagb_comment_info":0,"uagb_excerpt":null,"zeguten_blocks_get_image_src":{"full":["https:\/\/physiospain.com\/wp-content\/uploads\/2021\/08\/akupunktur.jpg",1920,785,false],"thumbnail":["https:\/\/physiospain.com\/wp-content\/uploads\/2021\/08\/akupunktur-80x80.jpg",80,80,true],"medium":["https:\/\/physiospain.com\/wp-content\/uploads\/2021\/08\/akupunktur-300x123.jpg",300,123,true],"medium_large":["https:\/\/physiospain.com\/wp-content\/uploads\/2021\/08\/akupunktur-768x314.jpg",768,314,true],"large":["https:\/\/physiospain.com\/wp-content\/uploads\/2021\/08\/akupunktur-1030x421.jpg",1030,421,true],"1536x1536":["https:\/\/physiospain.com\/wp-content\/uploads\/2021\/08\/akupunktur-1536x628.jpg",1536,628,true],"2048x2048":["https:\/\/physiospain.com\/wp-content\/uploads\/2021\/08\/akupunktur.jpg",1920,785,false],"widget":["https:\/\/physiospain.com\/wp-content\/uploads\/2021\/08\/akupunktur-36x36.jpg",36,36,true],"square":["https:\/\/physiospain.com\/wp-content\/uploads\/2021\/08\/akupunktur-180x180.jpg",180,180,true],"featured":["https:\/\/physiospain.com\/wp-content\/uploads\/2021\/08\/akupunktur-1500x430.jpg",1500,430,true],"featured_large":["https:\/\/physiospain.com\/wp-content\/uploads\/2021\/08\/akupunktur-1500x630.jpg",1500,630,true],"extra_large":["https:\/\/physiospain.com\/wp-content\/uploads\/2021\/08\/akupunktur-1500x613.jpg",1500,613,true],"portfolio":["https:\/\/physiospain.com\/wp-content\/uploads\/2021\/08\/akupunktur-495x400.jpg",495,400,true],"portfolio_small":["https:\/\/physiospain.com\/wp-content\/uploads\/2021\/08\/akupunktur-260x185.jpg",260,185,true],"gallery":["https:\/\/physiospain.com\/wp-content\/uploads\/2021\/08\/akupunktur-845x684.jpg",845,684,true],"magazine":["https:\/\/physiospain.com\/wp-content\/uploads\/2021\/08\/akupunktur-710x375.jpg",710,375,true],"masonry":["https:\/\/physiospain.com\/wp-content\/uploads\/2021\/08\/akupunktur-705x288.jpg",705,288,true],"entry_with_sidebar":["https:\/\/physiospain.com\/wp-content\/uploads\/2021\/08\/akupunktur-845x321.jpg",845,321,true],"entry_without_sidebar":["https:\/\/physiospain.com\/wp-content\/uploads\/2021\/08\/akupunktur-1210x423.jpg",1210,423,true],"zeguten-blog-image":["https:\/\/physiospain.com\/wp-content\/uploads\/2021\/08\/akupunktur.jpg",700,286,false],"zeguten-blog-image-small":["https:\/\/physiospain.com\/wp-content\/uploads\/2021\/08\/akupunktur.jpg",260,106,false],"zeguten-blog-image-640x465":["https:\/\/physiospain.com\/wp-content\/uploads\/2021\/08\/akupunktur.jpg",640,262,false],"zeguten-blog-image-400x300":["https:\/\/physiospain.com\/wp-content\/uploads\/2021\/08\/akupunktur.jpg",400,164,false],"zeguten-blog-image-620x715":["https:\/\/physiospain.com\/wp-content\/uploads\/2021\/08\/akupunktur.jpg",620,253,false],"zeguten-blog-image-510x700":["https:\/\/physiospain.com\/wp-content\/uploads\/2021\/08\/akupunktur.jpg",510,209,false],"zeguten-blog-image-630x635":["https:\/\/physiospain.com\/wp-content\/uploads\/2021\/08\/akupunktur.jpg",630,258,false]},"zeguten_author_info":{"display_name":"Admin","author_link":"https:\/\/physiospain.com\/nb\/author\/tony96\/"},"zeguten_comment_info":{"comments_number":"0","comments_link":"https:\/\/physiospain.com\/nb\/medisinsk-akupunktur-2\/#respond"},"zeguten_excerpt":null,"_links":{"self":[{"href":"https:\/\/physiospain.com\/nb\/wp-json\/wp\/v2\/pages\/800","targetHints":{"allow":["GET"]}}],"collection":[{"href":"https:\/\/physiospain.com\/nb\/wp-json\/wp\/v2\/pages"}],"about":[{"href":"https:\/\/physiospain.com\/nb\/wp-json\/wp\/v2\/types\/page"}],"author":[{"embeddable":true,"href":"https:\/\/physiospain.com\/nb\/wp-json\/wp\/v2\/users\/1"}],"replies":[{"embeddable":true,"href":"https:\/\/physiospain.com\/nb\/wp-json\/wp\/v2\/comments?post=800"}],"version-history":[{"count":2,"href":"https:\/\/physiospain.com\/nb\/wp-json\/wp\/v2\/pages\/800\/revisions"}],"predecessor-version":[{"id":3610,"href":"https:\/\/physiospain.com\/nb\/wp-json\/wp\/v2\/pages\/800\/revisions\/3610"}],"wp:featuredmedia":[{"embeddable":true,"href":"https:\/\/physiospain.com\/nb\/wp-json\/wp\/v2\/media\/3153"}],"wp:attachment":[{"href":"https:\/\/physiospain.com\/nb\/wp-json\/wp\/v2\/media?parent=800"}],"curies":[{"name":"wp","href":"https:\/\/api.w.org\/{rel}","templated":true}]}}