{"id":810,"date":"2016-07-18T23:37:21","date_gmt":"2016-07-18T23:37:21","guid":{"rendered":"http:\/\/www.mimo.im\/rolf1\/nb\/?page_id=810"},"modified":"2021-10-12T16:29:11","modified_gmt":"2021-10-12T14:29:11","slug":"osteopathic-treatment","status":"publish","type":"page","link":"https:\/\/physiospain.com\/nb\/osteopathic-treatment\/","title":{"rendered":"Osteopatisk behandling"},"content":{"rendered":"<div id='full_slider_1'  class='avia-fullwidth-slider main_color avia-shadow   avia-builder-el-0  el_before_av_one_full  avia-builder-el-first   container_wrap sidebar_right'  ><div  class='avia-slideshow av-kuo403uk-0ed260e1e0c8bd1f89e7ded47223a04e avia-slideshow-featured av_slideshow_full avia-slide-slider av-slideshow-ui av-control-default av-slideshow-manual av-loop-once av-loop-manual-endless av-default-height-applied   avia-slideshow-1' data-slideshow-options=\"{&quot;animation&quot;:&quot;slide&quot;,&quot;autoplay&quot;:false,&quot;loop_autoplay&quot;:&quot;once&quot;,&quot;interval&quot;:5,&quot;loop_manual&quot;:&quot;manual-endless&quot;,&quot;autoplay_stopper&quot;:false,&quot;noNavigation&quot;:false,&quot;bg_slider&quot;:false,&quot;keep_padding&quot;:false,&quot;hoverpause&quot;:false,&quot;show_slide_delay&quot;:0}\"  itemprop=\"image\" itemscope=\"itemscope\" itemtype=\"https:\/\/schema.org\/ImageObject\" ><ul class='avia-slideshow-inner ' style='padding-bottom: 28.666666666667%;'><li  class='avia-slideshow-slide av-kuo403uk-0ed260e1e0c8bd1f89e7ded47223a04e__0  av-single-slide slide-1 slide-odd'><div data-rel='slideshow-1' class='avia-slide-wrap '   ><div class='av-slideshow-caption av-kuo403uk-0ed260e1e0c8bd1f89e7ded47223a04e__0 caption_fullwidth caption_bottom'><div class=\"container caption_container\"><div class=\"slideshow_caption\"><div class=\"slideshow_inner_caption\"><div class=\"slideshow_align_caption\"><h2 class='avia-caption-title '  itemprop=\"name\" >Osteopatisk behandling<\/h2><\/div><\/div><\/div><\/div><\/div><img decoding=\"async\" fetchpriority=\"high\" class=\"wp-image-3367 avia-img-lazy-loading-not-3367\"  src=\"https:\/\/physiospain.com\/wp-content\/uploads\/2021\/09\/osteopatisk-behandling-physiospain-1500x430.jpeg\" width=\"1500\" height=\"430\" title='osteopatisk behandling physiospain' alt='muscle treatment physiospain'  itemprop=\"thumbnailUrl\"   \/><\/div><\/li><\/ul><\/div><\/div><div id='after_full_slider_1'  class='main_color av_default_container_wrap container_wrap sidebar_right'  ><div class='container av-section-cont-open' ><div class='template-page content  av-content-small alpha units'><div class='post-entry post-entry-type-page post-entry-810'><div class='entry-content-wrapper clearfix'>\n\n<style type=\"text\/css\" data-created_by=\"avia_inline_auto\" id=\"style-css-av-1ndyy-906f73a0f641939810f9cc20ad1a81c4\">\n.flex_column.av-1ndyy-906f73a0f641939810f9cc20ad1a81c4{\nborder-radius:0px 0px 0px 0px;\npadding:0px 0px 0px 0px;\n}\n<\/style>\n<div  class='flex_column av-1ndyy-906f73a0f641939810f9cc20ad1a81c4 av_one_full  avia-builder-el-1  el_after_av_slideshow_full  avia-builder-el-no-sibling  first flex_column_div av-zero-column-padding  '     ><section  class='av_textblock_section av-6tloa-4cdbefe0d3c8b6d11e7331c8db44af1b '   itemscope=\"itemscope\" itemtype=\"https:\/\/schema.org\/CreativeWork\" ><div class='avia_textblock'  itemprop=\"text\" ><h1>Forhindre helseproblemer med osteopatisk behandling<\/h1>\n<p>Osteopati, MTT er en m\u00e5te \u00e5 opptage, behandle og forebygge helseproblemer ved \u00e5 manipulere, bevege , t\u00f6ye og massere \u00a0muskler og ledd.<\/p>\n<p>Osteopati er basert p\u00e5 prinsippet om at en persons velv\u00e6re \u00a0avhenger av at ledd, muskler, leddb\u00e5nd og bindevev fungerer i sin sameksistens.<\/p>\n<p><img loading=\"lazy\" decoding=\"async\" class=\"alignnone wp-image-3550 size-full\" src=\"https:\/\/physiospain.com\/wp-content\/uploads\/2021\/10\/Osteopathic-treatment-norska.png\" alt=\"\" width=\"776\" height=\"252\" srcset=\"https:\/\/physiospain.com\/wp-content\/uploads\/2021\/10\/Osteopathic-treatment-norska.png 776w, https:\/\/physiospain.com\/wp-content\/uploads\/2021\/10\/Osteopathic-treatment-norska-300x97.png 300w, https:\/\/physiospain.com\/wp-content\/uploads\/2021\/10\/Osteopathic-treatment-norska-768x249.png 768w, https:\/\/physiospain.com\/wp-content\/uploads\/2021\/10\/Osteopathic-treatment-norska-705x229.png 705w\" sizes=\"auto, (max-width: 776px) 100vw, 776px\" \/><\/p>\n<hr \/>\n<h2>Vi \u00a0bruker fysisk manipulasjon, stretching og massasje, med sikte p\u00e5 at :<\/h2>\n<ul>\n<li>Forbedre bevegligheten av ledd<\/li>\n<li>Minske muskelspenninger<\/li>\n<li>Forbedre blodtilf\u00f8rselen til vev<\/li>\n<li>Hjelpe kroppen til \u00e5 helbrede seg<\/li>\n<li>Det brukes en rekke teknikker, men ikke medikamenter eller kirurgi.<\/li>\n<\/ul>\n<\/div><\/section><\/div>\n","protected":false},"excerpt":{"rendered":"","protected":false},"author":1,"featured_media":3367,"parent":0,"menu_order":0,"comment_status":"closed","ping_status":"closed","template":"","meta":{"_uag_custom_page_level_css":"","footnotes":""},"class_list":["post-810","page","type-page","status-publish","has-post-thumbnail","hentry"],"featured_image_src":"https:\/\/physiospain.com\/wp-content\/uploads\/2021\/09\/osteopatisk-behandling-physiospain.jpeg","yoast_head":"<!-- This site is optimized with the Yoast SEO plugin v27.3 - https:\/\/yoast.com\/product\/yoast-seo-wordpress\/ -->\n<title>Osteopatisk behandling - PhysioSpain - Physiotherapy \/ Osteopathic treatment in Fuengirola, Mijas &amp; Malaga<\/title>\n<meta name=\"description\" content=\"Osteopatisk behandling er en m\u00e5te \u00e5 utforske, behandle og forhindre helseproblemer ved \u00e5 bevege, strekke og massere muskler og ledd.\" \/>\n<meta name=\"robots\" content=\"index, follow, max-snippet:-1, max-image-preview:large, max-video-preview:-1\" \/>\n<link rel=\"canonical\" href=\"https:\/\/physiospain.com\/nb\/osteopathic-treatment\/\" \/>\n<meta property=\"og:locale\" content=\"nb_NO\" \/>\n<meta property=\"og:type\" content=\"article\" \/>\n<meta property=\"og:title\" content=\"Osteopatisk behandling - PhysioSpain - Physiotherapy \/ Osteopathic treatment in Fuengirola, Mijas &amp; Malaga\" \/>\n<meta property=\"og:description\" content=\"Osteopatisk behandling er en m\u00e5te \u00e5 utforske, behandle og forhindre helseproblemer ved \u00e5 bevege, strekke og massere muskler og ledd.\" \/>\n<meta property=\"og:url\" content=\"https:\/\/physiospain.com\/nb\/osteopathic-treatment\/\" \/>\n<meta property=\"og:site_name\" content=\"PhysioSpain - Physiotherapy \/ Osteopathic treatment in Fuengirola, Mijas &amp; Malaga\" \/>\n<meta property=\"article:modified_time\" content=\"2021-10-12T14:29:11+00:00\" \/>\n<meta property=\"og:image\" content=\"https:\/\/physiospain.com\/wp-content\/uploads\/2021\/09\/osteopatisk-behandling-physiospain.jpeg\" \/>\n\t<meta property=\"og:image:width\" content=\"2560\" \/>\n\t<meta property=\"og:image:height\" content=\"1707\" \/>\n\t<meta property=\"og:image:type\" content=\"image\/jpeg\" \/>\n<meta name=\"twitter:card\" content=\"summary_large_image\" \/>\n<meta name=\"twitter:label1\" content=\"Ansl. lesetid\" \/>\n\t<meta name=\"twitter:data1\" content=\"2 minutter\" \/>\n<script type=\"application\/ld+json\" class=\"yoast-schema-graph\">{\"@context\":\"https:\\\/\\\/schema.org\",\"@graph\":[{\"@type\":\"WebPage\",\"@id\":\"https:\\\/\\\/physiospain.com\\\/nb\\\/osteopathic-treatment\\\/\",\"url\":\"https:\\\/\\\/physiospain.com\\\/nb\\\/osteopathic-treatment\\\/\",\"name\":\"Osteopatisk behandling - PhysioSpain - Physiotherapy \\\/ Osteopathic treatment in Fuengirola, Mijas &amp; Malaga\",\"isPartOf\":{\"@id\":\"https:\\\/\\\/physiospain.com\\\/#website\"},\"primaryImageOfPage\":{\"@id\":\"https:\\\/\\\/physiospain.com\\\/nb\\\/osteopathic-treatment\\\/#primaryimage\"},\"image\":{\"@id\":\"https:\\\/\\\/physiospain.com\\\/nb\\\/osteopathic-treatment\\\/#primaryimage\"},\"thumbnailUrl\":\"https:\\\/\\\/physiospain.com\\\/wp-content\\\/uploads\\\/2021\\\/09\\\/osteopatisk-behandling-physiospain.jpeg\",\"datePublished\":\"2016-07-18T23:37:21+00:00\",\"dateModified\":\"2021-10-12T14:29:11+00:00\",\"description\":\"Osteopatisk behandling er en m\u00e5te \u00e5 utforske, behandle og forhindre helseproblemer ved \u00e5 bevege, strekke og massere muskler og ledd.\",\"breadcrumb\":{\"@id\":\"https:\\\/\\\/physiospain.com\\\/nb\\\/osteopathic-treatment\\\/#breadcrumb\"},\"inLanguage\":\"nb-NO\",\"potentialAction\":[{\"@type\":\"ReadAction\",\"target\":[\"https:\\\/\\\/physiospain.com\\\/nb\\\/osteopathic-treatment\\\/\"]}]},{\"@type\":\"ImageObject\",\"inLanguage\":\"nb-NO\",\"@id\":\"https:\\\/\\\/physiospain.com\\\/nb\\\/osteopathic-treatment\\\/#primaryimage\",\"url\":\"https:\\\/\\\/physiospain.com\\\/wp-content\\\/uploads\\\/2021\\\/09\\\/osteopatisk-behandling-physiospain.jpeg\",\"contentUrl\":\"https:\\\/\\\/physiospain.com\\\/wp-content\\\/uploads\\\/2021\\\/09\\\/osteopatisk-behandling-physiospain.jpeg\",\"width\":2560,\"height\":1707,\"caption\":\"muscle treatment physiospain\"},{\"@type\":\"BreadcrumbList\",\"@id\":\"https:\\\/\\\/physiospain.com\\\/nb\\\/osteopathic-treatment\\\/#breadcrumb\",\"itemListElement\":[{\"@type\":\"ListItem\",\"position\":1,\"name\":\"Home\",\"item\":\"https:\\\/\\\/physiospain.com\\\/nb\\\/z-home\\\/\"},{\"@type\":\"ListItem\",\"position\":2,\"name\":\"Osteopatisk behandling\"}]},{\"@type\":\"WebSite\",\"@id\":\"https:\\\/\\\/physiospain.com\\\/#website\",\"url\":\"https:\\\/\\\/physiospain.com\\\/\",\"name\":\"PhysioSpain - Physiotherapy \\\/ Osteopathic treatment in Fuengirola, Mijas &amp; Malaga\",\"description\":\"Clinica Physio Spain\",\"publisher\":{\"@id\":\"https:\\\/\\\/physiospain.com\\\/#organization\"},\"potentialAction\":[{\"@type\":\"SearchAction\",\"target\":{\"@type\":\"EntryPoint\",\"urlTemplate\":\"https:\\\/\\\/physiospain.com\\\/?s={search_term_string}\"},\"query-input\":{\"@type\":\"PropertyValueSpecification\",\"valueRequired\":true,\"valueName\":\"search_term_string\"}}],\"inLanguage\":\"nb-NO\"},{\"@type\":\"Organization\",\"@id\":\"https:\\\/\\\/physiospain.com\\\/#organization\",\"name\":\"Physiospain\",\"url\":\"https:\\\/\\\/physiospain.com\\\/\",\"logo\":{\"@type\":\"ImageObject\",\"inLanguage\":\"nb-NO\",\"@id\":\"https:\\\/\\\/physiospain.com\\\/#\\\/schema\\\/logo\\\/image\\\/\",\"url\":\"https:\\\/\\\/physiospain.com\\\/wp-content\\\/uploads\\\/2016\\\/06\\\/logo-physiospain-fuengirola2.png\",\"contentUrl\":\"https:\\\/\\\/physiospain.com\\\/wp-content\\\/uploads\\\/2016\\\/06\\\/logo-physiospain-fuengirola2.png\",\"width\":415,\"height\":108,\"caption\":\"Physiospain\"},\"image\":{\"@id\":\"https:\\\/\\\/physiospain.com\\\/#\\\/schema\\\/logo\\\/image\\\/\"}}]}<\/script>\n<!-- \/ Yoast SEO plugin. -->","yoast_head_json":{"title":"Osteopatisk behandling - PhysioSpain - Physiotherapy \/ Osteopathic treatment in Fuengirola, Mijas &amp; Malaga","description":"Osteopatisk behandling er en m\u00e5te \u00e5 utforske, behandle og forhindre helseproblemer ved \u00e5 bevege, strekke og massere muskler og ledd.","robots":{"index":"index","follow":"follow","max-snippet":"max-snippet:-1","max-image-preview":"max-image-preview:large","max-video-preview":"max-video-preview:-1"},"canonical":"https:\/\/physiospain.com\/nb\/osteopathic-treatment\/","og_locale":"nb_NO","og_type":"article","og_title":"Osteopatisk behandling - PhysioSpain - Physiotherapy \/ Osteopathic treatment in Fuengirola, Mijas &amp; Malaga","og_description":"Osteopatisk behandling er en m\u00e5te \u00e5 utforske, behandle og forhindre helseproblemer ved \u00e5 bevege, strekke og massere muskler og ledd.","og_url":"https:\/\/physiospain.com\/nb\/osteopathic-treatment\/","og_site_name":"PhysioSpain - Physiotherapy \/ Osteopathic treatment in Fuengirola, Mijas &amp; Malaga","article_modified_time":"2021-10-12T14:29:11+00:00","og_image":[{"width":2560,"height":1707,"url":"https:\/\/physiospain.com\/wp-content\/uploads\/2021\/09\/osteopatisk-behandling-physiospain.jpeg","type":"image\/jpeg"}],"twitter_card":"summary_large_image","twitter_misc":{"Ansl. lesetid":"2 minutter"},"schema":{"@context":"https:\/\/schema.org","@graph":[{"@type":"WebPage","@id":"https:\/\/physiospain.com\/nb\/osteopathic-treatment\/","url":"https:\/\/physiospain.com\/nb\/osteopathic-treatment\/","name":"Osteopatisk behandling - PhysioSpain - Physiotherapy \/ Osteopathic treatment in Fuengirola, Mijas &amp; Malaga","isPartOf":{"@id":"https:\/\/physiospain.com\/#website"},"primaryImageOfPage":{"@id":"https:\/\/physiospain.com\/nb\/osteopathic-treatment\/#primaryimage"},"image":{"@id":"https:\/\/physiospain.com\/nb\/osteopathic-treatment\/#primaryimage"},"thumbnailUrl":"https:\/\/physiospain.com\/wp-content\/uploads\/2021\/09\/osteopatisk-behandling-physiospain.jpeg","datePublished":"2016-07-18T23:37:21+00:00","dateModified":"2021-10-12T14:29:11+00:00","description":"Osteopatisk behandling er en m\u00e5te \u00e5 utforske, behandle og forhindre helseproblemer ved \u00e5 bevege, strekke og massere muskler og ledd.","breadcrumb":{"@id":"https:\/\/physiospain.com\/nb\/osteopathic-treatment\/#breadcrumb"},"inLanguage":"nb-NO","potentialAction":[{"@type":"ReadAction","target":["https:\/\/physiospain.com\/nb\/osteopathic-treatment\/"]}]},{"@type":"ImageObject","inLanguage":"nb-NO","@id":"https:\/\/physiospain.com\/nb\/osteopathic-treatment\/#primaryimage","url":"https:\/\/physiospain.com\/wp-content\/uploads\/2021\/09\/osteopatisk-behandling-physiospain.jpeg","contentUrl":"https:\/\/physiospain.com\/wp-content\/uploads\/2021\/09\/osteopatisk-behandling-physiospain.jpeg","width":2560,"height":1707,"caption":"muscle treatment physiospain"},{"@type":"BreadcrumbList","@id":"https:\/\/physiospain.com\/nb\/osteopathic-treatment\/#breadcrumb","itemListElement":[{"@type":"ListItem","position":1,"name":"Home","item":"https:\/\/physiospain.com\/nb\/z-home\/"},{"@type":"ListItem","position":2,"name":"Osteopatisk behandling"}]},{"@type":"WebSite","@id":"https:\/\/physiospain.com\/#website","url":"https:\/\/physiospain.com\/","name":"PhysioSpain - Physiotherapy \/ Osteopathic treatment in Fuengirola, Mijas &amp; Malaga","description":"Clinica Physio Spain","publisher":{"@id":"https:\/\/physiospain.com\/#organization"},"potentialAction":[{"@type":"SearchAction","target":{"@type":"EntryPoint","urlTemplate":"https:\/\/physiospain.com\/?s={search_term_string}"},"query-input":{"@type":"PropertyValueSpecification","valueRequired":true,"valueName":"search_term_string"}}],"inLanguage":"nb-NO"},{"@type":"Organization","@id":"https:\/\/physiospain.com\/#organization","name":"Physiospain","url":"https:\/\/physiospain.com\/","logo":{"@type":"ImageObject","inLanguage":"nb-NO","@id":"https:\/\/physiospain.com\/#\/schema\/logo\/image\/","url":"https:\/\/physiospain.com\/wp-content\/uploads\/2016\/06\/logo-physiospain-fuengirola2.png","contentUrl":"https:\/\/physiospain.com\/wp-content\/uploads\/2016\/06\/logo-physiospain-fuengirola2.png","width":415,"height":108,"caption":"Physiospain"},"image":{"@id":"https:\/\/physiospain.com\/#\/schema\/logo\/image\/"}}]}},"uagb_featured_image_src":{"full":["https:\/\/physiospain.com\/wp-content\/uploads\/2021\/09\/osteopatisk-behandling-physiospain.jpeg",2560,1707,false],"thumbnail":["https:\/\/physiospain.com\/wp-content\/uploads\/2021\/09\/osteopatisk-behandling-physiospain-80x80.jpeg",80,80,true],"medium":["https:\/\/physiospain.com\/wp-content\/uploads\/2021\/09\/osteopatisk-behandling-physiospain-300x200.jpeg",300,200,true],"medium_large":["https:\/\/physiospain.com\/wp-content\/uploads\/2021\/09\/osteopatisk-behandling-physiospain-768x512.jpeg",768,512,true],"large":["https:\/\/physiospain.com\/wp-content\/uploads\/2021\/09\/osteopatisk-behandling-physiospain-1030x687.jpeg",1030,687,true],"1536x1536":["https:\/\/physiospain.com\/wp-content\/uploads\/2021\/09\/osteopatisk-behandling-physiospain-1536x1024.jpeg",1536,1024,true],"2048x2048":["https:\/\/physiospain.com\/wp-content\/uploads\/2021\/09\/osteopatisk-behandling-physiospain-2048x1365.jpeg",2048,1365,true],"widget":["https:\/\/physiospain.com\/wp-content\/uploads\/2021\/09\/osteopatisk-behandling-physiospain-36x36.jpeg",36,36,true],"square":["https:\/\/physiospain.com\/wp-content\/uploads\/2021\/09\/osteopatisk-behandling-physiospain-180x180.jpeg",180,180,true],"featured":["https:\/\/physiospain.com\/wp-content\/uploads\/2021\/09\/osteopatisk-behandling-physiospain-1500x430.jpeg",1500,430,true],"featured_large":["https:\/\/physiospain.com\/wp-content\/uploads\/2021\/09\/osteopatisk-behandling-physiospain-1500x630.jpeg",1500,630,true],"extra_large":["https:\/\/physiospain.com\/wp-content\/uploads\/2021\/09\/osteopatisk-behandling-physiospain-1500x1000.jpeg",1500,1000,true],"portfolio":["https:\/\/physiospain.com\/wp-content\/uploads\/2021\/09\/osteopatisk-behandling-physiospain-495x400.jpeg",495,400,true],"portfolio_small":["https:\/\/physiospain.com\/wp-content\/uploads\/2021\/09\/osteopatisk-behandling-physiospain-260x185.jpeg",260,185,true],"gallery":["https:\/\/physiospain.com\/wp-content\/uploads\/2021\/09\/osteopatisk-behandling-physiospain-845x684.jpeg",845,684,true],"magazine":["https:\/\/physiospain.com\/wp-content\/uploads\/2021\/09\/osteopatisk-behandling-physiospain-710x375.jpeg",710,375,true],"masonry":["https:\/\/physiospain.com\/wp-content\/uploads\/2021\/09\/osteopatisk-behandling-physiospain-705x470.jpeg",705,470,true],"entry_with_sidebar":["https:\/\/physiospain.com\/wp-content\/uploads\/2021\/09\/osteopatisk-behandling-physiospain-845x321.jpeg",845,321,true],"entry_without_sidebar":["https:\/\/physiospain.com\/wp-content\/uploads\/2021\/09\/osteopatisk-behandling-physiospain-1210x423.jpeg",1210,423,true],"zeguten-blog-image":["https:\/\/physiospain.com\/wp-content\/uploads\/2021\/09\/osteopatisk-behandling-physiospain.jpeg",700,467,false],"zeguten-blog-image-small":["https:\/\/physiospain.com\/wp-content\/uploads\/2021\/09\/osteopatisk-behandling-physiospain.jpeg",260,173,false],"zeguten-blog-image-640x465":["https:\/\/physiospain.com\/wp-content\/uploads\/2021\/09\/osteopatisk-behandling-physiospain.jpeg",640,427,false],"zeguten-blog-image-400x300":["https:\/\/physiospain.com\/wp-content\/uploads\/2021\/09\/osteopatisk-behandling-physiospain.jpeg",400,267,false],"zeguten-blog-image-620x715":["https:\/\/physiospain.com\/wp-content\/uploads\/2021\/09\/osteopatisk-behandling-physiospain.jpeg",620,413,false],"zeguten-blog-image-510x700":["https:\/\/physiospain.com\/wp-content\/uploads\/2021\/09\/osteopatisk-behandling-physiospain.jpeg",510,340,false],"zeguten-blog-image-630x635":["https:\/\/physiospain.com\/wp-content\/uploads\/2021\/09\/osteopatisk-behandling-physiospain.jpeg",630,420,false]},"uagb_author_info":{"display_name":"Admin","author_link":"https:\/\/physiospain.com\/nb\/author\/tony96\/"},"uagb_comment_info":0,"uagb_excerpt":null,"zeguten_blocks_get_image_src":{"full":["https:\/\/physiospain.com\/wp-content\/uploads\/2021\/09\/osteopatisk-behandling-physiospain.jpeg",2560,1707,false],"thumbnail":["https:\/\/physiospain.com\/wp-content\/uploads\/2021\/09\/osteopatisk-behandling-physiospain-80x80.jpeg",80,80,true],"medium":["https:\/\/physiospain.com\/wp-content\/uploads\/2021\/09\/osteopatisk-behandling-physiospain-300x200.jpeg",300,200,true],"medium_large":["https:\/\/physiospain.com\/wp-content\/uploads\/2021\/09\/osteopatisk-behandling-physiospain-768x512.jpeg",768,512,true],"large":["https:\/\/physiospain.com\/wp-content\/uploads\/2021\/09\/osteopatisk-behandling-physiospain-1030x687.jpeg",1030,687,true],"1536x1536":["https:\/\/physiospain.com\/wp-content\/uploads\/2021\/09\/osteopatisk-behandling-physiospain-1536x1024.jpeg",1536,1024,true],"2048x2048":["https:\/\/physiospain.com\/wp-content\/uploads\/2021\/09\/osteopatisk-behandling-physiospain-2048x1365.jpeg",2048,1365,true],"widget":["https:\/\/physiospain.com\/wp-content\/uploads\/2021\/09\/osteopatisk-behandling-physiospain-36x36.jpeg",36,36,true],"square":["https:\/\/physiospain.com\/wp-content\/uploads\/2021\/09\/osteopatisk-behandling-physiospain-180x180.jpeg",180,180,true],"featured":["https:\/\/physiospain.com\/wp-content\/uploads\/2021\/09\/osteopatisk-behandling-physiospain-1500x430.jpeg",1500,430,true],"featured_large":["https:\/\/physiospain.com\/wp-content\/uploads\/2021\/09\/osteopatisk-behandling-physiospain-1500x630.jpeg",1500,630,true],"extra_large":["https:\/\/physiospain.com\/wp-content\/uploads\/2021\/09\/osteopatisk-behandling-physiospain-1500x1000.jpeg",1500,1000,true],"portfolio":["https:\/\/physiospain.com\/wp-content\/uploads\/2021\/09\/osteopatisk-behandling-physiospain-495x400.jpeg",495,400,true],"portfolio_small":["https:\/\/physiospain.com\/wp-content\/uploads\/2021\/09\/osteopatisk-behandling-physiospain-260x185.jpeg",260,185,true],"gallery":["https:\/\/physiospain.com\/wp-content\/uploads\/2021\/09\/osteopatisk-behandling-physiospain-845x684.jpeg",845,684,true],"magazine":["https:\/\/physiospain.com\/wp-content\/uploads\/2021\/09\/osteopatisk-behandling-physiospain-710x375.jpeg",710,375,true],"masonry":["https:\/\/physiospain.com\/wp-content\/uploads\/2021\/09\/osteopatisk-behandling-physiospain-705x470.jpeg",705,470,true],"entry_with_sidebar":["https:\/\/physiospain.com\/wp-content\/uploads\/2021\/09\/osteopatisk-behandling-physiospain-845x321.jpeg",845,321,true],"entry_without_sidebar":["https:\/\/physiospain.com\/wp-content\/uploads\/2021\/09\/osteopatisk-behandling-physiospain-1210x423.jpeg",1210,423,true],"zeguten-blog-image":["https:\/\/physiospain.com\/wp-content\/uploads\/2021\/09\/osteopatisk-behandling-physiospain.jpeg",700,467,false],"zeguten-blog-image-small":["https:\/\/physiospain.com\/wp-content\/uploads\/2021\/09\/osteopatisk-behandling-physiospain.jpeg",260,173,false],"zeguten-blog-image-640x465":["https:\/\/physiospain.com\/wp-content\/uploads\/2021\/09\/osteopatisk-behandling-physiospain.jpeg",640,427,false],"zeguten-blog-image-400x300":["https:\/\/physiospain.com\/wp-content\/uploads\/2021\/09\/osteopatisk-behandling-physiospain.jpeg",400,267,false],"zeguten-blog-image-620x715":["https:\/\/physiospain.com\/wp-content\/uploads\/2021\/09\/osteopatisk-behandling-physiospain.jpeg",620,413,false],"zeguten-blog-image-510x700":["https:\/\/physiospain.com\/wp-content\/uploads\/2021\/09\/osteopatisk-behandling-physiospain.jpeg",510,340,false],"zeguten-blog-image-630x635":["https:\/\/physiospain.com\/wp-content\/uploads\/2021\/09\/osteopatisk-behandling-physiospain.jpeg",630,420,false]},"zeguten_author_info":{"display_name":"Admin","author_link":"https:\/\/physiospain.com\/nb\/author\/tony96\/"},"zeguten_comment_info":{"comments_number":"0","comments_link":"https:\/\/physiospain.com\/nb\/osteopathic-treatment\/#respond"},"zeguten_excerpt":null,"_links":{"self":[{"href":"https:\/\/physiospain.com\/nb\/wp-json\/wp\/v2\/pages\/810","targetHints":{"allow":["GET"]}}],"collection":[{"href":"https:\/\/physiospain.com\/nb\/wp-json\/wp\/v2\/pages"}],"about":[{"href":"https:\/\/physiospain.com\/nb\/wp-json\/wp\/v2\/types\/page"}],"author":[{"embeddable":true,"href":"https:\/\/physiospain.com\/nb\/wp-json\/wp\/v2\/users\/1"}],"replies":[{"embeddable":true,"href":"https:\/\/physiospain.com\/nb\/wp-json\/wp\/v2\/comments?post=810"}],"version-history":[{"count":3,"href":"https:\/\/physiospain.com\/nb\/wp-json\/wp\/v2\/pages\/810\/revisions"}],"predecessor-version":[{"id":3612,"href":"https:\/\/physiospain.com\/nb\/wp-json\/wp\/v2\/pages\/810\/revisions\/3612"}],"wp:featuredmedia":[{"embeddable":true,"href":"https:\/\/physiospain.com\/nb\/wp-json\/wp\/v2\/media\/3367"}],"wp:attachment":[{"href":"https:\/\/physiospain.com\/nb\/wp-json\/wp\/v2\/media?parent=810"}],"curies":[{"name":"wp","href":"https:\/\/api.w.org\/{rel}","templated":true}]}}