{"id":875,"date":"2016-07-19T00:56:54","date_gmt":"2016-07-19T00:56:54","guid":{"rendered":"http:\/\/www.mimo.im\/rolf1\/nb\/?page_id=875"},"modified":"2021-10-26T21:23:56","modified_gmt":"2021-10-26T19:23:56","slug":"stot-og-trykkbolgebehandling","status":"publish","type":"page","link":"https:\/\/physiospain.com\/nb\/stot-og-trykkbolgebehandling\/","title":{"rendered":"Sjokk og trykkb\u00f8lgebehandling"},"content":{"rendered":"<div id='full_slider_1'  class='avia-fullwidth-slider main_color avia-shadow   avia-builder-el-0  el_before_av_textblock  avia-builder-el-first   container_wrap sidebar_right'  ><div  class='avia-slideshow av-kuo2kz4a-8b14fce3306ee9a98da82d9df67e9fa2 avia-slideshow-featured av_slideshow_full avia-slide-slider av-slideshow-ui av-control-default av-slideshow-manual av-loop-once av-loop-manual-endless av-default-height-applied   avia-slideshow-1' data-slideshow-options=\"{&quot;animation&quot;:&quot;slide&quot;,&quot;autoplay&quot;:false,&quot;loop_autoplay&quot;:&quot;once&quot;,&quot;interval&quot;:5,&quot;loop_manual&quot;:&quot;manual-endless&quot;,&quot;autoplay_stopper&quot;:false,&quot;noNavigation&quot;:false,&quot;bg_slider&quot;:false,&quot;keep_padding&quot;:false,&quot;hoverpause&quot;:false,&quot;show_slide_delay&quot;:0}\"  itemprop=\"image\" itemscope=\"itemscope\" itemtype=\"https:\/\/schema.org\/ImageObject\" ><ul class='avia-slideshow-inner ' style='padding-bottom: 28.666666666667%;'><li  class='avia-slideshow-slide av-kuo2kz4a-8b14fce3306ee9a98da82d9df67e9fa2__0  av-single-slide slide-1 slide-odd'><div data-rel='slideshow-1' class='avia-slide-wrap '   ><div class='av-slideshow-caption av-kuo2kz4a-8b14fce3306ee9a98da82d9df67e9fa2__0 caption_fullwidth caption_bottom'><div class=\"container caption_container\"><div class=\"slideshow_caption\"><div class=\"slideshow_inner_caption\"><div class=\"slideshow_align_caption\"><h2 class='avia-caption-title '  itemprop=\"name\" >Sjokk og trykkb\u00f8lgebehandling<\/h2><\/div><\/div><\/div><\/div><\/div><img decoding=\"async\" fetchpriority=\"high\" class=\"wp-image-3145 avia-img-lazy-loading-not-3145\"  src=\"https:\/\/physiospain.com\/wp-content\/uploads\/2021\/08\/chock-och-stotvagsterapi-physiospain-sverige-1500x430.png\" width=\"1500\" height=\"430\" title='chock-och-st\u00f6tv\u00e5gsterapi-physiospain-sverige' alt='Ultrasound scanning physiospain'  itemprop=\"thumbnailUrl\"   \/><\/div><\/li><\/ul><\/div><\/div><div id='after_full_slider_1'  class='main_color av_default_container_wrap container_wrap sidebar_right'  ><div class='container av-section-cont-open' ><div class='template-page content  av-content-small alpha units'><div class='post-entry post-entry-type-page post-entry-875'><div class='entry-content-wrapper clearfix'>\n<section  class='av_textblock_section av-kuo2ytdg-9d18987b7d9a58d3b300c03d4a4ff559 '   itemscope=\"itemscope\" itemtype=\"https:\/\/schema.org\/CreativeWork\" ><div class='avia_textblock'  itemprop=\"text\" ><h1>Bedre og bredere behandling<\/h1>\n<p>Etter 7 \u00e5rs veldig bra erfaring med trykkb\u00f8lger, bestemte vi oss for \u00e5 skaffe en enda bedre teknikk, nemligen kombinasjonsapparatet trykk og sjokkb\u00f8lger. I 2010 fikk vi v\u00e5r sjokkb\u00f8lge og trykkb\u00f8lgebehandlings enhet for \u00e5 kunne tilby en \u00a0enda bedre og bredere behandling.<\/p>\n<p>Sjokkb\u00f8lger (ESWT-Extra Corporal Shock Wave Therapy) og trykkb\u00f8lger (RPWT &#8211; Radial trykkb\u00f8lgebehandling) er to akustiske energiformer. Energien, trykk &#8211; og b\u00f8lgeform som de to teknikkene gir er fysisk sv\u00e6rt forskjellige. Dette betyr at b\u00f8lgeformene har forskjellige effekter i kroppen avhengig av vevet som behandles.<\/p>\n<p>Forskning viser at effekten av sjokkb\u00f8lger er meget effektiv. Resultatet er at vevet forbedres og helbreder klart hurtigere enn det som er vanlig kjent innen medisinsk forskning.<\/p>\n<p><img loading=\"lazy\" decoding=\"async\" class=\"alignnone wp-image-3524 size-full\" src=\"https:\/\/physiospain.com\/wp-content\/uploads\/2021\/10\/chock-stotvag-norska.png\" alt=\"\" width=\"776\" height=\"252\" srcset=\"https:\/\/physiospain.com\/wp-content\/uploads\/2021\/10\/chock-stotvag-norska.png 776w, https:\/\/physiospain.com\/wp-content\/uploads\/2021\/10\/chock-stotvag-norska-300x97.png 300w, https:\/\/physiospain.com\/wp-content\/uploads\/2021\/10\/chock-stotvag-norska-768x249.png 768w, https:\/\/physiospain.com\/wp-content\/uploads\/2021\/10\/chock-stotvag-norska-705x229.png 705w\" sizes=\"auto, (max-width: 776px) 100vw, 776px\" \/><\/p>\n<hr \/>\n<h2>Historien om ESWT.<\/h2>\n<p>Siden 1960 har sjokkb\u00f8lger blitt brukt for\u00a0\u00e5 fragmentere \u00a0kalksten i kroppsvev. Siden 1980 ble det brukt til \u00e5 behandle nyrestein med suksess. Klinisk forskning har siden den gang utviklet andre behandlingsalternativer for ESWT. I dag er den teknikk som er stor suksess i et bredt utvalg av behandlinger. Nye kliniske forsknings resultater vil utvide behandlingstilbudene av ESWT.<\/p>\n<h2><strong>Hva er forskjellen mellom sjokk og trykkb\u00f8lger?<\/strong><\/h2>\n<h3>Sjokkb\u00f8lger (fESWT):<\/h3>\n<p>Fokusere p\u00e5 et bestemt dyp og en bestemt intensitet i vevet.<br \/>\nDet kan n\u00e5 dybde p\u00e5 8,5 cm.<br \/>\nHa en lokal innflytelse.<br \/>\nP\u00e5virker blodkar ved \u00e5 \u00f8ke blodgjennomstr\u00f8mningen.<br \/>\n\u00d8kt metabolisme.<br \/>\nKan p\u00e5virke stamceller.<br \/>\nKan oppl\u00f8se kalkstein formasjon i muskel, bursa, ledd, ets.<br \/>\nKan stoppe betennelse i vev i ledd og leddkapselen, ets.<\/p>\n<h3>Trykkb\u00f8lger (rESWT):<\/h3>\n<p>Er en radial b\u00f8lgeform som spreder seg til en dybde av opp til 3,5 cm.<br \/>\nHa en lokal innflytelse :.<br \/>\nKan fordele v\u00e6ske i det behandlede vev.<br \/>\n\u00d8ker cellenes stoffskifte og transport av avfallsprodukter.<br \/>\nGir effektiv massasje av muskelcellene og \u00f8ker blodsirkulasjonen.<\/p>\n<h2><strong>Behandlingsforl\u00f8p<\/strong><\/h2>\n<p>Som alltid, en grundig unders\u00f8kelse for et vellykket resultat. (Se kapitlet &laquo;fysioterapi unders\u00f8kelse&raquo;)<\/p>\n<p>Etter unders\u00f8kelsen er utf\u00f8rt, blir trykk og eller sjokkb\u00f8lgebehandling administret n\u00e5r indikert. Sjokkb\u00f8lgene blir brukt i forskjellige dybder og med forskjellige mengder av energi og intensitet (mJ \/ mm) som er n\u00f8dvendig for \u00e5 oppn\u00e5 det \u00f8nskede resultat. Trykkb\u00f8lger brukes oftest som en oppf\u00f8lging av sjokkb\u00f8lge behandling og for muskel behandling.<\/p>\n<p>Selve behandlingen oppleves p\u00e5 forskjellige m\u00e5ter, men vanligvis er det ingen bivirkninger. Oftest vil du allerede etter f\u00f8rste behandling f\u00f8le en betydelig forbedring i b\u00e5de bevegelse, funksjon og redusert smerte.<\/p>\n<p>Det anbefales \u00e5 drikke ekstra mye vann siden avfallsstoffer frigj\u00f8res og transporteres bort. \u00d8kt v\u00e6skeinntak bidrar til \u00e5 balansere de naturlige forhold.<\/p>\n<blockquote>\n<p>Behandlingen har ingen p\u00e5viste bivirkninger.<\/p>\n<\/blockquote>\n<h3><strong>Her er noen eksempler p\u00e5 lidelser som kan behandles med sjokk-trykkb\u00f8lger:<\/strong><\/h3>\n<ul>\n<li>Artrose, gikt, ledd forverring.<\/li>\n<li>Muskelbetennelse.<\/li>\n<li>Arrvev, S\u00e5rbehandling<\/li>\n<li>Muskel knuter, triggerpunkter (TP)<\/li>\n<li>Tendinose, Tendenit \/ ( senebetennelse)<\/li>\n<li>Epicondilitis (Tennis albue, golf albue, musearm).<\/li>\n<li>Jumpers knee, L\u00f8per kne.<\/li>\n<li>Akillestendenit, Plantar fascitis.<\/li>\n<li>H\u00e6l spore.<\/li>\n<li>Carpal tunnel syndrom,\u00a0Sudeck syndrom, Refleks dystrofi<br \/>\nMortons neuroma.<\/li>\n<li>\u00a0 CPP (Kronisk Pelvis Pain Syndrome).<\/li>\n<li>Cellulitter.<\/li>\n<li>Nedsatt blodsirkulasjon i bena.<\/li>\n<\/ul>\n<h3>Fordelaktige effekter av sjokk- og trykkb\u00f8lge behandling:<\/h3>\n<p>Forbedrer leddbrusken, forbedrer s\u00e5rheling.<\/p>\n<h3>Hvis problemet ditt ikke er blant de nevnte diagnosene kontakt med oss for mer informasjon.<\/h3>\n<\/div><\/section>\n","protected":false},"excerpt":{"rendered":"","protected":false},"author":1,"featured_media":3145,"parent":0,"menu_order":0,"comment_status":"closed","ping_status":"closed","template":"","meta":{"_uag_custom_page_level_css":"","footnotes":""},"class_list":["post-875","page","type-page","status-publish","has-post-thumbnail","hentry"],"featured_image_src":"https:\/\/physiospain.com\/wp-content\/uploads\/2021\/08\/chock-och-stotvagsterapi-physiospain-sverige.png","yoast_head":"<!-- This site is optimized with the Yoast SEO plugin v27.3 - https:\/\/yoast.com\/product\/yoast-seo-wordpress\/ -->\n<title>Sjokk og trykkb\u00f8lgebehandling - PhysioSpain - Physiotherapy \/ Osteopathic treatment in Fuengirola, Mijas &amp; Malaga<\/title>\n<meta name=\"description\" content=\"Siden 2010 har vi anskaffet en sjokkb\u00f8lge- og trykkb\u00f8lgebehandlingsenhet for \u00e5 gi en enda bedre og bredere behandling.\" \/>\n<meta name=\"robots\" content=\"index, follow, max-snippet:-1, max-image-preview:large, max-video-preview:-1\" \/>\n<link rel=\"canonical\" href=\"https:\/\/physiospain.com\/nb\/stot-og-trykkbolgebehandling\/\" \/>\n<meta property=\"og:locale\" content=\"nb_NO\" \/>\n<meta property=\"og:type\" content=\"article\" \/>\n<meta property=\"og:title\" content=\"Sjokk og trykkb\u00f8lgebehandling - PhysioSpain - Physiotherapy \/ Osteopathic treatment in Fuengirola, Mijas &amp; Malaga\" \/>\n<meta property=\"og:description\" content=\"Siden 2010 har vi anskaffet en sjokkb\u00f8lge- og trykkb\u00f8lgebehandlingsenhet for \u00e5 gi en enda bedre og bredere behandling.\" \/>\n<meta property=\"og:url\" content=\"https:\/\/physiospain.com\/nb\/stot-og-trykkbolgebehandling\/\" \/>\n<meta property=\"og:site_name\" content=\"PhysioSpain - Physiotherapy \/ Osteopathic treatment in Fuengirola, Mijas &amp; Malaga\" \/>\n<meta property=\"article:modified_time\" content=\"2021-10-26T19:23:56+00:00\" \/>\n<meta property=\"og:image\" content=\"https:\/\/physiospain.com\/wp-content\/uploads\/2021\/08\/chock-och-stotvagsterapi-physiospain-sverige.png\" \/>\n\t<meta property=\"og:image:width\" content=\"2500\" \/>\n\t<meta property=\"og:image:height\" content=\"986\" \/>\n\t<meta property=\"og:image:type\" content=\"image\/png\" \/>\n<meta name=\"twitter:card\" content=\"summary_large_image\" \/>\n<meta name=\"twitter:label1\" content=\"Ansl. lesetid\" \/>\n\t<meta name=\"twitter:data1\" content=\"4 minutter\" \/>\n<script type=\"application\/ld+json\" class=\"yoast-schema-graph\">{\"@context\":\"https:\\\/\\\/schema.org\",\"@graph\":[{\"@type\":\"WebPage\",\"@id\":\"https:\\\/\\\/physiospain.com\\\/nb\\\/stot-og-trykkbolgebehandling\\\/\",\"url\":\"https:\\\/\\\/physiospain.com\\\/nb\\\/stot-og-trykkbolgebehandling\\\/\",\"name\":\"Sjokk og trykkb\u00f8lgebehandling - PhysioSpain - Physiotherapy \\\/ Osteopathic treatment in Fuengirola, Mijas &amp; Malaga\",\"isPartOf\":{\"@id\":\"https:\\\/\\\/physiospain.com\\\/#website\"},\"primaryImageOfPage\":{\"@id\":\"https:\\\/\\\/physiospain.com\\\/nb\\\/stot-og-trykkbolgebehandling\\\/#primaryimage\"},\"image\":{\"@id\":\"https:\\\/\\\/physiospain.com\\\/nb\\\/stot-og-trykkbolgebehandling\\\/#primaryimage\"},\"thumbnailUrl\":\"https:\\\/\\\/physiospain.com\\\/wp-content\\\/uploads\\\/2021\\\/08\\\/chock-och-stotvagsterapi-physiospain-sverige.png\",\"datePublished\":\"2016-07-19T00:56:54+00:00\",\"dateModified\":\"2021-10-26T19:23:56+00:00\",\"description\":\"Siden 2010 har vi anskaffet en sjokkb\u00f8lge- og trykkb\u00f8lgebehandlingsenhet for \u00e5 gi en enda bedre og bredere behandling.\",\"breadcrumb\":{\"@id\":\"https:\\\/\\\/physiospain.com\\\/nb\\\/stot-og-trykkbolgebehandling\\\/#breadcrumb\"},\"inLanguage\":\"nb-NO\",\"potentialAction\":[{\"@type\":\"ReadAction\",\"target\":[\"https:\\\/\\\/physiospain.com\\\/nb\\\/stot-og-trykkbolgebehandling\\\/\"]}]},{\"@type\":\"ImageObject\",\"inLanguage\":\"nb-NO\",\"@id\":\"https:\\\/\\\/physiospain.com\\\/nb\\\/stot-og-trykkbolgebehandling\\\/#primaryimage\",\"url\":\"https:\\\/\\\/physiospain.com\\\/wp-content\\\/uploads\\\/2021\\\/08\\\/chock-och-stotvagsterapi-physiospain-sverige.png\",\"contentUrl\":\"https:\\\/\\\/physiospain.com\\\/wp-content\\\/uploads\\\/2021\\\/08\\\/chock-och-stotvagsterapi-physiospain-sverige.png\",\"width\":2500,\"height\":986,\"caption\":\"Ultrasound scanning physiospain\"},{\"@type\":\"BreadcrumbList\",\"@id\":\"https:\\\/\\\/physiospain.com\\\/nb\\\/stot-og-trykkbolgebehandling\\\/#breadcrumb\",\"itemListElement\":[{\"@type\":\"ListItem\",\"position\":1,\"name\":\"Home\",\"item\":\"https:\\\/\\\/physiospain.com\\\/nb\\\/z-home\\\/\"},{\"@type\":\"ListItem\",\"position\":2,\"name\":\"Sjokk og trykkb\u00f8lgebehandling\"}]},{\"@type\":\"WebSite\",\"@id\":\"https:\\\/\\\/physiospain.com\\\/#website\",\"url\":\"https:\\\/\\\/physiospain.com\\\/\",\"name\":\"PhysioSpain - Physiotherapy \\\/ Osteopathic treatment in Fuengirola, Mijas &amp; Malaga\",\"description\":\"Clinica Physio Spain\",\"publisher\":{\"@id\":\"https:\\\/\\\/physiospain.com\\\/#organization\"},\"potentialAction\":[{\"@type\":\"SearchAction\",\"target\":{\"@type\":\"EntryPoint\",\"urlTemplate\":\"https:\\\/\\\/physiospain.com\\\/?s={search_term_string}\"},\"query-input\":{\"@type\":\"PropertyValueSpecification\",\"valueRequired\":true,\"valueName\":\"search_term_string\"}}],\"inLanguage\":\"nb-NO\"},{\"@type\":\"Organization\",\"@id\":\"https:\\\/\\\/physiospain.com\\\/#organization\",\"name\":\"Physiospain\",\"url\":\"https:\\\/\\\/physiospain.com\\\/\",\"logo\":{\"@type\":\"ImageObject\",\"inLanguage\":\"nb-NO\",\"@id\":\"https:\\\/\\\/physiospain.com\\\/#\\\/schema\\\/logo\\\/image\\\/\",\"url\":\"https:\\\/\\\/physiospain.com\\\/wp-content\\\/uploads\\\/2016\\\/06\\\/logo-physiospain-fuengirola2.png\",\"contentUrl\":\"https:\\\/\\\/physiospain.com\\\/wp-content\\\/uploads\\\/2016\\\/06\\\/logo-physiospain-fuengirola2.png\",\"width\":415,\"height\":108,\"caption\":\"Physiospain\"},\"image\":{\"@id\":\"https:\\\/\\\/physiospain.com\\\/#\\\/schema\\\/logo\\\/image\\\/\"}}]}<\/script>\n<!-- \/ Yoast SEO plugin. -->","yoast_head_json":{"title":"Sjokk og trykkb\u00f8lgebehandling - PhysioSpain - Physiotherapy \/ Osteopathic treatment in Fuengirola, Mijas &amp; Malaga","description":"Siden 2010 har vi anskaffet en sjokkb\u00f8lge- og trykkb\u00f8lgebehandlingsenhet for \u00e5 gi en enda bedre og bredere behandling.","robots":{"index":"index","follow":"follow","max-snippet":"max-snippet:-1","max-image-preview":"max-image-preview:large","max-video-preview":"max-video-preview:-1"},"canonical":"https:\/\/physiospain.com\/nb\/stot-og-trykkbolgebehandling\/","og_locale":"nb_NO","og_type":"article","og_title":"Sjokk og trykkb\u00f8lgebehandling - PhysioSpain - Physiotherapy \/ Osteopathic treatment in Fuengirola, Mijas &amp; Malaga","og_description":"Siden 2010 har vi anskaffet en sjokkb\u00f8lge- og trykkb\u00f8lgebehandlingsenhet for \u00e5 gi en enda bedre og bredere behandling.","og_url":"https:\/\/physiospain.com\/nb\/stot-og-trykkbolgebehandling\/","og_site_name":"PhysioSpain - Physiotherapy \/ Osteopathic treatment in Fuengirola, Mijas &amp; Malaga","article_modified_time":"2021-10-26T19:23:56+00:00","og_image":[{"width":2500,"height":986,"url":"https:\/\/physiospain.com\/wp-content\/uploads\/2021\/08\/chock-och-stotvagsterapi-physiospain-sverige.png","type":"image\/png"}],"twitter_card":"summary_large_image","twitter_misc":{"Ansl. lesetid":"4 minutter"},"schema":{"@context":"https:\/\/schema.org","@graph":[{"@type":"WebPage","@id":"https:\/\/physiospain.com\/nb\/stot-og-trykkbolgebehandling\/","url":"https:\/\/physiospain.com\/nb\/stot-og-trykkbolgebehandling\/","name":"Sjokk og trykkb\u00f8lgebehandling - PhysioSpain - Physiotherapy \/ Osteopathic treatment in Fuengirola, Mijas &amp; Malaga","isPartOf":{"@id":"https:\/\/physiospain.com\/#website"},"primaryImageOfPage":{"@id":"https:\/\/physiospain.com\/nb\/stot-og-trykkbolgebehandling\/#primaryimage"},"image":{"@id":"https:\/\/physiospain.com\/nb\/stot-og-trykkbolgebehandling\/#primaryimage"},"thumbnailUrl":"https:\/\/physiospain.com\/wp-content\/uploads\/2021\/08\/chock-och-stotvagsterapi-physiospain-sverige.png","datePublished":"2016-07-19T00:56:54+00:00","dateModified":"2021-10-26T19:23:56+00:00","description":"Siden 2010 har vi anskaffet en sjokkb\u00f8lge- og trykkb\u00f8lgebehandlingsenhet for \u00e5 gi en enda bedre og bredere behandling.","breadcrumb":{"@id":"https:\/\/physiospain.com\/nb\/stot-og-trykkbolgebehandling\/#breadcrumb"},"inLanguage":"nb-NO","potentialAction":[{"@type":"ReadAction","target":["https:\/\/physiospain.com\/nb\/stot-og-trykkbolgebehandling\/"]}]},{"@type":"ImageObject","inLanguage":"nb-NO","@id":"https:\/\/physiospain.com\/nb\/stot-og-trykkbolgebehandling\/#primaryimage","url":"https:\/\/physiospain.com\/wp-content\/uploads\/2021\/08\/chock-och-stotvagsterapi-physiospain-sverige.png","contentUrl":"https:\/\/physiospain.com\/wp-content\/uploads\/2021\/08\/chock-och-stotvagsterapi-physiospain-sverige.png","width":2500,"height":986,"caption":"Ultrasound scanning physiospain"},{"@type":"BreadcrumbList","@id":"https:\/\/physiospain.com\/nb\/stot-og-trykkbolgebehandling\/#breadcrumb","itemListElement":[{"@type":"ListItem","position":1,"name":"Home","item":"https:\/\/physiospain.com\/nb\/z-home\/"},{"@type":"ListItem","position":2,"name":"Sjokk og trykkb\u00f8lgebehandling"}]},{"@type":"WebSite","@id":"https:\/\/physiospain.com\/#website","url":"https:\/\/physiospain.com\/","name":"PhysioSpain - Physiotherapy \/ Osteopathic treatment in Fuengirola, Mijas &amp; Malaga","description":"Clinica Physio Spain","publisher":{"@id":"https:\/\/physiospain.com\/#organization"},"potentialAction":[{"@type":"SearchAction","target":{"@type":"EntryPoint","urlTemplate":"https:\/\/physiospain.com\/?s={search_term_string}"},"query-input":{"@type":"PropertyValueSpecification","valueRequired":true,"valueName":"search_term_string"}}],"inLanguage":"nb-NO"},{"@type":"Organization","@id":"https:\/\/physiospain.com\/#organization","name":"Physiospain","url":"https:\/\/physiospain.com\/","logo":{"@type":"ImageObject","inLanguage":"nb-NO","@id":"https:\/\/physiospain.com\/#\/schema\/logo\/image\/","url":"https:\/\/physiospain.com\/wp-content\/uploads\/2016\/06\/logo-physiospain-fuengirola2.png","contentUrl":"https:\/\/physiospain.com\/wp-content\/uploads\/2016\/06\/logo-physiospain-fuengirola2.png","width":415,"height":108,"caption":"Physiospain"},"image":{"@id":"https:\/\/physiospain.com\/#\/schema\/logo\/image\/"}}]}},"uagb_featured_image_src":{"full":["https:\/\/physiospain.com\/wp-content\/uploads\/2021\/08\/chock-och-stotvagsterapi-physiospain-sverige.png",2500,986,false],"thumbnail":["https:\/\/physiospain.com\/wp-content\/uploads\/2021\/08\/chock-och-stotvagsterapi-physiospain-sverige-80x80.png",80,80,true],"medium":["https:\/\/physiospain.com\/wp-content\/uploads\/2021\/08\/chock-och-stotvagsterapi-physiospain-sverige-300x118.png",300,118,true],"medium_large":["https:\/\/physiospain.com\/wp-content\/uploads\/2021\/08\/chock-och-stotvagsterapi-physiospain-sverige-768x303.png",768,303,true],"large":["https:\/\/physiospain.com\/wp-content\/uploads\/2021\/08\/chock-och-stotvagsterapi-physiospain-sverige-1030x406.png",1030,406,true],"1536x1536":["https:\/\/physiospain.com\/wp-content\/uploads\/2021\/08\/chock-och-stotvagsterapi-physiospain-sverige-1536x606.png",1536,606,true],"2048x2048":["https:\/\/physiospain.com\/wp-content\/uploads\/2021\/08\/chock-och-stotvagsterapi-physiospain-sverige-2048x808.png",2048,808,true],"widget":["https:\/\/physiospain.com\/wp-content\/uploads\/2021\/08\/chock-och-stotvagsterapi-physiospain-sverige-36x36.png",36,36,true],"square":["https:\/\/physiospain.com\/wp-content\/uploads\/2021\/08\/chock-och-stotvagsterapi-physiospain-sverige-180x180.png",180,180,true],"featured":["https:\/\/physiospain.com\/wp-content\/uploads\/2021\/08\/chock-och-stotvagsterapi-physiospain-sverige-1500x430.png",1500,430,true],"featured_large":["https:\/\/physiospain.com\/wp-content\/uploads\/2021\/08\/chock-och-stotvagsterapi-physiospain-sverige-1500x630.png",1500,630,true],"extra_large":["https:\/\/physiospain.com\/wp-content\/uploads\/2021\/08\/chock-och-stotvagsterapi-physiospain-sverige-1500x592.png",1500,592,true],"portfolio":["https:\/\/physiospain.com\/wp-content\/uploads\/2021\/08\/chock-och-stotvagsterapi-physiospain-sverige-495x400.png",495,400,true],"portfolio_small":["https:\/\/physiospain.com\/wp-content\/uploads\/2021\/08\/chock-och-stotvagsterapi-physiospain-sverige-260x185.png",260,185,true],"gallery":["https:\/\/physiospain.com\/wp-content\/uploads\/2021\/08\/chock-och-stotvagsterapi-physiospain-sverige-845x684.png",845,684,true],"magazine":["https:\/\/physiospain.com\/wp-content\/uploads\/2021\/08\/chock-och-stotvagsterapi-physiospain-sverige-710x375.png",710,375,true],"masonry":["https:\/\/physiospain.com\/wp-content\/uploads\/2021\/08\/chock-och-stotvagsterapi-physiospain-sverige-705x278.png",705,278,true],"entry_with_sidebar":["https:\/\/physiospain.com\/wp-content\/uploads\/2021\/08\/chock-och-stotvagsterapi-physiospain-sverige-845x321.png",845,321,true],"entry_without_sidebar":["https:\/\/physiospain.com\/wp-content\/uploads\/2021\/08\/chock-och-stotvagsterapi-physiospain-sverige-1210x423.png",1210,423,true],"zeguten-blog-image":["https:\/\/physiospain.com\/wp-content\/uploads\/2021\/08\/chock-och-stotvagsterapi-physiospain-sverige.png",700,276,false],"zeguten-blog-image-small":["https:\/\/physiospain.com\/wp-content\/uploads\/2021\/08\/chock-och-stotvagsterapi-physiospain-sverige.png",260,103,false],"zeguten-blog-image-640x465":["https:\/\/physiospain.com\/wp-content\/uploads\/2021\/08\/chock-och-stotvagsterapi-physiospain-sverige.png",640,252,false],"zeguten-blog-image-400x300":["https:\/\/physiospain.com\/wp-content\/uploads\/2021\/08\/chock-och-stotvagsterapi-physiospain-sverige.png",400,158,false],"zeguten-blog-image-620x715":["https:\/\/physiospain.com\/wp-content\/uploads\/2021\/08\/chock-och-stotvagsterapi-physiospain-sverige.png",620,245,false],"zeguten-blog-image-510x700":["https:\/\/physiospain.com\/wp-content\/uploads\/2021\/08\/chock-och-stotvagsterapi-physiospain-sverige.png",510,201,false],"zeguten-blog-image-630x635":["https:\/\/physiospain.com\/wp-content\/uploads\/2021\/08\/chock-och-stotvagsterapi-physiospain-sverige.png",630,248,false]},"uagb_author_info":{"display_name":"Admin","author_link":"https:\/\/physiospain.com\/nb\/author\/tony96\/"},"uagb_comment_info":0,"uagb_excerpt":null,"zeguten_blocks_get_image_src":{"full":["https:\/\/physiospain.com\/wp-content\/uploads\/2021\/08\/chock-och-stotvagsterapi-physiospain-sverige.png",2500,986,false],"thumbnail":["https:\/\/physiospain.com\/wp-content\/uploads\/2021\/08\/chock-och-stotvagsterapi-physiospain-sverige-80x80.png",80,80,true],"medium":["https:\/\/physiospain.com\/wp-content\/uploads\/2021\/08\/chock-och-stotvagsterapi-physiospain-sverige-300x118.png",300,118,true],"medium_large":["https:\/\/physiospain.com\/wp-content\/uploads\/2021\/08\/chock-och-stotvagsterapi-physiospain-sverige-768x303.png",768,303,true],"large":["https:\/\/physiospain.com\/wp-content\/uploads\/2021\/08\/chock-och-stotvagsterapi-physiospain-sverige-1030x406.png",1030,406,true],"1536x1536":["https:\/\/physiospain.com\/wp-content\/uploads\/2021\/08\/chock-och-stotvagsterapi-physiospain-sverige-1536x606.png",1536,606,true],"2048x2048":["https:\/\/physiospain.com\/wp-content\/uploads\/2021\/08\/chock-och-stotvagsterapi-physiospain-sverige-2048x808.png",2048,808,true],"widget":["https:\/\/physiospain.com\/wp-content\/uploads\/2021\/08\/chock-och-stotvagsterapi-physiospain-sverige-36x36.png",36,36,true],"square":["https:\/\/physiospain.com\/wp-content\/uploads\/2021\/08\/chock-och-stotvagsterapi-physiospain-sverige-180x180.png",180,180,true],"featured":["https:\/\/physiospain.com\/wp-content\/uploads\/2021\/08\/chock-och-stotvagsterapi-physiospain-sverige-1500x430.png",1500,430,true],"featured_large":["https:\/\/physiospain.com\/wp-content\/uploads\/2021\/08\/chock-och-stotvagsterapi-physiospain-sverige-1500x630.png",1500,630,true],"extra_large":["https:\/\/physiospain.com\/wp-content\/uploads\/2021\/08\/chock-och-stotvagsterapi-physiospain-sverige-1500x592.png",1500,592,true],"portfolio":["https:\/\/physiospain.com\/wp-content\/uploads\/2021\/08\/chock-och-stotvagsterapi-physiospain-sverige-495x400.png",495,400,true],"portfolio_small":["https:\/\/physiospain.com\/wp-content\/uploads\/2021\/08\/chock-och-stotvagsterapi-physiospain-sverige-260x185.png",260,185,true],"gallery":["https:\/\/physiospain.com\/wp-content\/uploads\/2021\/08\/chock-och-stotvagsterapi-physiospain-sverige-845x684.png",845,684,true],"magazine":["https:\/\/physiospain.com\/wp-content\/uploads\/2021\/08\/chock-och-stotvagsterapi-physiospain-sverige-710x375.png",710,375,true],"masonry":["https:\/\/physiospain.com\/wp-content\/uploads\/2021\/08\/chock-och-stotvagsterapi-physiospain-sverige-705x278.png",705,278,true],"entry_with_sidebar":["https:\/\/physiospain.com\/wp-content\/uploads\/2021\/08\/chock-och-stotvagsterapi-physiospain-sverige-845x321.png",845,321,true],"entry_without_sidebar":["https:\/\/physiospain.com\/wp-content\/uploads\/2021\/08\/chock-och-stotvagsterapi-physiospain-sverige-1210x423.png",1210,423,true],"zeguten-blog-image":["https:\/\/physiospain.com\/wp-content\/uploads\/2021\/08\/chock-och-stotvagsterapi-physiospain-sverige.png",700,276,false],"zeguten-blog-image-small":["https:\/\/physiospain.com\/wp-content\/uploads\/2021\/08\/chock-och-stotvagsterapi-physiospain-sverige.png",260,103,false],"zeguten-blog-image-640x465":["https:\/\/physiospain.com\/wp-content\/uploads\/2021\/08\/chock-och-stotvagsterapi-physiospain-sverige.png",640,252,false],"zeguten-blog-image-400x300":["https:\/\/physiospain.com\/wp-content\/uploads\/2021\/08\/chock-och-stotvagsterapi-physiospain-sverige.png",400,158,false],"zeguten-blog-image-620x715":["https:\/\/physiospain.com\/wp-content\/uploads\/2021\/08\/chock-och-stotvagsterapi-physiospain-sverige.png",620,245,false],"zeguten-blog-image-510x700":["https:\/\/physiospain.com\/wp-content\/uploads\/2021\/08\/chock-och-stotvagsterapi-physiospain-sverige.png",510,201,false],"zeguten-blog-image-630x635":["https:\/\/physiospain.com\/wp-content\/uploads\/2021\/08\/chock-och-stotvagsterapi-physiospain-sverige.png",630,248,false]},"zeguten_author_info":{"display_name":"Admin","author_link":"https:\/\/physiospain.com\/nb\/author\/tony96\/"},"zeguten_comment_info":{"comments_number":"0","comments_link":"https:\/\/physiospain.com\/nb\/stot-og-trykkbolgebehandling\/#respond"},"zeguten_excerpt":null,"_links":{"self":[{"href":"https:\/\/physiospain.com\/nb\/wp-json\/wp\/v2\/pages\/875","targetHints":{"allow":["GET"]}}],"collection":[{"href":"https:\/\/physiospain.com\/nb\/wp-json\/wp\/v2\/pages"}],"about":[{"href":"https:\/\/physiospain.com\/nb\/wp-json\/wp\/v2\/types\/page"}],"author":[{"embeddable":true,"href":"https:\/\/physiospain.com\/nb\/wp-json\/wp\/v2\/users\/1"}],"replies":[{"embeddable":true,"href":"https:\/\/physiospain.com\/nb\/wp-json\/wp\/v2\/comments?post=875"}],"version-history":[{"count":3,"href":"https:\/\/physiospain.com\/nb\/wp-json\/wp\/v2\/pages\/875\/revisions"}],"predecessor-version":[{"id":3623,"href":"https:\/\/physiospain.com\/nb\/wp-json\/wp\/v2\/pages\/875\/revisions\/3623"}],"wp:featuredmedia":[{"embeddable":true,"href":"https:\/\/physiospain.com\/nb\/wp-json\/wp\/v2\/media\/3145"}],"wp:attachment":[{"href":"https:\/\/physiospain.com\/nb\/wp-json\/wp\/v2\/media?parent=875"}],"curies":[{"name":"wp","href":"https:\/\/api.w.org\/{rel}","templated":true}]}}