{"id":881,"date":"2016-07-19T01:02:30","date_gmt":"2016-07-19T01:02:30","guid":{"rendered":"http:\/\/www.mimo.im\/rolf1\/nb\/?page_id=881"},"modified":"2021-10-12T16:32:18","modified_gmt":"2021-10-12T14:32:18","slug":"ultralyd-imaging","status":"publish","type":"page","link":"https:\/\/physiospain.com\/nb\/ultralyd-imaging\/","title":{"rendered":"Ultralyd unders\u00f8kelse"},"content":{"rendered":"<div id='full_slider_1'  class='avia-fullwidth-slider main_color avia-shadow   avia-builder-el-0  el_before_av_one_full  avia-builder-el-first   container_wrap sidebar_right'  ><div  class='avia-slideshow av-kuo1sbqw-7ad8deb7c2a42c667ee2e66eb162a0b8 avia-slideshow-featured av_slideshow_full avia-slide-slider av-slideshow-ui av-control-default av-slideshow-manual av-loop-once av-loop-manual-endless av-default-height-applied   avia-slideshow-1' data-slideshow-options=\"{&quot;animation&quot;:&quot;slide&quot;,&quot;autoplay&quot;:false,&quot;loop_autoplay&quot;:&quot;once&quot;,&quot;interval&quot;:5,&quot;loop_manual&quot;:&quot;manual-endless&quot;,&quot;autoplay_stopper&quot;:false,&quot;noNavigation&quot;:false,&quot;bg_slider&quot;:false,&quot;keep_padding&quot;:false,&quot;hoverpause&quot;:false,&quot;show_slide_delay&quot;:0}\"  itemprop=\"image\" itemscope=\"itemscope\" itemtype=\"https:\/\/schema.org\/ImageObject\" ><ul class='avia-slideshow-inner ' style='padding-bottom: 29.477292202228%;'><li  class='avia-slideshow-slide av-kuo1sbqw-7ad8deb7c2a42c667ee2e66eb162a0b8__0  av-single-slide slide-1 slide-odd'><div data-rel='slideshow-1' class='avia-slide-wrap '   ><div class='av-slideshow-caption av-kuo1sbqw-7ad8deb7c2a42c667ee2e66eb162a0b8__0 caption_fullwidth caption_bottom'><div class=\"container caption_container\"><div class=\"slideshow_caption\"><div class=\"slideshow_inner_caption\"><div class=\"slideshow_align_caption\"><h2 class='avia-caption-title '  itemprop=\"name\" >Ultralyd unders\u00f8kelse<\/h2><\/div><\/div><\/div><\/div><\/div><img decoding=\"async\" fetchpriority=\"high\" class=\"wp-image-3252 avia-img-lazy-loading-not-3252\"  src=\"https:\/\/physiospain.com\/wp-content\/uploads\/2021\/08\/ultraljudsscanning-physiospain-sverige.png\" width=\"1167\" height=\"344\" title='ultraljudsscanning-physiospain-sverige' alt=''  itemprop=\"thumbnailUrl\" srcset=\"https:\/\/physiospain.com\/wp-content\/uploads\/2021\/08\/ultraljudsscanning-physiospain-sverige.png 1167w, https:\/\/physiospain.com\/wp-content\/uploads\/2021\/08\/ultraljudsscanning-physiospain-sverige-300x88.png 300w, https:\/\/physiospain.com\/wp-content\/uploads\/2021\/08\/ultraljudsscanning-physiospain-sverige-1030x304.png 1030w, https:\/\/physiospain.com\/wp-content\/uploads\/2021\/08\/ultraljudsscanning-physiospain-sverige-768x226.png 768w, https:\/\/physiospain.com\/wp-content\/uploads\/2021\/08\/ultraljudsscanning-physiospain-sverige-705x208.png 705w\" sizes=\"(max-width: 1167px) 100vw, 1167px\" \/><\/div><\/li><\/ul><\/div><\/div><div id='after_full_slider_1'  class='main_color av_default_container_wrap container_wrap sidebar_right'  ><div class='container av-section-cont-open' ><div class='template-page content  av-content-small alpha units'><div class='post-entry post-entry-type-page post-entry-881'><div class='entry-content-wrapper clearfix'>\n\n<style type=\"text\/css\" data-created_by=\"avia_inline_auto\" id=\"style-css-av-6ujoh-91853b5fc543daa0f6d0191272c9a030\">\n.flex_column.av-6ujoh-91853b5fc543daa0f6d0191272c9a030{\nborder-radius:0px 0px 0px 0px;\npadding:0px 0px 0px 0px;\n}\n<\/style>\n<div  class='flex_column av-6ujoh-91853b5fc543daa0f6d0191272c9a030 av_one_full  avia-builder-el-1  el_after_av_slideshow_full  avia-builder-el-no-sibling  first flex_column_div av-zero-column-padding  '     ><section  class='av_textblock_section av-kuo22whn-9c9ab54bb1ce6e89aa788343a3756b70 '   itemscope=\"itemscope\" itemtype=\"https:\/\/schema.org\/CreativeWork\" ><div class='avia_textblock'  itemprop=\"text\" ><h1>Se kroppens interi\u00f8r i sanntid<\/h1>\n<p>Ultralyd ogs\u00e5 kjent som billeddiagnostikk eller skanning, eksponerer deler av kroppen med h\u00f8yfrekvente lydb\u00f8lger for \u00e5 produsere bilder av kroppens interi\u00f8r. Ultralydbilder blir tatt i sann tid (under bevegelse) \u00a0og kan vise strukturen og bevegelse av muskler og sener, samt hvor blodet str\u00f8mmer gjennom blodkarene. Ultralyd er en medisinsk unders\u00f8kelse uten intervensjon som hjelper fysioterapeuter til \u00e5 vurdere og behandle muskelsykdommer p\u00e5 grunnlag av en mer n\u00f8yaktig diagnose.<\/p>\n<p><img loading=\"lazy\" decoding=\"async\" class=\"alignnone wp-image-3512 size-full\" src=\"https:\/\/physiospain.com\/wp-content\/uploads\/2021\/10\/ultraljudscanning-norska.png\" alt=\"\" width=\"776\" height=\"252\" srcset=\"https:\/\/physiospain.com\/wp-content\/uploads\/2021\/10\/ultraljudscanning-norska.png 776w, https:\/\/physiospain.com\/wp-content\/uploads\/2021\/10\/ultraljudscanning-norska-300x97.png 300w, https:\/\/physiospain.com\/wp-content\/uploads\/2021\/10\/ultraljudscanning-norska-768x249.png 768w, https:\/\/physiospain.com\/wp-content\/uploads\/2021\/10\/ultraljudscanning-norska-705x229.png 705w\" sizes=\"auto, (max-width: 776px) 100vw, 776px\" \/><\/p>\n<hr \/>\n<h2>Hva er fordelene med ultralyd sammenlignet med andre unders\u00f8kelser?<\/h2>\n<p>\u2022 Ultralyd er ikke-invasiv (ingen n\u00e5ler eller injeksjoner) og er vanligvis smertefri.<br \/>\n\u2022 Ultralyd er allment tilgjengelig for bruk og rimeligere enn andre avbildningsmetoder.<br \/>\n\u2022 Ultralyd bruker ikke ioniserende str\u00e5ling.<br \/>\n\u2022 Ultralyd gir et klart bilde av bl\u00f8tvev. Tradisjonell r\u00f8ntgen kan bare gi et klart bilde av hardt vev dvs. beinstruktur.<br \/>\n\u2022 Ultralyd gj\u00f8r det mulig \u00e5 skanne pasienten i de dynamiske tester og bevegelser. Sammenlignet med MR der pasienten m\u00e5 ligge meget stille i flere minutter.<br \/>\n\u2022 Ultralyd gir real-time imaging.<br \/>\n\u2022 I motsetning til de sterke magnetiske felt i magnetisk resonans MR p\u00e5virker ultralyd ikke feks. pacemaker, ferromagnetiske implantater eller fragmenter i kroppen.<br \/>\n\u2022 Ultralyd er ogs\u00e5 et utmerket alternativ til MR som en klaustrofobisk pasient kan oppleve som vanskelig.<\/p>\n<p><img loading=\"lazy\" decoding=\"async\" class=\"wp-image-3453 aligncenter\" src=\"https:\/\/physiospain.com\/wp-content\/uploads\/2021\/09\/rolf-physiospain-ultrasound-imaging-fuengurola.jpg\" alt=\"\" width=\"606\" height=\"455\" srcset=\"https:\/\/physiospain.com\/wp-content\/uploads\/2021\/09\/rolf-physiospain-ultrasound-imaging-fuengurola.jpg 750w, https:\/\/physiospain.com\/wp-content\/uploads\/2021\/09\/rolf-physiospain-ultrasound-imaging-fuengurola-300x225.jpg 300w, https:\/\/physiospain.com\/wp-content\/uploads\/2021\/09\/rolf-physiospain-ultrasound-imaging-fuengurola-705x529.jpg 705w\" sizes=\"auto, (max-width: 606px) 100vw, 606px\" \/><\/p>\n<hr \/>\n<h3>Risiko?<\/h3>\n<p>Det er ingen kjente skadelige effekter p\u00e5 muskel \/ skjelett av ultralyd p\u00e5 mennesker.<\/p>\n<\/div><\/section><\/div>\n","protected":false},"excerpt":{"rendered":"","protected":false},"author":1,"featured_media":3240,"parent":0,"menu_order":0,"comment_status":"closed","ping_status":"closed","template":"","meta":{"_uag_custom_page_level_css":"","footnotes":""},"class_list":["post-881","page","type-page","status-publish","has-post-thumbnail","hentry"],"featured_image_src":"https:\/\/physiospain.com\/wp-content\/uploads\/2021\/08\/ultraljudsscanning.jpg","yoast_head":"<!-- This site is optimized with the Yoast SEO plugin v27.4 - https:\/\/yoast.com\/product\/yoast-seo-wordpress\/ -->\n<title>Ultralyd unders\u00f8kelse - PhysioSpain - Physiotherapy \/ Osteopathic treatment in Fuengirola, Mijas &amp; Malaga<\/title>\n<meta name=\"description\" content=\"Ultralyd, ogs\u00e5 kjent som ultralydsskanning, utsetter deler av kroppen med h\u00f8yfrekvente lydb\u00f8lger for \u00e5 produsere bilder av kroppens indre.\" \/>\n<meta name=\"robots\" content=\"index, follow, max-snippet:-1, max-image-preview:large, max-video-preview:-1\" \/>\n<link rel=\"canonical\" href=\"https:\/\/physiospain.com\/nb\/ultralyd-imaging\/\" \/>\n<meta property=\"og:locale\" content=\"nb_NO\" \/>\n<meta property=\"og:type\" content=\"article\" \/>\n<meta property=\"og:title\" content=\"Ultralyd unders\u00f8kelse - PhysioSpain - Physiotherapy \/ Osteopathic treatment in Fuengirola, Mijas &amp; Malaga\" \/>\n<meta property=\"og:description\" content=\"Ultralyd, ogs\u00e5 kjent som ultralydsskanning, utsetter deler av kroppen med h\u00f8yfrekvente lydb\u00f8lger for \u00e5 produsere bilder av kroppens indre.\" \/>\n<meta property=\"og:url\" content=\"https:\/\/physiospain.com\/nb\/ultralyd-imaging\/\" \/>\n<meta property=\"og:site_name\" content=\"PhysioSpain - Physiotherapy \/ Osteopathic treatment in Fuengirola, Mijas &amp; Malaga\" \/>\n<meta property=\"article:modified_time\" content=\"2021-10-12T14:32:18+00:00\" \/>\n<meta property=\"og:image\" content=\"https:\/\/physiospain.com\/wp-content\/uploads\/2021\/08\/ultraljudsscanning.jpg\" \/>\n\t<meta property=\"og:image:width\" content=\"1024\" \/>\n\t<meta property=\"og:image:height\" content=\"682\" \/>\n\t<meta property=\"og:image:type\" content=\"image\/jpeg\" \/>\n<meta name=\"twitter:card\" content=\"summary_large_image\" \/>\n<meta name=\"twitter:label1\" content=\"Ansl. lesetid\" \/>\n\t<meta name=\"twitter:data1\" content=\"3 minutter\" \/>\n<script type=\"application\/ld+json\" class=\"yoast-schema-graph\">{\"@context\":\"https:\\\/\\\/schema.org\",\"@graph\":[{\"@type\":\"WebPage\",\"@id\":\"https:\\\/\\\/physiospain.com\\\/nb\\\/ultralyd-imaging\\\/\",\"url\":\"https:\\\/\\\/physiospain.com\\\/nb\\\/ultralyd-imaging\\\/\",\"name\":\"Ultralyd unders\u00f8kelse - PhysioSpain - Physiotherapy \\\/ Osteopathic treatment in Fuengirola, Mijas &amp; Malaga\",\"isPartOf\":{\"@id\":\"https:\\\/\\\/physiospain.com\\\/#website\"},\"primaryImageOfPage\":{\"@id\":\"https:\\\/\\\/physiospain.com\\\/nb\\\/ultralyd-imaging\\\/#primaryimage\"},\"image\":{\"@id\":\"https:\\\/\\\/physiospain.com\\\/nb\\\/ultralyd-imaging\\\/#primaryimage\"},\"thumbnailUrl\":\"https:\\\/\\\/physiospain.com\\\/wp-content\\\/uploads\\\/2021\\\/08\\\/ultraljudsscanning.jpg\",\"datePublished\":\"2016-07-19T01:02:30+00:00\",\"dateModified\":\"2021-10-12T14:32:18+00:00\",\"description\":\"Ultralyd, ogs\u00e5 kjent som ultralydsskanning, utsetter deler av kroppen med h\u00f8yfrekvente lydb\u00f8lger for \u00e5 produsere bilder av kroppens indre.\",\"breadcrumb\":{\"@id\":\"https:\\\/\\\/physiospain.com\\\/nb\\\/ultralyd-imaging\\\/#breadcrumb\"},\"inLanguage\":\"nb-NO\",\"potentialAction\":[{\"@type\":\"ReadAction\",\"target\":[\"https:\\\/\\\/physiospain.com\\\/nb\\\/ultralyd-imaging\\\/\"]}]},{\"@type\":\"ImageObject\",\"inLanguage\":\"nb-NO\",\"@id\":\"https:\\\/\\\/physiospain.com\\\/nb\\\/ultralyd-imaging\\\/#primaryimage\",\"url\":\"https:\\\/\\\/physiospain.com\\\/wp-content\\\/uploads\\\/2021\\\/08\\\/ultraljudsscanning.jpg\",\"contentUrl\":\"https:\\\/\\\/physiospain.com\\\/wp-content\\\/uploads\\\/2021\\\/08\\\/ultraljudsscanning.jpg\",\"width\":1024,\"height\":682},{\"@type\":\"BreadcrumbList\",\"@id\":\"https:\\\/\\\/physiospain.com\\\/nb\\\/ultralyd-imaging\\\/#breadcrumb\",\"itemListElement\":[{\"@type\":\"ListItem\",\"position\":1,\"name\":\"Home\",\"item\":\"https:\\\/\\\/physiospain.com\\\/nb\\\/z-home\\\/\"},{\"@type\":\"ListItem\",\"position\":2,\"name\":\"Ultralyd unders\u00f8kelse\"}]},{\"@type\":\"WebSite\",\"@id\":\"https:\\\/\\\/physiospain.com\\\/#website\",\"url\":\"https:\\\/\\\/physiospain.com\\\/\",\"name\":\"PhysioSpain - Physiotherapy \\\/ Osteopathic treatment in Fuengirola, Mijas &amp; Malaga\",\"description\":\"Clinica Physio Spain\",\"publisher\":{\"@id\":\"https:\\\/\\\/physiospain.com\\\/#organization\"},\"potentialAction\":[{\"@type\":\"SearchAction\",\"target\":{\"@type\":\"EntryPoint\",\"urlTemplate\":\"https:\\\/\\\/physiospain.com\\\/?s={search_term_string}\"},\"query-input\":{\"@type\":\"PropertyValueSpecification\",\"valueRequired\":true,\"valueName\":\"search_term_string\"}}],\"inLanguage\":\"nb-NO\"},{\"@type\":\"Organization\",\"@id\":\"https:\\\/\\\/physiospain.com\\\/#organization\",\"name\":\"Physiospain\",\"url\":\"https:\\\/\\\/physiospain.com\\\/\",\"logo\":{\"@type\":\"ImageObject\",\"inLanguage\":\"nb-NO\",\"@id\":\"https:\\\/\\\/physiospain.com\\\/#\\\/schema\\\/logo\\\/image\\\/\",\"url\":\"https:\\\/\\\/physiospain.com\\\/wp-content\\\/uploads\\\/2016\\\/06\\\/logo-physiospain-fuengirola2.png\",\"contentUrl\":\"https:\\\/\\\/physiospain.com\\\/wp-content\\\/uploads\\\/2016\\\/06\\\/logo-physiospain-fuengirola2.png\",\"width\":415,\"height\":108,\"caption\":\"Physiospain\"},\"image\":{\"@id\":\"https:\\\/\\\/physiospain.com\\\/#\\\/schema\\\/logo\\\/image\\\/\"}}]}<\/script>\n<!-- \/ Yoast SEO plugin. -->","yoast_head_json":{"title":"Ultralyd unders\u00f8kelse - PhysioSpain - Physiotherapy \/ Osteopathic treatment in Fuengirola, Mijas &amp; Malaga","description":"Ultralyd, ogs\u00e5 kjent som ultralydsskanning, utsetter deler av kroppen med h\u00f8yfrekvente lydb\u00f8lger for \u00e5 produsere bilder av kroppens indre.","robots":{"index":"index","follow":"follow","max-snippet":"max-snippet:-1","max-image-preview":"max-image-preview:large","max-video-preview":"max-video-preview:-1"},"canonical":"https:\/\/physiospain.com\/nb\/ultralyd-imaging\/","og_locale":"nb_NO","og_type":"article","og_title":"Ultralyd unders\u00f8kelse - PhysioSpain - Physiotherapy \/ Osteopathic treatment in Fuengirola, Mijas &amp; Malaga","og_description":"Ultralyd, ogs\u00e5 kjent som ultralydsskanning, utsetter deler av kroppen med h\u00f8yfrekvente lydb\u00f8lger for \u00e5 produsere bilder av kroppens indre.","og_url":"https:\/\/physiospain.com\/nb\/ultralyd-imaging\/","og_site_name":"PhysioSpain - Physiotherapy \/ Osteopathic treatment in Fuengirola, Mijas &amp; Malaga","article_modified_time":"2021-10-12T14:32:18+00:00","og_image":[{"width":1024,"height":682,"url":"https:\/\/physiospain.com\/wp-content\/uploads\/2021\/08\/ultraljudsscanning.jpg","type":"image\/jpeg"}],"twitter_card":"summary_large_image","twitter_misc":{"Ansl. lesetid":"3 minutter"},"schema":{"@context":"https:\/\/schema.org","@graph":[{"@type":"WebPage","@id":"https:\/\/physiospain.com\/nb\/ultralyd-imaging\/","url":"https:\/\/physiospain.com\/nb\/ultralyd-imaging\/","name":"Ultralyd unders\u00f8kelse - PhysioSpain - Physiotherapy \/ Osteopathic treatment in Fuengirola, Mijas &amp; Malaga","isPartOf":{"@id":"https:\/\/physiospain.com\/#website"},"primaryImageOfPage":{"@id":"https:\/\/physiospain.com\/nb\/ultralyd-imaging\/#primaryimage"},"image":{"@id":"https:\/\/physiospain.com\/nb\/ultralyd-imaging\/#primaryimage"},"thumbnailUrl":"https:\/\/physiospain.com\/wp-content\/uploads\/2021\/08\/ultraljudsscanning.jpg","datePublished":"2016-07-19T01:02:30+00:00","dateModified":"2021-10-12T14:32:18+00:00","description":"Ultralyd, ogs\u00e5 kjent som ultralydsskanning, utsetter deler av kroppen med h\u00f8yfrekvente lydb\u00f8lger for \u00e5 produsere bilder av kroppens indre.","breadcrumb":{"@id":"https:\/\/physiospain.com\/nb\/ultralyd-imaging\/#breadcrumb"},"inLanguage":"nb-NO","potentialAction":[{"@type":"ReadAction","target":["https:\/\/physiospain.com\/nb\/ultralyd-imaging\/"]}]},{"@type":"ImageObject","inLanguage":"nb-NO","@id":"https:\/\/physiospain.com\/nb\/ultralyd-imaging\/#primaryimage","url":"https:\/\/physiospain.com\/wp-content\/uploads\/2021\/08\/ultraljudsscanning.jpg","contentUrl":"https:\/\/physiospain.com\/wp-content\/uploads\/2021\/08\/ultraljudsscanning.jpg","width":1024,"height":682},{"@type":"BreadcrumbList","@id":"https:\/\/physiospain.com\/nb\/ultralyd-imaging\/#breadcrumb","itemListElement":[{"@type":"ListItem","position":1,"name":"Home","item":"https:\/\/physiospain.com\/nb\/z-home\/"},{"@type":"ListItem","position":2,"name":"Ultralyd unders\u00f8kelse"}]},{"@type":"WebSite","@id":"https:\/\/physiospain.com\/#website","url":"https:\/\/physiospain.com\/","name":"PhysioSpain - Physiotherapy \/ Osteopathic treatment in Fuengirola, Mijas &amp; Malaga","description":"Clinica Physio Spain","publisher":{"@id":"https:\/\/physiospain.com\/#organization"},"potentialAction":[{"@type":"SearchAction","target":{"@type":"EntryPoint","urlTemplate":"https:\/\/physiospain.com\/?s={search_term_string}"},"query-input":{"@type":"PropertyValueSpecification","valueRequired":true,"valueName":"search_term_string"}}],"inLanguage":"nb-NO"},{"@type":"Organization","@id":"https:\/\/physiospain.com\/#organization","name":"Physiospain","url":"https:\/\/physiospain.com\/","logo":{"@type":"ImageObject","inLanguage":"nb-NO","@id":"https:\/\/physiospain.com\/#\/schema\/logo\/image\/","url":"https:\/\/physiospain.com\/wp-content\/uploads\/2016\/06\/logo-physiospain-fuengirola2.png","contentUrl":"https:\/\/physiospain.com\/wp-content\/uploads\/2016\/06\/logo-physiospain-fuengirola2.png","width":415,"height":108,"caption":"Physiospain"},"image":{"@id":"https:\/\/physiospain.com\/#\/schema\/logo\/image\/"}}]}},"uagb_featured_image_src":{"full":["https:\/\/physiospain.com\/wp-content\/uploads\/2021\/08\/ultraljudsscanning.jpg",1024,682,false],"thumbnail":["https:\/\/physiospain.com\/wp-content\/uploads\/2021\/08\/ultraljudsscanning-80x80.jpg",80,80,true],"medium":["https:\/\/physiospain.com\/wp-content\/uploads\/2021\/08\/ultraljudsscanning-300x200.jpg",300,200,true],"medium_large":["https:\/\/physiospain.com\/wp-content\/uploads\/2021\/08\/ultraljudsscanning-768x512.jpg",768,512,true],"large":["https:\/\/physiospain.com\/wp-content\/uploads\/2021\/08\/ultraljudsscanning.jpg",1024,682,false],"1536x1536":["https:\/\/physiospain.com\/wp-content\/uploads\/2021\/08\/ultraljudsscanning.jpg",1024,682,false],"2048x2048":["https:\/\/physiospain.com\/wp-content\/uploads\/2021\/08\/ultraljudsscanning.jpg",1024,682,false],"widget":["https:\/\/physiospain.com\/wp-content\/uploads\/2021\/08\/ultraljudsscanning-36x36.jpg",36,36,true],"square":["https:\/\/physiospain.com\/wp-content\/uploads\/2021\/08\/ultraljudsscanning-180x180.jpg",180,180,true],"featured":["https:\/\/physiospain.com\/wp-content\/uploads\/2021\/08\/ultraljudsscanning-1024x430.jpg",1024,430,true],"featured_large":["https:\/\/physiospain.com\/wp-content\/uploads\/2021\/08\/ultraljudsscanning-1024x630.jpg",1024,630,true],"extra_large":["https:\/\/physiospain.com\/wp-content\/uploads\/2021\/08\/ultraljudsscanning.jpg",1024,682,false],"portfolio":["https:\/\/physiospain.com\/wp-content\/uploads\/2021\/08\/ultraljudsscanning-495x400.jpg",495,400,true],"portfolio_small":["https:\/\/physiospain.com\/wp-content\/uploads\/2021\/08\/ultraljudsscanning-260x185.jpg",260,185,true],"gallery":["https:\/\/physiospain.com\/wp-content\/uploads\/2021\/08\/ultraljudsscanning-845x682.jpg",845,682,true],"magazine":["https:\/\/physiospain.com\/wp-content\/uploads\/2021\/08\/ultraljudsscanning-710x375.jpg",710,375,true],"masonry":["https:\/\/physiospain.com\/wp-content\/uploads\/2021\/08\/ultraljudsscanning-705x470.jpg",705,470,true],"entry_with_sidebar":["https:\/\/physiospain.com\/wp-content\/uploads\/2021\/08\/ultraljudsscanning-845x321.jpg",845,321,true],"entry_without_sidebar":["https:\/\/physiospain.com\/wp-content\/uploads\/2021\/08\/ultraljudsscanning-1024x423.jpg",1024,423,true],"zeguten-blog-image":["https:\/\/physiospain.com\/wp-content\/uploads\/2021\/08\/ultraljudsscanning.jpg",700,466,false],"zeguten-blog-image-small":["https:\/\/physiospain.com\/wp-content\/uploads\/2021\/08\/ultraljudsscanning.jpg",260,173,false],"zeguten-blog-image-640x465":["https:\/\/physiospain.com\/wp-content\/uploads\/2021\/08\/ultraljudsscanning.jpg",640,426,false],"zeguten-blog-image-400x300":["https:\/\/physiospain.com\/wp-content\/uploads\/2021\/08\/ultraljudsscanning.jpg",400,266,false],"zeguten-blog-image-620x715":["https:\/\/physiospain.com\/wp-content\/uploads\/2021\/08\/ultraljudsscanning.jpg",620,413,false],"zeguten-blog-image-510x700":["https:\/\/physiospain.com\/wp-content\/uploads\/2021\/08\/ultraljudsscanning.jpg",510,340,false],"zeguten-blog-image-630x635":["https:\/\/physiospain.com\/wp-content\/uploads\/2021\/08\/ultraljudsscanning.jpg",630,420,false]},"uagb_author_info":{"display_name":"Admin","author_link":"https:\/\/physiospain.com\/nb\/author\/tony96\/"},"uagb_comment_info":0,"uagb_excerpt":null,"zeguten_blocks_get_image_src":{"full":["https:\/\/physiospain.com\/wp-content\/uploads\/2021\/08\/ultraljudsscanning.jpg",1024,682,false],"thumbnail":["https:\/\/physiospain.com\/wp-content\/uploads\/2021\/08\/ultraljudsscanning-80x80.jpg",80,80,true],"medium":["https:\/\/physiospain.com\/wp-content\/uploads\/2021\/08\/ultraljudsscanning-300x200.jpg",300,200,true],"medium_large":["https:\/\/physiospain.com\/wp-content\/uploads\/2021\/08\/ultraljudsscanning-768x512.jpg",768,512,true],"large":["https:\/\/physiospain.com\/wp-content\/uploads\/2021\/08\/ultraljudsscanning.jpg",1024,682,false],"1536x1536":["https:\/\/physiospain.com\/wp-content\/uploads\/2021\/08\/ultraljudsscanning.jpg",1024,682,false],"2048x2048":["https:\/\/physiospain.com\/wp-content\/uploads\/2021\/08\/ultraljudsscanning.jpg",1024,682,false],"widget":["https:\/\/physiospain.com\/wp-content\/uploads\/2021\/08\/ultraljudsscanning-36x36.jpg",36,36,true],"square":["https:\/\/physiospain.com\/wp-content\/uploads\/2021\/08\/ultraljudsscanning-180x180.jpg",180,180,true],"featured":["https:\/\/physiospain.com\/wp-content\/uploads\/2021\/08\/ultraljudsscanning-1024x430.jpg",1024,430,true],"featured_large":["https:\/\/physiospain.com\/wp-content\/uploads\/2021\/08\/ultraljudsscanning-1024x630.jpg",1024,630,true],"extra_large":["https:\/\/physiospain.com\/wp-content\/uploads\/2021\/08\/ultraljudsscanning.jpg",1024,682,false],"portfolio":["https:\/\/physiospain.com\/wp-content\/uploads\/2021\/08\/ultraljudsscanning-495x400.jpg",495,400,true],"portfolio_small":["https:\/\/physiospain.com\/wp-content\/uploads\/2021\/08\/ultraljudsscanning-260x185.jpg",260,185,true],"gallery":["https:\/\/physiospain.com\/wp-content\/uploads\/2021\/08\/ultraljudsscanning-845x682.jpg",845,682,true],"magazine":["https:\/\/physiospain.com\/wp-content\/uploads\/2021\/08\/ultraljudsscanning-710x375.jpg",710,375,true],"masonry":["https:\/\/physiospain.com\/wp-content\/uploads\/2021\/08\/ultraljudsscanning-705x470.jpg",705,470,true],"entry_with_sidebar":["https:\/\/physiospain.com\/wp-content\/uploads\/2021\/08\/ultraljudsscanning-845x321.jpg",845,321,true],"entry_without_sidebar":["https:\/\/physiospain.com\/wp-content\/uploads\/2021\/08\/ultraljudsscanning-1024x423.jpg",1024,423,true],"zeguten-blog-image":["https:\/\/physiospain.com\/wp-content\/uploads\/2021\/08\/ultraljudsscanning.jpg",700,466,false],"zeguten-blog-image-small":["https:\/\/physiospain.com\/wp-content\/uploads\/2021\/08\/ultraljudsscanning.jpg",260,173,false],"zeguten-blog-image-640x465":["https:\/\/physiospain.com\/wp-content\/uploads\/2021\/08\/ultraljudsscanning.jpg",640,426,false],"zeguten-blog-image-400x300":["https:\/\/physiospain.com\/wp-content\/uploads\/2021\/08\/ultraljudsscanning.jpg",400,266,false],"zeguten-blog-image-620x715":["https:\/\/physiospain.com\/wp-content\/uploads\/2021\/08\/ultraljudsscanning.jpg",620,413,false],"zeguten-blog-image-510x700":["https:\/\/physiospain.com\/wp-content\/uploads\/2021\/08\/ultraljudsscanning.jpg",510,340,false],"zeguten-blog-image-630x635":["https:\/\/physiospain.com\/wp-content\/uploads\/2021\/08\/ultraljudsscanning.jpg",630,420,false]},"zeguten_author_info":{"display_name":"Admin","author_link":"https:\/\/physiospain.com\/nb\/author\/tony96\/"},"zeguten_comment_info":{"comments_number":"0","comments_link":"https:\/\/physiospain.com\/nb\/ultralyd-imaging\/#respond"},"zeguten_excerpt":null,"_links":{"self":[{"href":"https:\/\/physiospain.com\/nb\/wp-json\/wp\/v2\/pages\/881","targetHints":{"allow":["GET"]}}],"collection":[{"href":"https:\/\/physiospain.com\/nb\/wp-json\/wp\/v2\/pages"}],"about":[{"href":"https:\/\/physiospain.com\/nb\/wp-json\/wp\/v2\/types\/page"}],"author":[{"embeddable":true,"href":"https:\/\/physiospain.com\/nb\/wp-json\/wp\/v2\/users\/1"}],"replies":[{"embeddable":true,"href":"https:\/\/physiospain.com\/nb\/wp-json\/wp\/v2\/comments?post=881"}],"version-history":[{"count":3,"href":"https:\/\/physiospain.com\/nb\/wp-json\/wp\/v2\/pages\/881\/revisions"}],"predecessor-version":[{"id":3617,"href":"https:\/\/physiospain.com\/nb\/wp-json\/wp\/v2\/pages\/881\/revisions\/3617"}],"wp:featuredmedia":[{"embeddable":true,"href":"https:\/\/physiospain.com\/nb\/wp-json\/wp\/v2\/media\/3240"}],"wp:attachment":[{"href":"https:\/\/physiospain.com\/nb\/wp-json\/wp\/v2\/media?parent=881"}],"curies":[{"name":"wp","href":"https:\/\/api.w.org\/{rel}","templated":true}]}}