{"id":1593,"date":"2016-09-25T16:20:14","date_gmt":"2016-09-25T14:20:14","guid":{"rendered":"https:\/\/physiospain.com\/sv\/supersole-concept\/"},"modified":"2021-08-28T13:34:18","modified_gmt":"2021-08-28T11:34:18","slug":"supersole-concept","status":"publish","type":"page","link":"https:\/\/physiospain.com\/sv\/supersole-concept\/","title":{"rendered":"Supersol &#8211; Senaste nytt"},"content":{"rendered":"<div id='full_slider_1'  class='avia-fullwidth-slider main_color avia-shadow   avia-builder-el-0  el_before_av_textblock  avia-builder-el-first   container_wrap sidebar_right'  ><div  class='avia-slideshow av-kp9meuvp-89359f7ca25b9be8b0f366236a55ff44 avia-slideshow-featured av_slideshow_full avia-slide-slider av-slideshow-ui av-control-default av-slideshow-manual av-loop-once av-loop-manual-endless av-default-height-applied   avia-slideshow-1' data-slideshow-options=\"{&quot;animation&quot;:&quot;slide&quot;,&quot;autoplay&quot;:false,&quot;loop_autoplay&quot;:&quot;once&quot;,&quot;interval&quot;:5,&quot;loop_manual&quot;:&quot;manual-endless&quot;,&quot;autoplay_stopper&quot;:false,&quot;noNavigation&quot;:false,&quot;bg_slider&quot;:false,&quot;keep_padding&quot;:false,&quot;hoverpause&quot;:false,&quot;show_slide_delay&quot;:0}\"  itemprop=\"image\" itemscope=\"itemscope\" itemtype=\"https:\/\/schema.org\/ImageObject\" ><ul class='avia-slideshow-inner ' style='padding-bottom: 28.666666666667%;'><li  class='avia-slideshow-slide av-kp9meuvp-89359f7ca25b9be8b0f366236a55ff44__0  av-single-slide slide-1 slide-odd'><div data-rel='slideshow-1' class='avia-slide-wrap '   ><div class='av-slideshow-caption av-kp9meuvp-89359f7ca25b9be8b0f366236a55ff44__0 caption_fullwidth caption_bottom'><div class=\"container caption_container\"><div class=\"slideshow_caption\"><div class=\"slideshow_inner_caption\"><div class=\"slideshow_align_caption\"><h2 class='avia-caption-title '  itemprop=\"name\" >SuperSole - Walk This Way<\/h2><\/div><\/div><\/div><\/div><\/div><img decoding=\"async\" fetchpriority=\"high\" class=\"wp-image-2840 avia-img-lazy-loading-not-2840\"  src=\"https:\/\/physiospain.com\/wp-content\/uploads\/2021\/05\/supersole-physiospain-1500x430.jpeg\" width=\"1500\" height=\"430\" title='supersole physiospain' alt=''  itemprop=\"thumbnailUrl\"   \/><\/div><\/li><\/ul><\/div><\/div><div id='after_full_slider_1'  class='main_color av_default_container_wrap container_wrap sidebar_right'  ><div class='container av-section-cont-open' ><div class='template-page content  av-content-small alpha units'><div class='post-entry post-entry-type-page post-entry-1593'><div class='entry-content-wrapper clearfix'>\n<section  class='av_textblock_section av-kp9mcrtc-f72430dafe0fb7970d3578158fa29258 '   itemscope=\"itemscope\" itemtype=\"https:\/\/schema.org\/CreativeWork\" ><div class='avia_textblock'  itemprop=\"text\" ><h1>Sulor som g\u00f6r f\u00f6tterna gott<\/h1>\n<p>SuperSole konceptet \u00e4r en behandlingsform relaterad till f\u00f6tterna, som kombinerar fysikalisk behandling som \u00f6vningsterapi, mobilisering och manipulering med m\u00f6jligheten att framst\u00e4lla individuellt tillpassade sulor till patienter vid behov.<\/p>\n<p>Det \u00e4r allm\u00e4nt k\u00e4nt f\u00f6r sjukgymnaster att snedhet och sm\u00e4rtor i rygg, h\u00f6fter eller kn\u00e4n ofta kan skyllas p\u00e5 att sj\u00e4lva foten \u2013 grunden \u2013 \u00e4r snedst\u00e4lld.<\/p>\n<p>H\u00e4r \u00e4r den 3-\u00e5riga utbildningen av sjukgymnaster unik i f\u00f6rh\u00e5llande till deras unders\u00f6kningsteknik baserad p\u00e5 anatomi och biomekanik.<\/p>\n<p>F\u00f6r sjukgymnaster \u00e4r det ot\u00e4nkbart att st\u00f6dja patientens fot med en innersula utan att unders\u00f6ka om den verkliga orsaken kan bero p\u00e5:<\/p>\n<ul>\n<li>Att r\u00f6rligheten i en av fotens leder minskas eller \u00e4ndras och beh\u00f6ver behandling.<\/li>\n<li>Att foten ing\u00e5r i en kompensation f\u00f6r en anatomisk skillnad p\u00e5 benl\u00e4ngd.<\/li>\n<li>En r\u00e4t linje mellan fot, kn\u00e4 och h\u00f6ft \u00e4r felaktig.<\/li>\n<\/ul>\n<p><img loading=\"lazy\" decoding=\"async\" class=\"alignnone wp-image-3203 size-full\" src=\"https:\/\/physiospain.com\/wp-content\/uploads\/2021\/08\/supersole-skosulor-physiospain-svenska.png\" alt=\"supersole-skosulor-physiospain-svenska\" width=\"776\" height=\"252\" srcset=\"https:\/\/physiospain.com\/wp-content\/uploads\/2021\/08\/supersole-skosulor-physiospain-svenska.png 776w, https:\/\/physiospain.com\/wp-content\/uploads\/2021\/08\/supersole-skosulor-physiospain-svenska-300x97.png 300w, https:\/\/physiospain.com\/wp-content\/uploads\/2021\/08\/supersole-skosulor-physiospain-svenska-768x249.png 768w, https:\/\/physiospain.com\/wp-content\/uploads\/2021\/08\/supersole-skosulor-physiospain-svenska-705x229.png 705w\" sizes=\"auto, (max-width: 776px) 100vw, 776px\" \/><\/p>\n<hr \/>\n<h2>Viktigt att unders\u00f6ka och behandla<\/h2>\n<p>V\u00e5r filosofi \u00e4r att &#8211; sulor \u00e4r inte ett passivt hj\u00e4lpmedel utan en del av en behandling. Det \u00e4r viktigt att innersulorna kan omformas och justeras eftersom den fysiska behandlingen i form av mobilisering och tr\u00e4ning av orsaken ger resultat.<\/p>\n<p>Det \u00e4r viktigt att innersulorna ocks\u00e5 kan justeras om patientens tillst\u00e5nd f\u00f6r\u00e4ndras till f\u00f6ljd av sjukdomsutveckling.<\/p>\n<p>Innan de kan anv\u00e4nda SuperSoles behandlingssystem m\u00e5ste sjukgymnaster genomg\u00e5 en specialutbildning som bygger p\u00e5 grundl\u00e4ggande utbildning av sjukgymnaster. Detta s\u00e4kerst\u00e4ller en h\u00f6g professionell niv\u00e5 av SuperSole-terapeuter.<\/p>\n<div id=\"wrap\"><\/div>\n<h2>Mer artiklar om SuperSole i Physiospain News (p\u00e5 engelska)<\/h2>\n<p><strong><a href=\"https:\/\/physiospain.com\/supersole-and-diabetes\/\">Supersol and diabetes<\/a><\/strong><\/p>\n<p><strong><a href=\"https:\/\/physiospain.com\/supersole-and-sport\/\">Supersol and Sport<\/a><\/strong><\/p>\n<p><strong><a href=\"https:\/\/physiospain.com\/supersole-and-arthritis\/\">Supersol and Arthritis<\/a><\/strong><\/p>\n<p><strong><a href=\"https:\/\/physiospain.com\/supersole-and-children\/\">Supersol and Children<\/a><\/strong><\/p>\n<\/div><\/section>\n","protected":false},"excerpt":{"rendered":"","protected":false},"author":1,"featured_media":3033,"parent":0,"menu_order":0,"comment_status":"closed","ping_status":"closed","template":"","meta":{"_uag_custom_page_level_css":"","footnotes":""},"class_list":["post-1593","page","type-page","status-publish","has-post-thumbnail","hentry"],"featured_image_src":"https:\/\/physiospain.com\/wp-content\/uploads\/2021\/06\/Supersole-physiospain.jpg","yoast_head":"<!-- This site is optimized with the Yoast SEO plugin v27.4 - https:\/\/yoast.com\/product\/yoast-seo-wordpress\/ -->\n<title>SuperSole - Physiospain - Sjukv\u00e5rdsgymnastik i Fuengirola, Malaga<\/title>\n<meta name=\"description\" content=\"SuperSole konceptet \u00e4r en behandlingsform relaterad till f\u00f6tterna, som kombinerar fysikalisk behandling som \u00f6vningsterapi, mobilisering och manipulering.\" \/>\n<meta name=\"robots\" content=\"index, follow, max-snippet:-1, max-image-preview:large, max-video-preview:-1\" \/>\n<link rel=\"canonical\" href=\"https:\/\/physiospain.com\/sv\/supersole-concept\/\" \/>\n<meta property=\"og:locale\" content=\"sv_SE\" \/>\n<meta property=\"og:type\" content=\"article\" \/>\n<meta property=\"og:title\" content=\"SuperSole - Physiospain - Sjukv\u00e5rdsgymnastik i Fuengirola, Malaga\" \/>\n<meta property=\"og:description\" content=\"SuperSole konceptet \u00e4r en behandlingsform relaterad till f\u00f6tterna, som kombinerar fysikalisk behandling som \u00f6vningsterapi, mobilisering och manipulering.\" \/>\n<meta property=\"og:url\" content=\"https:\/\/physiospain.com\/sv\/supersole-concept\/\" \/>\n<meta property=\"og:site_name\" content=\"PhysioSpain - Physiotherapy \/ Osteopathic treatment in Fuengirola, Mijas &amp; Malaga\" \/>\n<meta property=\"article:modified_time\" content=\"2021-08-28T11:34:18+00:00\" \/>\n<meta property=\"og:image\" content=\"https:\/\/physiospain.com\/wp-content\/uploads\/2021\/06\/Supersole-physiospain.jpg\" \/>\n\t<meta property=\"og:image:width\" content=\"242\" \/>\n\t<meta property=\"og:image:height\" content=\"239\" \/>\n\t<meta property=\"og:image:type\" content=\"image\/jpeg\" \/>\n<meta name=\"twitter:card\" content=\"summary_large_image\" \/>\n<meta name=\"twitter:label1\" content=\"Ber\u00e4knad l\u00e4stid\" \/>\n\t<meta name=\"twitter:data1\" content=\"3 minuter\" \/>\n<script type=\"application\/ld+json\" class=\"yoast-schema-graph\">{\"@context\":\"https:\\\/\\\/schema.org\",\"@graph\":[{\"@type\":\"WebPage\",\"@id\":\"https:\\\/\\\/physiospain.com\\\/sv\\\/supersole-concept\\\/\",\"url\":\"https:\\\/\\\/physiospain.com\\\/sv\\\/supersole-concept\\\/\",\"name\":\"SuperSole - Physiospain - Sjukv\u00e5rdsgymnastik i Fuengirola, Malaga\",\"isPartOf\":{\"@id\":\"https:\\\/\\\/physiospain.com\\\/#website\"},\"primaryImageOfPage\":{\"@id\":\"https:\\\/\\\/physiospain.com\\\/sv\\\/supersole-concept\\\/#primaryimage\"},\"image\":{\"@id\":\"https:\\\/\\\/physiospain.com\\\/sv\\\/supersole-concept\\\/#primaryimage\"},\"thumbnailUrl\":\"https:\\\/\\\/physiospain.com\\\/wp-content\\\/uploads\\\/2021\\\/06\\\/Supersole-physiospain.jpg\",\"datePublished\":\"2016-09-25T14:20:14+00:00\",\"dateModified\":\"2021-08-28T11:34:18+00:00\",\"description\":\"SuperSole konceptet \u00e4r en behandlingsform relaterad till f\u00f6tterna, som kombinerar fysikalisk behandling som \u00f6vningsterapi, mobilisering och manipulering.\",\"breadcrumb\":{\"@id\":\"https:\\\/\\\/physiospain.com\\\/sv\\\/supersole-concept\\\/#breadcrumb\"},\"inLanguage\":\"sv-SE\",\"potentialAction\":[{\"@type\":\"ReadAction\",\"target\":[\"https:\\\/\\\/physiospain.com\\\/sv\\\/supersole-concept\\\/\"]}]},{\"@type\":\"ImageObject\",\"inLanguage\":\"sv-SE\",\"@id\":\"https:\\\/\\\/physiospain.com\\\/sv\\\/supersole-concept\\\/#primaryimage\",\"url\":\"https:\\\/\\\/physiospain.com\\\/wp-content\\\/uploads\\\/2021\\\/06\\\/Supersole-physiospain.jpg\",\"contentUrl\":\"https:\\\/\\\/physiospain.com\\\/wp-content\\\/uploads\\\/2021\\\/06\\\/Supersole-physiospain.jpg\",\"width\":242,\"height\":239,\"caption\":\"Supersole physiospain Fuengirola Malaga\"},{\"@type\":\"BreadcrumbList\",\"@id\":\"https:\\\/\\\/physiospain.com\\\/sv\\\/supersole-concept\\\/#breadcrumb\",\"itemListElement\":[{\"@type\":\"ListItem\",\"position\":1,\"name\":\"Home\",\"item\":\"https:\\\/\\\/physiospain.com\\\/sv\\\/\"},{\"@type\":\"ListItem\",\"position\":2,\"name\":\"Supersol &#8211; Senaste nytt\"}]},{\"@type\":\"WebSite\",\"@id\":\"https:\\\/\\\/physiospain.com\\\/#website\",\"url\":\"https:\\\/\\\/physiospain.com\\\/\",\"name\":\"PhysioSpain - Physiotherapy \\\/ Osteopathic treatment in Fuengirola, Mijas &amp; Malaga\",\"description\":\"Clinica Physio Spain\",\"publisher\":{\"@id\":\"https:\\\/\\\/physiospain.com\\\/#organization\"},\"potentialAction\":[{\"@type\":\"SearchAction\",\"target\":{\"@type\":\"EntryPoint\",\"urlTemplate\":\"https:\\\/\\\/physiospain.com\\\/?s={search_term_string}\"},\"query-input\":{\"@type\":\"PropertyValueSpecification\",\"valueRequired\":true,\"valueName\":\"search_term_string\"}}],\"inLanguage\":\"sv-SE\"},{\"@type\":\"Organization\",\"@id\":\"https:\\\/\\\/physiospain.com\\\/#organization\",\"name\":\"Physiospain\",\"url\":\"https:\\\/\\\/physiospain.com\\\/\",\"logo\":{\"@type\":\"ImageObject\",\"inLanguage\":\"sv-SE\",\"@id\":\"https:\\\/\\\/physiospain.com\\\/#\\\/schema\\\/logo\\\/image\\\/\",\"url\":\"https:\\\/\\\/physiospain.com\\\/wp-content\\\/uploads\\\/2016\\\/06\\\/logo-physiospain-fuengirola2.png\",\"contentUrl\":\"https:\\\/\\\/physiospain.com\\\/wp-content\\\/uploads\\\/2016\\\/06\\\/logo-physiospain-fuengirola2.png\",\"width\":415,\"height\":108,\"caption\":\"Physiospain\"},\"image\":{\"@id\":\"https:\\\/\\\/physiospain.com\\\/#\\\/schema\\\/logo\\\/image\\\/\"}}]}<\/script>\n<!-- \/ Yoast SEO plugin. -->","yoast_head_json":{"title":"SuperSole - Physiospain - Sjukv\u00e5rdsgymnastik i Fuengirola, Malaga","description":"SuperSole konceptet \u00e4r en behandlingsform relaterad till f\u00f6tterna, som kombinerar fysikalisk behandling som \u00f6vningsterapi, mobilisering och manipulering.","robots":{"index":"index","follow":"follow","max-snippet":"max-snippet:-1","max-image-preview":"max-image-preview:large","max-video-preview":"max-video-preview:-1"},"canonical":"https:\/\/physiospain.com\/sv\/supersole-concept\/","og_locale":"sv_SE","og_type":"article","og_title":"SuperSole - Physiospain - Sjukv\u00e5rdsgymnastik i Fuengirola, Malaga","og_description":"SuperSole konceptet \u00e4r en behandlingsform relaterad till f\u00f6tterna, som kombinerar fysikalisk behandling som \u00f6vningsterapi, mobilisering och manipulering.","og_url":"https:\/\/physiospain.com\/sv\/supersole-concept\/","og_site_name":"PhysioSpain - Physiotherapy \/ Osteopathic treatment in Fuengirola, Mijas &amp; Malaga","article_modified_time":"2021-08-28T11:34:18+00:00","og_image":[{"width":242,"height":239,"url":"https:\/\/physiospain.com\/wp-content\/uploads\/2021\/06\/Supersole-physiospain.jpg","type":"image\/jpeg"}],"twitter_card":"summary_large_image","twitter_misc":{"Ber\u00e4knad l\u00e4stid":"3 minuter"},"schema":{"@context":"https:\/\/schema.org","@graph":[{"@type":"WebPage","@id":"https:\/\/physiospain.com\/sv\/supersole-concept\/","url":"https:\/\/physiospain.com\/sv\/supersole-concept\/","name":"SuperSole - Physiospain - Sjukv\u00e5rdsgymnastik i Fuengirola, Malaga","isPartOf":{"@id":"https:\/\/physiospain.com\/#website"},"primaryImageOfPage":{"@id":"https:\/\/physiospain.com\/sv\/supersole-concept\/#primaryimage"},"image":{"@id":"https:\/\/physiospain.com\/sv\/supersole-concept\/#primaryimage"},"thumbnailUrl":"https:\/\/physiospain.com\/wp-content\/uploads\/2021\/06\/Supersole-physiospain.jpg","datePublished":"2016-09-25T14:20:14+00:00","dateModified":"2021-08-28T11:34:18+00:00","description":"SuperSole konceptet \u00e4r en behandlingsform relaterad till f\u00f6tterna, som kombinerar fysikalisk behandling som \u00f6vningsterapi, mobilisering och manipulering.","breadcrumb":{"@id":"https:\/\/physiospain.com\/sv\/supersole-concept\/#breadcrumb"},"inLanguage":"sv-SE","potentialAction":[{"@type":"ReadAction","target":["https:\/\/physiospain.com\/sv\/supersole-concept\/"]}]},{"@type":"ImageObject","inLanguage":"sv-SE","@id":"https:\/\/physiospain.com\/sv\/supersole-concept\/#primaryimage","url":"https:\/\/physiospain.com\/wp-content\/uploads\/2021\/06\/Supersole-physiospain.jpg","contentUrl":"https:\/\/physiospain.com\/wp-content\/uploads\/2021\/06\/Supersole-physiospain.jpg","width":242,"height":239,"caption":"Supersole physiospain Fuengirola Malaga"},{"@type":"BreadcrumbList","@id":"https:\/\/physiospain.com\/sv\/supersole-concept\/#breadcrumb","itemListElement":[{"@type":"ListItem","position":1,"name":"Home","item":"https:\/\/physiospain.com\/sv\/"},{"@type":"ListItem","position":2,"name":"Supersol &#8211; Senaste nytt"}]},{"@type":"WebSite","@id":"https:\/\/physiospain.com\/#website","url":"https:\/\/physiospain.com\/","name":"PhysioSpain - Physiotherapy \/ Osteopathic treatment in Fuengirola, Mijas &amp; Malaga","description":"Clinica Physio Spain","publisher":{"@id":"https:\/\/physiospain.com\/#organization"},"potentialAction":[{"@type":"SearchAction","target":{"@type":"EntryPoint","urlTemplate":"https:\/\/physiospain.com\/?s={search_term_string}"},"query-input":{"@type":"PropertyValueSpecification","valueRequired":true,"valueName":"search_term_string"}}],"inLanguage":"sv-SE"},{"@type":"Organization","@id":"https:\/\/physiospain.com\/#organization","name":"Physiospain","url":"https:\/\/physiospain.com\/","logo":{"@type":"ImageObject","inLanguage":"sv-SE","@id":"https:\/\/physiospain.com\/#\/schema\/logo\/image\/","url":"https:\/\/physiospain.com\/wp-content\/uploads\/2016\/06\/logo-physiospain-fuengirola2.png","contentUrl":"https:\/\/physiospain.com\/wp-content\/uploads\/2016\/06\/logo-physiospain-fuengirola2.png","width":415,"height":108,"caption":"Physiospain"},"image":{"@id":"https:\/\/physiospain.com\/#\/schema\/logo\/image\/"}}]}},"uagb_featured_image_src":{"full":["https:\/\/physiospain.com\/wp-content\/uploads\/2021\/06\/Supersole-physiospain.jpg",242,239,false],"thumbnail":["https:\/\/physiospain.com\/wp-content\/uploads\/2021\/06\/Supersole-physiospain-80x80.jpg",80,80,true],"medium":["https:\/\/physiospain.com\/wp-content\/uploads\/2021\/06\/Supersole-physiospain.jpg",242,239,false],"medium_large":["https:\/\/physiospain.com\/wp-content\/uploads\/2021\/06\/Supersole-physiospain.jpg",242,239,false],"large":["https:\/\/physiospain.com\/wp-content\/uploads\/2021\/06\/Supersole-physiospain.jpg",242,239,false],"1536x1536":["https:\/\/physiospain.com\/wp-content\/uploads\/2021\/06\/Supersole-physiospain.jpg",242,239,false],"2048x2048":["https:\/\/physiospain.com\/wp-content\/uploads\/2021\/06\/Supersole-physiospain.jpg",242,239,false],"widget":["https:\/\/physiospain.com\/wp-content\/uploads\/2021\/06\/Supersole-physiospain-36x36.jpg",36,36,true],"square":["https:\/\/physiospain.com\/wp-content\/uploads\/2021\/06\/Supersole-physiospain-180x180.jpg",180,180,true],"featured":["https:\/\/physiospain.com\/wp-content\/uploads\/2021\/06\/Supersole-physiospain.jpg",242,239,false],"featured_large":["https:\/\/physiospain.com\/wp-content\/uploads\/2021\/06\/Supersole-physiospain.jpg",242,239,false],"extra_large":["https:\/\/physiospain.com\/wp-content\/uploads\/2021\/06\/Supersole-physiospain.jpg",242,239,false],"portfolio":["https:\/\/physiospain.com\/wp-content\/uploads\/2021\/06\/Supersole-physiospain.jpg",242,239,false],"portfolio_small":["https:\/\/physiospain.com\/wp-content\/uploads\/2021\/06\/Supersole-physiospain-242x185.jpg",242,185,true],"gallery":["https:\/\/physiospain.com\/wp-content\/uploads\/2021\/06\/Supersole-physiospain.jpg",242,239,false],"magazine":["https:\/\/physiospain.com\/wp-content\/uploads\/2021\/06\/Supersole-physiospain.jpg",242,239,false],"masonry":["https:\/\/physiospain.com\/wp-content\/uploads\/2021\/06\/Supersole-physiospain.jpg",242,239,false],"entry_with_sidebar":["https:\/\/physiospain.com\/wp-content\/uploads\/2021\/06\/Supersole-physiospain.jpg",242,239,false],"entry_without_sidebar":["https:\/\/physiospain.com\/wp-content\/uploads\/2021\/06\/Supersole-physiospain.jpg",242,239,false],"zeguten-blog-image":["https:\/\/physiospain.com\/wp-content\/uploads\/2021\/06\/Supersole-physiospain.jpg",242,239,false],"zeguten-blog-image-small":["https:\/\/physiospain.com\/wp-content\/uploads\/2021\/06\/Supersole-physiospain.jpg",197,195,false],"zeguten-blog-image-640x465":["https:\/\/physiospain.com\/wp-content\/uploads\/2021\/06\/Supersole-physiospain.jpg",242,239,false],"zeguten-blog-image-400x300":["https:\/\/physiospain.com\/wp-content\/uploads\/2021\/06\/Supersole-physiospain.jpg",242,239,false],"zeguten-blog-image-620x715":["https:\/\/physiospain.com\/wp-content\/uploads\/2021\/06\/Supersole-physiospain.jpg",242,239,false],"zeguten-blog-image-510x700":["https:\/\/physiospain.com\/wp-content\/uploads\/2021\/06\/Supersole-physiospain.jpg",242,239,false],"zeguten-blog-image-630x635":["https:\/\/physiospain.com\/wp-content\/uploads\/2021\/06\/Supersole-physiospain.jpg",242,239,false]},"uagb_author_info":{"display_name":"Admin","author_link":"https:\/\/physiospain.com\/sv\/author\/tony96\/"},"uagb_comment_info":0,"uagb_excerpt":null,"zeguten_blocks_get_image_src":{"full":["https:\/\/physiospain.com\/wp-content\/uploads\/2021\/06\/Supersole-physiospain.jpg",242,239,false],"thumbnail":["https:\/\/physiospain.com\/wp-content\/uploads\/2021\/06\/Supersole-physiospain-80x80.jpg",80,80,true],"medium":["https:\/\/physiospain.com\/wp-content\/uploads\/2021\/06\/Supersole-physiospain.jpg",242,239,false],"medium_large":["https:\/\/physiospain.com\/wp-content\/uploads\/2021\/06\/Supersole-physiospain.jpg",242,239,false],"large":["https:\/\/physiospain.com\/wp-content\/uploads\/2021\/06\/Supersole-physiospain.jpg",242,239,false],"1536x1536":["https:\/\/physiospain.com\/wp-content\/uploads\/2021\/06\/Supersole-physiospain.jpg",242,239,false],"2048x2048":["https:\/\/physiospain.com\/wp-content\/uploads\/2021\/06\/Supersole-physiospain.jpg",242,239,false],"widget":["https:\/\/physiospain.com\/wp-content\/uploads\/2021\/06\/Supersole-physiospain-36x36.jpg",36,36,true],"square":["https:\/\/physiospain.com\/wp-content\/uploads\/2021\/06\/Supersole-physiospain-180x180.jpg",180,180,true],"featured":["https:\/\/physiospain.com\/wp-content\/uploads\/2021\/06\/Supersole-physiospain.jpg",242,239,false],"featured_large":["https:\/\/physiospain.com\/wp-content\/uploads\/2021\/06\/Supersole-physiospain.jpg",242,239,false],"extra_large":["https:\/\/physiospain.com\/wp-content\/uploads\/2021\/06\/Supersole-physiospain.jpg",242,239,false],"portfolio":["https:\/\/physiospain.com\/wp-content\/uploads\/2021\/06\/Supersole-physiospain.jpg",242,239,false],"portfolio_small":["https:\/\/physiospain.com\/wp-content\/uploads\/2021\/06\/Supersole-physiospain-242x185.jpg",242,185,true],"gallery":["https:\/\/physiospain.com\/wp-content\/uploads\/2021\/06\/Supersole-physiospain.jpg",242,239,false],"magazine":["https:\/\/physiospain.com\/wp-content\/uploads\/2021\/06\/Supersole-physiospain.jpg",242,239,false],"masonry":["https:\/\/physiospain.com\/wp-content\/uploads\/2021\/06\/Supersole-physiospain.jpg",242,239,false],"entry_with_sidebar":["https:\/\/physiospain.com\/wp-content\/uploads\/2021\/06\/Supersole-physiospain.jpg",242,239,false],"entry_without_sidebar":["https:\/\/physiospain.com\/wp-content\/uploads\/2021\/06\/Supersole-physiospain.jpg",242,239,false],"zeguten-blog-image":["https:\/\/physiospain.com\/wp-content\/uploads\/2021\/06\/Supersole-physiospain.jpg",242,239,false],"zeguten-blog-image-small":["https:\/\/physiospain.com\/wp-content\/uploads\/2021\/06\/Supersole-physiospain.jpg",197,195,false],"zeguten-blog-image-640x465":["https:\/\/physiospain.com\/wp-content\/uploads\/2021\/06\/Supersole-physiospain.jpg",242,239,false],"zeguten-blog-image-400x300":["https:\/\/physiospain.com\/wp-content\/uploads\/2021\/06\/Supersole-physiospain.jpg",242,239,false],"zeguten-blog-image-620x715":["https:\/\/physiospain.com\/wp-content\/uploads\/2021\/06\/Supersole-physiospain.jpg",242,239,false],"zeguten-blog-image-510x700":["https:\/\/physiospain.com\/wp-content\/uploads\/2021\/06\/Supersole-physiospain.jpg",242,239,false],"zeguten-blog-image-630x635":["https:\/\/physiospain.com\/wp-content\/uploads\/2021\/06\/Supersole-physiospain.jpg",242,239,false]},"zeguten_author_info":{"display_name":"Admin","author_link":"https:\/\/physiospain.com\/sv\/author\/tony96\/"},"zeguten_comment_info":{"comments_number":"0","comments_link":"https:\/\/physiospain.com\/sv\/supersole-concept\/#respond"},"zeguten_excerpt":null,"_links":{"self":[{"href":"https:\/\/physiospain.com\/sv\/wp-json\/wp\/v2\/pages\/1593","targetHints":{"allow":["GET"]}}],"collection":[{"href":"https:\/\/physiospain.com\/sv\/wp-json\/wp\/v2\/pages"}],"about":[{"href":"https:\/\/physiospain.com\/sv\/wp-json\/wp\/v2\/types\/page"}],"author":[{"embeddable":true,"href":"https:\/\/physiospain.com\/sv\/wp-json\/wp\/v2\/users\/1"}],"replies":[{"embeddable":true,"href":"https:\/\/physiospain.com\/sv\/wp-json\/wp\/v2\/comments?post=1593"}],"version-history":[{"count":4,"href":"https:\/\/physiospain.com\/sv\/wp-json\/wp\/v2\/pages\/1593\/revisions"}],"predecessor-version":[{"id":3312,"href":"https:\/\/physiospain.com\/sv\/wp-json\/wp\/v2\/pages\/1593\/revisions\/3312"}],"wp:featuredmedia":[{"embeddable":true,"href":"https:\/\/physiospain.com\/sv\/wp-json\/wp\/v2\/media\/3033"}],"wp:attachment":[{"href":"https:\/\/physiospain.com\/sv\/wp-json\/wp\/v2\/media?parent=1593"}],"curies":[{"name":"wp","href":"https:\/\/api.w.org\/{rel}","templated":true}]}}