{"id":1649,"date":"2016-11-30T12:41:56","date_gmt":"2016-11-30T11:41:56","guid":{"rendered":"https:\/\/physiospain.com\/sv\/?page_id=1649"},"modified":"2016-11-30T12:41:56","modified_gmt":"2016-11-30T11:41:56","slug":"sierra-nevada-vantar-pa-dig-med-pudersno","status":"publish","type":"page","link":"https:\/\/physiospain.com\/sv\/sierra-nevada-vantar-pa-dig-med-pudersno\/","title":{"rendered":"Sierra Nevada v\u00e4ntar p\u00e5 dig med pudersn\u00f6"},"content":{"rendered":"<p>T\u00e4nk att f\u00e5 en sk\u00f6n dag med sol, skid\u00e5kning\u00a0 i pudersn\u00f6&#8230;vi har det inom endast tv\u00e5 timmars k\u00f6rning!<\/p>\n<p>En helt annan v\u00e4rld, det \u00e4r f\u00e5 f\u00f6runnat att kunna leva s\u00e5 n\u00e4ra dessa kontraster!<\/p>\n<p>Vi kanske ses i backen, k\u00f6r f\u00f6rsiktigt?!<\/p>\n","protected":false},"excerpt":{"rendered":"<p>T\u00e4nk att f\u00e5 en sk\u00f6n dag med sol, skid\u00e5kning\u00a0 i pudersn\u00f6&#8230;vi har det inom endast tv\u00e5 timmars k\u00f6rning! En helt annan v\u00e4rld, det \u00e4r f\u00e5 f\u00f6runnat att kunna leva s\u00e5 n\u00e4ra dessa kontraster! Vi kanske ses i backen, k\u00f6r f\u00f6rsiktigt?!<\/p>\n","protected":false},"author":1,"featured_media":0,"parent":0,"menu_order":0,"comment_status":"closed","ping_status":"closed","template":"","meta":{"_uag_custom_page_level_css":"","footnotes":""},"class_list":["post-1649","page","type-page","status-publish","hentry"],"featured_image_src":null,"yoast_head":"<!-- This site is optimized with the Yoast SEO plugin v27.5 - https:\/\/yoast.com\/product\/yoast-seo-wordpress\/ -->\n<title>Sierra Nevada v\u00e4ntar p\u00e5 dig med pudersn\u00f6 - PhysioSpain - Physiotherapy \/ Osteopathic treatment in Fuengirola, Mijas &amp; Malaga<\/title>\n<meta name=\"robots\" content=\"index, follow, max-snippet:-1, max-image-preview:large, max-video-preview:-1\" \/>\n<link rel=\"canonical\" href=\"https:\/\/physiospain.com\/sv\/sierra-nevada-vantar-pa-dig-med-pudersno\/\" \/>\n<meta property=\"og:locale\" content=\"sv_SE\" \/>\n<meta property=\"og:type\" content=\"article\" \/>\n<meta property=\"og:title\" content=\"Sierra Nevada v\u00e4ntar p\u00e5 dig med pudersn\u00f6 - PhysioSpain - Physiotherapy \/ Osteopathic treatment in Fuengirola, Mijas &amp; Malaga\" \/>\n<meta property=\"og:description\" content=\"T\u00e4nk att f\u00e5 en sk\u00f6n dag med sol, skid\u00e5kning\u00a0 i pudersn\u00f6&#8230;vi har det inom endast tv\u00e5 timmars k\u00f6rning! En helt annan v\u00e4rld, det \u00e4r f\u00e5 f\u00f6runnat att kunna leva s\u00e5 n\u00e4ra dessa kontraster! Vi kanske ses i backen, k\u00f6r f\u00f6rsiktigt?!\" \/>\n<meta property=\"og:url\" content=\"https:\/\/physiospain.com\/sv\/sierra-nevada-vantar-pa-dig-med-pudersno\/\" \/>\n<meta property=\"og:site_name\" content=\"PhysioSpain - Physiotherapy \/ Osteopathic treatment in Fuengirola, Mijas &amp; Malaga\" \/>\n<meta name=\"twitter:card\" content=\"summary_large_image\" \/>\n<script type=\"application\/ld+json\" class=\"yoast-schema-graph\">{\"@context\":\"https:\\\/\\\/schema.org\",\"@graph\":[{\"@type\":\"WebPage\",\"@id\":\"https:\\\/\\\/physiospain.com\\\/sv\\\/sierra-nevada-vantar-pa-dig-med-pudersno\\\/\",\"url\":\"https:\\\/\\\/physiospain.com\\\/sv\\\/sierra-nevada-vantar-pa-dig-med-pudersno\\\/\",\"name\":\"Sierra Nevada v\u00e4ntar p\u00e5 dig med pudersn\u00f6 - PhysioSpain - Physiotherapy \\\/ Osteopathic treatment in Fuengirola, Mijas &amp; Malaga\",\"isPartOf\":{\"@id\":\"https:\\\/\\\/physiospain.com\\\/#website\"},\"datePublished\":\"2016-11-30T11:41:56+00:00\",\"breadcrumb\":{\"@id\":\"https:\\\/\\\/physiospain.com\\\/sv\\\/sierra-nevada-vantar-pa-dig-med-pudersno\\\/#breadcrumb\"},\"inLanguage\":\"sv-SE\",\"potentialAction\":[{\"@type\":\"ReadAction\",\"target\":[\"https:\\\/\\\/physiospain.com\\\/sv\\\/sierra-nevada-vantar-pa-dig-med-pudersno\\\/\"]}]},{\"@type\":\"BreadcrumbList\",\"@id\":\"https:\\\/\\\/physiospain.com\\\/sv\\\/sierra-nevada-vantar-pa-dig-med-pudersno\\\/#breadcrumb\",\"itemListElement\":[{\"@type\":\"ListItem\",\"position\":1,\"name\":\"Home\",\"item\":\"https:\\\/\\\/physiospain.com\\\/sv\\\/\"},{\"@type\":\"ListItem\",\"position\":2,\"name\":\"Sierra Nevada v\u00e4ntar p\u00e5 dig med pudersn\u00f6\"}]},{\"@type\":\"WebSite\",\"@id\":\"https:\\\/\\\/physiospain.com\\\/#website\",\"url\":\"https:\\\/\\\/physiospain.com\\\/\",\"name\":\"PhysioSpain - Physiotherapy \\\/ Osteopathic treatment in Fuengirola, Mijas &amp; Malaga\",\"description\":\"Clinica Physio Spain\",\"publisher\":{\"@id\":\"https:\\\/\\\/physiospain.com\\\/#organization\"},\"potentialAction\":[{\"@type\":\"SearchAction\",\"target\":{\"@type\":\"EntryPoint\",\"urlTemplate\":\"https:\\\/\\\/physiospain.com\\\/?s={search_term_string}\"},\"query-input\":{\"@type\":\"PropertyValueSpecification\",\"valueRequired\":true,\"valueName\":\"search_term_string\"}}],\"inLanguage\":\"sv-SE\"},{\"@type\":\"Organization\",\"@id\":\"https:\\\/\\\/physiospain.com\\\/#organization\",\"name\":\"Physiospain\",\"url\":\"https:\\\/\\\/physiospain.com\\\/\",\"logo\":{\"@type\":\"ImageObject\",\"inLanguage\":\"sv-SE\",\"@id\":\"https:\\\/\\\/physiospain.com\\\/#\\\/schema\\\/logo\\\/image\\\/\",\"url\":\"https:\\\/\\\/physiospain.com\\\/wp-content\\\/uploads\\\/2016\\\/06\\\/logo-physiospain-fuengirola2.png\",\"contentUrl\":\"https:\\\/\\\/physiospain.com\\\/wp-content\\\/uploads\\\/2016\\\/06\\\/logo-physiospain-fuengirola2.png\",\"width\":415,\"height\":108,\"caption\":\"Physiospain\"},\"image\":{\"@id\":\"https:\\\/\\\/physiospain.com\\\/#\\\/schema\\\/logo\\\/image\\\/\"}}]}<\/script>\n<!-- \/ Yoast SEO plugin. -->","yoast_head_json":{"title":"Sierra Nevada v\u00e4ntar p\u00e5 dig med pudersn\u00f6 - PhysioSpain - Physiotherapy \/ Osteopathic treatment in Fuengirola, Mijas &amp; Malaga","robots":{"index":"index","follow":"follow","max-snippet":"max-snippet:-1","max-image-preview":"max-image-preview:large","max-video-preview":"max-video-preview:-1"},"canonical":"https:\/\/physiospain.com\/sv\/sierra-nevada-vantar-pa-dig-med-pudersno\/","og_locale":"sv_SE","og_type":"article","og_title":"Sierra Nevada v\u00e4ntar p\u00e5 dig med pudersn\u00f6 - PhysioSpain - Physiotherapy \/ Osteopathic treatment in Fuengirola, Mijas &amp; Malaga","og_description":"T\u00e4nk att f\u00e5 en sk\u00f6n dag med sol, skid\u00e5kning\u00a0 i pudersn\u00f6&#8230;vi har det inom endast tv\u00e5 timmars k\u00f6rning! En helt annan v\u00e4rld, det \u00e4r f\u00e5 f\u00f6runnat att kunna leva s\u00e5 n\u00e4ra dessa kontraster! Vi kanske ses i backen, k\u00f6r f\u00f6rsiktigt?!","og_url":"https:\/\/physiospain.com\/sv\/sierra-nevada-vantar-pa-dig-med-pudersno\/","og_site_name":"PhysioSpain - Physiotherapy \/ Osteopathic treatment in Fuengirola, Mijas &amp; Malaga","twitter_card":"summary_large_image","schema":{"@context":"https:\/\/schema.org","@graph":[{"@type":"WebPage","@id":"https:\/\/physiospain.com\/sv\/sierra-nevada-vantar-pa-dig-med-pudersno\/","url":"https:\/\/physiospain.com\/sv\/sierra-nevada-vantar-pa-dig-med-pudersno\/","name":"Sierra Nevada v\u00e4ntar p\u00e5 dig med pudersn\u00f6 - PhysioSpain - Physiotherapy \/ Osteopathic treatment in Fuengirola, Mijas &amp; Malaga","isPartOf":{"@id":"https:\/\/physiospain.com\/#website"},"datePublished":"2016-11-30T11:41:56+00:00","breadcrumb":{"@id":"https:\/\/physiospain.com\/sv\/sierra-nevada-vantar-pa-dig-med-pudersno\/#breadcrumb"},"inLanguage":"sv-SE","potentialAction":[{"@type":"ReadAction","target":["https:\/\/physiospain.com\/sv\/sierra-nevada-vantar-pa-dig-med-pudersno\/"]}]},{"@type":"BreadcrumbList","@id":"https:\/\/physiospain.com\/sv\/sierra-nevada-vantar-pa-dig-med-pudersno\/#breadcrumb","itemListElement":[{"@type":"ListItem","position":1,"name":"Home","item":"https:\/\/physiospain.com\/sv\/"},{"@type":"ListItem","position":2,"name":"Sierra Nevada v\u00e4ntar p\u00e5 dig med pudersn\u00f6"}]},{"@type":"WebSite","@id":"https:\/\/physiospain.com\/#website","url":"https:\/\/physiospain.com\/","name":"PhysioSpain - Physiotherapy \/ Osteopathic treatment in Fuengirola, Mijas &amp; Malaga","description":"Clinica Physio Spain","publisher":{"@id":"https:\/\/physiospain.com\/#organization"},"potentialAction":[{"@type":"SearchAction","target":{"@type":"EntryPoint","urlTemplate":"https:\/\/physiospain.com\/?s={search_term_string}"},"query-input":{"@type":"PropertyValueSpecification","valueRequired":true,"valueName":"search_term_string"}}],"inLanguage":"sv-SE"},{"@type":"Organization","@id":"https:\/\/physiospain.com\/#organization","name":"Physiospain","url":"https:\/\/physiospain.com\/","logo":{"@type":"ImageObject","inLanguage":"sv-SE","@id":"https:\/\/physiospain.com\/#\/schema\/logo\/image\/","url":"https:\/\/physiospain.com\/wp-content\/uploads\/2016\/06\/logo-physiospain-fuengirola2.png","contentUrl":"https:\/\/physiospain.com\/wp-content\/uploads\/2016\/06\/logo-physiospain-fuengirola2.png","width":415,"height":108,"caption":"Physiospain"},"image":{"@id":"https:\/\/physiospain.com\/#\/schema\/logo\/image\/"}}]}},"uagb_featured_image_src":{"full":false,"thumbnail":false,"medium":false,"medium_large":false,"large":false,"1536x1536":false,"2048x2048":false,"widget":false,"square":false,"featured":false,"featured_large":false,"extra_large":false,"portfolio":false,"portfolio_small":false,"gallery":false,"magazine":false,"masonry":false,"entry_with_sidebar":false,"entry_without_sidebar":false,"zeguten-blog-image":false,"zeguten-blog-image-small":false,"zeguten-blog-image-640x465":false,"zeguten-blog-image-400x300":false,"zeguten-blog-image-620x715":false,"zeguten-blog-image-510x700":false,"zeguten-blog-image-630x635":false},"uagb_author_info":{"display_name":"Admin","author_link":"https:\/\/physiospain.com\/sv\/author\/tony96\/"},"uagb_comment_info":0,"uagb_excerpt":"T\u00e4nk att f\u00e5 en sk\u00f6n dag med sol, skid\u00e5kning\u00a0 i pudersn\u00f6&#8230;vi har det inom endast tv\u00e5 timmars k\u00f6rning! En helt annan v\u00e4rld, det \u00e4r f\u00e5 f\u00f6runnat att kunna leva s\u00e5 n\u00e4ra dessa kontraster! Vi kanske ses i backen, k\u00f6r f\u00f6rsiktigt?!","zeguten_blocks_get_image_src":{"full":false,"thumbnail":false,"medium":false,"medium_large":false,"large":false,"1536x1536":false,"2048x2048":false,"widget":false,"square":false,"featured":false,"featured_large":false,"extra_large":false,"portfolio":false,"portfolio_small":false,"gallery":false,"magazine":false,"masonry":false,"entry_with_sidebar":false,"entry_without_sidebar":false,"zeguten-blog-image":false,"zeguten-blog-image-small":false,"zeguten-blog-image-640x465":false,"zeguten-blog-image-400x300":false,"zeguten-blog-image-620x715":false,"zeguten-blog-image-510x700":false,"zeguten-blog-image-630x635":false},"zeguten_author_info":{"display_name":"Admin","author_link":"https:\/\/physiospain.com\/sv\/author\/tony96\/"},"zeguten_comment_info":{"comments_number":"0","comments_link":"https:\/\/physiospain.com\/sv\/sierra-nevada-vantar-pa-dig-med-pudersno\/#respond"},"zeguten_excerpt":"T\u00e4nk att f\u00e5 en sk\u00f6n dag med sol, skid\u00e5kning\u00a0 i pudersn\u00f6&#8230;vi har det inom endast tv\u00e5 timmars k\u00f6rning! En helt annan v\u00e4rld, det \u00e4r f\u00e5 f\u00f6runnat att kunna leva s\u00e5 n\u00e4ra dessa kontraster! Vi kanske ses i backen, k\u00f6r f\u00f6rsiktigt?!","_links":{"self":[{"href":"https:\/\/physiospain.com\/sv\/wp-json\/wp\/v2\/pages\/1649","targetHints":{"allow":["GET"]}}],"collection":[{"href":"https:\/\/physiospain.com\/sv\/wp-json\/wp\/v2\/pages"}],"about":[{"href":"https:\/\/physiospain.com\/sv\/wp-json\/wp\/v2\/types\/page"}],"author":[{"embeddable":true,"href":"https:\/\/physiospain.com\/sv\/wp-json\/wp\/v2\/users\/1"}],"replies":[{"embeddable":true,"href":"https:\/\/physiospain.com\/sv\/wp-json\/wp\/v2\/comments?post=1649"}],"version-history":[{"count":0,"href":"https:\/\/physiospain.com\/sv\/wp-json\/wp\/v2\/pages\/1649\/revisions"}],"wp:attachment":[{"href":"https:\/\/physiospain.com\/sv\/wp-json\/wp\/v2\/media?parent=1649"}],"curies":[{"name":"wp","href":"https:\/\/api.w.org\/{rel}","templated":true}]}}