{"id":790,"date":"2016-07-18T22:27:45","date_gmt":"2016-07-18T22:27:45","guid":{"rendered":"http:\/\/www.mimo.im\/rolf1\/sv\/?page_id=790"},"modified":"2021-06-01T18:08:26","modified_gmt":"2021-06-01T16:08:26","slug":"nyheter","status":"publish","type":"page","link":"https:\/\/physiospain.com\/sv\/nyheter\/","title":{"rendered":"Nyheter"},"content":{"rendered":"","protected":false},"excerpt":{"rendered":"","protected":false},"author":1,"featured_media":3017,"parent":0,"menu_order":0,"comment_status":"closed","ping_status":"closed","template":"","meta":{"_uag_custom_page_level_css":"","footnotes":""},"class_list":["post-790","page","type-page","status-publish","has-post-thumbnail","hentry"],"featured_image_src":"https:\/\/physiospain.com\/wp-content\/uploads\/2021\/06\/nyheter-physiospain-sjukgymnastik-spanien.jpg","yoast_head":"<!-- This site is optimized with the Yoast SEO plugin v27.5 - https:\/\/yoast.com\/product\/yoast-seo-wordpress\/ -->\n<title>Nyheter - Physiospain - Sjukv\u00e5rdsgymnastik i Fuengirola, Malaga<\/title>\n<meta name=\"description\" content=\"H\u00e5ll koll p\u00e5 de senaste nyheterna hos oss. V\u00e4lkommen till Clinica Physiospain - \u00f6ver 30 \u00e5r i Fuengirola, Malaga\" \/>\n<meta name=\"robots\" content=\"index, follow, max-snippet:-1, max-image-preview:large, max-video-preview:-1\" \/>\n<link rel=\"canonical\" href=\"https:\/\/physiospain.com\/sv\/nyheter\/\" \/>\n<meta property=\"og:locale\" content=\"sv_SE\" \/>\n<meta property=\"og:type\" content=\"article\" \/>\n<meta property=\"og:title\" content=\"Nyheter - Physiospain - Sjukv\u00e5rdsgymnastik i Fuengirola, Malaga\" \/>\n<meta property=\"og:description\" content=\"H\u00e5ll koll p\u00e5 de senaste nyheterna hos oss. V\u00e4lkommen till Clinica Physiospain - \u00f6ver 30 \u00e5r i Fuengirola, Malaga\" \/>\n<meta property=\"og:url\" content=\"https:\/\/physiospain.com\/sv\/nyheter\/\" \/>\n<meta property=\"og:site_name\" content=\"PhysioSpain - Physiotherapy \/ Osteopathic treatment in Fuengirola, Mijas &amp; Malaga\" \/>\n<meta property=\"article:modified_time\" content=\"2021-06-01T16:08:26+00:00\" \/>\n<meta property=\"og:image\" content=\"https:\/\/physiospain.com\/wp-content\/uploads\/2021\/06\/nyheter-physiospain-sjukgymnastik-spanien.jpg\" \/>\n\t<meta property=\"og:image:width\" content=\"243\" \/>\n\t<meta property=\"og:image:height\" content=\"244\" \/>\n\t<meta property=\"og:image:type\" content=\"image\/jpeg\" \/>\n<meta name=\"twitter:card\" content=\"summary_large_image\" \/>\n<script type=\"application\/ld+json\" class=\"yoast-schema-graph\">{\"@context\":\"https:\\\/\\\/schema.org\",\"@graph\":[{\"@type\":\"WebPage\",\"@id\":\"https:\\\/\\\/physiospain.com\\\/sv\\\/nyheter\\\/\",\"url\":\"https:\\\/\\\/physiospain.com\\\/sv\\\/nyheter\\\/\",\"name\":\"Nyheter - Physiospain - Sjukv\u00e5rdsgymnastik i Fuengirola, Malaga\",\"isPartOf\":{\"@id\":\"https:\\\/\\\/physiospain.com\\\/#website\"},\"primaryImageOfPage\":{\"@id\":\"https:\\\/\\\/physiospain.com\\\/sv\\\/nyheter\\\/#primaryimage\"},\"image\":{\"@id\":\"https:\\\/\\\/physiospain.com\\\/sv\\\/nyheter\\\/#primaryimage\"},\"thumbnailUrl\":\"https:\\\/\\\/physiospain.com\\\/wp-content\\\/uploads\\\/2021\\\/06\\\/nyheter-physiospain-sjukgymnastik-spanien.jpg\",\"datePublished\":\"2016-07-18T22:27:45+00:00\",\"dateModified\":\"2021-06-01T16:08:26+00:00\",\"description\":\"H\u00e5ll koll p\u00e5 de senaste nyheterna hos oss. V\u00e4lkommen till Clinica Physiospain - \u00f6ver 30 \u00e5r i Fuengirola, Malaga\",\"breadcrumb\":{\"@id\":\"https:\\\/\\\/physiospain.com\\\/sv\\\/nyheter\\\/#breadcrumb\"},\"inLanguage\":\"sv-SE\",\"potentialAction\":[{\"@type\":\"ReadAction\",\"target\":[\"https:\\\/\\\/physiospain.com\\\/sv\\\/nyheter\\\/\"]}]},{\"@type\":\"ImageObject\",\"inLanguage\":\"sv-SE\",\"@id\":\"https:\\\/\\\/physiospain.com\\\/sv\\\/nyheter\\\/#primaryimage\",\"url\":\"https:\\\/\\\/physiospain.com\\\/wp-content\\\/uploads\\\/2021\\\/06\\\/nyheter-physiospain-sjukgymnastik-spanien.jpg\",\"contentUrl\":\"https:\\\/\\\/physiospain.com\\\/wp-content\\\/uploads\\\/2021\\\/06\\\/nyheter-physiospain-sjukgymnastik-spanien.jpg\",\"width\":243,\"height\":244,\"caption\":\"nyheter physiospain sjukgymnastik Fuengirola Malaga\"},{\"@type\":\"BreadcrumbList\",\"@id\":\"https:\\\/\\\/physiospain.com\\\/sv\\\/nyheter\\\/#breadcrumb\",\"itemListElement\":[{\"@type\":\"ListItem\",\"position\":1,\"name\":\"Home\",\"item\":\"https:\\\/\\\/physiospain.com\\\/sv\\\/\"},{\"@type\":\"ListItem\",\"position\":2,\"name\":\"Nyheter\"}]},{\"@type\":\"WebSite\",\"@id\":\"https:\\\/\\\/physiospain.com\\\/#website\",\"url\":\"https:\\\/\\\/physiospain.com\\\/\",\"name\":\"PhysioSpain - Physiotherapy \\\/ Osteopathic treatment in Fuengirola, Mijas &amp; Malaga\",\"description\":\"Clinica Physio Spain\",\"publisher\":{\"@id\":\"https:\\\/\\\/physiospain.com\\\/#organization\"},\"potentialAction\":[{\"@type\":\"SearchAction\",\"target\":{\"@type\":\"EntryPoint\",\"urlTemplate\":\"https:\\\/\\\/physiospain.com\\\/?s={search_term_string}\"},\"query-input\":{\"@type\":\"PropertyValueSpecification\",\"valueRequired\":true,\"valueName\":\"search_term_string\"}}],\"inLanguage\":\"sv-SE\"},{\"@type\":\"Organization\",\"@id\":\"https:\\\/\\\/physiospain.com\\\/#organization\",\"name\":\"Physiospain\",\"url\":\"https:\\\/\\\/physiospain.com\\\/\",\"logo\":{\"@type\":\"ImageObject\",\"inLanguage\":\"sv-SE\",\"@id\":\"https:\\\/\\\/physiospain.com\\\/#\\\/schema\\\/logo\\\/image\\\/\",\"url\":\"https:\\\/\\\/physiospain.com\\\/wp-content\\\/uploads\\\/2016\\\/06\\\/logo-physiospain-fuengirola2.png\",\"contentUrl\":\"https:\\\/\\\/physiospain.com\\\/wp-content\\\/uploads\\\/2016\\\/06\\\/logo-physiospain-fuengirola2.png\",\"width\":415,\"height\":108,\"caption\":\"Physiospain\"},\"image\":{\"@id\":\"https:\\\/\\\/physiospain.com\\\/#\\\/schema\\\/logo\\\/image\\\/\"}}]}<\/script>\n<!-- \/ Yoast SEO plugin. -->","yoast_head_json":{"title":"Nyheter - Physiospain - Sjukv\u00e5rdsgymnastik i Fuengirola, Malaga","description":"H\u00e5ll koll p\u00e5 de senaste nyheterna hos oss. V\u00e4lkommen till Clinica Physiospain - \u00f6ver 30 \u00e5r i Fuengirola, Malaga","robots":{"index":"index","follow":"follow","max-snippet":"max-snippet:-1","max-image-preview":"max-image-preview:large","max-video-preview":"max-video-preview:-1"},"canonical":"https:\/\/physiospain.com\/sv\/nyheter\/","og_locale":"sv_SE","og_type":"article","og_title":"Nyheter - Physiospain - Sjukv\u00e5rdsgymnastik i Fuengirola, Malaga","og_description":"H\u00e5ll koll p\u00e5 de senaste nyheterna hos oss. V\u00e4lkommen till Clinica Physiospain - \u00f6ver 30 \u00e5r i Fuengirola, Malaga","og_url":"https:\/\/physiospain.com\/sv\/nyheter\/","og_site_name":"PhysioSpain - Physiotherapy \/ Osteopathic treatment in Fuengirola, Mijas &amp; Malaga","article_modified_time":"2021-06-01T16:08:26+00:00","og_image":[{"width":243,"height":244,"url":"https:\/\/physiospain.com\/wp-content\/uploads\/2021\/06\/nyheter-physiospain-sjukgymnastik-spanien.jpg","type":"image\/jpeg"}],"twitter_card":"summary_large_image","schema":{"@context":"https:\/\/schema.org","@graph":[{"@type":"WebPage","@id":"https:\/\/physiospain.com\/sv\/nyheter\/","url":"https:\/\/physiospain.com\/sv\/nyheter\/","name":"Nyheter - Physiospain - Sjukv\u00e5rdsgymnastik i Fuengirola, Malaga","isPartOf":{"@id":"https:\/\/physiospain.com\/#website"},"primaryImageOfPage":{"@id":"https:\/\/physiospain.com\/sv\/nyheter\/#primaryimage"},"image":{"@id":"https:\/\/physiospain.com\/sv\/nyheter\/#primaryimage"},"thumbnailUrl":"https:\/\/physiospain.com\/wp-content\/uploads\/2021\/06\/nyheter-physiospain-sjukgymnastik-spanien.jpg","datePublished":"2016-07-18T22:27:45+00:00","dateModified":"2021-06-01T16:08:26+00:00","description":"H\u00e5ll koll p\u00e5 de senaste nyheterna hos oss. V\u00e4lkommen till Clinica Physiospain - \u00f6ver 30 \u00e5r i Fuengirola, Malaga","breadcrumb":{"@id":"https:\/\/physiospain.com\/sv\/nyheter\/#breadcrumb"},"inLanguage":"sv-SE","potentialAction":[{"@type":"ReadAction","target":["https:\/\/physiospain.com\/sv\/nyheter\/"]}]},{"@type":"ImageObject","inLanguage":"sv-SE","@id":"https:\/\/physiospain.com\/sv\/nyheter\/#primaryimage","url":"https:\/\/physiospain.com\/wp-content\/uploads\/2021\/06\/nyheter-physiospain-sjukgymnastik-spanien.jpg","contentUrl":"https:\/\/physiospain.com\/wp-content\/uploads\/2021\/06\/nyheter-physiospain-sjukgymnastik-spanien.jpg","width":243,"height":244,"caption":"nyheter physiospain sjukgymnastik Fuengirola Malaga"},{"@type":"BreadcrumbList","@id":"https:\/\/physiospain.com\/sv\/nyheter\/#breadcrumb","itemListElement":[{"@type":"ListItem","position":1,"name":"Home","item":"https:\/\/physiospain.com\/sv\/"},{"@type":"ListItem","position":2,"name":"Nyheter"}]},{"@type":"WebSite","@id":"https:\/\/physiospain.com\/#website","url":"https:\/\/physiospain.com\/","name":"PhysioSpain - Physiotherapy \/ Osteopathic treatment in Fuengirola, Mijas &amp; Malaga","description":"Clinica Physio Spain","publisher":{"@id":"https:\/\/physiospain.com\/#organization"},"potentialAction":[{"@type":"SearchAction","target":{"@type":"EntryPoint","urlTemplate":"https:\/\/physiospain.com\/?s={search_term_string}"},"query-input":{"@type":"PropertyValueSpecification","valueRequired":true,"valueName":"search_term_string"}}],"inLanguage":"sv-SE"},{"@type":"Organization","@id":"https:\/\/physiospain.com\/#organization","name":"Physiospain","url":"https:\/\/physiospain.com\/","logo":{"@type":"ImageObject","inLanguage":"sv-SE","@id":"https:\/\/physiospain.com\/#\/schema\/logo\/image\/","url":"https:\/\/physiospain.com\/wp-content\/uploads\/2016\/06\/logo-physiospain-fuengirola2.png","contentUrl":"https:\/\/physiospain.com\/wp-content\/uploads\/2016\/06\/logo-physiospain-fuengirola2.png","width":415,"height":108,"caption":"Physiospain"},"image":{"@id":"https:\/\/physiospain.com\/#\/schema\/logo\/image\/"}}]}},"uagb_featured_image_src":{"full":["https:\/\/physiospain.com\/wp-content\/uploads\/2021\/06\/nyheter-physiospain-sjukgymnastik-spanien.jpg",243,244,false],"thumbnail":["https:\/\/physiospain.com\/wp-content\/uploads\/2021\/06\/nyheter-physiospain-sjukgymnastik-spanien-80x80.jpg",80,80,true],"medium":["https:\/\/physiospain.com\/wp-content\/uploads\/2021\/06\/nyheter-physiospain-sjukgymnastik-spanien.jpg",243,244,false],"medium_large":["https:\/\/physiospain.com\/wp-content\/uploads\/2021\/06\/nyheter-physiospain-sjukgymnastik-spanien.jpg",243,244,false],"large":["https:\/\/physiospain.com\/wp-content\/uploads\/2021\/06\/nyheter-physiospain-sjukgymnastik-spanien.jpg",243,244,false],"1536x1536":["https:\/\/physiospain.com\/wp-content\/uploads\/2021\/06\/nyheter-physiospain-sjukgymnastik-spanien.jpg",243,244,false],"2048x2048":["https:\/\/physiospain.com\/wp-content\/uploads\/2021\/06\/nyheter-physiospain-sjukgymnastik-spanien.jpg",243,244,false],"widget":["https:\/\/physiospain.com\/wp-content\/uploads\/2021\/06\/nyheter-physiospain-sjukgymnastik-spanien-36x36.jpg",36,36,true],"square":["https:\/\/physiospain.com\/wp-content\/uploads\/2021\/06\/nyheter-physiospain-sjukgymnastik-spanien-180x180.jpg",180,180,true],"featured":["https:\/\/physiospain.com\/wp-content\/uploads\/2021\/06\/nyheter-physiospain-sjukgymnastik-spanien.jpg",243,244,false],"featured_large":["https:\/\/physiospain.com\/wp-content\/uploads\/2021\/06\/nyheter-physiospain-sjukgymnastik-spanien.jpg",243,244,false],"extra_large":["https:\/\/physiospain.com\/wp-content\/uploads\/2021\/06\/nyheter-physiospain-sjukgymnastik-spanien.jpg",243,244,false],"portfolio":["https:\/\/physiospain.com\/wp-content\/uploads\/2021\/06\/nyheter-physiospain-sjukgymnastik-spanien.jpg",243,244,false],"portfolio_small":["https:\/\/physiospain.com\/wp-content\/uploads\/2021\/06\/nyheter-physiospain-sjukgymnastik-spanien-243x185.jpg",243,185,true],"gallery":["https:\/\/physiospain.com\/wp-content\/uploads\/2021\/06\/nyheter-physiospain-sjukgymnastik-spanien.jpg",243,244,false],"magazine":["https:\/\/physiospain.com\/wp-content\/uploads\/2021\/06\/nyheter-physiospain-sjukgymnastik-spanien.jpg",243,244,false],"masonry":["https:\/\/physiospain.com\/wp-content\/uploads\/2021\/06\/nyheter-physiospain-sjukgymnastik-spanien.jpg",243,244,false],"entry_with_sidebar":["https:\/\/physiospain.com\/wp-content\/uploads\/2021\/06\/nyheter-physiospain-sjukgymnastik-spanien.jpg",243,244,false],"entry_without_sidebar":["https:\/\/physiospain.com\/wp-content\/uploads\/2021\/06\/nyheter-physiospain-sjukgymnastik-spanien.jpg",243,244,false],"zeguten-blog-image":["https:\/\/physiospain.com\/wp-content\/uploads\/2021\/06\/nyheter-physiospain-sjukgymnastik-spanien.jpg",243,244,false],"zeguten-blog-image-small":["https:\/\/physiospain.com\/wp-content\/uploads\/2021\/06\/nyheter-physiospain-sjukgymnastik-spanien.jpg",194,195,false],"zeguten-blog-image-640x465":["https:\/\/physiospain.com\/wp-content\/uploads\/2021\/06\/nyheter-physiospain-sjukgymnastik-spanien.jpg",243,244,false],"zeguten-blog-image-400x300":["https:\/\/physiospain.com\/wp-content\/uploads\/2021\/06\/nyheter-physiospain-sjukgymnastik-spanien.jpg",243,244,false],"zeguten-blog-image-620x715":["https:\/\/physiospain.com\/wp-content\/uploads\/2021\/06\/nyheter-physiospain-sjukgymnastik-spanien.jpg",243,244,false],"zeguten-blog-image-510x700":["https:\/\/physiospain.com\/wp-content\/uploads\/2021\/06\/nyheter-physiospain-sjukgymnastik-spanien.jpg",243,244,false],"zeguten-blog-image-630x635":["https:\/\/physiospain.com\/wp-content\/uploads\/2021\/06\/nyheter-physiospain-sjukgymnastik-spanien.jpg",243,244,false]},"uagb_author_info":{"display_name":"Admin","author_link":"https:\/\/physiospain.com\/sv\/author\/tony96\/"},"uagb_comment_info":0,"uagb_excerpt":null,"zeguten_blocks_get_image_src":{"full":["https:\/\/physiospain.com\/wp-content\/uploads\/2021\/06\/nyheter-physiospain-sjukgymnastik-spanien.jpg",243,244,false],"thumbnail":["https:\/\/physiospain.com\/wp-content\/uploads\/2021\/06\/nyheter-physiospain-sjukgymnastik-spanien-80x80.jpg",80,80,true],"medium":["https:\/\/physiospain.com\/wp-content\/uploads\/2021\/06\/nyheter-physiospain-sjukgymnastik-spanien.jpg",243,244,false],"medium_large":["https:\/\/physiospain.com\/wp-content\/uploads\/2021\/06\/nyheter-physiospain-sjukgymnastik-spanien.jpg",243,244,false],"large":["https:\/\/physiospain.com\/wp-content\/uploads\/2021\/06\/nyheter-physiospain-sjukgymnastik-spanien.jpg",243,244,false],"1536x1536":["https:\/\/physiospain.com\/wp-content\/uploads\/2021\/06\/nyheter-physiospain-sjukgymnastik-spanien.jpg",243,244,false],"2048x2048":["https:\/\/physiospain.com\/wp-content\/uploads\/2021\/06\/nyheter-physiospain-sjukgymnastik-spanien.jpg",243,244,false],"widget":["https:\/\/physiospain.com\/wp-content\/uploads\/2021\/06\/nyheter-physiospain-sjukgymnastik-spanien-36x36.jpg",36,36,true],"square":["https:\/\/physiospain.com\/wp-content\/uploads\/2021\/06\/nyheter-physiospain-sjukgymnastik-spanien-180x180.jpg",180,180,true],"featured":["https:\/\/physiospain.com\/wp-content\/uploads\/2021\/06\/nyheter-physiospain-sjukgymnastik-spanien.jpg",243,244,false],"featured_large":["https:\/\/physiospain.com\/wp-content\/uploads\/2021\/06\/nyheter-physiospain-sjukgymnastik-spanien.jpg",243,244,false],"extra_large":["https:\/\/physiospain.com\/wp-content\/uploads\/2021\/06\/nyheter-physiospain-sjukgymnastik-spanien.jpg",243,244,false],"portfolio":["https:\/\/physiospain.com\/wp-content\/uploads\/2021\/06\/nyheter-physiospain-sjukgymnastik-spanien.jpg",243,244,false],"portfolio_small":["https:\/\/physiospain.com\/wp-content\/uploads\/2021\/06\/nyheter-physiospain-sjukgymnastik-spanien-243x185.jpg",243,185,true],"gallery":["https:\/\/physiospain.com\/wp-content\/uploads\/2021\/06\/nyheter-physiospain-sjukgymnastik-spanien.jpg",243,244,false],"magazine":["https:\/\/physiospain.com\/wp-content\/uploads\/2021\/06\/nyheter-physiospain-sjukgymnastik-spanien.jpg",243,244,false],"masonry":["https:\/\/physiospain.com\/wp-content\/uploads\/2021\/06\/nyheter-physiospain-sjukgymnastik-spanien.jpg",243,244,false],"entry_with_sidebar":["https:\/\/physiospain.com\/wp-content\/uploads\/2021\/06\/nyheter-physiospain-sjukgymnastik-spanien.jpg",243,244,false],"entry_without_sidebar":["https:\/\/physiospain.com\/wp-content\/uploads\/2021\/06\/nyheter-physiospain-sjukgymnastik-spanien.jpg",243,244,false],"zeguten-blog-image":["https:\/\/physiospain.com\/wp-content\/uploads\/2021\/06\/nyheter-physiospain-sjukgymnastik-spanien.jpg",243,244,false],"zeguten-blog-image-small":["https:\/\/physiospain.com\/wp-content\/uploads\/2021\/06\/nyheter-physiospain-sjukgymnastik-spanien.jpg",194,195,false],"zeguten-blog-image-640x465":["https:\/\/physiospain.com\/wp-content\/uploads\/2021\/06\/nyheter-physiospain-sjukgymnastik-spanien.jpg",243,244,false],"zeguten-blog-image-400x300":["https:\/\/physiospain.com\/wp-content\/uploads\/2021\/06\/nyheter-physiospain-sjukgymnastik-spanien.jpg",243,244,false],"zeguten-blog-image-620x715":["https:\/\/physiospain.com\/wp-content\/uploads\/2021\/06\/nyheter-physiospain-sjukgymnastik-spanien.jpg",243,244,false],"zeguten-blog-image-510x700":["https:\/\/physiospain.com\/wp-content\/uploads\/2021\/06\/nyheter-physiospain-sjukgymnastik-spanien.jpg",243,244,false],"zeguten-blog-image-630x635":["https:\/\/physiospain.com\/wp-content\/uploads\/2021\/06\/nyheter-physiospain-sjukgymnastik-spanien.jpg",243,244,false]},"zeguten_author_info":{"display_name":"Admin","author_link":"https:\/\/physiospain.com\/sv\/author\/tony96\/"},"zeguten_comment_info":{"comments_number":"0","comments_link":"https:\/\/physiospain.com\/sv\/nyheter\/#respond"},"zeguten_excerpt":null,"_links":{"self":[{"href":"https:\/\/physiospain.com\/sv\/wp-json\/wp\/v2\/pages\/790","targetHints":{"allow":["GET"]}}],"collection":[{"href":"https:\/\/physiospain.com\/sv\/wp-json\/wp\/v2\/pages"}],"about":[{"href":"https:\/\/physiospain.com\/sv\/wp-json\/wp\/v2\/types\/page"}],"author":[{"embeddable":true,"href":"https:\/\/physiospain.com\/sv\/wp-json\/wp\/v2\/users\/1"}],"replies":[{"embeddable":true,"href":"https:\/\/physiospain.com\/sv\/wp-json\/wp\/v2\/comments?post=790"}],"version-history":[{"count":2,"href":"https:\/\/physiospain.com\/sv\/wp-json\/wp\/v2\/pages\/790\/revisions"}],"predecessor-version":[{"id":3324,"href":"https:\/\/physiospain.com\/sv\/wp-json\/wp\/v2\/pages\/790\/revisions\/3324"}],"wp:featuredmedia":[{"embeddable":true,"href":"https:\/\/physiospain.com\/sv\/wp-json\/wp\/v2\/media\/3017"}],"wp:attachment":[{"href":"https:\/\/physiospain.com\/sv\/wp-json\/wp\/v2\/media?parent=790"}],"curies":[{"name":"wp","href":"https:\/\/api.w.org\/{rel}","templated":true}]}}