{"id":797,"date":"2016-07-18T22:45:57","date_gmt":"2016-07-18T22:45:57","guid":{"rendered":"http:\/\/www.mimo.im\/rolf1\/sv\/?page_id=797"},"modified":"2021-09-14T12:17:02","modified_gmt":"2021-09-14T10:17:02","slug":"medicin-akupunktur","status":"publish","type":"page","link":"https:\/\/physiospain.com\/sv\/medicin-akupunktur\/","title":{"rendered":"Medicinsk Akupunktur"},"content":{"rendered":"<div id='full_slider_1'  class='avia-fullwidth-slider main_color avia-shadow   avia-builder-el-0  el_before_av_textblock  avia-builder-el-first   container_wrap sidebar_right'  ><div  class='avia-slideshow av-kp9e4jyl-5a1f7798fe353679bfe70066e72c668a avia-slideshow-featured av_slideshow_full avia-slide-slider av-slideshow-ui av-control-default av-slideshow-manual av-loop-once av-loop-manual-endless av-default-height-applied   avia-slideshow-1' data-slideshow-options=\"{&quot;animation&quot;:&quot;slide&quot;,&quot;autoplay&quot;:false,&quot;loop_autoplay&quot;:&quot;once&quot;,&quot;interval&quot;:5,&quot;loop_manual&quot;:&quot;manual-endless&quot;,&quot;autoplay_stopper&quot;:false,&quot;noNavigation&quot;:false,&quot;bg_slider&quot;:false,&quot;keep_padding&quot;:false,&quot;hoverpause&quot;:false,&quot;show_slide_delay&quot;:0}\"  itemprop=\"image\" itemscope=\"itemscope\" itemtype=\"https:\/\/schema.org\/ImageObject\" ><ul class='avia-slideshow-inner ' style='padding-bottom: 28.666666666667%;'><li  class='avia-slideshow-slide av-kp9e4jyl-5a1f7798fe353679bfe70066e72c668a__0  av-single-slide slide-1 slide-odd'><div data-rel='slideshow-1' class='avia-slide-wrap '   ><div class='av-slideshow-caption av-kp9e4jyl-5a1f7798fe353679bfe70066e72c668a__0 caption_fullwidth caption_bottom'><div class=\"container caption_container\"><div class=\"slideshow_caption\"><div class=\"slideshow_inner_caption\"><div class=\"slideshow_align_caption\"><h2 class='avia-caption-title '  itemprop=\"name\" >Medicinsk Akupunktur<\/h2><\/div><\/div><\/div><\/div><\/div><img decoding=\"async\" fetchpriority=\"high\" class=\"wp-image-3155 avia-img-lazy-loading-not-3155\"  src=\"https:\/\/physiospain.com\/wp-content\/uploads\/2021\/08\/akupunktur-1500x430.jpg\" width=\"1500\" height=\"430\" title='Medisinsk Akupunktur Mallaga' alt='medical acupuncture physiospain fuengirola'  itemprop=\"thumbnailUrl\"   \/><\/div><\/li><\/ul><\/div><\/div><div id='after_full_slider_1'  class='main_color av_default_container_wrap container_wrap sidebar_right'  ><div class='container av-section-cont-open' ><div class='template-page content  av-content-small alpha units'><div class='post-entry post-entry-type-page post-entry-797'><div class='entry-content-wrapper clearfix'>\n<section  class='av_textblock_section av-kp9i8cyr-6d2334a4780a4d76ad7067ff1406d55b '   itemscope=\"itemscope\" itemtype=\"https:\/\/schema.org\/CreativeWork\" ><div class='avia_textblock'  itemprop=\"text\" ><h1><strong>Vad \u00e4r medicinsk akupunktur?<\/strong><\/h1>\n<p>Medicinsk akupunktur \u00e4r en n\u00e5lbehandling som genom penetrering av huden ger en kraftig stimulans.<br \/>\nDenna stimulering p\u00e5verkar det centrala nervsystemet som utl\u00f6ser neuro-fysiologiska och kemiska f\u00f6r\u00e4ndringar i kroppen.<\/p>\n<h2><strong>Vad \u00e4r det och n\u00e4r kan den anv\u00e4ndas?<\/strong><\/h2>\n<p>N\u00e4r vi k\u00e4nner sm\u00e4rta, \u00e4r det ofta s\u00e5 kallade triggerpunkter &#8211; TP eller sm\u00e4rtpunkter som orsakar denna sm\u00e4rta. Dessa kan vara latenta eller inaktiva. Under fysisk eller emotionell stress kan dessa triggerpunkter \u00a0aktiveras och bli aktiva TP som producerar mer eller mindre sv\u00e5r sm\u00e4rta. Sm\u00e4rtan kan vara lokal, men ofta ger det en sm\u00e4rtreflex i andra delar av kroppen. Medicin Akupunktur avaktiverar dessa sm\u00e4rtpunkter och kroppens egna antiinflammatoriska substanser aktiveras f\u00f6r att bek\u00e4mpa orsaken till sm\u00e4rtan.<\/p>\n<p><img loading=\"lazy\" decoding=\"async\" class=\"alignnone wp-image-3157 size-full\" src=\"https:\/\/physiospain.com\/wp-content\/uploads\/2021\/08\/Medicinsk-Akupunktur-physiospain.png\" alt=\"\" width=\"776\" height=\"252\" srcset=\"https:\/\/physiospain.com\/wp-content\/uploads\/2021\/08\/Medicinsk-Akupunktur-physiospain.png 776w, https:\/\/physiospain.com\/wp-content\/uploads\/2021\/08\/Medicinsk-Akupunktur-physiospain-300x97.png 300w, https:\/\/physiospain.com\/wp-content\/uploads\/2021\/08\/Medicinsk-Akupunktur-physiospain-768x249.png 768w, https:\/\/physiospain.com\/wp-content\/uploads\/2021\/08\/Medicinsk-Akupunktur-physiospain-705x229.png 705w\" sizes=\"auto, (max-width: 776px) 100vw, 776px\" \/><\/p>\n<hr \/>\n<h2><strong>N\u00e5gra exempel d\u00e4r medicinsk akupunktur \u00e4r mycket effektivt<\/strong><\/h2>\n<ul>\n<li>Artros<\/li>\n<li>Sm\u00e4rta i armb\u00e5gen, skuldra, hals, h\u00f6ft \/ kn\u00e4leder.<\/li>\n<li>Ischias<\/li>\n<li>Huvudv\u00e4rk, whiplash<\/li>\n<li>&#8221;Restless leg&#8221;. Kramp i benen<\/li>\n<li>Och mycket mer&#8230;&#8230;..<\/li>\n<\/ul>\n<h2><strong>G\u00f6r det ont?<\/strong><\/h2>\n<p>Behandlingen med eng\u00e5ngsn\u00e5lar ger bara ett litet sting (j\u00e4mf\u00f6r myggbett). N\u00e5len tas normalt ut efter 4-10 sekunder. Detta \u00e4r oftast tillr\u00e4ckligt f\u00f6r att inaktivera brytpunkt (TP). Vanligtvis 4 till 10 punkter behandlas vid varje session.<\/p>\n<p>Hur m\u00e5nga behandlingar beh\u00f6vs? Mellan 2 till 10 behandlingar kan beh\u00f6vas beroende p\u00e5 teknikomr\u00e5det av problemet.<\/p>\n<\/div><\/section>\n","protected":false},"excerpt":{"rendered":"","protected":false},"author":1,"featured_media":3155,"parent":0,"menu_order":0,"comment_status":"closed","ping_status":"closed","template":"","meta":{"_uag_custom_page_level_css":"","footnotes":""},"class_list":["post-797","page","type-page","status-publish","has-post-thumbnail","hentry"],"featured_image_src":"https:\/\/physiospain.com\/wp-content\/uploads\/2021\/08\/akupunktur.jpg","yoast_head":"<!-- This site is optimized with the Yoast SEO plugin v27.3 - https:\/\/yoast.com\/product\/yoast-seo-wordpress\/ -->\n<title>Medicinsk Akupunktur - Physiospain Fuengirola - Sjukgymnastik Spanien<\/title>\n<meta name=\"description\" content=\"Medicinsk akupunktur \u00e4r en n\u00e5lbehandling som genom penetrering av huden ger en kraftig stimulans. Stimuleringen utl\u00f6ser neuro-fysiologiska f\u00f6r\u00e4ndringar.\" \/>\n<meta name=\"robots\" content=\"index, follow, max-snippet:-1, max-image-preview:large, max-video-preview:-1\" \/>\n<link rel=\"canonical\" href=\"https:\/\/physiospain.com\/sv\/medicin-akupunktur\/\" \/>\n<meta property=\"og:locale\" content=\"sv_SE\" \/>\n<meta property=\"og:type\" content=\"article\" \/>\n<meta property=\"og:title\" content=\"Medicinsk Akupunktur - Physiospain Fuengirola - Sjukgymnastik Spanien\" \/>\n<meta property=\"og:description\" content=\"Medicinsk akupunktur \u00e4r en n\u00e5lbehandling som genom penetrering av huden ger en kraftig stimulans. Stimuleringen utl\u00f6ser neuro-fysiologiska f\u00f6r\u00e4ndringar.\" \/>\n<meta property=\"og:url\" content=\"https:\/\/physiospain.com\/sv\/medicin-akupunktur\/\" \/>\n<meta property=\"og:site_name\" content=\"PhysioSpain - Physiotherapy \/ Osteopathic treatment in Fuengirola, Mijas &amp; Malaga\" \/>\n<meta property=\"article:modified_time\" content=\"2021-09-14T10:17:02+00:00\" \/>\n<meta property=\"og:image\" content=\"https:\/\/physiospain.com\/wp-content\/uploads\/2021\/08\/akupunktur.jpg\" \/>\n\t<meta property=\"og:image:width\" content=\"1920\" \/>\n\t<meta property=\"og:image:height\" content=\"785\" \/>\n\t<meta property=\"og:image:type\" content=\"image\/jpeg\" \/>\n<meta name=\"twitter:card\" content=\"summary_large_image\" \/>\n<meta name=\"twitter:label1\" content=\"Ber\u00e4knad l\u00e4stid\" \/>\n\t<meta name=\"twitter:data1\" content=\"2 minuter\" \/>\n<script type=\"application\/ld+json\" class=\"yoast-schema-graph\">{\"@context\":\"https:\\\/\\\/schema.org\",\"@graph\":[{\"@type\":\"WebPage\",\"@id\":\"https:\\\/\\\/physiospain.com\\\/sv\\\/medicin-akupunktur\\\/\",\"url\":\"https:\\\/\\\/physiospain.com\\\/sv\\\/medicin-akupunktur\\\/\",\"name\":\"Medicinsk Akupunktur - Physiospain Fuengirola - Sjukgymnastik Spanien\",\"isPartOf\":{\"@id\":\"https:\\\/\\\/physiospain.com\\\/#website\"},\"primaryImageOfPage\":{\"@id\":\"https:\\\/\\\/physiospain.com\\\/sv\\\/medicin-akupunktur\\\/#primaryimage\"},\"image\":{\"@id\":\"https:\\\/\\\/physiospain.com\\\/sv\\\/medicin-akupunktur\\\/#primaryimage\"},\"thumbnailUrl\":\"https:\\\/\\\/physiospain.com\\\/wp-content\\\/uploads\\\/2021\\\/08\\\/akupunktur.jpg\",\"datePublished\":\"2016-07-18T22:45:57+00:00\",\"dateModified\":\"2021-09-14T10:17:02+00:00\",\"description\":\"Medicinsk akupunktur \u00e4r en n\u00e5lbehandling som genom penetrering av huden ger en kraftig stimulans. Stimuleringen utl\u00f6ser neuro-fysiologiska f\u00f6r\u00e4ndringar.\",\"breadcrumb\":{\"@id\":\"https:\\\/\\\/physiospain.com\\\/sv\\\/medicin-akupunktur\\\/#breadcrumb\"},\"inLanguage\":\"sv-SE\",\"potentialAction\":[{\"@type\":\"ReadAction\",\"target\":[\"https:\\\/\\\/physiospain.com\\\/sv\\\/medicin-akupunktur\\\/\"]}]},{\"@type\":\"ImageObject\",\"inLanguage\":\"sv-SE\",\"@id\":\"https:\\\/\\\/physiospain.com\\\/sv\\\/medicin-akupunktur\\\/#primaryimage\",\"url\":\"https:\\\/\\\/physiospain.com\\\/wp-content\\\/uploads\\\/2021\\\/08\\\/akupunktur.jpg\",\"contentUrl\":\"https:\\\/\\\/physiospain.com\\\/wp-content\\\/uploads\\\/2021\\\/08\\\/akupunktur.jpg\",\"width\":1920,\"height\":785,\"caption\":\"medical acupuncture physiospain fuengirola\"},{\"@type\":\"BreadcrumbList\",\"@id\":\"https:\\\/\\\/physiospain.com\\\/sv\\\/medicin-akupunktur\\\/#breadcrumb\",\"itemListElement\":[{\"@type\":\"ListItem\",\"position\":1,\"name\":\"Home\",\"item\":\"https:\\\/\\\/physiospain.com\\\/sv\\\/\"},{\"@type\":\"ListItem\",\"position\":2,\"name\":\"Medicinsk Akupunktur\"}]},{\"@type\":\"WebSite\",\"@id\":\"https:\\\/\\\/physiospain.com\\\/#website\",\"url\":\"https:\\\/\\\/physiospain.com\\\/\",\"name\":\"PhysioSpain - Physiotherapy \\\/ Osteopathic treatment in Fuengirola, Mijas &amp; Malaga\",\"description\":\"Clinica Physio Spain\",\"publisher\":{\"@id\":\"https:\\\/\\\/physiospain.com\\\/#organization\"},\"potentialAction\":[{\"@type\":\"SearchAction\",\"target\":{\"@type\":\"EntryPoint\",\"urlTemplate\":\"https:\\\/\\\/physiospain.com\\\/?s={search_term_string}\"},\"query-input\":{\"@type\":\"PropertyValueSpecification\",\"valueRequired\":true,\"valueName\":\"search_term_string\"}}],\"inLanguage\":\"sv-SE\"},{\"@type\":\"Organization\",\"@id\":\"https:\\\/\\\/physiospain.com\\\/#organization\",\"name\":\"Physiospain\",\"url\":\"https:\\\/\\\/physiospain.com\\\/\",\"logo\":{\"@type\":\"ImageObject\",\"inLanguage\":\"sv-SE\",\"@id\":\"https:\\\/\\\/physiospain.com\\\/#\\\/schema\\\/logo\\\/image\\\/\",\"url\":\"https:\\\/\\\/physiospain.com\\\/wp-content\\\/uploads\\\/2016\\\/06\\\/logo-physiospain-fuengirola2.png\",\"contentUrl\":\"https:\\\/\\\/physiospain.com\\\/wp-content\\\/uploads\\\/2016\\\/06\\\/logo-physiospain-fuengirola2.png\",\"width\":415,\"height\":108,\"caption\":\"Physiospain\"},\"image\":{\"@id\":\"https:\\\/\\\/physiospain.com\\\/#\\\/schema\\\/logo\\\/image\\\/\"}}]}<\/script>\n<!-- \/ Yoast SEO plugin. -->","yoast_head_json":{"title":"Medicinsk Akupunktur - Physiospain Fuengirola - Sjukgymnastik Spanien","description":"Medicinsk akupunktur \u00e4r en n\u00e5lbehandling som genom penetrering av huden ger en kraftig stimulans. Stimuleringen utl\u00f6ser neuro-fysiologiska f\u00f6r\u00e4ndringar.","robots":{"index":"index","follow":"follow","max-snippet":"max-snippet:-1","max-image-preview":"max-image-preview:large","max-video-preview":"max-video-preview:-1"},"canonical":"https:\/\/physiospain.com\/sv\/medicin-akupunktur\/","og_locale":"sv_SE","og_type":"article","og_title":"Medicinsk Akupunktur - Physiospain Fuengirola - Sjukgymnastik Spanien","og_description":"Medicinsk akupunktur \u00e4r en n\u00e5lbehandling som genom penetrering av huden ger en kraftig stimulans. Stimuleringen utl\u00f6ser neuro-fysiologiska f\u00f6r\u00e4ndringar.","og_url":"https:\/\/physiospain.com\/sv\/medicin-akupunktur\/","og_site_name":"PhysioSpain - Physiotherapy \/ Osteopathic treatment in Fuengirola, Mijas &amp; Malaga","article_modified_time":"2021-09-14T10:17:02+00:00","og_image":[{"width":1920,"height":785,"url":"https:\/\/physiospain.com\/wp-content\/uploads\/2021\/08\/akupunktur.jpg","type":"image\/jpeg"}],"twitter_card":"summary_large_image","twitter_misc":{"Ber\u00e4knad l\u00e4stid":"2 minuter"},"schema":{"@context":"https:\/\/schema.org","@graph":[{"@type":"WebPage","@id":"https:\/\/physiospain.com\/sv\/medicin-akupunktur\/","url":"https:\/\/physiospain.com\/sv\/medicin-akupunktur\/","name":"Medicinsk Akupunktur - Physiospain Fuengirola - Sjukgymnastik Spanien","isPartOf":{"@id":"https:\/\/physiospain.com\/#website"},"primaryImageOfPage":{"@id":"https:\/\/physiospain.com\/sv\/medicin-akupunktur\/#primaryimage"},"image":{"@id":"https:\/\/physiospain.com\/sv\/medicin-akupunktur\/#primaryimage"},"thumbnailUrl":"https:\/\/physiospain.com\/wp-content\/uploads\/2021\/08\/akupunktur.jpg","datePublished":"2016-07-18T22:45:57+00:00","dateModified":"2021-09-14T10:17:02+00:00","description":"Medicinsk akupunktur \u00e4r en n\u00e5lbehandling som genom penetrering av huden ger en kraftig stimulans. Stimuleringen utl\u00f6ser neuro-fysiologiska f\u00f6r\u00e4ndringar.","breadcrumb":{"@id":"https:\/\/physiospain.com\/sv\/medicin-akupunktur\/#breadcrumb"},"inLanguage":"sv-SE","potentialAction":[{"@type":"ReadAction","target":["https:\/\/physiospain.com\/sv\/medicin-akupunktur\/"]}]},{"@type":"ImageObject","inLanguage":"sv-SE","@id":"https:\/\/physiospain.com\/sv\/medicin-akupunktur\/#primaryimage","url":"https:\/\/physiospain.com\/wp-content\/uploads\/2021\/08\/akupunktur.jpg","contentUrl":"https:\/\/physiospain.com\/wp-content\/uploads\/2021\/08\/akupunktur.jpg","width":1920,"height":785,"caption":"medical acupuncture physiospain fuengirola"},{"@type":"BreadcrumbList","@id":"https:\/\/physiospain.com\/sv\/medicin-akupunktur\/#breadcrumb","itemListElement":[{"@type":"ListItem","position":1,"name":"Home","item":"https:\/\/physiospain.com\/sv\/"},{"@type":"ListItem","position":2,"name":"Medicinsk Akupunktur"}]},{"@type":"WebSite","@id":"https:\/\/physiospain.com\/#website","url":"https:\/\/physiospain.com\/","name":"PhysioSpain - Physiotherapy \/ Osteopathic treatment in Fuengirola, Mijas &amp; Malaga","description":"Clinica Physio Spain","publisher":{"@id":"https:\/\/physiospain.com\/#organization"},"potentialAction":[{"@type":"SearchAction","target":{"@type":"EntryPoint","urlTemplate":"https:\/\/physiospain.com\/?s={search_term_string}"},"query-input":{"@type":"PropertyValueSpecification","valueRequired":true,"valueName":"search_term_string"}}],"inLanguage":"sv-SE"},{"@type":"Organization","@id":"https:\/\/physiospain.com\/#organization","name":"Physiospain","url":"https:\/\/physiospain.com\/","logo":{"@type":"ImageObject","inLanguage":"sv-SE","@id":"https:\/\/physiospain.com\/#\/schema\/logo\/image\/","url":"https:\/\/physiospain.com\/wp-content\/uploads\/2016\/06\/logo-physiospain-fuengirola2.png","contentUrl":"https:\/\/physiospain.com\/wp-content\/uploads\/2016\/06\/logo-physiospain-fuengirola2.png","width":415,"height":108,"caption":"Physiospain"},"image":{"@id":"https:\/\/physiospain.com\/#\/schema\/logo\/image\/"}}]}},"uagb_featured_image_src":{"full":["https:\/\/physiospain.com\/wp-content\/uploads\/2021\/08\/akupunktur.jpg",1920,785,false],"thumbnail":["https:\/\/physiospain.com\/wp-content\/uploads\/2021\/08\/akupunktur-80x80.jpg",80,80,true],"medium":["https:\/\/physiospain.com\/wp-content\/uploads\/2021\/08\/akupunktur-300x123.jpg",300,123,true],"medium_large":["https:\/\/physiospain.com\/wp-content\/uploads\/2021\/08\/akupunktur-768x314.jpg",768,314,true],"large":["https:\/\/physiospain.com\/wp-content\/uploads\/2021\/08\/akupunktur-1030x421.jpg",1030,421,true],"1536x1536":["https:\/\/physiospain.com\/wp-content\/uploads\/2021\/08\/akupunktur-1536x628.jpg",1536,628,true],"2048x2048":["https:\/\/physiospain.com\/wp-content\/uploads\/2021\/08\/akupunktur.jpg",1920,785,false],"widget":["https:\/\/physiospain.com\/wp-content\/uploads\/2021\/08\/akupunktur-36x36.jpg",36,36,true],"square":["https:\/\/physiospain.com\/wp-content\/uploads\/2021\/08\/akupunktur-180x180.jpg",180,180,true],"featured":["https:\/\/physiospain.com\/wp-content\/uploads\/2021\/08\/akupunktur-1500x430.jpg",1500,430,true],"featured_large":["https:\/\/physiospain.com\/wp-content\/uploads\/2021\/08\/akupunktur-1500x630.jpg",1500,630,true],"extra_large":["https:\/\/physiospain.com\/wp-content\/uploads\/2021\/08\/akupunktur-1500x613.jpg",1500,613,true],"portfolio":["https:\/\/physiospain.com\/wp-content\/uploads\/2021\/08\/akupunktur-495x400.jpg",495,400,true],"portfolio_small":["https:\/\/physiospain.com\/wp-content\/uploads\/2021\/08\/akupunktur-260x185.jpg",260,185,true],"gallery":["https:\/\/physiospain.com\/wp-content\/uploads\/2021\/08\/akupunktur-845x684.jpg",845,684,true],"magazine":["https:\/\/physiospain.com\/wp-content\/uploads\/2021\/08\/akupunktur-710x375.jpg",710,375,true],"masonry":["https:\/\/physiospain.com\/wp-content\/uploads\/2021\/08\/akupunktur-705x288.jpg",705,288,true],"entry_with_sidebar":["https:\/\/physiospain.com\/wp-content\/uploads\/2021\/08\/akupunktur-845x321.jpg",845,321,true],"entry_without_sidebar":["https:\/\/physiospain.com\/wp-content\/uploads\/2021\/08\/akupunktur-1210x423.jpg",1210,423,true],"zeguten-blog-image":["https:\/\/physiospain.com\/wp-content\/uploads\/2021\/08\/akupunktur.jpg",700,286,false],"zeguten-blog-image-small":["https:\/\/physiospain.com\/wp-content\/uploads\/2021\/08\/akupunktur.jpg",260,106,false],"zeguten-blog-image-640x465":["https:\/\/physiospain.com\/wp-content\/uploads\/2021\/08\/akupunktur.jpg",640,262,false],"zeguten-blog-image-400x300":["https:\/\/physiospain.com\/wp-content\/uploads\/2021\/08\/akupunktur.jpg",400,164,false],"zeguten-blog-image-620x715":["https:\/\/physiospain.com\/wp-content\/uploads\/2021\/08\/akupunktur.jpg",620,253,false],"zeguten-blog-image-510x700":["https:\/\/physiospain.com\/wp-content\/uploads\/2021\/08\/akupunktur.jpg",510,209,false],"zeguten-blog-image-630x635":["https:\/\/physiospain.com\/wp-content\/uploads\/2021\/08\/akupunktur.jpg",630,258,false]},"uagb_author_info":{"display_name":"Admin","author_link":"https:\/\/physiospain.com\/sv\/author\/tony96\/"},"uagb_comment_info":0,"uagb_excerpt":null,"zeguten_blocks_get_image_src":{"full":["https:\/\/physiospain.com\/wp-content\/uploads\/2021\/08\/akupunktur.jpg",1920,785,false],"thumbnail":["https:\/\/physiospain.com\/wp-content\/uploads\/2021\/08\/akupunktur-80x80.jpg",80,80,true],"medium":["https:\/\/physiospain.com\/wp-content\/uploads\/2021\/08\/akupunktur-300x123.jpg",300,123,true],"medium_large":["https:\/\/physiospain.com\/wp-content\/uploads\/2021\/08\/akupunktur-768x314.jpg",768,314,true],"large":["https:\/\/physiospain.com\/wp-content\/uploads\/2021\/08\/akupunktur-1030x421.jpg",1030,421,true],"1536x1536":["https:\/\/physiospain.com\/wp-content\/uploads\/2021\/08\/akupunktur-1536x628.jpg",1536,628,true],"2048x2048":["https:\/\/physiospain.com\/wp-content\/uploads\/2021\/08\/akupunktur.jpg",1920,785,false],"widget":["https:\/\/physiospain.com\/wp-content\/uploads\/2021\/08\/akupunktur-36x36.jpg",36,36,true],"square":["https:\/\/physiospain.com\/wp-content\/uploads\/2021\/08\/akupunktur-180x180.jpg",180,180,true],"featured":["https:\/\/physiospain.com\/wp-content\/uploads\/2021\/08\/akupunktur-1500x430.jpg",1500,430,true],"featured_large":["https:\/\/physiospain.com\/wp-content\/uploads\/2021\/08\/akupunktur-1500x630.jpg",1500,630,true],"extra_large":["https:\/\/physiospain.com\/wp-content\/uploads\/2021\/08\/akupunktur-1500x613.jpg",1500,613,true],"portfolio":["https:\/\/physiospain.com\/wp-content\/uploads\/2021\/08\/akupunktur-495x400.jpg",495,400,true],"portfolio_small":["https:\/\/physiospain.com\/wp-content\/uploads\/2021\/08\/akupunktur-260x185.jpg",260,185,true],"gallery":["https:\/\/physiospain.com\/wp-content\/uploads\/2021\/08\/akupunktur-845x684.jpg",845,684,true],"magazine":["https:\/\/physiospain.com\/wp-content\/uploads\/2021\/08\/akupunktur-710x375.jpg",710,375,true],"masonry":["https:\/\/physiospain.com\/wp-content\/uploads\/2021\/08\/akupunktur-705x288.jpg",705,288,true],"entry_with_sidebar":["https:\/\/physiospain.com\/wp-content\/uploads\/2021\/08\/akupunktur-845x321.jpg",845,321,true],"entry_without_sidebar":["https:\/\/physiospain.com\/wp-content\/uploads\/2021\/08\/akupunktur-1210x423.jpg",1210,423,true],"zeguten-blog-image":["https:\/\/physiospain.com\/wp-content\/uploads\/2021\/08\/akupunktur.jpg",700,286,false],"zeguten-blog-image-small":["https:\/\/physiospain.com\/wp-content\/uploads\/2021\/08\/akupunktur.jpg",260,106,false],"zeguten-blog-image-640x465":["https:\/\/physiospain.com\/wp-content\/uploads\/2021\/08\/akupunktur.jpg",640,262,false],"zeguten-blog-image-400x300":["https:\/\/physiospain.com\/wp-content\/uploads\/2021\/08\/akupunktur.jpg",400,164,false],"zeguten-blog-image-620x715":["https:\/\/physiospain.com\/wp-content\/uploads\/2021\/08\/akupunktur.jpg",620,253,false],"zeguten-blog-image-510x700":["https:\/\/physiospain.com\/wp-content\/uploads\/2021\/08\/akupunktur.jpg",510,209,false],"zeguten-blog-image-630x635":["https:\/\/physiospain.com\/wp-content\/uploads\/2021\/08\/akupunktur.jpg",630,258,false]},"zeguten_author_info":{"display_name":"Admin","author_link":"https:\/\/physiospain.com\/sv\/author\/tony96\/"},"zeguten_comment_info":{"comments_number":"0","comments_link":"https:\/\/physiospain.com\/sv\/medicin-akupunktur\/#respond"},"zeguten_excerpt":null,"_links":{"self":[{"href":"https:\/\/physiospain.com\/sv\/wp-json\/wp\/v2\/pages\/797","targetHints":{"allow":["GET"]}}],"collection":[{"href":"https:\/\/physiospain.com\/sv\/wp-json\/wp\/v2\/pages"}],"about":[{"href":"https:\/\/physiospain.com\/sv\/wp-json\/wp\/v2\/types\/page"}],"author":[{"embeddable":true,"href":"https:\/\/physiospain.com\/sv\/wp-json\/wp\/v2\/users\/1"}],"replies":[{"embeddable":true,"href":"https:\/\/physiospain.com\/sv\/wp-json\/wp\/v2\/comments?post=797"}],"version-history":[{"count":4,"href":"https:\/\/physiospain.com\/sv\/wp-json\/wp\/v2\/pages\/797\/revisions"}],"predecessor-version":[{"id":3299,"href":"https:\/\/physiospain.com\/sv\/wp-json\/wp\/v2\/pages\/797\/revisions\/3299"}],"wp:featuredmedia":[{"embeddable":true,"href":"https:\/\/physiospain.com\/sv\/wp-json\/wp\/v2\/media\/3155"}],"wp:attachment":[{"href":"https:\/\/physiospain.com\/sv\/wp-json\/wp\/v2\/media?parent=797"}],"curies":[{"name":"wp","href":"https:\/\/api.w.org\/{rel}","templated":true}]}}