{"id":807,"date":"2016-07-18T23:31:33","date_gmt":"2016-07-18T23:31:33","guid":{"rendered":"http:\/\/www.mimo.im\/rolf1\/sv\/?page_id=807"},"modified":"2021-08-28T19:12:06","modified_gmt":"2021-08-28T17:12:06","slug":"mulligan-therapy","status":"publish","type":"page","link":"https:\/\/physiospain.com\/sv\/mulligan-therapy\/","title":{"rendered":"Mulligan Terapi"},"content":{"rendered":"<div id='full_slider_1'  class='avia-fullwidth-slider main_color avia-shadow   avia-builder-el-0  el_before_av_textblock  avia-builder-el-first   container_wrap sidebar_right'  ><div  class='avia-slideshow av-kp9l3wgm-2485861c896a860110de8a400a647381 avia-slideshow-featured av_slideshow_full avia-slide-slider av-slideshow-ui av-control-default av-slideshow-manual av-loop-once av-loop-manual-endless av-default-height-applied   avia-slideshow-1' data-slideshow-options=\"{&quot;animation&quot;:&quot;slide&quot;,&quot;autoplay&quot;:false,&quot;loop_autoplay&quot;:&quot;once&quot;,&quot;interval&quot;:5,&quot;loop_manual&quot;:&quot;manual-endless&quot;,&quot;autoplay_stopper&quot;:false,&quot;noNavigation&quot;:false,&quot;bg_slider&quot;:false,&quot;keep_padding&quot;:false,&quot;hoverpause&quot;:false,&quot;show_slide_delay&quot;:0}\"  itemprop=\"image\" itemscope=\"itemscope\" itemtype=\"https:\/\/schema.org\/ImageObject\" ><ul class='avia-slideshow-inner ' style='padding-bottom: 28.666666666667%;'><li  class='avia-slideshow-slide av-kp9l3wgm-2485861c896a860110de8a400a647381__0  av-single-slide slide-1 slide-odd'><div data-rel='slideshow-1' class='avia-slide-wrap '   ><div class='av-slideshow-caption av-kp9l3wgm-2485861c896a860110de8a400a647381__0 caption_fullwidth caption_bottom'><div class=\"container caption_container\"><div class=\"slideshow_caption\"><div class=\"slideshow_inner_caption\"><div class=\"slideshow_align_caption\"><h2 class='avia-caption-title '  itemprop=\"name\" >Mulligan Terapi<\/h2><\/div><\/div><\/div><\/div><\/div><img decoding=\"async\" fetchpriority=\"high\" class=\"wp-image-2819 avia-img-lazy-loading-not-2819\"  src=\"https:\/\/physiospain.com\/wp-content\/uploads\/2021\/05\/mulligan-terapi-physiospain-1500x430.jpeg\" width=\"1500\" height=\"430\" title='mulligan terapi physiospain' alt=''  itemprop=\"thumbnailUrl\"   \/><\/div><\/li><\/ul><\/div><\/div><div id='after_full_slider_1'  class='main_color av_default_container_wrap container_wrap sidebar_right'  ><div class='container av-section-cont-open' ><div class='template-page content  av-content-small alpha units'><div class='post-entry post-entry-type-page post-entry-807'><div class='entry-content-wrapper clearfix'>\n<section  class='av_textblock_section av-kp9lb503-e8cc9a69ea40b308da972a640f24d343 '   itemscope=\"itemscope\" itemtype=\"https:\/\/schema.org\/CreativeWork\" ><div class='avia_textblock'  itemprop=\"text\" ><h1>En behandling med flera kombinationer<\/h1>\n<p>Mulligan Terapi \u00e4r en kombination av assisterad \u00a0ledmobilisering och sj\u00e4lvbehandling med mycket bra resultat.<\/p>\n<p>En ledmanipulation kan vara kontraindicerad eller om patienten kanske inte vill bli manipulerad. Genom att st\u00f6dja leden och hj\u00e4lpa den till ett mer korrekt fysiologiskt och biomekaniskt r\u00f6relseschema, \u00f6kar flexibiliteten\u00a0och sm\u00e4rtan l\u00e4ttar.<\/p>\n<p><img loading=\"lazy\" decoding=\"async\" class=\"alignnone wp-image-3187 size-full\" src=\"https:\/\/physiospain.com\/wp-content\/uploads\/2021\/08\/mulligan-terapi-physiospain-svenska-2.png\" alt=\"mulligan-terapi-physiospain-svenska\" width=\"776\" height=\"252\" srcset=\"https:\/\/physiospain.com\/wp-content\/uploads\/2021\/08\/mulligan-terapi-physiospain-svenska-2.png 776w, https:\/\/physiospain.com\/wp-content\/uploads\/2021\/08\/mulligan-terapi-physiospain-svenska-2-300x97.png 300w, https:\/\/physiospain.com\/wp-content\/uploads\/2021\/08\/mulligan-terapi-physiospain-svenska-2-768x249.png 768w, https:\/\/physiospain.com\/wp-content\/uploads\/2021\/08\/mulligan-terapi-physiospain-svenska-2-705x229.png 705w\" sizes=\"auto, (max-width: 776px) 100vw, 776px\" \/><\/p>\n<hr \/>\n<h2>Sm\u00e4rtfri behandling du kan utf\u00f6ra hemma, helt sj\u00e4lv<\/h2>\n<p>Denna metod kan anv\u00e4ndas p\u00e5 alla leder i kroppen, p\u00e5 ryggrad samt armar och ben. Du f\u00e5r l\u00e4ra dig sk &#8221;sj\u00e4lvsnaggs&#8221;.<br \/>\nDessa \u00e4r enkla\u00a0hemma\u00f6vningar som hj\u00e4lper att \u00a0bevara din smidighet\u00a0och l\u00e4tta p\u00e5 sm\u00e4rtan.<\/p>\n<p>Allt detta \u00e4r en helt sm\u00e4rtfri behandling med en extraordin\u00e4r spontan effekt. \u00a0\u00c4ven d\u00e4r man \u00a0haft probem med en nedsatt r\u00f6rlighet och sm\u00e4rta i flera \u00e5r.<\/p>\n<\/div><\/section>\n","protected":false},"excerpt":{"rendered":"","protected":false},"author":1,"featured_media":3002,"parent":0,"menu_order":0,"comment_status":"closed","ping_status":"closed","template":"","meta":{"_uag_custom_page_level_css":"","footnotes":""},"class_list":["post-807","page","type-page","status-publish","has-post-thumbnail","hentry"],"featured_image_src":"https:\/\/physiospain.com\/wp-content\/uploads\/2021\/06\/mulligan-terapi-physiospain-spanien-1.jpg","yoast_head":"<!-- This site is optimized with the Yoast SEO plugin v27.3 - https:\/\/yoast.com\/product\/yoast-seo-wordpress\/ -->\n<title>Mulligan Terapi - Physiospain - Sjukv\u00e5rdsgymnastik i Fuengirola, Malaga<\/title>\n<meta name=\"description\" content=\"Mulligan Terapi \u00e4r en kombination av assisterad ledmobilisering och sj\u00e4lvbehandling med mycket bra resultat. \u00d6kar flexibiliteten\u00a0och sm\u00e4rtan l\u00e4ttar.\" \/>\n<meta name=\"robots\" content=\"index, follow, max-snippet:-1, max-image-preview:large, max-video-preview:-1\" \/>\n<link rel=\"canonical\" href=\"https:\/\/physiospain.com\/sv\/mulligan-therapy\/\" \/>\n<meta property=\"og:locale\" content=\"sv_SE\" \/>\n<meta property=\"og:type\" content=\"article\" \/>\n<meta property=\"og:title\" content=\"Mulligan Terapi - Physiospain - Sjukv\u00e5rdsgymnastik i Fuengirola, Malaga\" \/>\n<meta property=\"og:description\" content=\"Mulligan Terapi \u00e4r en kombination av assisterad ledmobilisering och sj\u00e4lvbehandling med mycket bra resultat. \u00d6kar flexibiliteten\u00a0och sm\u00e4rtan l\u00e4ttar.\" \/>\n<meta property=\"og:url\" content=\"https:\/\/physiospain.com\/sv\/mulligan-therapy\/\" \/>\n<meta property=\"og:site_name\" content=\"PhysioSpain - Physiotherapy \/ Osteopathic treatment in Fuengirola, Mijas &amp; Malaga\" \/>\n<meta property=\"article:modified_time\" content=\"2021-08-28T17:12:06+00:00\" \/>\n<meta property=\"og:image\" content=\"https:\/\/physiospain.com\/wp-content\/uploads\/2021\/06\/mulligan-terapi-physiospain-spanien-1.jpg\" \/>\n\t<meta property=\"og:image:width\" content=\"240\" \/>\n\t<meta property=\"og:image:height\" content=\"238\" \/>\n\t<meta property=\"og:image:type\" content=\"image\/jpeg\" \/>\n<meta name=\"twitter:card\" content=\"summary_large_image\" \/>\n<meta name=\"twitter:label1\" content=\"Ber\u00e4knad l\u00e4stid\" \/>\n\t<meta name=\"twitter:data1\" content=\"2 minuter\" \/>\n<script type=\"application\/ld+json\" class=\"yoast-schema-graph\">{\"@context\":\"https:\\\/\\\/schema.org\",\"@graph\":[{\"@type\":\"WebPage\",\"@id\":\"https:\\\/\\\/physiospain.com\\\/sv\\\/mulligan-therapy\\\/\",\"url\":\"https:\\\/\\\/physiospain.com\\\/sv\\\/mulligan-therapy\\\/\",\"name\":\"Mulligan Terapi - Physiospain - Sjukv\u00e5rdsgymnastik i Fuengirola, Malaga\",\"isPartOf\":{\"@id\":\"https:\\\/\\\/physiospain.com\\\/#website\"},\"primaryImageOfPage\":{\"@id\":\"https:\\\/\\\/physiospain.com\\\/sv\\\/mulligan-therapy\\\/#primaryimage\"},\"image\":{\"@id\":\"https:\\\/\\\/physiospain.com\\\/sv\\\/mulligan-therapy\\\/#primaryimage\"},\"thumbnailUrl\":\"https:\\\/\\\/physiospain.com\\\/wp-content\\\/uploads\\\/2021\\\/06\\\/mulligan-terapi-physiospain-spanien-1.jpg\",\"datePublished\":\"2016-07-18T23:31:33+00:00\",\"dateModified\":\"2021-08-28T17:12:06+00:00\",\"description\":\"Mulligan Terapi \u00e4r en kombination av assisterad ledmobilisering och sj\u00e4lvbehandling med mycket bra resultat. \u00d6kar flexibiliteten\u00a0och sm\u00e4rtan l\u00e4ttar.\",\"breadcrumb\":{\"@id\":\"https:\\\/\\\/physiospain.com\\\/sv\\\/mulligan-therapy\\\/#breadcrumb\"},\"inLanguage\":\"sv-SE\",\"potentialAction\":[{\"@type\":\"ReadAction\",\"target\":[\"https:\\\/\\\/physiospain.com\\\/sv\\\/mulligan-therapy\\\/\"]}]},{\"@type\":\"ImageObject\",\"inLanguage\":\"sv-SE\",\"@id\":\"https:\\\/\\\/physiospain.com\\\/sv\\\/mulligan-therapy\\\/#primaryimage\",\"url\":\"https:\\\/\\\/physiospain.com\\\/wp-content\\\/uploads\\\/2021\\\/06\\\/mulligan-terapi-physiospain-spanien-1.jpg\",\"contentUrl\":\"https:\\\/\\\/physiospain.com\\\/wp-content\\\/uploads\\\/2021\\\/06\\\/mulligan-terapi-physiospain-spanien-1.jpg\",\"width\":240,\"height\":238,\"caption\":\"mulligan terapi physiospain spanien\"},{\"@type\":\"BreadcrumbList\",\"@id\":\"https:\\\/\\\/physiospain.com\\\/sv\\\/mulligan-therapy\\\/#breadcrumb\",\"itemListElement\":[{\"@type\":\"ListItem\",\"position\":1,\"name\":\"Home\",\"item\":\"https:\\\/\\\/physiospain.com\\\/sv\\\/\"},{\"@type\":\"ListItem\",\"position\":2,\"name\":\"Mulligan Terapi\"}]},{\"@type\":\"WebSite\",\"@id\":\"https:\\\/\\\/physiospain.com\\\/#website\",\"url\":\"https:\\\/\\\/physiospain.com\\\/\",\"name\":\"PhysioSpain - Physiotherapy \\\/ Osteopathic treatment in Fuengirola, Mijas &amp; Malaga\",\"description\":\"Clinica Physio Spain\",\"publisher\":{\"@id\":\"https:\\\/\\\/physiospain.com\\\/#organization\"},\"potentialAction\":[{\"@type\":\"SearchAction\",\"target\":{\"@type\":\"EntryPoint\",\"urlTemplate\":\"https:\\\/\\\/physiospain.com\\\/?s={search_term_string}\"},\"query-input\":{\"@type\":\"PropertyValueSpecification\",\"valueRequired\":true,\"valueName\":\"search_term_string\"}}],\"inLanguage\":\"sv-SE\"},{\"@type\":\"Organization\",\"@id\":\"https:\\\/\\\/physiospain.com\\\/#organization\",\"name\":\"Physiospain\",\"url\":\"https:\\\/\\\/physiospain.com\\\/\",\"logo\":{\"@type\":\"ImageObject\",\"inLanguage\":\"sv-SE\",\"@id\":\"https:\\\/\\\/physiospain.com\\\/#\\\/schema\\\/logo\\\/image\\\/\",\"url\":\"https:\\\/\\\/physiospain.com\\\/wp-content\\\/uploads\\\/2016\\\/06\\\/logo-physiospain-fuengirola2.png\",\"contentUrl\":\"https:\\\/\\\/physiospain.com\\\/wp-content\\\/uploads\\\/2016\\\/06\\\/logo-physiospain-fuengirola2.png\",\"width\":415,\"height\":108,\"caption\":\"Physiospain\"},\"image\":{\"@id\":\"https:\\\/\\\/physiospain.com\\\/#\\\/schema\\\/logo\\\/image\\\/\"}}]}<\/script>\n<!-- \/ Yoast SEO plugin. -->","yoast_head_json":{"title":"Mulligan Terapi - Physiospain - Sjukv\u00e5rdsgymnastik i Fuengirola, Malaga","description":"Mulligan Terapi \u00e4r en kombination av assisterad ledmobilisering och sj\u00e4lvbehandling med mycket bra resultat. \u00d6kar flexibiliteten\u00a0och sm\u00e4rtan l\u00e4ttar.","robots":{"index":"index","follow":"follow","max-snippet":"max-snippet:-1","max-image-preview":"max-image-preview:large","max-video-preview":"max-video-preview:-1"},"canonical":"https:\/\/physiospain.com\/sv\/mulligan-therapy\/","og_locale":"sv_SE","og_type":"article","og_title":"Mulligan Terapi - Physiospain - Sjukv\u00e5rdsgymnastik i Fuengirola, Malaga","og_description":"Mulligan Terapi \u00e4r en kombination av assisterad ledmobilisering och sj\u00e4lvbehandling med mycket bra resultat. \u00d6kar flexibiliteten\u00a0och sm\u00e4rtan l\u00e4ttar.","og_url":"https:\/\/physiospain.com\/sv\/mulligan-therapy\/","og_site_name":"PhysioSpain - Physiotherapy \/ Osteopathic treatment in Fuengirola, Mijas &amp; Malaga","article_modified_time":"2021-08-28T17:12:06+00:00","og_image":[{"width":240,"height":238,"url":"https:\/\/physiospain.com\/wp-content\/uploads\/2021\/06\/mulligan-terapi-physiospain-spanien-1.jpg","type":"image\/jpeg"}],"twitter_card":"summary_large_image","twitter_misc":{"Ber\u00e4knad l\u00e4stid":"2 minuter"},"schema":{"@context":"https:\/\/schema.org","@graph":[{"@type":"WebPage","@id":"https:\/\/physiospain.com\/sv\/mulligan-therapy\/","url":"https:\/\/physiospain.com\/sv\/mulligan-therapy\/","name":"Mulligan Terapi - Physiospain - Sjukv\u00e5rdsgymnastik i Fuengirola, Malaga","isPartOf":{"@id":"https:\/\/physiospain.com\/#website"},"primaryImageOfPage":{"@id":"https:\/\/physiospain.com\/sv\/mulligan-therapy\/#primaryimage"},"image":{"@id":"https:\/\/physiospain.com\/sv\/mulligan-therapy\/#primaryimage"},"thumbnailUrl":"https:\/\/physiospain.com\/wp-content\/uploads\/2021\/06\/mulligan-terapi-physiospain-spanien-1.jpg","datePublished":"2016-07-18T23:31:33+00:00","dateModified":"2021-08-28T17:12:06+00:00","description":"Mulligan Terapi \u00e4r en kombination av assisterad ledmobilisering och sj\u00e4lvbehandling med mycket bra resultat. \u00d6kar flexibiliteten\u00a0och sm\u00e4rtan l\u00e4ttar.","breadcrumb":{"@id":"https:\/\/physiospain.com\/sv\/mulligan-therapy\/#breadcrumb"},"inLanguage":"sv-SE","potentialAction":[{"@type":"ReadAction","target":["https:\/\/physiospain.com\/sv\/mulligan-therapy\/"]}]},{"@type":"ImageObject","inLanguage":"sv-SE","@id":"https:\/\/physiospain.com\/sv\/mulligan-therapy\/#primaryimage","url":"https:\/\/physiospain.com\/wp-content\/uploads\/2021\/06\/mulligan-terapi-physiospain-spanien-1.jpg","contentUrl":"https:\/\/physiospain.com\/wp-content\/uploads\/2021\/06\/mulligan-terapi-physiospain-spanien-1.jpg","width":240,"height":238,"caption":"mulligan terapi physiospain spanien"},{"@type":"BreadcrumbList","@id":"https:\/\/physiospain.com\/sv\/mulligan-therapy\/#breadcrumb","itemListElement":[{"@type":"ListItem","position":1,"name":"Home","item":"https:\/\/physiospain.com\/sv\/"},{"@type":"ListItem","position":2,"name":"Mulligan Terapi"}]},{"@type":"WebSite","@id":"https:\/\/physiospain.com\/#website","url":"https:\/\/physiospain.com\/","name":"PhysioSpain - Physiotherapy \/ Osteopathic treatment in Fuengirola, Mijas &amp; Malaga","description":"Clinica Physio Spain","publisher":{"@id":"https:\/\/physiospain.com\/#organization"},"potentialAction":[{"@type":"SearchAction","target":{"@type":"EntryPoint","urlTemplate":"https:\/\/physiospain.com\/?s={search_term_string}"},"query-input":{"@type":"PropertyValueSpecification","valueRequired":true,"valueName":"search_term_string"}}],"inLanguage":"sv-SE"},{"@type":"Organization","@id":"https:\/\/physiospain.com\/#organization","name":"Physiospain","url":"https:\/\/physiospain.com\/","logo":{"@type":"ImageObject","inLanguage":"sv-SE","@id":"https:\/\/physiospain.com\/#\/schema\/logo\/image\/","url":"https:\/\/physiospain.com\/wp-content\/uploads\/2016\/06\/logo-physiospain-fuengirola2.png","contentUrl":"https:\/\/physiospain.com\/wp-content\/uploads\/2016\/06\/logo-physiospain-fuengirola2.png","width":415,"height":108,"caption":"Physiospain"},"image":{"@id":"https:\/\/physiospain.com\/#\/schema\/logo\/image\/"}}]}},"uagb_featured_image_src":{"full":["https:\/\/physiospain.com\/wp-content\/uploads\/2021\/06\/mulligan-terapi-physiospain-spanien-1.jpg",240,238,false],"thumbnail":["https:\/\/physiospain.com\/wp-content\/uploads\/2021\/06\/mulligan-terapi-physiospain-spanien-1-80x80.jpg",80,80,true],"medium":["https:\/\/physiospain.com\/wp-content\/uploads\/2021\/06\/mulligan-terapi-physiospain-spanien-1.jpg",240,238,false],"medium_large":["https:\/\/physiospain.com\/wp-content\/uploads\/2021\/06\/mulligan-terapi-physiospain-spanien-1.jpg",240,238,false],"large":["https:\/\/physiospain.com\/wp-content\/uploads\/2021\/06\/mulligan-terapi-physiospain-spanien-1.jpg",240,238,false],"1536x1536":["https:\/\/physiospain.com\/wp-content\/uploads\/2021\/06\/mulligan-terapi-physiospain-spanien-1.jpg",240,238,false],"2048x2048":["https:\/\/physiospain.com\/wp-content\/uploads\/2021\/06\/mulligan-terapi-physiospain-spanien-1.jpg",240,238,false],"widget":["https:\/\/physiospain.com\/wp-content\/uploads\/2021\/06\/mulligan-terapi-physiospain-spanien-1-36x36.jpg",36,36,true],"square":["https:\/\/physiospain.com\/wp-content\/uploads\/2021\/06\/mulligan-terapi-physiospain-spanien-1-180x180.jpg",180,180,true],"featured":["https:\/\/physiospain.com\/wp-content\/uploads\/2021\/06\/mulligan-terapi-physiospain-spanien-1.jpg",240,238,false],"featured_large":["https:\/\/physiospain.com\/wp-content\/uploads\/2021\/06\/mulligan-terapi-physiospain-spanien-1.jpg",240,238,false],"extra_large":["https:\/\/physiospain.com\/wp-content\/uploads\/2021\/06\/mulligan-terapi-physiospain-spanien-1.jpg",240,238,false],"portfolio":["https:\/\/physiospain.com\/wp-content\/uploads\/2021\/06\/mulligan-terapi-physiospain-spanien-1.jpg",240,238,false],"portfolio_small":["https:\/\/physiospain.com\/wp-content\/uploads\/2021\/06\/mulligan-terapi-physiospain-spanien-1-240x185.jpg",240,185,true],"gallery":["https:\/\/physiospain.com\/wp-content\/uploads\/2021\/06\/mulligan-terapi-physiospain-spanien-1.jpg",240,238,false],"magazine":["https:\/\/physiospain.com\/wp-content\/uploads\/2021\/06\/mulligan-terapi-physiospain-spanien-1.jpg",240,238,false],"masonry":["https:\/\/physiospain.com\/wp-content\/uploads\/2021\/06\/mulligan-terapi-physiospain-spanien-1.jpg",240,238,false],"entry_with_sidebar":["https:\/\/physiospain.com\/wp-content\/uploads\/2021\/06\/mulligan-terapi-physiospain-spanien-1.jpg",240,238,false],"entry_without_sidebar":["https:\/\/physiospain.com\/wp-content\/uploads\/2021\/06\/mulligan-terapi-physiospain-spanien-1.jpg",240,238,false],"zeguten-blog-image":["https:\/\/physiospain.com\/wp-content\/uploads\/2021\/06\/mulligan-terapi-physiospain-spanien-1.jpg",240,238,false],"zeguten-blog-image-small":["https:\/\/physiospain.com\/wp-content\/uploads\/2021\/06\/mulligan-terapi-physiospain-spanien-1.jpg",197,195,false],"zeguten-blog-image-640x465":["https:\/\/physiospain.com\/wp-content\/uploads\/2021\/06\/mulligan-terapi-physiospain-spanien-1.jpg",240,238,false],"zeguten-blog-image-400x300":["https:\/\/physiospain.com\/wp-content\/uploads\/2021\/06\/mulligan-terapi-physiospain-spanien-1.jpg",240,238,false],"zeguten-blog-image-620x715":["https:\/\/physiospain.com\/wp-content\/uploads\/2021\/06\/mulligan-terapi-physiospain-spanien-1.jpg",240,238,false],"zeguten-blog-image-510x700":["https:\/\/physiospain.com\/wp-content\/uploads\/2021\/06\/mulligan-terapi-physiospain-spanien-1.jpg",240,238,false],"zeguten-blog-image-630x635":["https:\/\/physiospain.com\/wp-content\/uploads\/2021\/06\/mulligan-terapi-physiospain-spanien-1.jpg",240,238,false]},"uagb_author_info":{"display_name":"Admin","author_link":"https:\/\/physiospain.com\/sv\/author\/tony96\/"},"uagb_comment_info":0,"uagb_excerpt":null,"zeguten_blocks_get_image_src":{"full":["https:\/\/physiospain.com\/wp-content\/uploads\/2021\/06\/mulligan-terapi-physiospain-spanien-1.jpg",240,238,false],"thumbnail":["https:\/\/physiospain.com\/wp-content\/uploads\/2021\/06\/mulligan-terapi-physiospain-spanien-1-80x80.jpg",80,80,true],"medium":["https:\/\/physiospain.com\/wp-content\/uploads\/2021\/06\/mulligan-terapi-physiospain-spanien-1.jpg",240,238,false],"medium_large":["https:\/\/physiospain.com\/wp-content\/uploads\/2021\/06\/mulligan-terapi-physiospain-spanien-1.jpg",240,238,false],"large":["https:\/\/physiospain.com\/wp-content\/uploads\/2021\/06\/mulligan-terapi-physiospain-spanien-1.jpg",240,238,false],"1536x1536":["https:\/\/physiospain.com\/wp-content\/uploads\/2021\/06\/mulligan-terapi-physiospain-spanien-1.jpg",240,238,false],"2048x2048":["https:\/\/physiospain.com\/wp-content\/uploads\/2021\/06\/mulligan-terapi-physiospain-spanien-1.jpg",240,238,false],"widget":["https:\/\/physiospain.com\/wp-content\/uploads\/2021\/06\/mulligan-terapi-physiospain-spanien-1-36x36.jpg",36,36,true],"square":["https:\/\/physiospain.com\/wp-content\/uploads\/2021\/06\/mulligan-terapi-physiospain-spanien-1-180x180.jpg",180,180,true],"featured":["https:\/\/physiospain.com\/wp-content\/uploads\/2021\/06\/mulligan-terapi-physiospain-spanien-1.jpg",240,238,false],"featured_large":["https:\/\/physiospain.com\/wp-content\/uploads\/2021\/06\/mulligan-terapi-physiospain-spanien-1.jpg",240,238,false],"extra_large":["https:\/\/physiospain.com\/wp-content\/uploads\/2021\/06\/mulligan-terapi-physiospain-spanien-1.jpg",240,238,false],"portfolio":["https:\/\/physiospain.com\/wp-content\/uploads\/2021\/06\/mulligan-terapi-physiospain-spanien-1.jpg",240,238,false],"portfolio_small":["https:\/\/physiospain.com\/wp-content\/uploads\/2021\/06\/mulligan-terapi-physiospain-spanien-1-240x185.jpg",240,185,true],"gallery":["https:\/\/physiospain.com\/wp-content\/uploads\/2021\/06\/mulligan-terapi-physiospain-spanien-1.jpg",240,238,false],"magazine":["https:\/\/physiospain.com\/wp-content\/uploads\/2021\/06\/mulligan-terapi-physiospain-spanien-1.jpg",240,238,false],"masonry":["https:\/\/physiospain.com\/wp-content\/uploads\/2021\/06\/mulligan-terapi-physiospain-spanien-1.jpg",240,238,false],"entry_with_sidebar":["https:\/\/physiospain.com\/wp-content\/uploads\/2021\/06\/mulligan-terapi-physiospain-spanien-1.jpg",240,238,false],"entry_without_sidebar":["https:\/\/physiospain.com\/wp-content\/uploads\/2021\/06\/mulligan-terapi-physiospain-spanien-1.jpg",240,238,false],"zeguten-blog-image":["https:\/\/physiospain.com\/wp-content\/uploads\/2021\/06\/mulligan-terapi-physiospain-spanien-1.jpg",240,238,false],"zeguten-blog-image-small":["https:\/\/physiospain.com\/wp-content\/uploads\/2021\/06\/mulligan-terapi-physiospain-spanien-1.jpg",197,195,false],"zeguten-blog-image-640x465":["https:\/\/physiospain.com\/wp-content\/uploads\/2021\/06\/mulligan-terapi-physiospain-spanien-1.jpg",240,238,false],"zeguten-blog-image-400x300":["https:\/\/physiospain.com\/wp-content\/uploads\/2021\/06\/mulligan-terapi-physiospain-spanien-1.jpg",240,238,false],"zeguten-blog-image-620x715":["https:\/\/physiospain.com\/wp-content\/uploads\/2021\/06\/mulligan-terapi-physiospain-spanien-1.jpg",240,238,false],"zeguten-blog-image-510x700":["https:\/\/physiospain.com\/wp-content\/uploads\/2021\/06\/mulligan-terapi-physiospain-spanien-1.jpg",240,238,false],"zeguten-blog-image-630x635":["https:\/\/physiospain.com\/wp-content\/uploads\/2021\/06\/mulligan-terapi-physiospain-spanien-1.jpg",240,238,false]},"zeguten_author_info":{"display_name":"Admin","author_link":"https:\/\/physiospain.com\/sv\/author\/tony96\/"},"zeguten_comment_info":{"comments_number":"0","comments_link":"https:\/\/physiospain.com\/sv\/mulligan-therapy\/#respond"},"zeguten_excerpt":null,"_links":{"self":[{"href":"https:\/\/physiospain.com\/sv\/wp-json\/wp\/v2\/pages\/807","targetHints":{"allow":["GET"]}}],"collection":[{"href":"https:\/\/physiospain.com\/sv\/wp-json\/wp\/v2\/pages"}],"about":[{"href":"https:\/\/physiospain.com\/sv\/wp-json\/wp\/v2\/types\/page"}],"author":[{"embeddable":true,"href":"https:\/\/physiospain.com\/sv\/wp-json\/wp\/v2\/users\/1"}],"replies":[{"embeddable":true,"href":"https:\/\/physiospain.com\/sv\/wp-json\/wp\/v2\/comments?post=807"}],"version-history":[{"count":5,"href":"https:\/\/physiospain.com\/sv\/wp-json\/wp\/v2\/pages\/807\/revisions"}],"predecessor-version":[{"id":3301,"href":"https:\/\/physiospain.com\/sv\/wp-json\/wp\/v2\/pages\/807\/revisions\/3301"}],"wp:featuredmedia":[{"embeddable":true,"href":"https:\/\/physiospain.com\/sv\/wp-json\/wp\/v2\/media\/3002"}],"wp:attachment":[{"href":"https:\/\/physiospain.com\/sv\/wp-json\/wp\/v2\/media?parent=807"}],"curies":[{"name":"wp","href":"https:\/\/api.w.org\/{rel}","templated":true}]}}