{"id":811,"date":"2016-07-18T23:37:51","date_gmt":"2016-07-18T23:37:51","guid":{"rendered":"http:\/\/www.mimo.im\/rolf1\/sv\/?page_id=811"},"modified":"2021-08-28T13:24:47","modified_gmt":"2021-08-28T11:24:47","slug":"osteopathic-treatment","status":"publish","type":"page","link":"https:\/\/physiospain.com\/sv\/osteopathic-treatment\/","title":{"rendered":"Osteopatisk behandling"},"content":{"rendered":"<div id='full_slider_1'  class='avia-fullwidth-slider main_color avia-shadow   avia-builder-el-0  el_before_av_one_full  avia-builder-el-first   container_wrap sidebar_right'  ><div  class='avia-slideshow av-kp9n97uk-2692778386cbc903ede6bd70a3498150 avia-slideshow-featured av_slideshow_full avia-slide-slider av-slideshow-ui av-control-default av-slideshow-manual av-loop-once av-loop-manual-endless av-default-height-applied   avia-slideshow-1' data-slideshow-options=\"{&quot;animation&quot;:&quot;slide&quot;,&quot;autoplay&quot;:false,&quot;loop_autoplay&quot;:&quot;once&quot;,&quot;interval&quot;:5,&quot;loop_manual&quot;:&quot;manual-endless&quot;,&quot;autoplay_stopper&quot;:false,&quot;noNavigation&quot;:false,&quot;bg_slider&quot;:false,&quot;keep_padding&quot;:false,&quot;hoverpause&quot;:false,&quot;show_slide_delay&quot;:0}\"  itemprop=\"image\" itemscope=\"itemscope\" itemtype=\"https:\/\/schema.org\/ImageObject\" ><ul class='avia-slideshow-inner ' style='padding-bottom: 28.666666666667%;'><li  class='avia-slideshow-slide av-kp9n97uk-2692778386cbc903ede6bd70a3498150__0  av-single-slide slide-1 slide-odd'><div data-rel='slideshow-1' class='avia-slide-wrap '   ><div class='av-slideshow-caption av-kp9n97uk-2692778386cbc903ede6bd70a3498150__0 caption_fullwidth caption_bottom'><div class=\"container caption_container\"><div class=\"slideshow_caption\"><div class=\"slideshow_inner_caption\"><div class=\"slideshow_align_caption\"><h2 class='avia-caption-title '  itemprop=\"name\" >Osteopatisk behandling<\/h2><\/div><\/div><\/div><\/div><\/div><img decoding=\"async\" fetchpriority=\"high\" class=\"wp-image-2850 avia-img-lazy-loading-not-2850\"  src=\"https:\/\/physiospain.com\/wp-content\/uploads\/2021\/05\/osteopatisk-behandling-physiospain-1500x430.jpeg\" width=\"1500\" height=\"430\" title='osteopatisk behandling physiospain' alt=''  itemprop=\"thumbnailUrl\"   \/><\/div><\/li><\/ul><\/div><\/div><div id='after_full_slider_1'  class='main_color av_default_container_wrap container_wrap sidebar_right'  ><div class='container av-section-cont-open' ><div class='template-page content  av-content-small alpha units'><div class='post-entry post-entry-type-page post-entry-811'><div class='entry-content-wrapper clearfix'>\n\n<style type=\"text\/css\" data-created_by=\"avia_inline_auto\" id=\"style-css-av-ai8d7-6e6f90c185a8aba0a98f9160cfc86431\">\n.flex_column.av-ai8d7-6e6f90c185a8aba0a98f9160cfc86431{\nborder-radius:0px 0px 0px 0px;\npadding:0px 0px 0px 0px;\n}\n<\/style>\n<div  class='flex_column av-ai8d7-6e6f90c185a8aba0a98f9160cfc86431 av_one_full  avia-builder-el-1  el_after_av_slideshow_full  avia-builder-el-no-sibling  first flex_column_div av-zero-column-padding  '     ><section  class='av_textblock_section av-kp9n5edz-4877f2a0e7a281c3a076228683237a31 '   itemscope=\"itemscope\" itemtype=\"https:\/\/schema.org\/CreativeWork\" ><div class='avia_textblock'  itemprop=\"text\" ><h1>F\u00f6rebygg dina h\u00e4lsoproblem med en Osteopatisk behandling<\/h1>\n<p>Osteopati \u00e4r ett s\u00e4tt att utforska, behandla och f\u00f6rebygga h\u00e4lsoproblem genom att flytta, stretcha och massera \u00a0muskler och leder. Osteopati bygger p\u00e5 principen att v\u00e4lbefinnande hos var och en beror p\u00e5 att deras ben, muskler, ligament och bindv\u00e4v fungerar v\u00e4l tillsammans.<\/p>\n<p><img loading=\"lazy\" decoding=\"async\" class=\"alignnone wp-image-3197 size-full\" src=\"https:\/\/physiospain.com\/wp-content\/uploads\/2021\/08\/osteopatisk-behandling-physiospain-sweden.png\" alt=\"osteopatisk-behandling-physiospain-sweden\" width=\"776\" height=\"252\" srcset=\"https:\/\/physiospain.com\/wp-content\/uploads\/2021\/08\/osteopatisk-behandling-physiospain-sweden.png 776w, https:\/\/physiospain.com\/wp-content\/uploads\/2021\/08\/osteopatisk-behandling-physiospain-sweden-300x97.png 300w, https:\/\/physiospain.com\/wp-content\/uploads\/2021\/08\/osteopatisk-behandling-physiospain-sweden-768x249.png 768w, https:\/\/physiospain.com\/wp-content\/uploads\/2021\/08\/osteopatisk-behandling-physiospain-sweden-705x229.png 705w\" sizes=\"auto, (max-width: 776px) 100vw, 776px\" \/><\/p>\n<hr \/>\n<h2>Osteopater anv\u00e4nder fysisk manipulation, stretching och massage, i syfte att:<\/h2>\n<ul>\n<li>Att \u00f6ka r\u00f6rligheten i lederna<\/li>\n<li>Lindra muskelbristning<\/li>\n<li>F\u00f6rb\u00e4ttra blodtillf\u00f6rseln till v\u00e4vnader<\/li>\n<li>Hj\u00e4lper kroppen att l\u00e4ka<\/li>\n<li>De anv\u00e4nder en rad olika tekniker, men anv\u00e4nder inte droger eller kirurgi.<\/li>\n<\/ul>\n<\/div><\/section><\/div>\n","protected":false},"excerpt":{"rendered":"","protected":false},"author":1,"featured_media":3023,"parent":0,"menu_order":0,"comment_status":"closed","ping_status":"closed","template":"","meta":{"_uag_custom_page_level_css":"","footnotes":""},"class_list":["post-811","page","type-page","status-publish","has-post-thumbnail","hentry"],"featured_image_src":"https:\/\/physiospain.com\/wp-content\/uploads\/2021\/06\/Osteopatisk-behandling-Physiospain-Fuengirola-Malaga.jpg","yoast_head":"<!-- This site is optimized with the Yoast SEO plugin v27.4 - https:\/\/yoast.com\/product\/yoast-seo-wordpress\/ -->\n<title>Osteopatisk behandling - Physiospain - Sjukv\u00e5rdsgymnastik i Fuengirola<\/title>\n<meta name=\"description\" content=\"Osteopatisk behandling ett s\u00e4tt att utforska, behandla och f\u00f6rebygga h\u00e4lsoproblem genom att flytta, stretcha och massera \u00a0muskler och leder.\" \/>\n<meta name=\"robots\" content=\"index, follow, max-snippet:-1, max-image-preview:large, max-video-preview:-1\" \/>\n<link rel=\"canonical\" href=\"https:\/\/physiospain.com\/sv\/osteopathic-treatment\/\" \/>\n<meta property=\"og:locale\" content=\"sv_SE\" \/>\n<meta property=\"og:type\" content=\"article\" \/>\n<meta property=\"og:title\" content=\"Osteopatisk behandling - Physiospain - Sjukv\u00e5rdsgymnastik i Fuengirola\" \/>\n<meta property=\"og:description\" content=\"Osteopatisk behandling ett s\u00e4tt att utforska, behandla och f\u00f6rebygga h\u00e4lsoproblem genom att flytta, stretcha och massera \u00a0muskler och leder.\" \/>\n<meta property=\"og:url\" content=\"https:\/\/physiospain.com\/sv\/osteopathic-treatment\/\" \/>\n<meta property=\"og:site_name\" content=\"PhysioSpain - Physiotherapy \/ Osteopathic treatment in Fuengirola, Mijas &amp; Malaga\" \/>\n<meta property=\"article:modified_time\" content=\"2021-08-28T11:24:47+00:00\" \/>\n<meta property=\"og:image\" content=\"https:\/\/physiospain.com\/wp-content\/uploads\/2021\/06\/Osteopatisk-behandling-Physiospain-Fuengirola-Malaga.jpg\" \/>\n\t<meta property=\"og:image:width\" content=\"240\" \/>\n\t<meta property=\"og:image:height\" content=\"239\" \/>\n\t<meta property=\"og:image:type\" content=\"image\/jpeg\" \/>\n<meta name=\"twitter:card\" content=\"summary_large_image\" \/>\n<meta name=\"twitter:label1\" content=\"Ber\u00e4knad l\u00e4stid\" \/>\n\t<meta name=\"twitter:data1\" content=\"2 minuter\" \/>\n<script type=\"application\/ld+json\" class=\"yoast-schema-graph\">{\"@context\":\"https:\\\/\\\/schema.org\",\"@graph\":[{\"@type\":\"WebPage\",\"@id\":\"https:\\\/\\\/physiospain.com\\\/sv\\\/osteopathic-treatment\\\/\",\"url\":\"https:\\\/\\\/physiospain.com\\\/sv\\\/osteopathic-treatment\\\/\",\"name\":\"Osteopatisk behandling - Physiospain - Sjukv\u00e5rdsgymnastik i Fuengirola\",\"isPartOf\":{\"@id\":\"https:\\\/\\\/physiospain.com\\\/#website\"},\"primaryImageOfPage\":{\"@id\":\"https:\\\/\\\/physiospain.com\\\/sv\\\/osteopathic-treatment\\\/#primaryimage\"},\"image\":{\"@id\":\"https:\\\/\\\/physiospain.com\\\/sv\\\/osteopathic-treatment\\\/#primaryimage\"},\"thumbnailUrl\":\"https:\\\/\\\/physiospain.com\\\/wp-content\\\/uploads\\\/2021\\\/06\\\/Osteopatisk-behandling-Physiospain-Fuengirola-Malaga.jpg\",\"datePublished\":\"2016-07-18T23:37:51+00:00\",\"dateModified\":\"2021-08-28T11:24:47+00:00\",\"description\":\"Osteopatisk behandling ett s\u00e4tt att utforska, behandla och f\u00f6rebygga h\u00e4lsoproblem genom att flytta, stretcha och massera \u00a0muskler och leder.\",\"breadcrumb\":{\"@id\":\"https:\\\/\\\/physiospain.com\\\/sv\\\/osteopathic-treatment\\\/#breadcrumb\"},\"inLanguage\":\"sv-SE\",\"potentialAction\":[{\"@type\":\"ReadAction\",\"target\":[\"https:\\\/\\\/physiospain.com\\\/sv\\\/osteopathic-treatment\\\/\"]}]},{\"@type\":\"ImageObject\",\"inLanguage\":\"sv-SE\",\"@id\":\"https:\\\/\\\/physiospain.com\\\/sv\\\/osteopathic-treatment\\\/#primaryimage\",\"url\":\"https:\\\/\\\/physiospain.com\\\/wp-content\\\/uploads\\\/2021\\\/06\\\/Osteopatisk-behandling-Physiospain-Fuengirola-Malaga.jpg\",\"contentUrl\":\"https:\\\/\\\/physiospain.com\\\/wp-content\\\/uploads\\\/2021\\\/06\\\/Osteopatisk-behandling-Physiospain-Fuengirola-Malaga.jpg\",\"width\":240,\"height\":239,\"caption\":\"Osteopatisk behandling Physiospain Fuengirola Malaga\"},{\"@type\":\"BreadcrumbList\",\"@id\":\"https:\\\/\\\/physiospain.com\\\/sv\\\/osteopathic-treatment\\\/#breadcrumb\",\"itemListElement\":[{\"@type\":\"ListItem\",\"position\":1,\"name\":\"Home\",\"item\":\"https:\\\/\\\/physiospain.com\\\/sv\\\/\"},{\"@type\":\"ListItem\",\"position\":2,\"name\":\"Osteopatisk behandling\"}]},{\"@type\":\"WebSite\",\"@id\":\"https:\\\/\\\/physiospain.com\\\/#website\",\"url\":\"https:\\\/\\\/physiospain.com\\\/\",\"name\":\"PhysioSpain - Physiotherapy \\\/ Osteopathic treatment in Fuengirola, Mijas &amp; Malaga\",\"description\":\"Clinica Physio Spain\",\"publisher\":{\"@id\":\"https:\\\/\\\/physiospain.com\\\/#organization\"},\"potentialAction\":[{\"@type\":\"SearchAction\",\"target\":{\"@type\":\"EntryPoint\",\"urlTemplate\":\"https:\\\/\\\/physiospain.com\\\/?s={search_term_string}\"},\"query-input\":{\"@type\":\"PropertyValueSpecification\",\"valueRequired\":true,\"valueName\":\"search_term_string\"}}],\"inLanguage\":\"sv-SE\"},{\"@type\":\"Organization\",\"@id\":\"https:\\\/\\\/physiospain.com\\\/#organization\",\"name\":\"Physiospain\",\"url\":\"https:\\\/\\\/physiospain.com\\\/\",\"logo\":{\"@type\":\"ImageObject\",\"inLanguage\":\"sv-SE\",\"@id\":\"https:\\\/\\\/physiospain.com\\\/#\\\/schema\\\/logo\\\/image\\\/\",\"url\":\"https:\\\/\\\/physiospain.com\\\/wp-content\\\/uploads\\\/2016\\\/06\\\/logo-physiospain-fuengirola2.png\",\"contentUrl\":\"https:\\\/\\\/physiospain.com\\\/wp-content\\\/uploads\\\/2016\\\/06\\\/logo-physiospain-fuengirola2.png\",\"width\":415,\"height\":108,\"caption\":\"Physiospain\"},\"image\":{\"@id\":\"https:\\\/\\\/physiospain.com\\\/#\\\/schema\\\/logo\\\/image\\\/\"}}]}<\/script>\n<!-- \/ Yoast SEO plugin. -->","yoast_head_json":{"title":"Osteopatisk behandling - Physiospain - Sjukv\u00e5rdsgymnastik i Fuengirola","description":"Osteopatisk behandling ett s\u00e4tt att utforska, behandla och f\u00f6rebygga h\u00e4lsoproblem genom att flytta, stretcha och massera \u00a0muskler och leder.","robots":{"index":"index","follow":"follow","max-snippet":"max-snippet:-1","max-image-preview":"max-image-preview:large","max-video-preview":"max-video-preview:-1"},"canonical":"https:\/\/physiospain.com\/sv\/osteopathic-treatment\/","og_locale":"sv_SE","og_type":"article","og_title":"Osteopatisk behandling - Physiospain - Sjukv\u00e5rdsgymnastik i Fuengirola","og_description":"Osteopatisk behandling ett s\u00e4tt att utforska, behandla och f\u00f6rebygga h\u00e4lsoproblem genom att flytta, stretcha och massera \u00a0muskler och leder.","og_url":"https:\/\/physiospain.com\/sv\/osteopathic-treatment\/","og_site_name":"PhysioSpain - Physiotherapy \/ Osteopathic treatment in Fuengirola, Mijas &amp; Malaga","article_modified_time":"2021-08-28T11:24:47+00:00","og_image":[{"width":240,"height":239,"url":"https:\/\/physiospain.com\/wp-content\/uploads\/2021\/06\/Osteopatisk-behandling-Physiospain-Fuengirola-Malaga.jpg","type":"image\/jpeg"}],"twitter_card":"summary_large_image","twitter_misc":{"Ber\u00e4knad l\u00e4stid":"2 minuter"},"schema":{"@context":"https:\/\/schema.org","@graph":[{"@type":"WebPage","@id":"https:\/\/physiospain.com\/sv\/osteopathic-treatment\/","url":"https:\/\/physiospain.com\/sv\/osteopathic-treatment\/","name":"Osteopatisk behandling - Physiospain - Sjukv\u00e5rdsgymnastik i Fuengirola","isPartOf":{"@id":"https:\/\/physiospain.com\/#website"},"primaryImageOfPage":{"@id":"https:\/\/physiospain.com\/sv\/osteopathic-treatment\/#primaryimage"},"image":{"@id":"https:\/\/physiospain.com\/sv\/osteopathic-treatment\/#primaryimage"},"thumbnailUrl":"https:\/\/physiospain.com\/wp-content\/uploads\/2021\/06\/Osteopatisk-behandling-Physiospain-Fuengirola-Malaga.jpg","datePublished":"2016-07-18T23:37:51+00:00","dateModified":"2021-08-28T11:24:47+00:00","description":"Osteopatisk behandling ett s\u00e4tt att utforska, behandla och f\u00f6rebygga h\u00e4lsoproblem genom att flytta, stretcha och massera \u00a0muskler och leder.","breadcrumb":{"@id":"https:\/\/physiospain.com\/sv\/osteopathic-treatment\/#breadcrumb"},"inLanguage":"sv-SE","potentialAction":[{"@type":"ReadAction","target":["https:\/\/physiospain.com\/sv\/osteopathic-treatment\/"]}]},{"@type":"ImageObject","inLanguage":"sv-SE","@id":"https:\/\/physiospain.com\/sv\/osteopathic-treatment\/#primaryimage","url":"https:\/\/physiospain.com\/wp-content\/uploads\/2021\/06\/Osteopatisk-behandling-Physiospain-Fuengirola-Malaga.jpg","contentUrl":"https:\/\/physiospain.com\/wp-content\/uploads\/2021\/06\/Osteopatisk-behandling-Physiospain-Fuengirola-Malaga.jpg","width":240,"height":239,"caption":"Osteopatisk behandling Physiospain Fuengirola Malaga"},{"@type":"BreadcrumbList","@id":"https:\/\/physiospain.com\/sv\/osteopathic-treatment\/#breadcrumb","itemListElement":[{"@type":"ListItem","position":1,"name":"Home","item":"https:\/\/physiospain.com\/sv\/"},{"@type":"ListItem","position":2,"name":"Osteopatisk behandling"}]},{"@type":"WebSite","@id":"https:\/\/physiospain.com\/#website","url":"https:\/\/physiospain.com\/","name":"PhysioSpain - Physiotherapy \/ Osteopathic treatment in Fuengirola, Mijas &amp; Malaga","description":"Clinica Physio Spain","publisher":{"@id":"https:\/\/physiospain.com\/#organization"},"potentialAction":[{"@type":"SearchAction","target":{"@type":"EntryPoint","urlTemplate":"https:\/\/physiospain.com\/?s={search_term_string}"},"query-input":{"@type":"PropertyValueSpecification","valueRequired":true,"valueName":"search_term_string"}}],"inLanguage":"sv-SE"},{"@type":"Organization","@id":"https:\/\/physiospain.com\/#organization","name":"Physiospain","url":"https:\/\/physiospain.com\/","logo":{"@type":"ImageObject","inLanguage":"sv-SE","@id":"https:\/\/physiospain.com\/#\/schema\/logo\/image\/","url":"https:\/\/physiospain.com\/wp-content\/uploads\/2016\/06\/logo-physiospain-fuengirola2.png","contentUrl":"https:\/\/physiospain.com\/wp-content\/uploads\/2016\/06\/logo-physiospain-fuengirola2.png","width":415,"height":108,"caption":"Physiospain"},"image":{"@id":"https:\/\/physiospain.com\/#\/schema\/logo\/image\/"}}]}},"uagb_featured_image_src":{"full":["https:\/\/physiospain.com\/wp-content\/uploads\/2021\/06\/Osteopatisk-behandling-Physiospain-Fuengirola-Malaga.jpg",240,239,false],"thumbnail":["https:\/\/physiospain.com\/wp-content\/uploads\/2021\/06\/Osteopatisk-behandling-Physiospain-Fuengirola-Malaga-80x80.jpg",80,80,true],"medium":["https:\/\/physiospain.com\/wp-content\/uploads\/2021\/06\/Osteopatisk-behandling-Physiospain-Fuengirola-Malaga.jpg",240,239,false],"medium_large":["https:\/\/physiospain.com\/wp-content\/uploads\/2021\/06\/Osteopatisk-behandling-Physiospain-Fuengirola-Malaga.jpg",240,239,false],"large":["https:\/\/physiospain.com\/wp-content\/uploads\/2021\/06\/Osteopatisk-behandling-Physiospain-Fuengirola-Malaga.jpg",240,239,false],"1536x1536":["https:\/\/physiospain.com\/wp-content\/uploads\/2021\/06\/Osteopatisk-behandling-Physiospain-Fuengirola-Malaga.jpg",240,239,false],"2048x2048":["https:\/\/physiospain.com\/wp-content\/uploads\/2021\/06\/Osteopatisk-behandling-Physiospain-Fuengirola-Malaga.jpg",240,239,false],"widget":["https:\/\/physiospain.com\/wp-content\/uploads\/2021\/06\/Osteopatisk-behandling-Physiospain-Fuengirola-Malaga-36x36.jpg",36,36,true],"square":["https:\/\/physiospain.com\/wp-content\/uploads\/2021\/06\/Osteopatisk-behandling-Physiospain-Fuengirola-Malaga-180x180.jpg",180,180,true],"featured":["https:\/\/physiospain.com\/wp-content\/uploads\/2021\/06\/Osteopatisk-behandling-Physiospain-Fuengirola-Malaga.jpg",240,239,false],"featured_large":["https:\/\/physiospain.com\/wp-content\/uploads\/2021\/06\/Osteopatisk-behandling-Physiospain-Fuengirola-Malaga.jpg",240,239,false],"extra_large":["https:\/\/physiospain.com\/wp-content\/uploads\/2021\/06\/Osteopatisk-behandling-Physiospain-Fuengirola-Malaga.jpg",240,239,false],"portfolio":["https:\/\/physiospain.com\/wp-content\/uploads\/2021\/06\/Osteopatisk-behandling-Physiospain-Fuengirola-Malaga.jpg",240,239,false],"portfolio_small":["https:\/\/physiospain.com\/wp-content\/uploads\/2021\/06\/Osteopatisk-behandling-Physiospain-Fuengirola-Malaga-240x185.jpg",240,185,true],"gallery":["https:\/\/physiospain.com\/wp-content\/uploads\/2021\/06\/Osteopatisk-behandling-Physiospain-Fuengirola-Malaga.jpg",240,239,false],"magazine":["https:\/\/physiospain.com\/wp-content\/uploads\/2021\/06\/Osteopatisk-behandling-Physiospain-Fuengirola-Malaga.jpg",240,239,false],"masonry":["https:\/\/physiospain.com\/wp-content\/uploads\/2021\/06\/Osteopatisk-behandling-Physiospain-Fuengirola-Malaga.jpg",240,239,false],"entry_with_sidebar":["https:\/\/physiospain.com\/wp-content\/uploads\/2021\/06\/Osteopatisk-behandling-Physiospain-Fuengirola-Malaga.jpg",240,239,false],"entry_without_sidebar":["https:\/\/physiospain.com\/wp-content\/uploads\/2021\/06\/Osteopatisk-behandling-Physiospain-Fuengirola-Malaga.jpg",240,239,false],"zeguten-blog-image":["https:\/\/physiospain.com\/wp-content\/uploads\/2021\/06\/Osteopatisk-behandling-Physiospain-Fuengirola-Malaga.jpg",240,239,false],"zeguten-blog-image-small":["https:\/\/physiospain.com\/wp-content\/uploads\/2021\/06\/Osteopatisk-behandling-Physiospain-Fuengirola-Malaga.jpg",196,195,false],"zeguten-blog-image-640x465":["https:\/\/physiospain.com\/wp-content\/uploads\/2021\/06\/Osteopatisk-behandling-Physiospain-Fuengirola-Malaga.jpg",240,239,false],"zeguten-blog-image-400x300":["https:\/\/physiospain.com\/wp-content\/uploads\/2021\/06\/Osteopatisk-behandling-Physiospain-Fuengirola-Malaga.jpg",240,239,false],"zeguten-blog-image-620x715":["https:\/\/physiospain.com\/wp-content\/uploads\/2021\/06\/Osteopatisk-behandling-Physiospain-Fuengirola-Malaga.jpg",240,239,false],"zeguten-blog-image-510x700":["https:\/\/physiospain.com\/wp-content\/uploads\/2021\/06\/Osteopatisk-behandling-Physiospain-Fuengirola-Malaga.jpg",240,239,false],"zeguten-blog-image-630x635":["https:\/\/physiospain.com\/wp-content\/uploads\/2021\/06\/Osteopatisk-behandling-Physiospain-Fuengirola-Malaga.jpg",240,239,false]},"uagb_author_info":{"display_name":"Admin","author_link":"https:\/\/physiospain.com\/sv\/author\/tony96\/"},"uagb_comment_info":0,"uagb_excerpt":null,"zeguten_blocks_get_image_src":{"full":["https:\/\/physiospain.com\/wp-content\/uploads\/2021\/06\/Osteopatisk-behandling-Physiospain-Fuengirola-Malaga.jpg",240,239,false],"thumbnail":["https:\/\/physiospain.com\/wp-content\/uploads\/2021\/06\/Osteopatisk-behandling-Physiospain-Fuengirola-Malaga-80x80.jpg",80,80,true],"medium":["https:\/\/physiospain.com\/wp-content\/uploads\/2021\/06\/Osteopatisk-behandling-Physiospain-Fuengirola-Malaga.jpg",240,239,false],"medium_large":["https:\/\/physiospain.com\/wp-content\/uploads\/2021\/06\/Osteopatisk-behandling-Physiospain-Fuengirola-Malaga.jpg",240,239,false],"large":["https:\/\/physiospain.com\/wp-content\/uploads\/2021\/06\/Osteopatisk-behandling-Physiospain-Fuengirola-Malaga.jpg",240,239,false],"1536x1536":["https:\/\/physiospain.com\/wp-content\/uploads\/2021\/06\/Osteopatisk-behandling-Physiospain-Fuengirola-Malaga.jpg",240,239,false],"2048x2048":["https:\/\/physiospain.com\/wp-content\/uploads\/2021\/06\/Osteopatisk-behandling-Physiospain-Fuengirola-Malaga.jpg",240,239,false],"widget":["https:\/\/physiospain.com\/wp-content\/uploads\/2021\/06\/Osteopatisk-behandling-Physiospain-Fuengirola-Malaga-36x36.jpg",36,36,true],"square":["https:\/\/physiospain.com\/wp-content\/uploads\/2021\/06\/Osteopatisk-behandling-Physiospain-Fuengirola-Malaga-180x180.jpg",180,180,true],"featured":["https:\/\/physiospain.com\/wp-content\/uploads\/2021\/06\/Osteopatisk-behandling-Physiospain-Fuengirola-Malaga.jpg",240,239,false],"featured_large":["https:\/\/physiospain.com\/wp-content\/uploads\/2021\/06\/Osteopatisk-behandling-Physiospain-Fuengirola-Malaga.jpg",240,239,false],"extra_large":["https:\/\/physiospain.com\/wp-content\/uploads\/2021\/06\/Osteopatisk-behandling-Physiospain-Fuengirola-Malaga.jpg",240,239,false],"portfolio":["https:\/\/physiospain.com\/wp-content\/uploads\/2021\/06\/Osteopatisk-behandling-Physiospain-Fuengirola-Malaga.jpg",240,239,false],"portfolio_small":["https:\/\/physiospain.com\/wp-content\/uploads\/2021\/06\/Osteopatisk-behandling-Physiospain-Fuengirola-Malaga-240x185.jpg",240,185,true],"gallery":["https:\/\/physiospain.com\/wp-content\/uploads\/2021\/06\/Osteopatisk-behandling-Physiospain-Fuengirola-Malaga.jpg",240,239,false],"magazine":["https:\/\/physiospain.com\/wp-content\/uploads\/2021\/06\/Osteopatisk-behandling-Physiospain-Fuengirola-Malaga.jpg",240,239,false],"masonry":["https:\/\/physiospain.com\/wp-content\/uploads\/2021\/06\/Osteopatisk-behandling-Physiospain-Fuengirola-Malaga.jpg",240,239,false],"entry_with_sidebar":["https:\/\/physiospain.com\/wp-content\/uploads\/2021\/06\/Osteopatisk-behandling-Physiospain-Fuengirola-Malaga.jpg",240,239,false],"entry_without_sidebar":["https:\/\/physiospain.com\/wp-content\/uploads\/2021\/06\/Osteopatisk-behandling-Physiospain-Fuengirola-Malaga.jpg",240,239,false],"zeguten-blog-image":["https:\/\/physiospain.com\/wp-content\/uploads\/2021\/06\/Osteopatisk-behandling-Physiospain-Fuengirola-Malaga.jpg",240,239,false],"zeguten-blog-image-small":["https:\/\/physiospain.com\/wp-content\/uploads\/2021\/06\/Osteopatisk-behandling-Physiospain-Fuengirola-Malaga.jpg",196,195,false],"zeguten-blog-image-640x465":["https:\/\/physiospain.com\/wp-content\/uploads\/2021\/06\/Osteopatisk-behandling-Physiospain-Fuengirola-Malaga.jpg",240,239,false],"zeguten-blog-image-400x300":["https:\/\/physiospain.com\/wp-content\/uploads\/2021\/06\/Osteopatisk-behandling-Physiospain-Fuengirola-Malaga.jpg",240,239,false],"zeguten-blog-image-620x715":["https:\/\/physiospain.com\/wp-content\/uploads\/2021\/06\/Osteopatisk-behandling-Physiospain-Fuengirola-Malaga.jpg",240,239,false],"zeguten-blog-image-510x700":["https:\/\/physiospain.com\/wp-content\/uploads\/2021\/06\/Osteopatisk-behandling-Physiospain-Fuengirola-Malaga.jpg",240,239,false],"zeguten-blog-image-630x635":["https:\/\/physiospain.com\/wp-content\/uploads\/2021\/06\/Osteopatisk-behandling-Physiospain-Fuengirola-Malaga.jpg",240,239,false]},"zeguten_author_info":{"display_name":"Admin","author_link":"https:\/\/physiospain.com\/sv\/author\/tony96\/"},"zeguten_comment_info":{"comments_number":"0","comments_link":"https:\/\/physiospain.com\/sv\/osteopathic-treatment\/#respond"},"zeguten_excerpt":null,"_links":{"self":[{"href":"https:\/\/physiospain.com\/sv\/wp-json\/wp\/v2\/pages\/811","targetHints":{"allow":["GET"]}}],"collection":[{"href":"https:\/\/physiospain.com\/sv\/wp-json\/wp\/v2\/pages"}],"about":[{"href":"https:\/\/physiospain.com\/sv\/wp-json\/wp\/v2\/types\/page"}],"author":[{"embeddable":true,"href":"https:\/\/physiospain.com\/sv\/wp-json\/wp\/v2\/users\/1"}],"replies":[{"embeddable":true,"href":"https:\/\/physiospain.com\/sv\/wp-json\/wp\/v2\/comments?post=811"}],"version-history":[{"count":4,"href":"https:\/\/physiospain.com\/sv\/wp-json\/wp\/v2\/pages\/811\/revisions"}],"predecessor-version":[{"id":3306,"href":"https:\/\/physiospain.com\/sv\/wp-json\/wp\/v2\/pages\/811\/revisions\/3306"}],"wp:featuredmedia":[{"embeddable":true,"href":"https:\/\/physiospain.com\/sv\/wp-json\/wp\/v2\/media\/3023"}],"wp:attachment":[{"href":"https:\/\/physiospain.com\/sv\/wp-json\/wp\/v2\/media?parent=811"}],"curies":[{"name":"wp","href":"https:\/\/api.w.org\/{rel}","templated":true}]}}