{"id":870,"date":"2016-07-19T00:51:02","date_gmt":"2016-07-19T00:51:02","guid":{"rendered":"http:\/\/www.mimo.im\/rolf1\/sv\/?page_id=870"},"modified":"2021-08-28T13:03:54","modified_gmt":"2021-08-28T11:03:54","slug":"rehabiliteringstraning","status":"publish","type":"page","link":"https:\/\/physiospain.com\/sv\/rehabiliteringstraning\/","title":{"rendered":"Rehabiliteringstr\u00e4ning"},"content":{"rendered":"<div id='full_slider_1'  class='avia-fullwidth-slider main_color avia-shadow   avia-builder-el-0  el_before_av_textblock  avia-builder-el-first   container_wrap sidebar_right'  ><div  class='avia-slideshow av-kp9loai6-f849c2faa4aa01b1419b062595aea914 avia-slideshow-featured av_slideshow_full avia-slide-slider av-slideshow-ui av-control-default av-slideshow-manual av-loop-once av-loop-manual-endless av-default-height-applied   avia-slideshow-1' data-slideshow-options=\"{&quot;animation&quot;:&quot;slide&quot;,&quot;autoplay&quot;:false,&quot;loop_autoplay&quot;:&quot;once&quot;,&quot;interval&quot;:5,&quot;loop_manual&quot;:&quot;manual-endless&quot;,&quot;autoplay_stopper&quot;:false,&quot;noNavigation&quot;:false,&quot;bg_slider&quot;:false,&quot;keep_padding&quot;:false,&quot;hoverpause&quot;:false,&quot;show_slide_delay&quot;:0}\"  itemprop=\"image\" itemscope=\"itemscope\" itemtype=\"https:\/\/schema.org\/ImageObject\" ><ul class='avia-slideshow-inner ' style='padding-bottom: 28.666666666667%;'><li  class='avia-slideshow-slide av-kp9loai6-f849c2faa4aa01b1419b062595aea914__0  av-single-slide slide-1 slide-odd'><div data-rel='slideshow-1' class='avia-slide-wrap '   ><div class='av-slideshow-caption av-kp9loai6-f849c2faa4aa01b1419b062595aea914__0 caption_fullwidth caption_bottom'><div class=\"container caption_container\"><div class=\"slideshow_caption\"><div class=\"slideshow_inner_caption\"><div class=\"slideshow_align_caption\"><h2 class='avia-caption-title '  itemprop=\"name\" >Rehabiliteringstr\u00e4ning<\/h2><\/div><\/div><\/div><\/div><\/div><img decoding=\"async\" fetchpriority=\"high\" class=\"wp-image-3151 avia-img-lazy-loading-not-3151\"  src=\"https:\/\/physiospain.com\/wp-content\/uploads\/2021\/08\/rehabiliteringstraning-physiospain-2-1500x430.jpg\" width=\"1500\" height=\"430\" title='rehabiliteringstr\u00e4ning physiospain' alt=''  itemprop=\"thumbnailUrl\"   \/><\/div><\/li><\/ul><\/div><\/div><div id='after_full_slider_1'  class='main_color av_default_container_wrap container_wrap sidebar_right'  ><div class='container av-section-cont-open' ><div class='template-page content  av-content-small alpha units'><div class='post-entry post-entry-type-page post-entry-870'><div class='entry-content-wrapper clearfix'>\n<section  class='av_textblock_section av-kp9lt580-140fbeabde45115e953fa35f8b90d6ce '   itemscope=\"itemscope\" itemtype=\"https:\/\/schema.org\/CreativeWork\" ><div class='avia_textblock'  itemprop=\"text\" ><h1>Snabba upp din \u00e5terh\u00e4mtning<\/h1>\n<p>Rehabiliteringstr\u00e4ning \u00e4r riktigt bra efter en operation, en stroke, skada eller andra besv\u00e4r\/\u00e5kommor. Snabba upp din \u00e5terh\u00e4mtning och kom i form snabbare med hj\u00e4lp av v\u00e5r erfarna personal. F\u00e5 ett skr\u00e4ddarsytt program f\u00f6r dina specifika o individuella behov.<\/p>\n<p><img loading=\"lazy\" decoding=\"async\" class=\"alignnone wp-image-3172 size-full\" src=\"https:\/\/physiospain.com\/wp-content\/uploads\/2021\/08\/rehabiliteringstraning-physiospain-svenska-1.png\" alt=\"rehabiliteringstr\u00e4ning-physiospain-svenska\" width=\"776\" height=\"252\" srcset=\"https:\/\/physiospain.com\/wp-content\/uploads\/2021\/08\/rehabiliteringstraning-physiospain-svenska-1.png 776w, https:\/\/physiospain.com\/wp-content\/uploads\/2021\/08\/rehabiliteringstraning-physiospain-svenska-1-300x97.png 300w, https:\/\/physiospain.com\/wp-content\/uploads\/2021\/08\/rehabiliteringstraning-physiospain-svenska-1-768x249.png 768w, https:\/\/physiospain.com\/wp-content\/uploads\/2021\/08\/rehabiliteringstraning-physiospain-svenska-1-705x229.png 705w\" sizes=\"auto, (max-width: 776px) 100vw, 776px\" \/><\/p>\n<hr \/>\n<h2>Vi har verktygen<\/h2>\n<p>Vi har \u00e4ven m\u00f6jlighet att screena dina muskler och senor med ultraljud, vilket hj\u00e4lper oss att bed\u00f6ma mer exakt just ditt problem. Ultraljudsanalys \u00e4r ett oumb\u00e4rligt verktyg i fysisk unders\u00f6kning<\/p>\n<\/div><\/section>\n","protected":false},"excerpt":{"rendered":"","protected":false},"author":1,"featured_media":3028,"parent":0,"menu_order":0,"comment_status":"closed","ping_status":"closed","template":"","meta":{"_uag_custom_page_level_css":"","footnotes":""},"class_list":["post-870","page","type-page","status-publish","has-post-thumbnail","hentry"],"featured_image_src":"https:\/\/physiospain.com\/wp-content\/uploads\/2021\/06\/rehabiliteringstraning-Physiospain-Sjukvardsgymnastik-Fuengirola.jpg","yoast_head":"<!-- This site is optimized with the Yoast SEO plugin v27.3 - https:\/\/yoast.com\/product\/yoast-seo-wordpress\/ -->\n<title>Rehabiliteringstr\u00e4ning - Physionspian - Snabba upp din \u00e5terh\u00e4mtning!<\/title>\n<meta name=\"description\" content=\"Snabba upp din \u00e5terh\u00e4mtning och kom i form snabbare med hj\u00e4lp av v\u00e5r erfarna personal och v\u00e5r rehabiliteringstr\u00e4ning!\" \/>\n<meta name=\"robots\" content=\"index, follow, max-snippet:-1, max-image-preview:large, max-video-preview:-1\" \/>\n<link rel=\"canonical\" href=\"https:\/\/physiospain.com\/sv\/rehabiliteringstraning\/\" \/>\n<meta property=\"og:locale\" content=\"sv_SE\" \/>\n<meta property=\"og:type\" content=\"article\" \/>\n<meta property=\"og:title\" content=\"Rehabiliteringstr\u00e4ning - Physionspian - Snabba upp din \u00e5terh\u00e4mtning!\" \/>\n<meta property=\"og:description\" content=\"Snabba upp din \u00e5terh\u00e4mtning och kom i form snabbare med hj\u00e4lp av v\u00e5r erfarna personal och v\u00e5r rehabiliteringstr\u00e4ning!\" \/>\n<meta property=\"og:url\" content=\"https:\/\/physiospain.com\/sv\/rehabiliteringstraning\/\" \/>\n<meta property=\"og:site_name\" content=\"PhysioSpain - Physiotherapy \/ Osteopathic treatment in Fuengirola, Mijas &amp; Malaga\" \/>\n<meta property=\"article:modified_time\" content=\"2021-08-28T11:03:54+00:00\" \/>\n<meta property=\"og:image\" content=\"https:\/\/physiospain.com\/wp-content\/uploads\/2021\/06\/rehabiliteringstraning-Physiospain-Sjukvardsgymnastik-Fuengirola.jpg\" \/>\n\t<meta property=\"og:image:width\" content=\"243\" \/>\n\t<meta property=\"og:image:height\" content=\"243\" \/>\n\t<meta property=\"og:image:type\" content=\"image\/jpeg\" \/>\n<meta name=\"twitter:card\" content=\"summary_large_image\" \/>\n<meta name=\"twitter:label1\" content=\"Ber\u00e4knad l\u00e4stid\" \/>\n\t<meta name=\"twitter:data1\" content=\"2 minuter\" \/>\n<script type=\"application\/ld+json\" class=\"yoast-schema-graph\">{\"@context\":\"https:\\\/\\\/schema.org\",\"@graph\":[{\"@type\":\"WebPage\",\"@id\":\"https:\\\/\\\/physiospain.com\\\/sv\\\/rehabiliteringstraning\\\/\",\"url\":\"https:\\\/\\\/physiospain.com\\\/sv\\\/rehabiliteringstraning\\\/\",\"name\":\"Rehabiliteringstr\u00e4ning - Physionspian - Snabba upp din \u00e5terh\u00e4mtning!\",\"isPartOf\":{\"@id\":\"https:\\\/\\\/physiospain.com\\\/#website\"},\"primaryImageOfPage\":{\"@id\":\"https:\\\/\\\/physiospain.com\\\/sv\\\/rehabiliteringstraning\\\/#primaryimage\"},\"image\":{\"@id\":\"https:\\\/\\\/physiospain.com\\\/sv\\\/rehabiliteringstraning\\\/#primaryimage\"},\"thumbnailUrl\":\"https:\\\/\\\/physiospain.com\\\/wp-content\\\/uploads\\\/2021\\\/06\\\/rehabiliteringstraning-Physiospain-Sjukvardsgymnastik-Fuengirola.jpg\",\"datePublished\":\"2016-07-19T00:51:02+00:00\",\"dateModified\":\"2021-08-28T11:03:54+00:00\",\"description\":\"Snabba upp din \u00e5terh\u00e4mtning och kom i form snabbare med hj\u00e4lp av v\u00e5r erfarna personal och v\u00e5r rehabiliteringstr\u00e4ning!\",\"breadcrumb\":{\"@id\":\"https:\\\/\\\/physiospain.com\\\/sv\\\/rehabiliteringstraning\\\/#breadcrumb\"},\"inLanguage\":\"sv-SE\",\"potentialAction\":[{\"@type\":\"ReadAction\",\"target\":[\"https:\\\/\\\/physiospain.com\\\/sv\\\/rehabiliteringstraning\\\/\"]}]},{\"@type\":\"ImageObject\",\"inLanguage\":\"sv-SE\",\"@id\":\"https:\\\/\\\/physiospain.com\\\/sv\\\/rehabiliteringstraning\\\/#primaryimage\",\"url\":\"https:\\\/\\\/physiospain.com\\\/wp-content\\\/uploads\\\/2021\\\/06\\\/rehabiliteringstraning-Physiospain-Sjukvardsgymnastik-Fuengirola.jpg\",\"contentUrl\":\"https:\\\/\\\/physiospain.com\\\/wp-content\\\/uploads\\\/2021\\\/06\\\/rehabiliteringstraning-Physiospain-Sjukvardsgymnastik-Fuengirola.jpg\",\"width\":243,\"height\":243,\"caption\":\"Physiospain - Sjukv\u00e5rdsgymnastik i Fuengirola\"},{\"@type\":\"BreadcrumbList\",\"@id\":\"https:\\\/\\\/physiospain.com\\\/sv\\\/rehabiliteringstraning\\\/#breadcrumb\",\"itemListElement\":[{\"@type\":\"ListItem\",\"position\":1,\"name\":\"Home\",\"item\":\"https:\\\/\\\/physiospain.com\\\/sv\\\/\"},{\"@type\":\"ListItem\",\"position\":2,\"name\":\"Rehabiliteringstr\u00e4ning\"}]},{\"@type\":\"WebSite\",\"@id\":\"https:\\\/\\\/physiospain.com\\\/#website\",\"url\":\"https:\\\/\\\/physiospain.com\\\/\",\"name\":\"PhysioSpain - Physiotherapy \\\/ Osteopathic treatment in Fuengirola, Mijas &amp; Malaga\",\"description\":\"Clinica Physio Spain\",\"publisher\":{\"@id\":\"https:\\\/\\\/physiospain.com\\\/#organization\"},\"potentialAction\":[{\"@type\":\"SearchAction\",\"target\":{\"@type\":\"EntryPoint\",\"urlTemplate\":\"https:\\\/\\\/physiospain.com\\\/?s={search_term_string}\"},\"query-input\":{\"@type\":\"PropertyValueSpecification\",\"valueRequired\":true,\"valueName\":\"search_term_string\"}}],\"inLanguage\":\"sv-SE\"},{\"@type\":\"Organization\",\"@id\":\"https:\\\/\\\/physiospain.com\\\/#organization\",\"name\":\"Physiospain\",\"url\":\"https:\\\/\\\/physiospain.com\\\/\",\"logo\":{\"@type\":\"ImageObject\",\"inLanguage\":\"sv-SE\",\"@id\":\"https:\\\/\\\/physiospain.com\\\/#\\\/schema\\\/logo\\\/image\\\/\",\"url\":\"https:\\\/\\\/physiospain.com\\\/wp-content\\\/uploads\\\/2016\\\/06\\\/logo-physiospain-fuengirola2.png\",\"contentUrl\":\"https:\\\/\\\/physiospain.com\\\/wp-content\\\/uploads\\\/2016\\\/06\\\/logo-physiospain-fuengirola2.png\",\"width\":415,\"height\":108,\"caption\":\"Physiospain\"},\"image\":{\"@id\":\"https:\\\/\\\/physiospain.com\\\/#\\\/schema\\\/logo\\\/image\\\/\"}}]}<\/script>\n<!-- \/ Yoast SEO plugin. -->","yoast_head_json":{"title":"Rehabiliteringstr\u00e4ning - Physionspian - Snabba upp din \u00e5terh\u00e4mtning!","description":"Snabba upp din \u00e5terh\u00e4mtning och kom i form snabbare med hj\u00e4lp av v\u00e5r erfarna personal och v\u00e5r rehabiliteringstr\u00e4ning!","robots":{"index":"index","follow":"follow","max-snippet":"max-snippet:-1","max-image-preview":"max-image-preview:large","max-video-preview":"max-video-preview:-1"},"canonical":"https:\/\/physiospain.com\/sv\/rehabiliteringstraning\/","og_locale":"sv_SE","og_type":"article","og_title":"Rehabiliteringstr\u00e4ning - Physionspian - Snabba upp din \u00e5terh\u00e4mtning!","og_description":"Snabba upp din \u00e5terh\u00e4mtning och kom i form snabbare med hj\u00e4lp av v\u00e5r erfarna personal och v\u00e5r rehabiliteringstr\u00e4ning!","og_url":"https:\/\/physiospain.com\/sv\/rehabiliteringstraning\/","og_site_name":"PhysioSpain - Physiotherapy \/ Osteopathic treatment in Fuengirola, Mijas &amp; Malaga","article_modified_time":"2021-08-28T11:03:54+00:00","og_image":[{"width":243,"height":243,"url":"https:\/\/physiospain.com\/wp-content\/uploads\/2021\/06\/rehabiliteringstraning-Physiospain-Sjukvardsgymnastik-Fuengirola.jpg","type":"image\/jpeg"}],"twitter_card":"summary_large_image","twitter_misc":{"Ber\u00e4knad l\u00e4stid":"2 minuter"},"schema":{"@context":"https:\/\/schema.org","@graph":[{"@type":"WebPage","@id":"https:\/\/physiospain.com\/sv\/rehabiliteringstraning\/","url":"https:\/\/physiospain.com\/sv\/rehabiliteringstraning\/","name":"Rehabiliteringstr\u00e4ning - Physionspian - Snabba upp din \u00e5terh\u00e4mtning!","isPartOf":{"@id":"https:\/\/physiospain.com\/#website"},"primaryImageOfPage":{"@id":"https:\/\/physiospain.com\/sv\/rehabiliteringstraning\/#primaryimage"},"image":{"@id":"https:\/\/physiospain.com\/sv\/rehabiliteringstraning\/#primaryimage"},"thumbnailUrl":"https:\/\/physiospain.com\/wp-content\/uploads\/2021\/06\/rehabiliteringstraning-Physiospain-Sjukvardsgymnastik-Fuengirola.jpg","datePublished":"2016-07-19T00:51:02+00:00","dateModified":"2021-08-28T11:03:54+00:00","description":"Snabba upp din \u00e5terh\u00e4mtning och kom i form snabbare med hj\u00e4lp av v\u00e5r erfarna personal och v\u00e5r rehabiliteringstr\u00e4ning!","breadcrumb":{"@id":"https:\/\/physiospain.com\/sv\/rehabiliteringstraning\/#breadcrumb"},"inLanguage":"sv-SE","potentialAction":[{"@type":"ReadAction","target":["https:\/\/physiospain.com\/sv\/rehabiliteringstraning\/"]}]},{"@type":"ImageObject","inLanguage":"sv-SE","@id":"https:\/\/physiospain.com\/sv\/rehabiliteringstraning\/#primaryimage","url":"https:\/\/physiospain.com\/wp-content\/uploads\/2021\/06\/rehabiliteringstraning-Physiospain-Sjukvardsgymnastik-Fuengirola.jpg","contentUrl":"https:\/\/physiospain.com\/wp-content\/uploads\/2021\/06\/rehabiliteringstraning-Physiospain-Sjukvardsgymnastik-Fuengirola.jpg","width":243,"height":243,"caption":"Physiospain - Sjukv\u00e5rdsgymnastik i Fuengirola"},{"@type":"BreadcrumbList","@id":"https:\/\/physiospain.com\/sv\/rehabiliteringstraning\/#breadcrumb","itemListElement":[{"@type":"ListItem","position":1,"name":"Home","item":"https:\/\/physiospain.com\/sv\/"},{"@type":"ListItem","position":2,"name":"Rehabiliteringstr\u00e4ning"}]},{"@type":"WebSite","@id":"https:\/\/physiospain.com\/#website","url":"https:\/\/physiospain.com\/","name":"PhysioSpain - Physiotherapy \/ Osteopathic treatment in Fuengirola, Mijas &amp; Malaga","description":"Clinica Physio Spain","publisher":{"@id":"https:\/\/physiospain.com\/#organization"},"potentialAction":[{"@type":"SearchAction","target":{"@type":"EntryPoint","urlTemplate":"https:\/\/physiospain.com\/?s={search_term_string}"},"query-input":{"@type":"PropertyValueSpecification","valueRequired":true,"valueName":"search_term_string"}}],"inLanguage":"sv-SE"},{"@type":"Organization","@id":"https:\/\/physiospain.com\/#organization","name":"Physiospain","url":"https:\/\/physiospain.com\/","logo":{"@type":"ImageObject","inLanguage":"sv-SE","@id":"https:\/\/physiospain.com\/#\/schema\/logo\/image\/","url":"https:\/\/physiospain.com\/wp-content\/uploads\/2016\/06\/logo-physiospain-fuengirola2.png","contentUrl":"https:\/\/physiospain.com\/wp-content\/uploads\/2016\/06\/logo-physiospain-fuengirola2.png","width":415,"height":108,"caption":"Physiospain"},"image":{"@id":"https:\/\/physiospain.com\/#\/schema\/logo\/image\/"}}]}},"uagb_featured_image_src":{"full":["https:\/\/physiospain.com\/wp-content\/uploads\/2021\/06\/rehabiliteringstraning-Physiospain-Sjukvardsgymnastik-Fuengirola.jpg",243,243,false],"thumbnail":["https:\/\/physiospain.com\/wp-content\/uploads\/2021\/06\/rehabiliteringstraning-Physiospain-Sjukvardsgymnastik-Fuengirola-80x80.jpg",80,80,true],"medium":["https:\/\/physiospain.com\/wp-content\/uploads\/2021\/06\/rehabiliteringstraning-Physiospain-Sjukvardsgymnastik-Fuengirola.jpg",243,243,false],"medium_large":["https:\/\/physiospain.com\/wp-content\/uploads\/2021\/06\/rehabiliteringstraning-Physiospain-Sjukvardsgymnastik-Fuengirola.jpg",243,243,false],"large":["https:\/\/physiospain.com\/wp-content\/uploads\/2021\/06\/rehabiliteringstraning-Physiospain-Sjukvardsgymnastik-Fuengirola.jpg",243,243,false],"1536x1536":["https:\/\/physiospain.com\/wp-content\/uploads\/2021\/06\/rehabiliteringstraning-Physiospain-Sjukvardsgymnastik-Fuengirola.jpg",243,243,false],"2048x2048":["https:\/\/physiospain.com\/wp-content\/uploads\/2021\/06\/rehabiliteringstraning-Physiospain-Sjukvardsgymnastik-Fuengirola.jpg",243,243,false],"widget":["https:\/\/physiospain.com\/wp-content\/uploads\/2021\/06\/rehabiliteringstraning-Physiospain-Sjukvardsgymnastik-Fuengirola-36x36.jpg",36,36,true],"square":["https:\/\/physiospain.com\/wp-content\/uploads\/2021\/06\/rehabiliteringstraning-Physiospain-Sjukvardsgymnastik-Fuengirola-180x180.jpg",180,180,true],"featured":["https:\/\/physiospain.com\/wp-content\/uploads\/2021\/06\/rehabiliteringstraning-Physiospain-Sjukvardsgymnastik-Fuengirola.jpg",243,243,false],"featured_large":["https:\/\/physiospain.com\/wp-content\/uploads\/2021\/06\/rehabiliteringstraning-Physiospain-Sjukvardsgymnastik-Fuengirola.jpg",243,243,false],"extra_large":["https:\/\/physiospain.com\/wp-content\/uploads\/2021\/06\/rehabiliteringstraning-Physiospain-Sjukvardsgymnastik-Fuengirola.jpg",243,243,false],"portfolio":["https:\/\/physiospain.com\/wp-content\/uploads\/2021\/06\/rehabiliteringstraning-Physiospain-Sjukvardsgymnastik-Fuengirola.jpg",243,243,false],"portfolio_small":["https:\/\/physiospain.com\/wp-content\/uploads\/2021\/06\/rehabiliteringstraning-Physiospain-Sjukvardsgymnastik-Fuengirola-243x185.jpg",243,185,true],"gallery":["https:\/\/physiospain.com\/wp-content\/uploads\/2021\/06\/rehabiliteringstraning-Physiospain-Sjukvardsgymnastik-Fuengirola.jpg",243,243,false],"magazine":["https:\/\/physiospain.com\/wp-content\/uploads\/2021\/06\/rehabiliteringstraning-Physiospain-Sjukvardsgymnastik-Fuengirola.jpg",243,243,false],"masonry":["https:\/\/physiospain.com\/wp-content\/uploads\/2021\/06\/rehabiliteringstraning-Physiospain-Sjukvardsgymnastik-Fuengirola.jpg",243,243,false],"entry_with_sidebar":["https:\/\/physiospain.com\/wp-content\/uploads\/2021\/06\/rehabiliteringstraning-Physiospain-Sjukvardsgymnastik-Fuengirola.jpg",243,243,false],"entry_without_sidebar":["https:\/\/physiospain.com\/wp-content\/uploads\/2021\/06\/rehabiliteringstraning-Physiospain-Sjukvardsgymnastik-Fuengirola.jpg",243,243,false],"zeguten-blog-image":["https:\/\/physiospain.com\/wp-content\/uploads\/2021\/06\/rehabiliteringstraning-Physiospain-Sjukvardsgymnastik-Fuengirola.jpg",243,243,false],"zeguten-blog-image-small":["https:\/\/physiospain.com\/wp-content\/uploads\/2021\/06\/rehabiliteringstraning-Physiospain-Sjukvardsgymnastik-Fuengirola.jpg",195,195,false],"zeguten-blog-image-640x465":["https:\/\/physiospain.com\/wp-content\/uploads\/2021\/06\/rehabiliteringstraning-Physiospain-Sjukvardsgymnastik-Fuengirola.jpg",243,243,false],"zeguten-blog-image-400x300":["https:\/\/physiospain.com\/wp-content\/uploads\/2021\/06\/rehabiliteringstraning-Physiospain-Sjukvardsgymnastik-Fuengirola.jpg",243,243,false],"zeguten-blog-image-620x715":["https:\/\/physiospain.com\/wp-content\/uploads\/2021\/06\/rehabiliteringstraning-Physiospain-Sjukvardsgymnastik-Fuengirola.jpg",243,243,false],"zeguten-blog-image-510x700":["https:\/\/physiospain.com\/wp-content\/uploads\/2021\/06\/rehabiliteringstraning-Physiospain-Sjukvardsgymnastik-Fuengirola.jpg",243,243,false],"zeguten-blog-image-630x635":["https:\/\/physiospain.com\/wp-content\/uploads\/2021\/06\/rehabiliteringstraning-Physiospain-Sjukvardsgymnastik-Fuengirola.jpg",243,243,false]},"uagb_author_info":{"display_name":"Admin","author_link":"https:\/\/physiospain.com\/sv\/author\/tony96\/"},"uagb_comment_info":0,"uagb_excerpt":null,"zeguten_blocks_get_image_src":{"full":["https:\/\/physiospain.com\/wp-content\/uploads\/2021\/06\/rehabiliteringstraning-Physiospain-Sjukvardsgymnastik-Fuengirola.jpg",243,243,false],"thumbnail":["https:\/\/physiospain.com\/wp-content\/uploads\/2021\/06\/rehabiliteringstraning-Physiospain-Sjukvardsgymnastik-Fuengirola-80x80.jpg",80,80,true],"medium":["https:\/\/physiospain.com\/wp-content\/uploads\/2021\/06\/rehabiliteringstraning-Physiospain-Sjukvardsgymnastik-Fuengirola.jpg",243,243,false],"medium_large":["https:\/\/physiospain.com\/wp-content\/uploads\/2021\/06\/rehabiliteringstraning-Physiospain-Sjukvardsgymnastik-Fuengirola.jpg",243,243,false],"large":["https:\/\/physiospain.com\/wp-content\/uploads\/2021\/06\/rehabiliteringstraning-Physiospain-Sjukvardsgymnastik-Fuengirola.jpg",243,243,false],"1536x1536":["https:\/\/physiospain.com\/wp-content\/uploads\/2021\/06\/rehabiliteringstraning-Physiospain-Sjukvardsgymnastik-Fuengirola.jpg",243,243,false],"2048x2048":["https:\/\/physiospain.com\/wp-content\/uploads\/2021\/06\/rehabiliteringstraning-Physiospain-Sjukvardsgymnastik-Fuengirola.jpg",243,243,false],"widget":["https:\/\/physiospain.com\/wp-content\/uploads\/2021\/06\/rehabiliteringstraning-Physiospain-Sjukvardsgymnastik-Fuengirola-36x36.jpg",36,36,true],"square":["https:\/\/physiospain.com\/wp-content\/uploads\/2021\/06\/rehabiliteringstraning-Physiospain-Sjukvardsgymnastik-Fuengirola-180x180.jpg",180,180,true],"featured":["https:\/\/physiospain.com\/wp-content\/uploads\/2021\/06\/rehabiliteringstraning-Physiospain-Sjukvardsgymnastik-Fuengirola.jpg",243,243,false],"featured_large":["https:\/\/physiospain.com\/wp-content\/uploads\/2021\/06\/rehabiliteringstraning-Physiospain-Sjukvardsgymnastik-Fuengirola.jpg",243,243,false],"extra_large":["https:\/\/physiospain.com\/wp-content\/uploads\/2021\/06\/rehabiliteringstraning-Physiospain-Sjukvardsgymnastik-Fuengirola.jpg",243,243,false],"portfolio":["https:\/\/physiospain.com\/wp-content\/uploads\/2021\/06\/rehabiliteringstraning-Physiospain-Sjukvardsgymnastik-Fuengirola.jpg",243,243,false],"portfolio_small":["https:\/\/physiospain.com\/wp-content\/uploads\/2021\/06\/rehabiliteringstraning-Physiospain-Sjukvardsgymnastik-Fuengirola-243x185.jpg",243,185,true],"gallery":["https:\/\/physiospain.com\/wp-content\/uploads\/2021\/06\/rehabiliteringstraning-Physiospain-Sjukvardsgymnastik-Fuengirola.jpg",243,243,false],"magazine":["https:\/\/physiospain.com\/wp-content\/uploads\/2021\/06\/rehabiliteringstraning-Physiospain-Sjukvardsgymnastik-Fuengirola.jpg",243,243,false],"masonry":["https:\/\/physiospain.com\/wp-content\/uploads\/2021\/06\/rehabiliteringstraning-Physiospain-Sjukvardsgymnastik-Fuengirola.jpg",243,243,false],"entry_with_sidebar":["https:\/\/physiospain.com\/wp-content\/uploads\/2021\/06\/rehabiliteringstraning-Physiospain-Sjukvardsgymnastik-Fuengirola.jpg",243,243,false],"entry_without_sidebar":["https:\/\/physiospain.com\/wp-content\/uploads\/2021\/06\/rehabiliteringstraning-Physiospain-Sjukvardsgymnastik-Fuengirola.jpg",243,243,false],"zeguten-blog-image":["https:\/\/physiospain.com\/wp-content\/uploads\/2021\/06\/rehabiliteringstraning-Physiospain-Sjukvardsgymnastik-Fuengirola.jpg",243,243,false],"zeguten-blog-image-small":["https:\/\/physiospain.com\/wp-content\/uploads\/2021\/06\/rehabiliteringstraning-Physiospain-Sjukvardsgymnastik-Fuengirola.jpg",195,195,false],"zeguten-blog-image-640x465":["https:\/\/physiospain.com\/wp-content\/uploads\/2021\/06\/rehabiliteringstraning-Physiospain-Sjukvardsgymnastik-Fuengirola.jpg",243,243,false],"zeguten-blog-image-400x300":["https:\/\/physiospain.com\/wp-content\/uploads\/2021\/06\/rehabiliteringstraning-Physiospain-Sjukvardsgymnastik-Fuengirola.jpg",243,243,false],"zeguten-blog-image-620x715":["https:\/\/physiospain.com\/wp-content\/uploads\/2021\/06\/rehabiliteringstraning-Physiospain-Sjukvardsgymnastik-Fuengirola.jpg",243,243,false],"zeguten-blog-image-510x700":["https:\/\/physiospain.com\/wp-content\/uploads\/2021\/06\/rehabiliteringstraning-Physiospain-Sjukvardsgymnastik-Fuengirola.jpg",243,243,false],"zeguten-blog-image-630x635":["https:\/\/physiospain.com\/wp-content\/uploads\/2021\/06\/rehabiliteringstraning-Physiospain-Sjukvardsgymnastik-Fuengirola.jpg",243,243,false]},"zeguten_author_info":{"display_name":"Admin","author_link":"https:\/\/physiospain.com\/sv\/author\/tony96\/"},"zeguten_comment_info":{"comments_number":"0","comments_link":"https:\/\/physiospain.com\/sv\/rehabiliteringstraning\/#respond"},"zeguten_excerpt":null,"_links":{"self":[{"href":"https:\/\/physiospain.com\/sv\/wp-json\/wp\/v2\/pages\/870","targetHints":{"allow":["GET"]}}],"collection":[{"href":"https:\/\/physiospain.com\/sv\/wp-json\/wp\/v2\/pages"}],"about":[{"href":"https:\/\/physiospain.com\/sv\/wp-json\/wp\/v2\/types\/page"}],"author":[{"embeddable":true,"href":"https:\/\/physiospain.com\/sv\/wp-json\/wp\/v2\/users\/1"}],"replies":[{"embeddable":true,"href":"https:\/\/physiospain.com\/sv\/wp-json\/wp\/v2\/comments?post=870"}],"version-history":[{"count":3,"href":"https:\/\/physiospain.com\/sv\/wp-json\/wp\/v2\/pages\/870\/revisions"}],"predecessor-version":[{"id":3309,"href":"https:\/\/physiospain.com\/sv\/wp-json\/wp\/v2\/pages\/870\/revisions\/3309"}],"wp:featuredmedia":[{"embeddable":true,"href":"https:\/\/physiospain.com\/sv\/wp-json\/wp\/v2\/media\/3028"}],"wp:attachment":[{"href":"https:\/\/physiospain.com\/sv\/wp-json\/wp\/v2\/media?parent=870"}],"curies":[{"name":"wp","href":"https:\/\/api.w.org\/{rel}","templated":true}]}}