{"id":876,"date":"2016-07-19T00:56:17","date_gmt":"2016-07-19T00:56:17","guid":{"rendered":"http:\/\/www.mimo.im\/rolf1\/sv\/?page_id=876"},"modified":"2021-09-13T15:14:29","modified_gmt":"2021-09-13T13:14:29","slug":"chock-och-stotvagsterapi","status":"publish","type":"page","link":"https:\/\/physiospain.com\/sv\/chock-och-stotvagsterapi\/","title":{"rendered":"Chock och St\u00f6tv\u00e5gsterapi"},"content":{"rendered":"<div id='full_slider_1'  class='avia-fullwidth-slider main_color avia-shadow   avia-builder-el-0  el_before_av_textblock  avia-builder-el-first   container_wrap sidebar_right'  ><div  class='avia-slideshow av-koo3khq7-31c4e7a66a3f4a95f8415c4e11094fb9 avia-slideshow-featured av_slideshow_full avia-slide-slider av-slideshow-ui av-control-default av-slideshow-manual av-loop-once av-loop-manual-endless av-default-height-applied   avia-slideshow-1' data-slideshow-options=\"{&quot;animation&quot;:&quot;slide&quot;,&quot;autoplay&quot;:false,&quot;loop_autoplay&quot;:&quot;once&quot;,&quot;interval&quot;:5,&quot;loop_manual&quot;:&quot;manual-endless&quot;,&quot;autoplay_stopper&quot;:false,&quot;noNavigation&quot;:false,&quot;bg_slider&quot;:false,&quot;keep_padding&quot;:false,&quot;hoverpause&quot;:false,&quot;show_slide_delay&quot;:0}\"  itemprop=\"image\" itemscope=\"itemscope\" itemtype=\"https:\/\/schema.org\/ImageObject\" ><ul class='avia-slideshow-inner ' style='padding-bottom: 28.666666666667%;'><li  class='avia-slideshow-slide av-koo3khq7-31c4e7a66a3f4a95f8415c4e11094fb9__0  av-single-slide slide-1 slide-odd'><div data-rel='slideshow-1' class='avia-slide-wrap '   ><div class='av-slideshow-caption av-koo3khq7-31c4e7a66a3f4a95f8415c4e11094fb9__0 caption_fullwidth caption_bottom'><div class=\"container caption_container\"><div class=\"slideshow_caption\"><div class=\"slideshow_inner_caption\"><div class=\"slideshow_align_caption\"><h2 class='avia-caption-title '  itemprop=\"name\" >Chock &amp; St\u00f6tv\u00e5gsterapi<\/h2><\/div><\/div><\/div><\/div><\/div><img decoding=\"async\" fetchpriority=\"high\" class=\"wp-image-3147 avia-img-lazy-loading-not-3147\"  src=\"https:\/\/physiospain.com\/wp-content\/uploads\/2021\/08\/chock-och-stotvagsterapi-physiospain-sverige-1500x430.png\" width=\"1500\" height=\"430\" title='chock-och-st\u00f6tv\u00e5gsterapi-physiospain-sverige' alt='Ultrasound scanning physiospain'  itemprop=\"thumbnailUrl\"   \/><\/div><\/li><\/ul><\/div><\/div><div id='after_full_slider_1'  class='main_color av_default_container_wrap container_wrap sidebar_right'  ><div class='container av-section-cont-open' ><div class='template-page content  av-content-small alpha units'><div class='post-entry post-entry-type-page post-entry-876'><div class='entry-content-wrapper clearfix'>\n<section  class='av_textblock_section av-bfh6c-e456021e8bd0361ec3d4c2076f0574b4 '   itemscope=\"itemscope\" itemtype=\"https:\/\/schema.org\/CreativeWork\" ><div class='avia_textblock'  itemprop=\"text\" ><h1>B\u00e4ttre &amp; bredare behandling<\/h1>\n<p>Efter 7 \u00e5rs goda erfarenheter med st\u00f6tv\u00e5gsbehandling, best\u00e4mde vi oss f\u00f6r att uppgradera tekniken till en apparat med kombinerad chock och st\u00f6tv\u00e5gs-teknik.\u00a0 2010 fick vi v\u00e5r chock- och st\u00f6tv\u00e5gsterapianordning f\u00f6r att ge en \u00e4nnu b\u00e4ttre och bredare behandling. Chockv\u00e5gor (ESWT-Extra Corp Shock Wave Therapy) och st\u00f6tv\u00e5gor (RPWT &#8211; Radial st\u00f6tv\u00e5gs Therapy) \u00e4r tv\u00e5 akustiska energiformer. Energin, st\u00f6t &#8211; och v\u00e5gformen att de tv\u00e5 teknikerna ger, \u00e4r fysiskt mycket olika. Detta inneb\u00e4r att v\u00e5gformerna har olika effekter i kroppen, beroende p\u00e5 den v\u00e4vnad som behandlas. Forskning visar att effekten av chockv\u00e5gor \u00e4r mycket effektivt. Resultatet \u00e4r att v\u00e4vnaden f\u00f6rb\u00e4ttras och l\u00e4ker klart snabbare \u00e4n normalt, enligt medicinsk forskning.<\/p>\n<hr \/>\n<p><br class=\"avia-permanent-lb\" \/><img loading=\"lazy\" decoding=\"async\" class=\"alignnone wp-image-3162 size-full\" src=\"https:\/\/physiospain.com\/wp-content\/uploads\/2021\/08\/chock-och-stotvagsterapi-physiospain-sverige-banner.png\" alt=\"chock-och-st\u00f6tv\u00e5gsterapi-physiospain-sverige\" width=\"776\" height=\"252\" srcset=\"https:\/\/physiospain.com\/wp-content\/uploads\/2021\/08\/chock-och-stotvagsterapi-physiospain-sverige-banner.png 776w, https:\/\/physiospain.com\/wp-content\/uploads\/2021\/08\/chock-och-stotvagsterapi-physiospain-sverige-banner-300x97.png 300w, https:\/\/physiospain.com\/wp-content\/uploads\/2021\/08\/chock-och-stotvagsterapi-physiospain-sverige-banner-768x249.png 768w, https:\/\/physiospain.com\/wp-content\/uploads\/2021\/08\/chock-och-stotvagsterapi-physiospain-sverige-banner-705x229.png 705w\" sizes=\"auto, (max-width: 776px) 100vw, 776px\" \/><\/p>\n<h2>Historien om ESWT<\/h2>\n<p>Sedan 1960, har chockv\u00e5gor anv\u00e4nts f\u00f6r att s\u00f6nderdela f\u00f6rkalkningar\u00a0i kroppsv\u00e4vnader. Sedan 1980 har det anv\u00e4nts f\u00f6r att behandla njurstenar med framg\u00e5ng. Klinisk forskning har sedan dess utvecklat andra behandlingsalternativ f\u00f6r ESWT. Idag har tekniken stor framg\u00e5ng i ett brett utbud av behandlingar. Med mer \u00a0och ny klinisk forskning \u00f6kar stadigt behandlingsalternativen f\u00f6r ESWT. <a href=\"https:\/\/en.wikipedia.org\/wiki\/Extracorporeal_shockwave_therapy\">L\u00e4s mer p\u00e5 Wikipedia<\/a><\/p>\n<hr \/>\n<h2>Vad \u00e4r skillnaden mellan chock- och st\u00f6tv\u00e5gor?<\/h2>\n<h3>Chockv\u00e5gor (fESWT):<\/h3>\n<ul>\n<li>Fokuserar p\u00e5 ett specifikt djup och en viss intensitet i v\u00e4vnaden.<\/li>\n<li>Den kan n\u00e5 ett djup av 8,5 cm.<\/li>\n<li>Har en lokal p\u00e5verkan.<\/li>\n<li>P\u00e5verkar blodk\u00e4rl genom att \u00f6ka blodfl\u00f6det.<\/li>\n<li>\u00d6kad metabolism.<\/li>\n<li>Kan p\u00e5verka stamceller.<\/li>\n<li>Kan l\u00f6sa kalkstensbildning i muskeln, slems\u00e4ckar, leder, etc.<\/li>\n<li>Kan stoppa inflammation i v\u00e4vnaderna i leder och ledkapslar, etc.<\/li>\n<\/ul>\n<h3>St\u00f6tv\u00e5gor (rRPWT):<\/h3>\n<ul>\n<li>\u00c4r en radiell v\u00e5gform som sprider sig till ett djup upp till 3,5 cm.<\/li>\n<li>Har en lokal p\u00e5verkan.<\/li>\n<li>Kan omf\u00f6rdela v\u00e4tskor i den behandlade v\u00e4vnaden.<\/li>\n<li>\u00d6kar utrensning\/transport av avfallsprodukter fr\u00e5n cellul\u00e4r metabolism.<\/li>\n<li>Ger effektiv massage av muskelceller och \u00f6kar blodfl\u00f6det.<\/li>\n<\/ul>\n<h2>Behandling<\/h2>\n<p>Som alltid f\u00f6rst, en grundlig unders\u00f6kning f\u00f6r ett lyckat resultat. (Se kapitlet &#8221;sjukgymnastisk unders\u00f6kning&#8221;) Efter unders\u00f6kningen genomf\u00f6rts, bed\u00f6ms hurvida det \u00e4r behov av st\u00f6t- och\/eller chockv\u00e5gsbehandling. \u00a0St\u00f6tv\u00e5gorna appliceras i olika djup och med olika m\u00e4ngder av energi och intensitet (mJ \/ mm) som \u00e4r n\u00f6dv\u00e4ndigt f\u00f6r b\u00e4sta resultat. St\u00f6tv\u00e5gor anv\u00e4nds oftast som en uppf\u00f6ljning av chockv\u00e5gsbehandling och f\u00f6r muskel-behandling.<\/p>\n<blockquote>\n<p>Sj\u00e4lva behandlingen uppfattas p\u00e5 olika s\u00e4tt, men vanligtvis ger det inga biverkningar. Oftast kommer du redan efter den f\u00f6rsta behandlingen k\u00e4nna en signifikant f\u00f6rb\u00e4ttring i b\u00e5de r\u00f6relsefunktion och uppleva minskad sm\u00e4rta.<\/p>\n<\/blockquote>\n<h3>Behandlingen har inga bevisade biverkningar<\/h3>\n<p>Det rekommenderas att dricka extra vatten eftersom avfallsprodukter frig\u00f6rs och transporteras bort. Ett \u00f6kat v\u00e4tskeintag hj\u00e4lper till att balansera de naturliga f\u00f6ruts\u00e4ttningarna.<\/p>\n<h3>H\u00e4r \u00e4r n\u00e5gra exempel p\u00e5 sjukdomar som kan behandlas med chock- och st\u00f6tv\u00e5gor:<\/h3>\n<ul>\n<li>Osteoartrit, gikt, f\u00f6rsvagning i lederna.<\/li>\n<li>Muskelinflammation, muskelknutor, triggerpunkter (TP)<\/li>\n<li>Sm\u00e4rta, f\u00f6rminskning av \u00e4rrv\u00e4vnad.<\/li>\n<li>F\u00f6rs\u00e4mrad blodcirkulation i benen.<\/li>\n<li>Tendinose, tendinit (seninflammation)<\/li>\n<li>Epicondilitis (Tennisarmb\u00e5ge, golfarmb\u00e5ge, musarm) Karpaltunnelsyndrom<\/li>\n<li>Hopparkn\u00e4, l\u00f6parkn\u00e4.<\/li>\n<li>Akillestendinit, plantar fasciit.<\/li>\n<li>H\u00e4lsporre<\/li>\n<li>Mortons neurom, Sudeck syndrom, Reflex dystrofi<\/li>\n<li>CPP (kronisk b\u00e4ckensm\u00e4rta syndrom)<\/li>\n<li>Celluliter<\/li>\n<\/ul>\n<h3><strong>F\u00f6rdelarna med chock- och<\/strong> st\u00f6tv\u00e5gsbehandling<\/h3>\n<p>F\u00f6rb\u00e4ttrar ledbrosket, f\u00f6rb\u00e4ttrar s\u00e5rl\u00e4kningen. Om ditt problem \u00e4r inte bland de uppr\u00e4knade diagnoserna, \u00a0kontakta oss f\u00f6r mer information.<\/p>\n<\/div><\/section>\n","protected":false},"excerpt":{"rendered":"","protected":false},"author":1,"featured_media":3143,"parent":0,"menu_order":0,"comment_status":"closed","ping_status":"closed","template":"","meta":{"_uag_custom_page_level_css":"","footnotes":""},"class_list":["post-876","page","type-page","status-publish","has-post-thumbnail","hentry"],"featured_image_src":"https:\/\/physiospain.com\/wp-content\/uploads\/2021\/08\/chock-och-stotvagsterapi-physiospain.png","yoast_head":"<!-- This site is optimized with the Yoast SEO plugin v27.4 - https:\/\/yoast.com\/product\/yoast-seo-wordpress\/ -->\n<title>Chock och St\u00f6tv\u00e5gsterapi - Behandling hos oss - Physiospain<\/title>\n<meta name=\"description\" content=\"Efter 7 \u00e5rs goda erfarenheter med st\u00f6tv\u00e5gsbehandling, best\u00e4mde vi oss f\u00f6r att uppgradera tekniken till en apparat med kombinerad tryck och st\u00f6tv\u00e5gsteknik.\" \/>\n<meta name=\"robots\" content=\"index, follow, max-snippet:-1, max-image-preview:large, max-video-preview:-1\" \/>\n<link rel=\"canonical\" href=\"https:\/\/physiospain.com\/sv\/chock-och-stotvagsterapi\/\" \/>\n<meta property=\"og:locale\" content=\"sv_SE\" \/>\n<meta property=\"og:type\" content=\"article\" \/>\n<meta property=\"og:title\" content=\"Chock och St\u00f6tv\u00e5gsterapi - Behandling hos oss - Physiospain\" \/>\n<meta property=\"og:description\" content=\"Efter 7 \u00e5rs goda erfarenheter med st\u00f6tv\u00e5gsbehandling, best\u00e4mde vi oss f\u00f6r att uppgradera tekniken till en apparat med kombinerad tryck och st\u00f6tv\u00e5gsteknik.\" \/>\n<meta property=\"og:url\" content=\"https:\/\/physiospain.com\/sv\/chock-och-stotvagsterapi\/\" \/>\n<meta property=\"og:site_name\" content=\"PhysioSpain - Physiotherapy \/ Osteopathic treatment in Fuengirola, Mijas &amp; Malaga\" \/>\n<meta property=\"article:modified_time\" content=\"2021-09-13T13:14:29+00:00\" \/>\n<meta property=\"og:image\" content=\"https:\/\/physiospain.com\/wp-content\/uploads\/2021\/08\/chock-och-stotvagsterapi-physiospain.png\" \/>\n\t<meta property=\"og:image:width\" content=\"2500\" \/>\n\t<meta property=\"og:image:height\" content=\"986\" \/>\n\t<meta property=\"og:image:type\" content=\"image\/png\" \/>\n<meta name=\"twitter:card\" content=\"summary_large_image\" \/>\n<script type=\"application\/ld+json\" class=\"yoast-schema-graph\">{\"@context\":\"https:\\\/\\\/schema.org\",\"@graph\":[{\"@type\":\"WebPage\",\"@id\":\"https:\\\/\\\/physiospain.com\\\/sv\\\/chock-och-stotvagsterapi\\\/\",\"url\":\"https:\\\/\\\/physiospain.com\\\/sv\\\/chock-och-stotvagsterapi\\\/\",\"name\":\"Chock och St\u00f6tv\u00e5gsterapi - Behandling hos oss - Physiospain\",\"isPartOf\":{\"@id\":\"https:\\\/\\\/physiospain.com\\\/#website\"},\"primaryImageOfPage\":{\"@id\":\"https:\\\/\\\/physiospain.com\\\/sv\\\/chock-och-stotvagsterapi\\\/#primaryimage\"},\"image\":{\"@id\":\"https:\\\/\\\/physiospain.com\\\/sv\\\/chock-och-stotvagsterapi\\\/#primaryimage\"},\"thumbnailUrl\":\"https:\\\/\\\/physiospain.com\\\/wp-content\\\/uploads\\\/2021\\\/08\\\/chock-och-stotvagsterapi-physiospain.png\",\"datePublished\":\"2016-07-19T00:56:17+00:00\",\"dateModified\":\"2021-09-13T13:14:29+00:00\",\"description\":\"Efter 7 \u00e5rs goda erfarenheter med st\u00f6tv\u00e5gsbehandling, best\u00e4mde vi oss f\u00f6r att uppgradera tekniken till en apparat med kombinerad tryck och st\u00f6tv\u00e5gsteknik.\",\"breadcrumb\":{\"@id\":\"https:\\\/\\\/physiospain.com\\\/sv\\\/chock-och-stotvagsterapi\\\/#breadcrumb\"},\"inLanguage\":\"sv-SE\",\"potentialAction\":[{\"@type\":\"ReadAction\",\"target\":[\"https:\\\/\\\/physiospain.com\\\/sv\\\/chock-och-stotvagsterapi\\\/\"]}]},{\"@type\":\"ImageObject\",\"inLanguage\":\"sv-SE\",\"@id\":\"https:\\\/\\\/physiospain.com\\\/sv\\\/chock-och-stotvagsterapi\\\/#primaryimage\",\"url\":\"https:\\\/\\\/physiospain.com\\\/wp-content\\\/uploads\\\/2021\\\/08\\\/chock-och-stotvagsterapi-physiospain.png\",\"contentUrl\":\"https:\\\/\\\/physiospain.com\\\/wp-content\\\/uploads\\\/2021\\\/08\\\/chock-och-stotvagsterapi-physiospain.png\",\"width\":2500,\"height\":986,\"caption\":\"chock-och-st\u00f6tv\u00e5gsterapi-physiospain\"},{\"@type\":\"BreadcrumbList\",\"@id\":\"https:\\\/\\\/physiospain.com\\\/sv\\\/chock-och-stotvagsterapi\\\/#breadcrumb\",\"itemListElement\":[{\"@type\":\"ListItem\",\"position\":1,\"name\":\"Home\",\"item\":\"https:\\\/\\\/physiospain.com\\\/sv\\\/\"},{\"@type\":\"ListItem\",\"position\":2,\"name\":\"Chock och St\u00f6tv\u00e5gsterapi\"}]},{\"@type\":\"WebSite\",\"@id\":\"https:\\\/\\\/physiospain.com\\\/#website\",\"url\":\"https:\\\/\\\/physiospain.com\\\/\",\"name\":\"PhysioSpain - Physiotherapy \\\/ Osteopathic treatment in Fuengirola, Mijas &amp; Malaga\",\"description\":\"Clinica Physio Spain\",\"publisher\":{\"@id\":\"https:\\\/\\\/physiospain.com\\\/#organization\"},\"potentialAction\":[{\"@type\":\"SearchAction\",\"target\":{\"@type\":\"EntryPoint\",\"urlTemplate\":\"https:\\\/\\\/physiospain.com\\\/?s={search_term_string}\"},\"query-input\":{\"@type\":\"PropertyValueSpecification\",\"valueRequired\":true,\"valueName\":\"search_term_string\"}}],\"inLanguage\":\"sv-SE\"},{\"@type\":\"Organization\",\"@id\":\"https:\\\/\\\/physiospain.com\\\/#organization\",\"name\":\"Physiospain\",\"url\":\"https:\\\/\\\/physiospain.com\\\/\",\"logo\":{\"@type\":\"ImageObject\",\"inLanguage\":\"sv-SE\",\"@id\":\"https:\\\/\\\/physiospain.com\\\/#\\\/schema\\\/logo\\\/image\\\/\",\"url\":\"https:\\\/\\\/physiospain.com\\\/wp-content\\\/uploads\\\/2016\\\/06\\\/logo-physiospain-fuengirola2.png\",\"contentUrl\":\"https:\\\/\\\/physiospain.com\\\/wp-content\\\/uploads\\\/2016\\\/06\\\/logo-physiospain-fuengirola2.png\",\"width\":415,\"height\":108,\"caption\":\"Physiospain\"},\"image\":{\"@id\":\"https:\\\/\\\/physiospain.com\\\/#\\\/schema\\\/logo\\\/image\\\/\"}}]}<\/script>\n<!-- \/ Yoast SEO plugin. -->","yoast_head_json":{"title":"Chock och St\u00f6tv\u00e5gsterapi - Behandling hos oss - Physiospain","description":"Efter 7 \u00e5rs goda erfarenheter med st\u00f6tv\u00e5gsbehandling, best\u00e4mde vi oss f\u00f6r att uppgradera tekniken till en apparat med kombinerad tryck och st\u00f6tv\u00e5gsteknik.","robots":{"index":"index","follow":"follow","max-snippet":"max-snippet:-1","max-image-preview":"max-image-preview:large","max-video-preview":"max-video-preview:-1"},"canonical":"https:\/\/physiospain.com\/sv\/chock-och-stotvagsterapi\/","og_locale":"sv_SE","og_type":"article","og_title":"Chock och St\u00f6tv\u00e5gsterapi - Behandling hos oss - Physiospain","og_description":"Efter 7 \u00e5rs goda erfarenheter med st\u00f6tv\u00e5gsbehandling, best\u00e4mde vi oss f\u00f6r att uppgradera tekniken till en apparat med kombinerad tryck och st\u00f6tv\u00e5gsteknik.","og_url":"https:\/\/physiospain.com\/sv\/chock-och-stotvagsterapi\/","og_site_name":"PhysioSpain - Physiotherapy \/ Osteopathic treatment in Fuengirola, Mijas &amp; Malaga","article_modified_time":"2021-09-13T13:14:29+00:00","og_image":[{"width":2500,"height":986,"url":"https:\/\/physiospain.com\/wp-content\/uploads\/2021\/08\/chock-och-stotvagsterapi-physiospain.png","type":"image\/png"}],"twitter_card":"summary_large_image","schema":{"@context":"https:\/\/schema.org","@graph":[{"@type":"WebPage","@id":"https:\/\/physiospain.com\/sv\/chock-och-stotvagsterapi\/","url":"https:\/\/physiospain.com\/sv\/chock-och-stotvagsterapi\/","name":"Chock och St\u00f6tv\u00e5gsterapi - Behandling hos oss - Physiospain","isPartOf":{"@id":"https:\/\/physiospain.com\/#website"},"primaryImageOfPage":{"@id":"https:\/\/physiospain.com\/sv\/chock-och-stotvagsterapi\/#primaryimage"},"image":{"@id":"https:\/\/physiospain.com\/sv\/chock-och-stotvagsterapi\/#primaryimage"},"thumbnailUrl":"https:\/\/physiospain.com\/wp-content\/uploads\/2021\/08\/chock-och-stotvagsterapi-physiospain.png","datePublished":"2016-07-19T00:56:17+00:00","dateModified":"2021-09-13T13:14:29+00:00","description":"Efter 7 \u00e5rs goda erfarenheter med st\u00f6tv\u00e5gsbehandling, best\u00e4mde vi oss f\u00f6r att uppgradera tekniken till en apparat med kombinerad tryck och st\u00f6tv\u00e5gsteknik.","breadcrumb":{"@id":"https:\/\/physiospain.com\/sv\/chock-och-stotvagsterapi\/#breadcrumb"},"inLanguage":"sv-SE","potentialAction":[{"@type":"ReadAction","target":["https:\/\/physiospain.com\/sv\/chock-och-stotvagsterapi\/"]}]},{"@type":"ImageObject","inLanguage":"sv-SE","@id":"https:\/\/physiospain.com\/sv\/chock-och-stotvagsterapi\/#primaryimage","url":"https:\/\/physiospain.com\/wp-content\/uploads\/2021\/08\/chock-och-stotvagsterapi-physiospain.png","contentUrl":"https:\/\/physiospain.com\/wp-content\/uploads\/2021\/08\/chock-och-stotvagsterapi-physiospain.png","width":2500,"height":986,"caption":"chock-och-st\u00f6tv\u00e5gsterapi-physiospain"},{"@type":"BreadcrumbList","@id":"https:\/\/physiospain.com\/sv\/chock-och-stotvagsterapi\/#breadcrumb","itemListElement":[{"@type":"ListItem","position":1,"name":"Home","item":"https:\/\/physiospain.com\/sv\/"},{"@type":"ListItem","position":2,"name":"Chock och St\u00f6tv\u00e5gsterapi"}]},{"@type":"WebSite","@id":"https:\/\/physiospain.com\/#website","url":"https:\/\/physiospain.com\/","name":"PhysioSpain - Physiotherapy \/ Osteopathic treatment in Fuengirola, Mijas &amp; Malaga","description":"Clinica Physio Spain","publisher":{"@id":"https:\/\/physiospain.com\/#organization"},"potentialAction":[{"@type":"SearchAction","target":{"@type":"EntryPoint","urlTemplate":"https:\/\/physiospain.com\/?s={search_term_string}"},"query-input":{"@type":"PropertyValueSpecification","valueRequired":true,"valueName":"search_term_string"}}],"inLanguage":"sv-SE"},{"@type":"Organization","@id":"https:\/\/physiospain.com\/#organization","name":"Physiospain","url":"https:\/\/physiospain.com\/","logo":{"@type":"ImageObject","inLanguage":"sv-SE","@id":"https:\/\/physiospain.com\/#\/schema\/logo\/image\/","url":"https:\/\/physiospain.com\/wp-content\/uploads\/2016\/06\/logo-physiospain-fuengirola2.png","contentUrl":"https:\/\/physiospain.com\/wp-content\/uploads\/2016\/06\/logo-physiospain-fuengirola2.png","width":415,"height":108,"caption":"Physiospain"},"image":{"@id":"https:\/\/physiospain.com\/#\/schema\/logo\/image\/"}}]}},"uagb_featured_image_src":{"full":["https:\/\/physiospain.com\/wp-content\/uploads\/2021\/08\/chock-och-stotvagsterapi-physiospain.png",2500,986,false],"thumbnail":["https:\/\/physiospain.com\/wp-content\/uploads\/2021\/08\/chock-och-stotvagsterapi-physiospain-80x80.png",80,80,true],"medium":["https:\/\/physiospain.com\/wp-content\/uploads\/2021\/08\/chock-och-stotvagsterapi-physiospain-300x118.png",300,118,true],"medium_large":["https:\/\/physiospain.com\/wp-content\/uploads\/2021\/08\/chock-och-stotvagsterapi-physiospain-768x303.png",768,303,true],"large":["https:\/\/physiospain.com\/wp-content\/uploads\/2021\/08\/chock-och-stotvagsterapi-physiospain-1030x406.png",1030,406,true],"1536x1536":["https:\/\/physiospain.com\/wp-content\/uploads\/2021\/08\/chock-och-stotvagsterapi-physiospain-1536x606.png",1536,606,true],"2048x2048":["https:\/\/physiospain.com\/wp-content\/uploads\/2021\/08\/chock-och-stotvagsterapi-physiospain-2048x808.png",2048,808,true],"widget":["https:\/\/physiospain.com\/wp-content\/uploads\/2021\/08\/chock-och-stotvagsterapi-physiospain-36x36.png",36,36,true],"square":["https:\/\/physiospain.com\/wp-content\/uploads\/2021\/08\/chock-och-stotvagsterapi-physiospain-180x180.png",180,180,true],"featured":["https:\/\/physiospain.com\/wp-content\/uploads\/2021\/08\/chock-och-stotvagsterapi-physiospain-1500x430.png",1500,430,true],"featured_large":["https:\/\/physiospain.com\/wp-content\/uploads\/2021\/08\/chock-och-stotvagsterapi-physiospain-1500x630.png",1500,630,true],"extra_large":["https:\/\/physiospain.com\/wp-content\/uploads\/2021\/08\/chock-och-stotvagsterapi-physiospain-1500x592.png",1500,592,true],"portfolio":["https:\/\/physiospain.com\/wp-content\/uploads\/2021\/08\/chock-och-stotvagsterapi-physiospain-495x400.png",495,400,true],"portfolio_small":["https:\/\/physiospain.com\/wp-content\/uploads\/2021\/08\/chock-och-stotvagsterapi-physiospain-260x185.png",260,185,true],"gallery":["https:\/\/physiospain.com\/wp-content\/uploads\/2021\/08\/chock-och-stotvagsterapi-physiospain-845x684.png",845,684,true],"magazine":["https:\/\/physiospain.com\/wp-content\/uploads\/2021\/08\/chock-och-stotvagsterapi-physiospain-710x375.png",710,375,true],"masonry":["https:\/\/physiospain.com\/wp-content\/uploads\/2021\/08\/chock-och-stotvagsterapi-physiospain-705x278.png",705,278,true],"entry_with_sidebar":["https:\/\/physiospain.com\/wp-content\/uploads\/2021\/08\/chock-och-stotvagsterapi-physiospain-845x321.png",845,321,true],"entry_without_sidebar":["https:\/\/physiospain.com\/wp-content\/uploads\/2021\/08\/chock-och-stotvagsterapi-physiospain-1210x423.png",1210,423,true],"zeguten-blog-image":["https:\/\/physiospain.com\/wp-content\/uploads\/2021\/08\/chock-och-stotvagsterapi-physiospain.png",700,276,false],"zeguten-blog-image-small":["https:\/\/physiospain.com\/wp-content\/uploads\/2021\/08\/chock-och-stotvagsterapi-physiospain.png",260,103,false],"zeguten-blog-image-640x465":["https:\/\/physiospain.com\/wp-content\/uploads\/2021\/08\/chock-och-stotvagsterapi-physiospain.png",640,252,false],"zeguten-blog-image-400x300":["https:\/\/physiospain.com\/wp-content\/uploads\/2021\/08\/chock-och-stotvagsterapi-physiospain.png",400,158,false],"zeguten-blog-image-620x715":["https:\/\/physiospain.com\/wp-content\/uploads\/2021\/08\/chock-och-stotvagsterapi-physiospain.png",620,245,false],"zeguten-blog-image-510x700":["https:\/\/physiospain.com\/wp-content\/uploads\/2021\/08\/chock-och-stotvagsterapi-physiospain.png",510,201,false],"zeguten-blog-image-630x635":["https:\/\/physiospain.com\/wp-content\/uploads\/2021\/08\/chock-och-stotvagsterapi-physiospain.png",630,248,false]},"uagb_author_info":{"display_name":"Admin","author_link":"https:\/\/physiospain.com\/sv\/author\/tony96\/"},"uagb_comment_info":0,"uagb_excerpt":null,"zeguten_blocks_get_image_src":{"full":["https:\/\/physiospain.com\/wp-content\/uploads\/2021\/08\/chock-och-stotvagsterapi-physiospain.png",2500,986,false],"thumbnail":["https:\/\/physiospain.com\/wp-content\/uploads\/2021\/08\/chock-och-stotvagsterapi-physiospain-80x80.png",80,80,true],"medium":["https:\/\/physiospain.com\/wp-content\/uploads\/2021\/08\/chock-och-stotvagsterapi-physiospain-300x118.png",300,118,true],"medium_large":["https:\/\/physiospain.com\/wp-content\/uploads\/2021\/08\/chock-och-stotvagsterapi-physiospain-768x303.png",768,303,true],"large":["https:\/\/physiospain.com\/wp-content\/uploads\/2021\/08\/chock-och-stotvagsterapi-physiospain-1030x406.png",1030,406,true],"1536x1536":["https:\/\/physiospain.com\/wp-content\/uploads\/2021\/08\/chock-och-stotvagsterapi-physiospain-1536x606.png",1536,606,true],"2048x2048":["https:\/\/physiospain.com\/wp-content\/uploads\/2021\/08\/chock-och-stotvagsterapi-physiospain-2048x808.png",2048,808,true],"widget":["https:\/\/physiospain.com\/wp-content\/uploads\/2021\/08\/chock-och-stotvagsterapi-physiospain-36x36.png",36,36,true],"square":["https:\/\/physiospain.com\/wp-content\/uploads\/2021\/08\/chock-och-stotvagsterapi-physiospain-180x180.png",180,180,true],"featured":["https:\/\/physiospain.com\/wp-content\/uploads\/2021\/08\/chock-och-stotvagsterapi-physiospain-1500x430.png",1500,430,true],"featured_large":["https:\/\/physiospain.com\/wp-content\/uploads\/2021\/08\/chock-och-stotvagsterapi-physiospain-1500x630.png",1500,630,true],"extra_large":["https:\/\/physiospain.com\/wp-content\/uploads\/2021\/08\/chock-och-stotvagsterapi-physiospain-1500x592.png",1500,592,true],"portfolio":["https:\/\/physiospain.com\/wp-content\/uploads\/2021\/08\/chock-och-stotvagsterapi-physiospain-495x400.png",495,400,true],"portfolio_small":["https:\/\/physiospain.com\/wp-content\/uploads\/2021\/08\/chock-och-stotvagsterapi-physiospain-260x185.png",260,185,true],"gallery":["https:\/\/physiospain.com\/wp-content\/uploads\/2021\/08\/chock-och-stotvagsterapi-physiospain-845x684.png",845,684,true],"magazine":["https:\/\/physiospain.com\/wp-content\/uploads\/2021\/08\/chock-och-stotvagsterapi-physiospain-710x375.png",710,375,true],"masonry":["https:\/\/physiospain.com\/wp-content\/uploads\/2021\/08\/chock-och-stotvagsterapi-physiospain-705x278.png",705,278,true],"entry_with_sidebar":["https:\/\/physiospain.com\/wp-content\/uploads\/2021\/08\/chock-och-stotvagsterapi-physiospain-845x321.png",845,321,true],"entry_without_sidebar":["https:\/\/physiospain.com\/wp-content\/uploads\/2021\/08\/chock-och-stotvagsterapi-physiospain-1210x423.png",1210,423,true],"zeguten-blog-image":["https:\/\/physiospain.com\/wp-content\/uploads\/2021\/08\/chock-och-stotvagsterapi-physiospain.png",700,276,false],"zeguten-blog-image-small":["https:\/\/physiospain.com\/wp-content\/uploads\/2021\/08\/chock-och-stotvagsterapi-physiospain.png",260,103,false],"zeguten-blog-image-640x465":["https:\/\/physiospain.com\/wp-content\/uploads\/2021\/08\/chock-och-stotvagsterapi-physiospain.png",640,252,false],"zeguten-blog-image-400x300":["https:\/\/physiospain.com\/wp-content\/uploads\/2021\/08\/chock-och-stotvagsterapi-physiospain.png",400,158,false],"zeguten-blog-image-620x715":["https:\/\/physiospain.com\/wp-content\/uploads\/2021\/08\/chock-och-stotvagsterapi-physiospain.png",620,245,false],"zeguten-blog-image-510x700":["https:\/\/physiospain.com\/wp-content\/uploads\/2021\/08\/chock-och-stotvagsterapi-physiospain.png",510,201,false],"zeguten-blog-image-630x635":["https:\/\/physiospain.com\/wp-content\/uploads\/2021\/08\/chock-och-stotvagsterapi-physiospain.png",630,248,false]},"zeguten_author_info":{"display_name":"Admin","author_link":"https:\/\/physiospain.com\/sv\/author\/tony96\/"},"zeguten_comment_info":{"comments_number":"0","comments_link":"https:\/\/physiospain.com\/sv\/chock-och-stotvagsterapi\/#respond"},"zeguten_excerpt":null,"_links":{"self":[{"href":"https:\/\/physiospain.com\/sv\/wp-json\/wp\/v2\/pages\/876","targetHints":{"allow":["GET"]}}],"collection":[{"href":"https:\/\/physiospain.com\/sv\/wp-json\/wp\/v2\/pages"}],"about":[{"href":"https:\/\/physiospain.com\/sv\/wp-json\/wp\/v2\/types\/page"}],"author":[{"embeddable":true,"href":"https:\/\/physiospain.com\/sv\/wp-json\/wp\/v2\/users\/1"}],"replies":[{"embeddable":true,"href":"https:\/\/physiospain.com\/sv\/wp-json\/wp\/v2\/comments?post=876"}],"version-history":[{"count":15,"href":"https:\/\/physiospain.com\/sv\/wp-json\/wp\/v2\/pages\/876\/revisions"}],"predecessor-version":[{"id":3748,"href":"https:\/\/physiospain.com\/sv\/wp-json\/wp\/v2\/pages\/876\/revisions\/3748"}],"wp:featuredmedia":[{"embeddable":true,"href":"https:\/\/physiospain.com\/sv\/wp-json\/wp\/v2\/media\/3143"}],"wp:attachment":[{"href":"https:\/\/physiospain.com\/sv\/wp-json\/wp\/v2\/media?parent=876"}],"curies":[{"name":"wp","href":"https:\/\/api.w.org\/{rel}","templated":true}]}}