{"id":882,"date":"2016-07-19T01:03:46","date_gmt":"2016-07-19T01:03:46","guid":{"rendered":"http:\/\/www.mimo.im\/rolf1\/sv\/?page_id=882"},"modified":"2021-09-25T08:24:51","modified_gmt":"2021-09-25T06:24:51","slug":"ultraljudsscanning","status":"publish","type":"page","link":"https:\/\/physiospain.com\/sv\/ultraljudsscanning\/","title":{"rendered":"Ultraljudsscanning"},"content":{"rendered":"<div id='full_slider_1'  class='avia-fullwidth-slider main_color avia-shadow   avia-builder-el-0  el_before_av_one_full  avia-builder-el-first   container_wrap sidebar_right'  ><div  class='avia-slideshow av-kp8s3gi4-5cac9a741bd4413ca131f752960e9eab avia-slideshow-featured av_slideshow_full avia-slide-slider av-slideshow-ui av-control-default av-slideshow-manual av-loop-once av-loop-manual-endless av-default-height-applied   avia-slideshow-1' data-slideshow-options=\"{&quot;animation&quot;:&quot;slide&quot;,&quot;autoplay&quot;:false,&quot;loop_autoplay&quot;:&quot;once&quot;,&quot;interval&quot;:5,&quot;loop_manual&quot;:&quot;manual-endless&quot;,&quot;autoplay_stopper&quot;:false,&quot;noNavigation&quot;:false,&quot;bg_slider&quot;:false,&quot;keep_padding&quot;:false,&quot;hoverpause&quot;:false,&quot;show_slide_delay&quot;:0}\"  itemprop=\"image\" itemscope=\"itemscope\" itemtype=\"https:\/\/schema.org\/ImageObject\" ><ul class='avia-slideshow-inner ' style='padding-bottom: 29.477292202228%;'><li  class='avia-slideshow-slide av-kp8s3gi4-5cac9a741bd4413ca131f752960e9eab__0  av-single-slide slide-1 slide-odd'><div data-rel='slideshow-1' class='avia-slide-wrap '   ><div class='av-slideshow-caption av-kp8s3gi4-5cac9a741bd4413ca131f752960e9eab__0 caption_fullwidth caption_bottom'><div class=\"container caption_container\"><div class=\"slideshow_caption\"><div class=\"slideshow_inner_caption\"><div class=\"slideshow_align_caption\"><h2 class='avia-caption-title '  itemprop=\"name\" >Ultraljudsscanning<\/h2><\/div><\/div><\/div><\/div><\/div><img decoding=\"async\" fetchpriority=\"high\" class=\"wp-image-3250 avia-img-lazy-loading-not-3250\"  src=\"https:\/\/physiospain.com\/wp-content\/uploads\/2021\/08\/ultraljudsscanning-physiospain-sverige.png\" width=\"1167\" height=\"344\" title='ultraljudsscanning-physiospain-sverige' alt=''  itemprop=\"thumbnailUrl\" srcset=\"https:\/\/physiospain.com\/wp-content\/uploads\/2021\/08\/ultraljudsscanning-physiospain-sverige.png 1167w, https:\/\/physiospain.com\/wp-content\/uploads\/2021\/08\/ultraljudsscanning-physiospain-sverige-300x88.png 300w, https:\/\/physiospain.com\/wp-content\/uploads\/2021\/08\/ultraljudsscanning-physiospain-sverige-1030x304.png 1030w, https:\/\/physiospain.com\/wp-content\/uploads\/2021\/08\/ultraljudsscanning-physiospain-sverige-768x226.png 768w, https:\/\/physiospain.com\/wp-content\/uploads\/2021\/08\/ultraljudsscanning-physiospain-sverige-705x208.png 705w\" sizes=\"(max-width: 1167px) 100vw, 1167px\" \/><\/div><\/li><\/ul><\/div><\/div><div id='after_full_slider_1'  class='main_color av_default_container_wrap container_wrap sidebar_right'  ><div class='container av-section-cont-open' ><div class='template-page content  av-content-small alpha units'><div class='post-entry post-entry-type-page post-entry-882'><div class='entry-content-wrapper clearfix'>\n\n<style type=\"text\/css\" data-created_by=\"avia_inline_auto\" id=\"style-css-av-6vsfm-d03c5fca12d73e71342af94661811692\">\n.flex_column.av-6vsfm-d03c5fca12d73e71342af94661811692{\nborder-radius:0px 0px 0px 0px;\npadding:0px 0px 0px 0px;\n}\n<\/style>\n<div  class='flex_column av-6vsfm-d03c5fca12d73e71342af94661811692 av_one_full  avia-builder-el-1  el_after_av_slideshow_full  avia-builder-el-no-sibling  first flex_column_div av-zero-column-padding  '     ><section  class='av_textblock_section av-kp8t3skh-2e6b9675c1e4f2aba79a7bac505b73a2 '   itemscope=\"itemscope\" itemtype=\"https:\/\/schema.org\/CreativeWork\" ><div class='avia_textblock'  itemprop=\"text\" ><h1>Se kroppens inre i realtid<\/h1>\n<p>Ultraljud \u00e4ven k\u00e4nd som ultraljudsscanning, exponerar delar av kroppen med h\u00f6gfrekventa ljudv\u00e5gor f\u00f6r att producera bilder av kroppens inre. Ultraljud bilder \u00e4r tagna i realtid och kan omedelbart visa strukturen och f\u00f6rflyttning av muskler och senor, samt hur blodet fl\u00f6dar genom blodk\u00e4rlen. Ultraljud \u00e4r en l\u00e4karunders\u00f6kning utan ingripande som hj\u00e4lper sjukgymnaster f\u00f6r att bed\u00f6ma och behandla muskelproblem tack vare en mer exakt diagnos.<\/p>\n<p><img loading=\"lazy\" decoding=\"async\" class=\"alignnone wp-image-3258 size-full\" src=\"https:\/\/physiospain.com\/wp-content\/uploads\/2021\/08\/ultraljudsscanning-ljudvagor-physiospain-sverige-1.png\" alt=\"ultraljudsscanning\" width=\"776\" height=\"252\" srcset=\"https:\/\/physiospain.com\/wp-content\/uploads\/2021\/08\/ultraljudsscanning-ljudvagor-physiospain-sverige-1.png 776w, https:\/\/physiospain.com\/wp-content\/uploads\/2021\/08\/ultraljudsscanning-ljudvagor-physiospain-sverige-1-300x97.png 300w, https:\/\/physiospain.com\/wp-content\/uploads\/2021\/08\/ultraljudsscanning-ljudvagor-physiospain-sverige-1-768x249.png 768w, https:\/\/physiospain.com\/wp-content\/uploads\/2021\/08\/ultraljudsscanning-ljudvagor-physiospain-sverige-1-705x229.png 705w\" sizes=\"auto, (max-width: 776px) 100vw, 776px\" \/><\/p>\n<hr \/>\n<h2><strong>Vilka \u00e4r f\u00f6rdelarna med ultraljud j\u00e4mf\u00f6rt med andra unders\u00f6kningar?<\/strong><\/h2>\n<ul>\n<li>Ultraljud \u00e4r icke-invasiva (inga n\u00e5lar eller injektioner) och \u00e4r vanligtvis sm\u00e4rtfri.<\/li>\n<li>Ultraljud \u00e4r allm\u00e4nt tillg\u00e4nglig att anv\u00e4nda och billigare \u00e4n andra avbildningsmetoder.<\/li>\n<li>Ultraljud anv\u00e4nder inte joniserand str\u00e5lning.<\/li>\n<li>Ultraljud ger en tydlig bild av mjuka v\u00e4vnader. Traditionella r\u00f6ntgenstr\u00e5lar kan bara ge en tydlig bild av den h\u00e5rda v\u00e4vnaden dvs ben.<\/li>\n<li>Ultraljud g\u00f6r det m\u00f6jligt att scanna patienten i \u00a0dynamiska tester och r\u00f6relser. J\u00e4mf\u00f6rt med MR d\u00e4r patienten m\u00e5ste ligga \u00a0 stilla i flera minuter.<\/li>\n<li>Ultraljud \u00e4r bilder i realtid.<\/li>\n<li>I motsats till de starka magnetf\u00e4lt i magnetresonans ,MR , p\u00e5verkar ultraljud inte tex. pacemakers, ferromagnetiska implantat eller fragment inom kroppen.<\/li>\n<li>Ultraljud \u00e4r ocks\u00e5 ett utm\u00e4rkt alternativ till MR som en klaustrofobisk patient kan uppleva sv\u00e5r.<\/li>\n<\/ul>\n<hr \/>\n<h3><img loading=\"lazy\" decoding=\"async\" class=\"wp-image-3451 aligncenter\" src=\"https:\/\/physiospain.com\/wp-content\/uploads\/2021\/09\/rolf-physiospain-ultrasound-imaging.jpg\" alt=\"rolf physiospain ultrasound imaging\" width=\"598\" height=\"449\" srcset=\"https:\/\/physiospain.com\/wp-content\/uploads\/2021\/09\/rolf-physiospain-ultrasound-imaging.jpg 750w, https:\/\/physiospain.com\/wp-content\/uploads\/2021\/09\/rolf-physiospain-ultrasound-imaging-300x225.jpg 300w, https:\/\/physiospain.com\/wp-content\/uploads\/2021\/09\/rolf-physiospain-ultrasound-imaging-705x529.jpg 705w\" sizes=\"auto, (max-width: 598px) 100vw, 598px\" \/><\/h3>\n<hr \/>\n<h3>N\u00e5gra risker?<\/h3>\n<p>Det finns inga k\u00e4nda skadliga effekter p\u00e5 muskel \/ skelett av ultraljud p\u00e5 m\u00e4nniskor. Det \u00e4r helt ofarligt att unders\u00f6kas med ultraljud. Ultraljudsv\u00e5gorna ger lite v\u00e4rmeutveckling som du inte kan k\u00e4nna. Energiniv\u00e5erna \u00e4r mycket sm\u00e5.<\/p>\n<p>En unders\u00f6kning som g\u00f6rs p\u00e5 utsidan av kroppen g\u00f6r inte ont, \u00e4ven om den som unders\u00f6ker ibland kan beh\u00f6va trycka lite h\u00e5rdare med ljudgivaren. Du ska alltid s\u00e4ga till om du upplever att det \u00e4r obehagligt. D\u00e5 kan trycket anpassas. En ultraljudsunders\u00f6kning som utf\u00f6rs p\u00e5 r\u00e4tt s\u00e4tt kan inte orsaka n\u00e5gon skada.<\/p>\n<\/div><\/section><\/div>\n","protected":false},"excerpt":{"rendered":"","protected":false},"author":1,"featured_media":3244,"parent":0,"menu_order":0,"comment_status":"closed","ping_status":"closed","template":"","meta":{"_uag_custom_page_level_css":"","footnotes":""},"class_list":["post-882","page","type-page","status-publish","has-post-thumbnail","hentry"],"featured_image_src":"https:\/\/physiospain.com\/wp-content\/uploads\/2021\/08\/ultraljudsscanning-physiospain.jpg","yoast_head":"<!-- This site is optimized with the Yoast SEO plugin v27.4 - https:\/\/yoast.com\/product\/yoast-seo-wordpress\/ -->\n<title>Ultraljudsscanning Physiospain - Sjukv\u00e5rdsgymnastik i Fuengirola, Malaga<\/title>\n<meta name=\"description\" content=\"Ultraljud \u00e4ven k\u00e4nd som ultraljudsscanning, exponerar delar av kroppen med h\u00f6gfrekventa ljudv\u00e5gor f\u00f6r att producera bilder av kroppens inre.\" \/>\n<meta name=\"robots\" content=\"index, follow, max-snippet:-1, max-image-preview:large, max-video-preview:-1\" \/>\n<link rel=\"canonical\" href=\"https:\/\/physiospain.com\/sv\/ultraljudsscanning\/\" \/>\n<meta property=\"og:locale\" content=\"sv_SE\" \/>\n<meta property=\"og:type\" content=\"article\" \/>\n<meta property=\"og:title\" content=\"Ultraljudsscanning Physiospain - Sjukv\u00e5rdsgymnastik i Fuengirola, Malaga\" \/>\n<meta property=\"og:description\" content=\"Ultraljud \u00e4ven k\u00e4nd som ultraljudsscanning, exponerar delar av kroppen med h\u00f6gfrekventa ljudv\u00e5gor f\u00f6r att producera bilder av kroppens inre.\" \/>\n<meta property=\"og:url\" content=\"https:\/\/physiospain.com\/sv\/ultraljudsscanning\/\" \/>\n<meta property=\"og:site_name\" content=\"PhysioSpain - Physiotherapy \/ Osteopathic treatment in Fuengirola, Mijas &amp; Malaga\" \/>\n<meta property=\"article:modified_time\" content=\"2021-09-25T06:24:51+00:00\" \/>\n<meta property=\"og:image\" content=\"https:\/\/physiospain.com\/wp-content\/uploads\/2021\/08\/ultraljudsscanning-physiospain.jpg\" \/>\n\t<meta property=\"og:image:width\" content=\"1023\" \/>\n\t<meta property=\"og:image:height\" content=\"355\" \/>\n\t<meta property=\"og:image:type\" content=\"image\/jpeg\" \/>\n<meta name=\"twitter:card\" content=\"summary_large_image\" \/>\n<meta name=\"twitter:label1\" content=\"Ber\u00e4knad l\u00e4stid\" \/>\n\t<meta name=\"twitter:data1\" content=\"3 minuter\" \/>\n<script type=\"application\/ld+json\" class=\"yoast-schema-graph\">{\"@context\":\"https:\\\/\\\/schema.org\",\"@graph\":[{\"@type\":\"WebPage\",\"@id\":\"https:\\\/\\\/physiospain.com\\\/sv\\\/ultraljudsscanning\\\/\",\"url\":\"https:\\\/\\\/physiospain.com\\\/sv\\\/ultraljudsscanning\\\/\",\"name\":\"Ultraljudsscanning Physiospain - Sjukv\u00e5rdsgymnastik i Fuengirola, Malaga\",\"isPartOf\":{\"@id\":\"https:\\\/\\\/physiospain.com\\\/#website\"},\"primaryImageOfPage\":{\"@id\":\"https:\\\/\\\/physiospain.com\\\/sv\\\/ultraljudsscanning\\\/#primaryimage\"},\"image\":{\"@id\":\"https:\\\/\\\/physiospain.com\\\/sv\\\/ultraljudsscanning\\\/#primaryimage\"},\"thumbnailUrl\":\"https:\\\/\\\/physiospain.com\\\/wp-content\\\/uploads\\\/2021\\\/08\\\/ultraljudsscanning-physiospain.jpg\",\"datePublished\":\"2016-07-19T01:03:46+00:00\",\"dateModified\":\"2021-09-25T06:24:51+00:00\",\"description\":\"Ultraljud \u00e4ven k\u00e4nd som ultraljudsscanning, exponerar delar av kroppen med h\u00f6gfrekventa ljudv\u00e5gor f\u00f6r att producera bilder av kroppens inre.\",\"breadcrumb\":{\"@id\":\"https:\\\/\\\/physiospain.com\\\/sv\\\/ultraljudsscanning\\\/#breadcrumb\"},\"inLanguage\":\"sv-SE\",\"potentialAction\":[{\"@type\":\"ReadAction\",\"target\":[\"https:\\\/\\\/physiospain.com\\\/sv\\\/ultraljudsscanning\\\/\"]}]},{\"@type\":\"ImageObject\",\"inLanguage\":\"sv-SE\",\"@id\":\"https:\\\/\\\/physiospain.com\\\/sv\\\/ultraljudsscanning\\\/#primaryimage\",\"url\":\"https:\\\/\\\/physiospain.com\\\/wp-content\\\/uploads\\\/2021\\\/08\\\/ultraljudsscanning-physiospain.jpg\",\"contentUrl\":\"https:\\\/\\\/physiospain.com\\\/wp-content\\\/uploads\\\/2021\\\/08\\\/ultraljudsscanning-physiospain.jpg\",\"width\":1023,\"height\":355},{\"@type\":\"BreadcrumbList\",\"@id\":\"https:\\\/\\\/physiospain.com\\\/sv\\\/ultraljudsscanning\\\/#breadcrumb\",\"itemListElement\":[{\"@type\":\"ListItem\",\"position\":1,\"name\":\"Home\",\"item\":\"https:\\\/\\\/physiospain.com\\\/sv\\\/\"},{\"@type\":\"ListItem\",\"position\":2,\"name\":\"Ultraljudsscanning\"}]},{\"@type\":\"WebSite\",\"@id\":\"https:\\\/\\\/physiospain.com\\\/#website\",\"url\":\"https:\\\/\\\/physiospain.com\\\/\",\"name\":\"PhysioSpain - Physiotherapy \\\/ Osteopathic treatment in Fuengirola, Mijas &amp; Malaga\",\"description\":\"Clinica Physio Spain\",\"publisher\":{\"@id\":\"https:\\\/\\\/physiospain.com\\\/#organization\"},\"potentialAction\":[{\"@type\":\"SearchAction\",\"target\":{\"@type\":\"EntryPoint\",\"urlTemplate\":\"https:\\\/\\\/physiospain.com\\\/?s={search_term_string}\"},\"query-input\":{\"@type\":\"PropertyValueSpecification\",\"valueRequired\":true,\"valueName\":\"search_term_string\"}}],\"inLanguage\":\"sv-SE\"},{\"@type\":\"Organization\",\"@id\":\"https:\\\/\\\/physiospain.com\\\/#organization\",\"name\":\"Physiospain\",\"url\":\"https:\\\/\\\/physiospain.com\\\/\",\"logo\":{\"@type\":\"ImageObject\",\"inLanguage\":\"sv-SE\",\"@id\":\"https:\\\/\\\/physiospain.com\\\/#\\\/schema\\\/logo\\\/image\\\/\",\"url\":\"https:\\\/\\\/physiospain.com\\\/wp-content\\\/uploads\\\/2016\\\/06\\\/logo-physiospain-fuengirola2.png\",\"contentUrl\":\"https:\\\/\\\/physiospain.com\\\/wp-content\\\/uploads\\\/2016\\\/06\\\/logo-physiospain-fuengirola2.png\",\"width\":415,\"height\":108,\"caption\":\"Physiospain\"},\"image\":{\"@id\":\"https:\\\/\\\/physiospain.com\\\/#\\\/schema\\\/logo\\\/image\\\/\"}}]}<\/script>\n<!-- \/ Yoast SEO plugin. -->","yoast_head_json":{"title":"Ultraljudsscanning Physiospain - Sjukv\u00e5rdsgymnastik i Fuengirola, Malaga","description":"Ultraljud \u00e4ven k\u00e4nd som ultraljudsscanning, exponerar delar av kroppen med h\u00f6gfrekventa ljudv\u00e5gor f\u00f6r att producera bilder av kroppens inre.","robots":{"index":"index","follow":"follow","max-snippet":"max-snippet:-1","max-image-preview":"max-image-preview:large","max-video-preview":"max-video-preview:-1"},"canonical":"https:\/\/physiospain.com\/sv\/ultraljudsscanning\/","og_locale":"sv_SE","og_type":"article","og_title":"Ultraljudsscanning Physiospain - Sjukv\u00e5rdsgymnastik i Fuengirola, Malaga","og_description":"Ultraljud \u00e4ven k\u00e4nd som ultraljudsscanning, exponerar delar av kroppen med h\u00f6gfrekventa ljudv\u00e5gor f\u00f6r att producera bilder av kroppens inre.","og_url":"https:\/\/physiospain.com\/sv\/ultraljudsscanning\/","og_site_name":"PhysioSpain - Physiotherapy \/ Osteopathic treatment in Fuengirola, Mijas &amp; Malaga","article_modified_time":"2021-09-25T06:24:51+00:00","og_image":[{"width":1023,"height":355,"url":"https:\/\/physiospain.com\/wp-content\/uploads\/2021\/08\/ultraljudsscanning-physiospain.jpg","type":"image\/jpeg"}],"twitter_card":"summary_large_image","twitter_misc":{"Ber\u00e4knad l\u00e4stid":"3 minuter"},"schema":{"@context":"https:\/\/schema.org","@graph":[{"@type":"WebPage","@id":"https:\/\/physiospain.com\/sv\/ultraljudsscanning\/","url":"https:\/\/physiospain.com\/sv\/ultraljudsscanning\/","name":"Ultraljudsscanning Physiospain - Sjukv\u00e5rdsgymnastik i Fuengirola, Malaga","isPartOf":{"@id":"https:\/\/physiospain.com\/#website"},"primaryImageOfPage":{"@id":"https:\/\/physiospain.com\/sv\/ultraljudsscanning\/#primaryimage"},"image":{"@id":"https:\/\/physiospain.com\/sv\/ultraljudsscanning\/#primaryimage"},"thumbnailUrl":"https:\/\/physiospain.com\/wp-content\/uploads\/2021\/08\/ultraljudsscanning-physiospain.jpg","datePublished":"2016-07-19T01:03:46+00:00","dateModified":"2021-09-25T06:24:51+00:00","description":"Ultraljud \u00e4ven k\u00e4nd som ultraljudsscanning, exponerar delar av kroppen med h\u00f6gfrekventa ljudv\u00e5gor f\u00f6r att producera bilder av kroppens inre.","breadcrumb":{"@id":"https:\/\/physiospain.com\/sv\/ultraljudsscanning\/#breadcrumb"},"inLanguage":"sv-SE","potentialAction":[{"@type":"ReadAction","target":["https:\/\/physiospain.com\/sv\/ultraljudsscanning\/"]}]},{"@type":"ImageObject","inLanguage":"sv-SE","@id":"https:\/\/physiospain.com\/sv\/ultraljudsscanning\/#primaryimage","url":"https:\/\/physiospain.com\/wp-content\/uploads\/2021\/08\/ultraljudsscanning-physiospain.jpg","contentUrl":"https:\/\/physiospain.com\/wp-content\/uploads\/2021\/08\/ultraljudsscanning-physiospain.jpg","width":1023,"height":355},{"@type":"BreadcrumbList","@id":"https:\/\/physiospain.com\/sv\/ultraljudsscanning\/#breadcrumb","itemListElement":[{"@type":"ListItem","position":1,"name":"Home","item":"https:\/\/physiospain.com\/sv\/"},{"@type":"ListItem","position":2,"name":"Ultraljudsscanning"}]},{"@type":"WebSite","@id":"https:\/\/physiospain.com\/#website","url":"https:\/\/physiospain.com\/","name":"PhysioSpain - Physiotherapy \/ Osteopathic treatment in Fuengirola, Mijas &amp; Malaga","description":"Clinica Physio Spain","publisher":{"@id":"https:\/\/physiospain.com\/#organization"},"potentialAction":[{"@type":"SearchAction","target":{"@type":"EntryPoint","urlTemplate":"https:\/\/physiospain.com\/?s={search_term_string}"},"query-input":{"@type":"PropertyValueSpecification","valueRequired":true,"valueName":"search_term_string"}}],"inLanguage":"sv-SE"},{"@type":"Organization","@id":"https:\/\/physiospain.com\/#organization","name":"Physiospain","url":"https:\/\/physiospain.com\/","logo":{"@type":"ImageObject","inLanguage":"sv-SE","@id":"https:\/\/physiospain.com\/#\/schema\/logo\/image\/","url":"https:\/\/physiospain.com\/wp-content\/uploads\/2016\/06\/logo-physiospain-fuengirola2.png","contentUrl":"https:\/\/physiospain.com\/wp-content\/uploads\/2016\/06\/logo-physiospain-fuengirola2.png","width":415,"height":108,"caption":"Physiospain"},"image":{"@id":"https:\/\/physiospain.com\/#\/schema\/logo\/image\/"}}]}},"uagb_featured_image_src":{"full":["https:\/\/physiospain.com\/wp-content\/uploads\/2021\/08\/ultraljudsscanning-physiospain.jpg",1023,355,false],"thumbnail":["https:\/\/physiospain.com\/wp-content\/uploads\/2021\/08\/ultraljudsscanning-physiospain-80x80.jpg",80,80,true],"medium":["https:\/\/physiospain.com\/wp-content\/uploads\/2021\/08\/ultraljudsscanning-physiospain-300x104.jpg",300,104,true],"medium_large":["https:\/\/physiospain.com\/wp-content\/uploads\/2021\/08\/ultraljudsscanning-physiospain-768x267.jpg",768,267,true],"large":["https:\/\/physiospain.com\/wp-content\/uploads\/2021\/08\/ultraljudsscanning-physiospain.jpg",1023,355,false],"1536x1536":["https:\/\/physiospain.com\/wp-content\/uploads\/2021\/08\/ultraljudsscanning-physiospain.jpg",1023,355,false],"2048x2048":["https:\/\/physiospain.com\/wp-content\/uploads\/2021\/08\/ultraljudsscanning-physiospain.jpg",1023,355,false],"widget":["https:\/\/physiospain.com\/wp-content\/uploads\/2021\/08\/ultraljudsscanning-physiospain-36x36.jpg",36,36,true],"square":["https:\/\/physiospain.com\/wp-content\/uploads\/2021\/08\/ultraljudsscanning-physiospain-180x180.jpg",180,180,true],"featured":["https:\/\/physiospain.com\/wp-content\/uploads\/2021\/08\/ultraljudsscanning-physiospain.jpg",1023,355,false],"featured_large":["https:\/\/physiospain.com\/wp-content\/uploads\/2021\/08\/ultraljudsscanning-physiospain.jpg",1023,355,false],"extra_large":["https:\/\/physiospain.com\/wp-content\/uploads\/2021\/08\/ultraljudsscanning-physiospain.jpg",1023,355,false],"portfolio":["https:\/\/physiospain.com\/wp-content\/uploads\/2021\/08\/ultraljudsscanning-physiospain-495x355.jpg",495,355,true],"portfolio_small":["https:\/\/physiospain.com\/wp-content\/uploads\/2021\/08\/ultraljudsscanning-physiospain-260x185.jpg",260,185,true],"gallery":["https:\/\/physiospain.com\/wp-content\/uploads\/2021\/08\/ultraljudsscanning-physiospain-845x355.jpg",845,355,true],"magazine":["https:\/\/physiospain.com\/wp-content\/uploads\/2021\/08\/ultraljudsscanning-physiospain-710x355.jpg",710,355,true],"masonry":["https:\/\/physiospain.com\/wp-content\/uploads\/2021\/08\/ultraljudsscanning-physiospain-705x245.jpg",705,245,true],"entry_with_sidebar":["https:\/\/physiospain.com\/wp-content\/uploads\/2021\/08\/ultraljudsscanning-physiospain-845x321.jpg",845,321,true],"entry_without_sidebar":["https:\/\/physiospain.com\/wp-content\/uploads\/2021\/08\/ultraljudsscanning-physiospain.jpg",1023,355,false],"zeguten-blog-image":["https:\/\/physiospain.com\/wp-content\/uploads\/2021\/08\/ultraljudsscanning-physiospain.jpg",700,243,false],"zeguten-blog-image-small":["https:\/\/physiospain.com\/wp-content\/uploads\/2021\/08\/ultraljudsscanning-physiospain.jpg",260,90,false],"zeguten-blog-image-640x465":["https:\/\/physiospain.com\/wp-content\/uploads\/2021\/08\/ultraljudsscanning-physiospain.jpg",640,222,false],"zeguten-blog-image-400x300":["https:\/\/physiospain.com\/wp-content\/uploads\/2021\/08\/ultraljudsscanning-physiospain.jpg",400,139,false],"zeguten-blog-image-620x715":["https:\/\/physiospain.com\/wp-content\/uploads\/2021\/08\/ultraljudsscanning-physiospain.jpg",620,215,false],"zeguten-blog-image-510x700":["https:\/\/physiospain.com\/wp-content\/uploads\/2021\/08\/ultraljudsscanning-physiospain.jpg",510,177,false],"zeguten-blog-image-630x635":["https:\/\/physiospain.com\/wp-content\/uploads\/2021\/08\/ultraljudsscanning-physiospain.jpg",630,219,false]},"uagb_author_info":{"display_name":"Admin","author_link":"https:\/\/physiospain.com\/sv\/author\/tony96\/"},"uagb_comment_info":0,"uagb_excerpt":null,"zeguten_blocks_get_image_src":{"full":["https:\/\/physiospain.com\/wp-content\/uploads\/2021\/08\/ultraljudsscanning-physiospain.jpg",1023,355,false],"thumbnail":["https:\/\/physiospain.com\/wp-content\/uploads\/2021\/08\/ultraljudsscanning-physiospain-80x80.jpg",80,80,true],"medium":["https:\/\/physiospain.com\/wp-content\/uploads\/2021\/08\/ultraljudsscanning-physiospain-300x104.jpg",300,104,true],"medium_large":["https:\/\/physiospain.com\/wp-content\/uploads\/2021\/08\/ultraljudsscanning-physiospain-768x267.jpg",768,267,true],"large":["https:\/\/physiospain.com\/wp-content\/uploads\/2021\/08\/ultraljudsscanning-physiospain.jpg",1023,355,false],"1536x1536":["https:\/\/physiospain.com\/wp-content\/uploads\/2021\/08\/ultraljudsscanning-physiospain.jpg",1023,355,false],"2048x2048":["https:\/\/physiospain.com\/wp-content\/uploads\/2021\/08\/ultraljudsscanning-physiospain.jpg",1023,355,false],"widget":["https:\/\/physiospain.com\/wp-content\/uploads\/2021\/08\/ultraljudsscanning-physiospain-36x36.jpg",36,36,true],"square":["https:\/\/physiospain.com\/wp-content\/uploads\/2021\/08\/ultraljudsscanning-physiospain-180x180.jpg",180,180,true],"featured":["https:\/\/physiospain.com\/wp-content\/uploads\/2021\/08\/ultraljudsscanning-physiospain.jpg",1023,355,false],"featured_large":["https:\/\/physiospain.com\/wp-content\/uploads\/2021\/08\/ultraljudsscanning-physiospain.jpg",1023,355,false],"extra_large":["https:\/\/physiospain.com\/wp-content\/uploads\/2021\/08\/ultraljudsscanning-physiospain.jpg",1023,355,false],"portfolio":["https:\/\/physiospain.com\/wp-content\/uploads\/2021\/08\/ultraljudsscanning-physiospain-495x355.jpg",495,355,true],"portfolio_small":["https:\/\/physiospain.com\/wp-content\/uploads\/2021\/08\/ultraljudsscanning-physiospain-260x185.jpg",260,185,true],"gallery":["https:\/\/physiospain.com\/wp-content\/uploads\/2021\/08\/ultraljudsscanning-physiospain-845x355.jpg",845,355,true],"magazine":["https:\/\/physiospain.com\/wp-content\/uploads\/2021\/08\/ultraljudsscanning-physiospain-710x355.jpg",710,355,true],"masonry":["https:\/\/physiospain.com\/wp-content\/uploads\/2021\/08\/ultraljudsscanning-physiospain-705x245.jpg",705,245,true],"entry_with_sidebar":["https:\/\/physiospain.com\/wp-content\/uploads\/2021\/08\/ultraljudsscanning-physiospain-845x321.jpg",845,321,true],"entry_without_sidebar":["https:\/\/physiospain.com\/wp-content\/uploads\/2021\/08\/ultraljudsscanning-physiospain.jpg",1023,355,false],"zeguten-blog-image":["https:\/\/physiospain.com\/wp-content\/uploads\/2021\/08\/ultraljudsscanning-physiospain.jpg",700,243,false],"zeguten-blog-image-small":["https:\/\/physiospain.com\/wp-content\/uploads\/2021\/08\/ultraljudsscanning-physiospain.jpg",260,90,false],"zeguten-blog-image-640x465":["https:\/\/physiospain.com\/wp-content\/uploads\/2021\/08\/ultraljudsscanning-physiospain.jpg",640,222,false],"zeguten-blog-image-400x300":["https:\/\/physiospain.com\/wp-content\/uploads\/2021\/08\/ultraljudsscanning-physiospain.jpg",400,139,false],"zeguten-blog-image-620x715":["https:\/\/physiospain.com\/wp-content\/uploads\/2021\/08\/ultraljudsscanning-physiospain.jpg",620,215,false],"zeguten-blog-image-510x700":["https:\/\/physiospain.com\/wp-content\/uploads\/2021\/08\/ultraljudsscanning-physiospain.jpg",510,177,false],"zeguten-blog-image-630x635":["https:\/\/physiospain.com\/wp-content\/uploads\/2021\/08\/ultraljudsscanning-physiospain.jpg",630,219,false]},"zeguten_author_info":{"display_name":"Admin","author_link":"https:\/\/physiospain.com\/sv\/author\/tony96\/"},"zeguten_comment_info":{"comments_number":"0","comments_link":"https:\/\/physiospain.com\/sv\/ultraljudsscanning\/#respond"},"zeguten_excerpt":null,"_links":{"self":[{"href":"https:\/\/physiospain.com\/sv\/wp-json\/wp\/v2\/pages\/882","targetHints":{"allow":["GET"]}}],"collection":[{"href":"https:\/\/physiospain.com\/sv\/wp-json\/wp\/v2\/pages"}],"about":[{"href":"https:\/\/physiospain.com\/sv\/wp-json\/wp\/v2\/types\/page"}],"author":[{"embeddable":true,"href":"https:\/\/physiospain.com\/sv\/wp-json\/wp\/v2\/users\/1"}],"replies":[{"embeddable":true,"href":"https:\/\/physiospain.com\/sv\/wp-json\/wp\/v2\/comments?post=882"}],"version-history":[{"count":8,"href":"https:\/\/physiospain.com\/sv\/wp-json\/wp\/v2\/pages\/882\/revisions"}],"predecessor-version":[{"id":3471,"href":"https:\/\/physiospain.com\/sv\/wp-json\/wp\/v2\/pages\/882\/revisions\/3471"}],"wp:featuredmedia":[{"embeddable":true,"href":"https:\/\/physiospain.com\/sv\/wp-json\/wp\/v2\/media\/3244"}],"wp:attachment":[{"href":"https:\/\/physiospain.com\/sv\/wp-json\/wp\/v2\/media?parent=882"}],"curies":[{"name":"wp","href":"https:\/\/api.w.org\/{rel}","templated":true}]}}